{"id":1126,"date":"2024-11-14T15:07:13","date_gmt":"2024-11-14T15:07:13","guid":{"rendered":"https:\/\/zazatour.com\/?page_id=1126"},"modified":"2025-04-13T17:28:07","modified_gmt":"2025-04-13T17:28:07","slug":"gunluk1","status":"publish","type":"page","link":"https:\/\/zazatour.com\/?page_id=1126","title":{"rendered":"efes"},"content":{"rendered":"\t\t<div data-elementor-type=\"wp-page\" data-elementor-id=\"1126\" class=\"elementor elementor-1126\">\n\t\t\t\t<div class=\"elementor-element elementor-element-805b5d8 e-flex e-con-boxed e-con e-parent\" data-id=\"805b5d8\" data-element_type=\"container\" data-settings=\"{&quot;background_background&quot;:&quot;classic&quot;}\">\n\t\t\t\t\t<div class=\"e-con-inner\">\n\t\t<div class=\"elementor-element elementor-element-3b7fa0e e-con-full e-flex e-con e-child\" data-id=\"3b7fa0e\" data-element_type=\"container\">\n\t\t\t\t<div class=\"elementor-element elementor-element-86da747 elementor-widget elementor-widget-heading\" data-id=\"86da747\" data-element_type=\"widget\" data-widget_type=\"heading.default\">\n\t\t\t\t<div class=\"elementor-widget-container\">\n\t\t\t<h2 class=\"elementor-heading-title elementor-size-default\">EFES TURU<\/h2>\t\t<\/div>\n\t\t\t\t<\/div>\n\t\t\t\t<div class=\"elementor-element elementor-element-f1eb266 elementor-widget elementor-widget-heading\" data-id=\"f1eb266\" data-element_type=\"widget\" data-widget_type=\"heading.default\">\n\t\t\t\t<div class=\"elementor-widget-container\">\n\t\t\t<h2 class=\"elementor-heading-title elementor-size-default\"><p style=\"margin-bottom:0in;margin-bottom:.0001pt\"><b>Efes Turu\nHakk\u0131nda Genel Bilgi<\/b><span style=\"color: var( --e-global-color-primary );font-family: var( --e-global-typography-primary-font-family ), Sans-serif;font-size: 2.41176rem;font-style: inherit;font-weight: var( --e-global-typography-primary-font-weight );text-align: var(--text-align);background-color: var(--ast-global-color-5)\"><\/span><\/p><\/h2>\t\t<\/div>\n\t\t\t\t<\/div>\n\t\t\t\t<div class=\"elementor-element elementor-element-b9e8577 elementor-widget elementor-widget-text-editor\" data-id=\"b9e8577\" data-element_type=\"widget\" data-widget_type=\"text-editor.default\">\n\t\t\t\t<div class=\"elementor-widget-container\">\n\t\t\t\t\t\t\t<p class=\"MsoNormal\" style=\"margin-bottom: .0001pt; text-align: justify;\">Efes Turu, antik d\u00fcnyan\u0131n en \u00f6nemli yerle\u015fimlerinden birini ke\u015ffetmek i\u00e7in m\u00fckemmel bir f\u0131rsat sunuyor. Tarihi tap\u0131naklar, zarif yap\u0131lar ve etkileyici kal\u0131nt\u0131larla dolu Efes Antik Kenti, ziyaret\u00e7ilere zaman\u0131n \u00f6tesine ge\u00e7me deneyimi ya\u015fat\u0131yor. Tur boyunca, Efes\u2019in benzersiz atmosferinde tarihi dokuyu ke\u015ffederken, Sel\u00e7uk\u2019taki y\u00f6resel lezzetleri tatma ve al\u0131\u015fveri\u015f yapma f\u0131rsatlar\u0131 da sizi bekliyor. Bu unutulmaz deneyimi ya\u015farken rahat giysiler ve uygun ayakkab\u0131larla haz\u0131rl\u0131kl\u0131 olman\u0131z \u00f6nerilir.<\/p>\t\t\t\t\t\t<\/div>\n\t\t\t\t<\/div>\n\t\t\t\t<div class=\"elementor-element elementor-element-fdaf338 elementor-widget elementor-widget-heading\" data-id=\"fdaf338\" data-element_type=\"widget\" data-widget_type=\"heading.default\">\n\t\t\t\t<div class=\"elementor-widget-container\">\n\t\t\t<h2 class=\"elementor-heading-title elementor-size-default\"><p class=\"MsoNormal\" style=\"margin-bottom:0in;margin-bottom:.0001pt\"><b>Tur\nprogram\u0131 nedir?<\/b><\/p><\/h2>\t\t<\/div>\n\t\t\t\t<\/div>\n\t\t\t\t<div class=\"elementor-element elementor-element-794e207 elementor-widget elementor-widget-text-editor\" data-id=\"794e207\" data-element_type=\"widget\" data-widget_type=\"text-editor.default\">\n\t\t\t\t<div class=\"elementor-widget-container\">\n\t\t\t\t\t\t\t<p class=\"MsoNormal\" style=\"margin-bottom: .0001pt;\">08:30 Hareket<\/p><p class=\"MsoNormal\" style=\"margin-bottom: .0001pt;\">T\u00fcm misafirlerimiz araca topland\u0131ktan sonra ilk dura\u011f\u0131m\u0131z olan Efes&#8217;a do\u011fru yola \u00e7\u0131k\u0131yoruz. \u0130lk al\u0131nanlardan biriyseniz, yolculuk s\u00fcrenizin ilan edilen s\u00fcreden daha uzun olabilece\u011fini unutmay\u0131n. Yakla\u015f\u0131k olarak 1 saat 30 dakikal\u0131k bir yolculukla Efes&#8217;e ula\u015f\u0131yoruz.<\/p><p class=\"MsoNormal\" style=\"margin-bottom: .0001pt;\">Efes Antik Kenti&#8217;nde kadim uygarl\u0131klar\u0131n izlerini ta\u015f\u0131yan muhte\u015fem yap\u0131lar\u0131 ve tarihi detaylar\u0131 ke\u015ffe ba\u015fl\u0131yoruz. Antik d\u00fcnyan\u0131n g\u00f6rkemli tap\u0131naklar\u0131, Celsus K\u00fct\u00fcphanesi&#8217;nin zarif mimarisi, ihti\u015faml\u0131 tiyatro ve daha pek \u00e7ok yap\u0131n\u0131n i\u00e7inde, Efes\u2019in benzersiz atmosferini doyas\u0131ya hissedeceksiniz. Tap\u0131naklardan agoralara, ta\u015f sokaklardan heykellerle s\u00fcsl\u00fc meydanlara kadar her ad\u0131mda antik \u00e7a\u011f\u0131n b\u00fcy\u00fcs\u00fcne kap\u0131larak tarihle i\u00e7 i\u00e7e unutulmaz bir deneyim ya\u015fayacaks\u0131n\u0131z.<\/p><p class=\"MsoNormal\" style=\"margin-bottom: .0001pt;\">Efes gezimizin ard\u0131ndan Sel\u00e7uk\u2019ta \u00f6\u011fle yeme\u011fi molas\u0131 veriyoruz. Yemekten sonra, deri, tak\u0131 ve daha pek \u00e7ok yerel \u00fcr\u00fcn\u00fc ke\u015ffetmek ve al\u0131\u015fveri\u015f yapmak i\u00e7in \u00e7evrede zaman ay\u0131rma imkan\u0131m\u0131z olacak.<\/p><p>\u00a0<\/p><p class=\"MsoNormal\" style=\"margin-bottom: .0001pt;\">Bu g\u00fczel g\u00fcn\u00fcn ard\u0131ndan Didim\u2019e d\u00f6n\u00fc\u015f yolculu\u011fumuza ba\u015fl\u0131yoruz. <br \/>18:00 civar\u0131 Didim\u2019e varm\u0131\u015f olaca\u011f\u0131z.<\/p>\t\t\t\t\t\t<\/div>\n\t\t\t\t<\/div>\n\t\t\t\t<div class=\"elementor-element elementor-element-a0a8184 elementor-widget elementor-widget-heading\" data-id=\"a0a8184\" data-element_type=\"widget\" data-widget_type=\"heading.default\">\n\t\t\t\t<div class=\"elementor-widget-container\">\n\t\t\t<h2 class=\"elementor-heading-title elementor-size-default\"><p class=\"MsoNormal\" style=\"margin-bottom:0in;margin-bottom:.0001pt\"><b>Fiyata\nneler dahil?<\/b><\/p><\/h2>\t\t<\/div>\n\t\t\t\t<\/div>\n\t\t\t\t<div class=\"elementor-element elementor-element-bfc102c elementor-widget elementor-widget-text-editor\" data-id=\"bfc102c\" data-element_type=\"widget\" data-widget_type=\"text-editor.default\">\n\t\t\t\t<div class=\"elementor-widget-container\">\n\t\t\t\t\t\t\t<p>Tur \u00fccreti; transfer, profesyonel rehberlik hizmeti, Efes Antik Kenti giri\u015f \u00fccreti ve \u00f6\u011fle yeme\u011fini kapsamaktad\u0131r. \u0130\u00e7ecekler, Teras Evler, Efes Deneyim M\u00fczesi ve Meryem Ana Evi giri\u015f \u00fccretleri (buralarda m\u00fczekart ge\u00e7erli de\u011fil) ile \u015fof\u00f6r bah\u015fi\u015fi ise fiyata dahil de\u011fildir.<br \/><!--[endif]--><\/p>\t\t\t\t\t\t<\/div>\n\t\t\t\t<\/div>\n\t\t\t\t<div class=\"elementor-element elementor-element-b6e76d5 elementor-widget elementor-widget-heading\" data-id=\"b6e76d5\" data-element_type=\"widget\" data-widget_type=\"heading.default\">\n\t\t\t\t<div class=\"elementor-widget-container\">\n\t\t\t<h2 class=\"elementor-heading-title elementor-size-default\"><p class=\"MsoNormal\" style=\"margin-bottom:0in;margin-bottom:.0001pt\"><b>Tura Haz\u0131rl\u0131k \u0130\u00e7in Neler Yapmal\u0131y\u0131m?<\/b><\/p><\/h2>\t\t<\/div>\n\t\t\t\t<\/div>\n\t\t\t\t<div class=\"elementor-element elementor-element-4380209 elementor-widget elementor-widget-text-editor\" data-id=\"4380209\" data-element_type=\"widget\" data-widget_type=\"text-editor.default\">\n\t\t\t\t<div class=\"elementor-widget-container\">\n\t\t\t\t\t\t\t<p class=\"MsoNormal\">Antik kent zemininde y\u00fcr\u00fcy\u00fc\u015f zorlu olabilece\u011finden, rahat spor veya y\u00fcr\u00fcy\u00fc\u015f ayakkab\u0131s\u0131 tercih etmeniz \u00f6nemlidir. Yaz mevsimlerinde g\u00fcne\u015ften korunmak i\u00e7in \u015fapka, g\u00fcne\u015f kremi veya \u015femsiye gibi tedbirler alman\u0131z\u0131 \u00f6neririz.<br \/>Meryem Ana Evi, Teras Evler gibi ekstra \u00fccretli yerleri gezmek isterseniz, bunu turdan \u00f6nce bildirmeniz gerekmektedir. Program buna g\u00f6re d\u00fczenlenebilir ve ekstra giri\u015f \u00fccretlerine haz\u0131rl\u0131kl\u0131 olman\u0131z faydal\u0131 olacakt\u0131r.<\/p>\t\t\t\t\t\t<\/div>\n\t\t\t\t<\/div>\n\t\t\t\t<\/div>\n\t\t<div class=\"elementor-element elementor-element-8409567 e-con-full e-flex e-con e-child\" data-id=\"8409567\" data-element_type=\"container\">\n\t\t\t\t<div class=\"elementor-element elementor-element-17c9d9c elementor-widget elementor-widget-image\" data-id=\"17c9d9c\" data-element_type=\"widget\" data-widget_type=\"image.default\">\n\t\t\t\t<div class=\"elementor-widget-container\">\n\t\t\t\t\t\t\t\t\t\t\t\t\t<img fetchpriority=\"high\" decoding=\"async\" width=\"1024\" height=\"683\" src=\"https:\/\/zazatour.com\/wp-content\/uploads\/2024\/11\/20022021225801052.jpg\" class=\"attachment-large size-large wp-image-1088\" alt=\"\" \/>\t\t\t\t\t\t\t\t\t\t\t\t\t<\/div>\n\t\t\t\t<\/div>\n\t\t\t\t<div class=\"elementor-element elementor-element-7a8bb52 elementor-widget elementor-widget-image\" data-id=\"7a8bb52\" data-element_type=\"widget\" data-widget_type=\"image.default\">\n\t\t\t\t<div class=\"elementor-widget-container\">\n\t\t\t\t\t\t\t\t\t\t\t\t\t<img decoding=\"async\" width=\"500\" height=\"400\" src=\"https:\/\/zazatour.com\/wp-content\/uploads\/2024\/11\/efes-antik-kenti-tiyatrosu.jpg\" class=\"attachment-large size-large wp-image-1171\" alt=\"\" \/>\t\t\t\t\t\t\t\t\t\t\t\t\t<\/div>\n\t\t\t\t<\/div>\n\t\t\t\t<div class=\"elementor-element elementor-element-dbbb911 elementor-widget elementor-widget-image\" data-id=\"dbbb911\" data-element_type=\"widget\" data-widget_type=\"image.default\">\n\t\t\t\t<div class=\"elementor-widget-container\">\n\t\t\t\t\t\t\t\t\t\t\t\t\t<img decoding=\"async\" width=\"1024\" height=\"702\" src=\"https:\/\/zazatour.com\/wp-content\/uploads\/2024\/11\/efes-antik-kenti-05-min-1024x702.jpg\" class=\"attachment-large size-large wp-image-1170\" alt=\"\" \/>\t\t\t\t\t\t\t\t\t\t\t\t\t<\/div>\n\t\t\t\t<\/div>\n\t\t\t\t<\/div>\n\t\t\t\t\t<\/div>\n\t\t\t\t<\/div>\n\t\t<div class=\"elementor-element elementor-element-6827254 e-flex e-con-boxed e-con e-parent\" data-id=\"6827254\" data-element_type=\"container\">\n\t\t\t\t\t<div class=\"e-con-inner\">\n\t\t\t\t<div class=\"elementor-element elementor-element-641399c elementor-widget elementor-widget-image\" data-id=\"641399c\" data-element_type=\"widget\" data-widget_type=\"image.default\">\n\t\t\t\t<div class=\"elementor-widget-container\">\n\t\t\t\t\t\t\t\t\t\t\t\t\t<img loading=\"lazy\" decoding=\"async\" width=\"398\" height=\"132\" src=\"https:\/\/zazatour.com\/wp-content\/uploads\/2025\/04\/Efes-70-.png\" class=\"attachment-large size-large wp-image-2833\" alt=\"\" \/>\t\t\t\t\t\t\t\t\t\t\t\t\t<\/div>\n\t\t\t\t<\/div>\n\t\t\t\t\t<\/div>\n\t\t\t\t<\/div>\n\t\t\t\t<\/div>\n\t\t","protected":false},"excerpt":{"rendered":"<p>EFES TURU Efes Turu Hakk\u0131nda Genel Bilgi Efes Turu, antik d\u00fcnyan\u0131n en \u00f6nemli yerle\u015fimlerinden birini ke\u015ffetmek i\u00e7in m\u00fckemmel bir f\u0131rsat sunuyor. Tarihi tap\u0131naklar, zarif yap\u0131lar ve etkileyici kal\u0131nt\u0131larla dolu Efes Antik Kenti, ziyaret\u00e7ilere zaman\u0131n \u00f6tesine ge\u00e7me deneyimi ya\u015fat\u0131yor. Tur boyunca, Efes\u2019in benzersiz atmosferinde tarihi dokuyu ke\u015ffederken, Sel\u00e7uk\u2019taki y\u00f6resel lezzetleri tatma ve al\u0131\u015fveri\u015f yapma f\u0131rsatlar\u0131 da [&hellip;]<\/p>\n","protected":false},"author":1,"featured_media":0,"parent":0,"menu_order":0,"comment_status":"closed","ping_status":"closed","template":"","meta":{"_uag_custom_page_level_css":"","site-sidebar-layout":"no-sidebar","site-content-layout":"page-builder","ast-site-content-layout":"full-width-container","site-content-style":"default","site-sidebar-style":"default","ast-global-header-display":"","ast-banner-title-visibility":"","ast-main-header-display":"","ast-hfb-above-header-display":"","ast-hfb-below-header-display":"","ast-hfb-mobile-header-display":"","site-post-title":"disabled","ast-breadcrumbs-content":"","ast-featured-img":"disabled","footer-sml-layout":"","theme-transparent-header-meta":"","adv-header-id-meta":"","stick-header-meta":"","header-above-stick-meta":"","header-main-stick-meta":"","header-below-stick-meta":"","astra-migrate-meta-layouts":"set","ast-page-background-enabled":"default","ast-page-background-meta":{"desktop":{"background-color":"var(--ast-global-color-4)","background-image":"","background-repeat":"repeat","background-position":"center center","background-size":"auto","background-attachment":"scroll","background-type":"","background-media":"","overlay-type":"","overlay-color":"","overlay-opacity":"","overlay-gradient":""},"tablet":{"background-color":"","background-image":"","background-repeat":"repeat","background-position":"center center","background-size":"auto","background-attachment":"scroll","background-type":"","background-media":"","overlay-type":"","overlay-color":"","overlay-opacity":"","overlay-gradient":""},"mobile":{"background-color":"","background-image":"","background-repeat":"repeat","background-position":"center center","background-size":"auto","background-attachment":"scroll","background-type":"","background-media":"","overlay-type":"","overlay-color":"","overlay-opacity":"","overlay-gradient":""}},"ast-content-background-meta":{"desktop":{"background-color":"var(--ast-global-color-5)","background-image":"","background-repeat":"repeat","background-position":"center center","background-size":"auto","background-attachment":"scroll","background-type":"","background-media":"","overlay-type":"","overlay-color":"","overlay-opacity":"","overlay-gradient":""},"tablet":{"background-color":"var(--ast-global-color-5)","background-image":"","background-repeat":"repeat","background-position":"center center","background-size":"auto","background-attachment":"scroll","background-type":"","background-media":"","overlay-type":"","overlay-color":"","overlay-opacity":"","overlay-gradient":""},"mobile":{"background-color":"var(--ast-global-color-5)","background-image":"","background-repeat":"repeat","background-position":"center center","background-size":"auto","background-attachment":"scroll","background-type":"","background-media":"","overlay-type":"","overlay-color":"","overlay-opacity":"","overlay-gradient":""}},"footnotes":""},"class_list":["post-1126","page","type-page","status-publish","hentry"],"aioseo_notices":[],"uagb_featured_image_src":{"full":false,"thumbnail":false,"medium":false,"medium_large":false,"large":false,"1536x1536":false,"2048x2048":false},"uagb_author_info":{"display_name":"alicemozkaya@gmail.com","author_link":"https:\/\/zazatour.com\/?author=1"},"uagb_comment_info":0,"uagb_excerpt":"EFES TURU Efes Turu Hakk\u0131nda Genel Bilgi Efes Turu, antik d\u00fcnyan\u0131n en \u00f6nemli yerle\u015fimlerinden birini ke\u015ffetmek i\u00e7in m\u00fckemmel bir f\u0131rsat sunuyor. Tarihi tap\u0131naklar, zarif yap\u0131lar ve etkileyici kal\u0131nt\u0131larla dolu Efes Antik Kenti, ziyaret\u00e7ilere zaman\u0131n \u00f6tesine ge\u00e7me deneyimi ya\u015fat\u0131yor. Tur boyunca, Efes\u2019in benzersiz atmosferinde tarihi dokuyu ke\u015ffederken, Sel\u00e7uk\u2019taki y\u00f6resel lezzetleri tatma ve al\u0131\u015fveri\u015f yapma f\u0131rsatlar\u0131 da&hellip;","rttpg_featured_image_url":null,"rttpg_author":{"display_name":"alicemozkaya@gmail.com","author_link":"https:\/\/zazatour.com\/?author=1"},"rttpg_comment":0,"rttpg_category":" <a href=\"https:\/\/zazatour.com\/\" rel=\"tag\">T\u00fcrk\u00e7e<\/a>","rttpg_excerpt":"EFES TURU Efes Turu Hakk\u0131nda Genel Bilgi Efes Turu, antik d\u00fcnyan\u0131n en \u00f6nemli yerle\u015fimlerinden birini ke\u015ffetmek i\u00e7in m\u00fckemmel bir f\u0131rsat sunuyor. Tarihi tap\u0131naklar, zarif yap\u0131lar ve etkileyici kal\u0131nt\u0131larla dolu Efes Antik Kenti, ziyaret\u00e7ilere zaman\u0131n \u00f6tesine ge\u00e7me deneyimi ya\u015fat\u0131yor. Tur boyunca, Efes\u2019in benzersiz atmosferinde tarihi dokuyu ke\u015ffederken, Sel\u00e7uk\u2019taki y\u00f6resel lezzetleri tatma ve al\u0131\u015fveri\u015f yapma f\u0131rsatlar\u0131 da&hellip;","_links":{"self":[{"href":"https:\/\/zazatour.com\/index.php?rest_route=\/wp\/v2\/pages\/1126"}],"collection":[{"href":"https:\/\/zazatour.com\/index.php?rest_route=\/wp\/v2\/pages"}],"about":[{"href":"https:\/\/zazatour.com\/index.php?rest_route=\/wp\/v2\/types\/page"}],"author":[{"embeddable":true,"href":"https:\/\/zazatour.com\/index.php?rest_route=\/wp\/v2\/users\/1"}],"replies":[{"embeddable":true,"href":"https:\/\/zazatour.com\/index.php?rest_route=%2Fwp%2Fv2%2Fcomments&post=1126"}],"version-history":[{"count":21,"href":"https:\/\/zazatour.com\/index.php?rest_route=\/wp\/v2\/pages\/1126\/revisions"}],"predecessor-version":[{"id":2838,"href":"https:\/\/zazatour.com\/index.php?rest_route=\/wp\/v2\/pages\/1126\/revisions\/2838"}],"wp:attachment":[{"href":"https:\/\/zazatour.com\/index.php?rest_route=%2Fwp%2Fv2%2Fmedia&parent=1126"}],"curies":[{"name":"wp","href":"https:\/\/api.w.org\/{rel}","templated":true}]}}