{"id":1130,"date":"2024-11-14T15:08:09","date_gmt":"2024-11-14T15:08:09","guid":{"rendered":"https:\/\/zazatour.com\/?page_id=1130"},"modified":"2025-04-13T17:29:03","modified_gmt":"2025-04-13T17:29:03","slug":"gunluk2","status":"publish","type":"page","link":"https:\/\/zazatour.com\/?page_id=1130","title":{"rendered":"Pamukkale"},"content":{"rendered":"\t\t<div data-elementor-type=\"wp-page\" data-elementor-id=\"1130\" class=\"elementor elementor-1130\">\n\t\t\t\t<div class=\"elementor-element elementor-element-14203d7 e-flex e-con-boxed e-con e-parent\" data-id=\"14203d7\" data-element_type=\"container\">\n\t\t\t\t\t<div class=\"e-con-inner\">\n\t\t\t\t<div class=\"elementor-element elementor-element-a8f620c elementor-widget elementor-widget-heading\" data-id=\"a8f620c\" data-element_type=\"widget\" data-widget_type=\"heading.default\">\n\t\t\t\t<div class=\"elementor-widget-container\">\n\t\t\t<h2 class=\"elementor-heading-title elementor-size-default\">PAMUKKALE &amp; HIERAPOLIS<\/h2>\t\t<\/div>\n\t\t\t\t<\/div>\n\t\t\t\t\t<\/div>\n\t\t\t\t<\/div>\n\t\t<div class=\"elementor-element elementor-element-214b189 e-flex e-con-boxed e-con e-parent\" data-id=\"214b189\" data-element_type=\"container\">\n\t\t\t\t\t<div class=\"e-con-inner\">\n\t\t<div class=\"elementor-element elementor-element-63f698a e-con-full e-flex e-con e-child\" data-id=\"63f698a\" data-element_type=\"container\">\n\t\t\t\t<div class=\"elementor-element elementor-element-fffbb00 elementor-widget elementor-widget-heading\" data-id=\"fffbb00\" data-element_type=\"widget\" data-widget_type=\"heading.default\">\n\t\t\t\t<div class=\"elementor-widget-container\">\n\t\t\t<h2 class=\"elementor-heading-title elementor-size-default\">Pamukkale Turu Hakk\u0131nda Genel Bilgi<\/h2>\t\t<\/div>\n\t\t\t\t<\/div>\n\t\t\t\t<div class=\"elementor-element elementor-element-6e43fc0 elementor-widget elementor-widget-text-editor\" data-id=\"6e43fc0\" data-element_type=\"widget\" data-widget_type=\"text-editor.default\">\n\t\t\t\t<div class=\"elementor-widget-container\">\n\t\t\t\t\t\t\t<p>Pamukkale Turu, tarih ve do\u011fan\u0131n bulu\u015ftu\u011fu benzersiz bir deneyim sunuyor. Hierapolis Antik Kenti&#8217;ni ke\u015ffederken, d\u00fcnyaca \u00fcnl\u00fc Pamukkale Travertenleri&#8217;ni y\u00fcr\u00fcyerek gezebilir ve Kleopatra Havuzu\u2019nda tarihi kal\u0131nt\u0131lar aras\u0131nda serinleyebilirsiniz. Ayr\u0131ca, yerel \u00fcr\u00fcnler i\u00e7in al\u0131\u015fveri\u015f yapma f\u0131rsat\u0131n\u0131z da olacak. Hem do\u011fa hem de tarih severler i\u00e7in unutulmaz bir gezi!<\/p>\t\t\t\t\t\t<\/div>\n\t\t\t\t<\/div>\n\t\t\t\t<div class=\"elementor-element elementor-element-eb42fef elementor-widget elementor-widget-heading\" data-id=\"eb42fef\" data-element_type=\"widget\" data-widget_type=\"heading.default\">\n\t\t\t\t<div class=\"elementor-widget-container\">\n\t\t\t<h2 class=\"elementor-heading-title elementor-size-default\">Tur program\u0131 nedir?<\/h2>\t\t<\/div>\n\t\t\t\t<\/div>\n\t\t\t\t<div class=\"elementor-element elementor-element-93b3242 elementor-widget elementor-widget-text-editor\" data-id=\"93b3242\" data-element_type=\"widget\" data-widget_type=\"text-editor.default\">\n\t\t\t\t<div class=\"elementor-widget-container\">\n\t\t\t\t\t\t\t<p>07:00 Hareket<br \/>T\u00fcm misafirlerimiz araca topland\u0131ktan sonra, ilk dura\u011f\u0131m\u0131z olan Pamukkale\u2019ye do\u011fru yola \u00e7\u0131k\u0131yoruz. \u0130lk al\u0131nanlardan biriyseniz, yolculuk s\u00fcrenizin ilan edilen s\u00fcreden daha uzun olabilece\u011fini unutmay\u0131n. Yakla\u015f\u0131k olarak 3 saatlik bir yolculukla Pamukkale\u2019ye ula\u015f\u0131yoruz.<\/p><p>Pamukkale\u2019ye vard\u0131\u011f\u0131m\u0131zda, ilk olarak Hierapolis Antik Kenti\u2019ni gezmeye ba\u015fl\u0131yoruz. Antik kal\u0131nt\u0131lar, tarihi yap\u0131lar ve g\u00f6rkemli atmosferiyle Hierapolis, ziyaret\u00e7ilere tarihle i\u00e7 i\u00e7e bir deneyim sunuyor. Ard\u0131ndan, d\u00fcnyaca \u00fcnl\u00fc Pamukkale Travertenleri\u2019nde y\u00fcr\u00fcy\u00fc\u015f yaparak, bu e\u015fsiz do\u011fal olu\u015fumlar\u0131 yak\u0131ndan ke\u015ffedece\u011fiz. Travertenler zeminleri kaygan oldu\u011fundan dikkat etmekte fayda var, biraz a\u015fa\u011f\u0131 k\u0131s\u0131mlarda suya tamamen girilebilen havuz k\u0131s\u0131mlar\u0131 da bulunmaktad\u0131r.<br \/>Zaman\u0131m\u0131z\u0131 en verimli \u015fekilde de\u011ferlendirdikten sonra, travertenlere olduk\u00e7a yak\u0131n bulunan Kleopatra Havuzu\u2019na gidiyoruz. Burada, tarihi kal\u0131nt\u0131lar aras\u0131nda serin sulara girme \u015fans\u0131n\u0131 bulaca\u011f\u0131z. Bu antik havuzda y\u00fczmek, tarihe tan\u0131kl\u0131k ederken ayn\u0131 zamanda rahatlat\u0131c\u0131 bir deneyim ya\u015faman\u0131z\u0131 sa\u011flayacak.<\/p><p>Pamukkale gezimizin ard\u0131ndan, \u00e7evrede al\u0131\u015fveri\u015f yapma imkan\u0131 da sunulacak. Yerel \u00fcr\u00fcnleri ke\u015ffetmek ve hediyelik e\u015fya almak i\u00e7in k\u0131sa bir zaman\u0131m\u0131z olacak.<br \/>Son olarak, Didim\u2019e d\u00f6n\u00fc\u015f yolculu\u011fumuza ba\u015fl\u0131yoruz.<br \/>18:00 civar\u0131nda Didim\u2019e varm\u0131\u015f olaca\u011f\u0131z.<\/p>\t\t\t\t\t\t<\/div>\n\t\t\t\t<\/div>\n\t\t\t\t<div class=\"elementor-element elementor-element-c215fd7 elementor-widget elementor-widget-heading\" data-id=\"c215fd7\" data-element_type=\"widget\" data-widget_type=\"heading.default\">\n\t\t\t\t<div class=\"elementor-widget-container\">\n\t\t\t<h2 class=\"elementor-heading-title elementor-size-default\">Fiyata neler dahil?<\/h2>\t\t<\/div>\n\t\t\t\t<\/div>\n\t\t\t\t<div class=\"elementor-element elementor-element-ffcadf5 elementor-widget elementor-widget-text-editor\" data-id=\"ffcadf5\" data-element_type=\"widget\" data-widget_type=\"text-editor.default\">\n\t\t\t\t<div class=\"elementor-widget-container\">\n\t\t\t\t\t\t\t<p>Tur \u00fccreti; transfer, profesyonel rehberlik hizmeti, Hierapolis Antik Kenti giri\u015f \u00fccreti ve \u00f6\u011fle yeme\u011fini kapsamaktad\u0131r. \u00a0Kleopatra Havuzu giri\u015f \u00fccreti fiyata dahil de\u011fildir.<br \/><br \/><\/p>\t\t\t\t\t\t<\/div>\n\t\t\t\t<\/div>\n\t\t\t\t<div class=\"elementor-element elementor-element-105f2c5 elementor-widget elementor-widget-heading\" data-id=\"105f2c5\" data-element_type=\"widget\" data-widget_type=\"heading.default\">\n\t\t\t\t<div class=\"elementor-widget-container\">\n\t\t\t<h2 class=\"elementor-heading-title elementor-size-default\">Tura Haz\u0131rl\u0131k \u0130\u00e7in Neler Yapmal\u0131y\u0131m?<\/h2>\t\t<\/div>\n\t\t\t\t<\/div>\n\t\t\t\t<div class=\"elementor-element elementor-element-4de3ed4 elementor-widget elementor-widget-text-editor\" data-id=\"4de3ed4\" data-element_type=\"widget\" data-widget_type=\"text-editor.default\">\n\t\t\t\t<div class=\"elementor-widget-container\">\n\t\t\t\t\t\t\t<p>Antik kent zemininde y\u00fcr\u00fcy\u00fc\u015f yaparken rahat etmeniz i\u00e7in spor ayakkab\u0131 veya y\u00fcr\u00fcy\u00fc\u015f ayakkab\u0131s\u0131 tercih etmeniz \u00f6nemlidir. Ayr\u0131ca, yaz mevsimlerinde g\u00fcne\u015ften korunmak i\u00e7in \u015fapka, g\u00fcne\u015f kremi veya \u015femsiye gibi tedbirler alman\u0131z\u0131 \u00f6neririz.<\/p><p>Kleopatra Havuzu&#8217;na girmeyi planl\u0131yorsan\u0131z, yan\u0131n\u0131za havlu almay\u0131 unutmay\u0131n. Islak mayolar\u0131n\u0131z\u0131 koymak i\u00e7in bir po\u015fet getirebilirsiniz. \u00d6zel e\u015fyalar\u0131n\u0131z i\u00e7in endi\u015felenmenize gerek yok; i\u00e7eride dolap kiralanabiliyor. Dolab\u0131n anahtar\u0131n\u0131 bile\u011finize lastikle takarak rahat\u00e7a y\u00fczebilirsiniz. Kiralad\u0131\u011f\u0131n\u0131z dolap i\u00e7in \u00f6dedi\u011finiz \u00fccret, anahtar\u0131 geri verdi\u011finizde iade edilmektedir. \u0130\u00e7eride \u00fccretsiz soyunma kabinleri de mevcut. Mayonuzu giydikten sonra havuz giri\u015finden rahat\u00e7a havuza girebilirsiniz, ancak birka\u00e7 kere girip \u00e7\u0131kmak m\u00fcmk\u00fcn de\u011fildir. Havuzdan sonra, du\u015f alarak temizlenebilirsiniz. Travertenlerde de girilebilen havuz k\u0131s\u0131mlar\u0131 da mevcut.<\/p>\t\t\t\t\t\t<\/div>\n\t\t\t\t<\/div>\n\t\t\t\t<\/div>\n\t\t<div class=\"elementor-element elementor-element-4c0be21 e-con-full e-flex e-con e-child\" data-id=\"4c0be21\" data-element_type=\"container\">\n\t\t\t\t<div class=\"elementor-element elementor-element-da57a18 elementor-widget elementor-widget-image\" data-id=\"da57a18\" data-element_type=\"widget\" data-widget_type=\"image.default\">\n\t\t\t\t<div class=\"elementor-widget-container\">\n\t\t\t\t\t\t\t\t\t\t\t\t\t<img fetchpriority=\"high\" decoding=\"async\" width=\"1024\" height=\"640\" src=\"https:\/\/zazatour.com\/wp-content\/uploads\/2024\/11\/20181218112945723_20170505152407842_360_20170309100951302-1024x640.jpg\" class=\"attachment-large size-large wp-image-1102\" alt=\"\" \/>\t\t\t\t\t\t\t\t\t\t\t\t\t<\/div>\n\t\t\t\t<\/div>\n\t\t\t\t<div class=\"elementor-element elementor-element-73b5d9f elementor-widget elementor-widget-image\" data-id=\"73b5d9f\" data-element_type=\"widget\" data-widget_type=\"image.default\">\n\t\t\t\t<div class=\"elementor-widget-container\">\n\t\t\t\t\t\t\t\t\t\t\t\t\t<img decoding=\"async\" width=\"1024\" height=\"576\" src=\"https:\/\/zazatour.com\/wp-content\/uploads\/2024\/11\/Hierapolis-antik-havuz-2-1024x576.jpg\" class=\"attachment-large size-large wp-image-1105\" alt=\"\" \/>\t\t\t\t\t\t\t\t\t\t\t\t\t<\/div>\n\t\t\t\t<\/div>\n\t\t\t\t<div class=\"elementor-element elementor-element-6d622f8 elementor-widget elementor-widget-image\" data-id=\"6d622f8\" data-element_type=\"widget\" data-widget_type=\"image.default\">\n\t\t\t\t<div class=\"elementor-widget-container\">\n\t\t\t\t\t\t\t\t\t\t\t\t\t<img decoding=\"async\" width=\"1024\" height=\"467\" src=\"https:\/\/zazatour.com\/wp-content\/uploads\/2024\/11\/20181218112846631_20171004140610117_DENIZLI-KULTUR-VARLIKLARI-VE-MUZELER-GN_MD_-38-1-1024x467.jpg\" class=\"attachment-large size-large wp-image-1198\" alt=\"\" \/>\t\t\t\t\t\t\t\t\t\t\t\t\t<\/div>\n\t\t\t\t<\/div>\n\t\t\t\t<div class=\"elementor-element elementor-element-76d664d elementor-widget elementor-widget-image\" data-id=\"76d664d\" data-element_type=\"widget\" data-widget_type=\"image.default\">\n\t\t\t\t<div class=\"elementor-widget-container\">\n\t\t\t\t\t\t\t\t\t\t\t\t\t<img loading=\"lazy\" decoding=\"async\" width=\"768\" height=\"512\" src=\"https:\/\/zazatour.com\/wp-content\/uploads\/2024\/11\/61.jpg\" class=\"attachment-large size-large wp-image-1100\" alt=\"\" \/>\t\t\t\t\t\t\t\t\t\t\t\t\t<\/div>\n\t\t\t\t<\/div>\n\t\t\t\t<\/div>\n\t\t\t\t\t<\/div>\n\t\t\t\t<\/div>\n\t\t<div class=\"elementor-element elementor-element-05d6fbc e-flex e-con-boxed e-con e-parent\" data-id=\"05d6fbc\" data-element_type=\"container\">\n\t\t\t\t\t<div class=\"e-con-inner\">\n\t\t\t\t<div class=\"elementor-element elementor-element-f581292 elementor-widget elementor-widget-image\" data-id=\"f581292\" data-element_type=\"widget\" data-widget_type=\"image.default\">\n\t\t\t\t<div class=\"elementor-widget-container\">\n\t\t\t\t\t\t\t\t\t\t\t\t\t<img loading=\"lazy\" decoding=\"async\" width=\"398\" height=\"132\" src=\"https:\/\/zazatour.com\/wp-content\/uploads\/2025\/04\/Efes-70-.png\" class=\"attachment-large size-large wp-image-2833\" alt=\"\" \/>\t\t\t\t\t\t\t\t\t\t\t\t\t<\/div>\n\t\t\t\t<\/div>\n\t\t\t\t\t<\/div>\n\t\t\t\t<\/div>\n\t\t\t\t<\/div>\n\t\t","protected":false},"excerpt":{"rendered":"<p>PAMUKKALE &amp; HIERAPOLIS Pamukkale Turu Hakk\u0131nda Genel Bilgi Pamukkale Turu, tarih ve do\u011fan\u0131n bulu\u015ftu\u011fu benzersiz bir deneyim sunuyor. Hierapolis Antik Kenti&#8217;ni ke\u015ffederken, d\u00fcnyaca \u00fcnl\u00fc Pamukkale Travertenleri&#8217;ni y\u00fcr\u00fcyerek gezebilir ve Kleopatra Havuzu\u2019nda tarihi kal\u0131nt\u0131lar aras\u0131nda serinleyebilirsiniz. Ayr\u0131ca, yerel \u00fcr\u00fcnler i\u00e7in al\u0131\u015fveri\u015f yapma f\u0131rsat\u0131n\u0131z da olacak. Hem do\u011fa hem de tarih severler i\u00e7in unutulmaz bir gezi! Tur [&hellip;]<\/p>\n","protected":false},"author":1,"featured_media":0,"parent":0,"menu_order":0,"comment_status":"closed","ping_status":"closed","template":"","meta":{"_uag_custom_page_level_css":"","site-sidebar-layout":"no-sidebar","site-content-layout":"page-builder","ast-site-content-layout":"default","site-content-style":"default","site-sidebar-style":"default","ast-global-header-display":"","ast-banner-title-visibility":"","ast-main-header-display":"","ast-hfb-above-header-display":"","ast-hfb-below-header-display":"","ast-hfb-mobile-header-display":"","site-post-title":"disabled","ast-breadcrumbs-content":"","ast-featured-img":"disabled","footer-sml-layout":"","theme-transparent-header-meta":"","adv-header-id-meta":"","stick-header-meta":"","header-above-stick-meta":"","header-main-stick-meta":"","header-below-stick-meta":"","astra-migrate-meta-layouts":"set","ast-page-background-enabled":"default","ast-page-background-meta":{"desktop":{"background-color":"var(--ast-global-color-4)","background-image":"","background-repeat":"repeat","background-position":"center center","background-size":"auto","background-attachment":"scroll","background-type":"","background-media":"","overlay-type":"","overlay-color":"","overlay-opacity":"","overlay-gradient":""},"tablet":{"background-color":"","background-image":"","background-repeat":"repeat","background-position":"center center","background-size":"auto","background-attachment":"scroll","background-type":"","background-media":"","overlay-type":"","overlay-color":"","overlay-opacity":"","overlay-gradient":""},"mobile":{"background-color":"","background-image":"","background-repeat":"repeat","background-position":"center center","background-size":"auto","background-attachment":"scroll","background-type":"","background-media":"","overlay-type":"","overlay-color":"","overlay-opacity":"","overlay-gradient":""}},"ast-content-background-meta":{"desktop":{"background-color":"var(--ast-global-color-5)","background-image":"","background-repeat":"repeat","background-position":"center center","background-size":"auto","background-attachment":"scroll","background-type":"","background-media":"","overlay-type":"","overlay-color":"","overlay-opacity":"","overlay-gradient":""},"tablet":{"background-color":"var(--ast-global-color-5)","background-image":"","background-repeat":"repeat","background-position":"center center","background-size":"auto","background-attachment":"scroll","background-type":"","background-media":"","overlay-type":"","overlay-color":"","overlay-opacity":"","overlay-gradient":""},"mobile":{"background-color":"var(--ast-global-color-5)","background-image":"","background-repeat":"repeat","background-position":"center center","background-size":"auto","background-attachment":"scroll","background-type":"","background-media":"","overlay-type":"","overlay-color":"","overlay-opacity":"","overlay-gradient":""}},"footnotes":""},"class_list":["post-1130","page","type-page","status-publish","hentry"],"aioseo_notices":[],"uagb_featured_image_src":{"full":false,"thumbnail":false,"medium":false,"medium_large":false,"large":false,"1536x1536":false,"2048x2048":false},"uagb_author_info":{"display_name":"alicemozkaya@gmail.com","author_link":"https:\/\/zazatour.com\/?author=1"},"uagb_comment_info":0,"uagb_excerpt":"PAMUKKALE &amp; HIERAPOLIS Pamukkale Turu Hakk\u0131nda Genel Bilgi Pamukkale Turu, tarih ve do\u011fan\u0131n bulu\u015ftu\u011fu benzersiz bir deneyim sunuyor. Hierapolis Antik Kenti&#8217;ni ke\u015ffederken, d\u00fcnyaca \u00fcnl\u00fc Pamukkale Travertenleri&#8217;ni y\u00fcr\u00fcyerek gezebilir ve Kleopatra Havuzu\u2019nda tarihi kal\u0131nt\u0131lar aras\u0131nda serinleyebilirsiniz. Ayr\u0131ca, yerel \u00fcr\u00fcnler i\u00e7in al\u0131\u015fveri\u015f yapma f\u0131rsat\u0131n\u0131z da olacak. Hem do\u011fa hem de tarih severler i\u00e7in unutulmaz bir gezi! Tur&hellip;","rttpg_featured_image_url":null,"rttpg_author":{"display_name":"alicemozkaya@gmail.com","author_link":"https:\/\/zazatour.com\/?author=1"},"rttpg_comment":0,"rttpg_category":" <a href=\"https:\/\/zazatour.com\/\" rel=\"tag\">T\u00fcrk\u00e7e<\/a>","rttpg_excerpt":"PAMUKKALE &amp; HIERAPOLIS Pamukkale Turu Hakk\u0131nda Genel Bilgi Pamukkale Turu, tarih ve do\u011fan\u0131n bulu\u015ftu\u011fu benzersiz bir deneyim sunuyor. Hierapolis Antik Kenti&#8217;ni ke\u015ffederken, d\u00fcnyaca \u00fcnl\u00fc Pamukkale Travertenleri&#8217;ni y\u00fcr\u00fcyerek gezebilir ve Kleopatra Havuzu\u2019nda tarihi kal\u0131nt\u0131lar aras\u0131nda serinleyebilirsiniz. Ayr\u0131ca, yerel \u00fcr\u00fcnler i\u00e7in al\u0131\u015fveri\u015f yapma f\u0131rsat\u0131n\u0131z da olacak. Hem do\u011fa hem de tarih severler i\u00e7in unutulmaz bir gezi! Tur&hellip;","_links":{"self":[{"href":"https:\/\/zazatour.com\/index.php?rest_route=\/wp\/v2\/pages\/1130"}],"collection":[{"href":"https:\/\/zazatour.com\/index.php?rest_route=\/wp\/v2\/pages"}],"about":[{"href":"https:\/\/zazatour.com\/index.php?rest_route=\/wp\/v2\/types\/page"}],"author":[{"embeddable":true,"href":"https:\/\/zazatour.com\/index.php?rest_route=\/wp\/v2\/users\/1"}],"replies":[{"embeddable":true,"href":"https:\/\/zazatour.com\/index.php?rest_route=%2Fwp%2Fv2%2Fcomments&post=1130"}],"version-history":[{"count":16,"href":"https:\/\/zazatour.com\/index.php?rest_route=\/wp\/v2\/pages\/1130\/revisions"}],"predecessor-version":[{"id":2847,"href":"https:\/\/zazatour.com\/index.php?rest_route=\/wp\/v2\/pages\/1130\/revisions\/2847"}],"wp:attachment":[{"href":"https:\/\/zazatour.com\/index.php?rest_route=%2Fwp%2Fv2%2Fmedia&parent=1130"}],"curies":[{"name":"wp","href":"https:\/\/api.w.org\/{rel}","templated":true}]}}