{"id":1134,"date":"2024-11-14T15:09:01","date_gmt":"2024-11-14T15:09:01","guid":{"rendered":"https:\/\/zazatour.com\/?page_id=1134"},"modified":"2024-12-06T08:50:17","modified_gmt":"2024-12-06T08:50:17","slug":"gunluk3","status":"publish","type":"page","link":"https:\/\/zazatour.com\/?page_id=1134","title":{"rendered":"Priene &#038; Miletos &#038; Didyma Turu \u200b"},"content":{"rendered":"\t\t<div data-elementor-type=\"wp-page\" data-elementor-id=\"1134\" class=\"elementor elementor-1134\">\n\t\t\t\t<div class=\"elementor-element elementor-element-576a4fd e-flex e-con-boxed e-con e-parent\" data-id=\"576a4fd\" data-element_type=\"container\">\n\t\t\t\t\t<div class=\"e-con-inner\">\n\t\t\t\t<div class=\"elementor-element elementor-element-57acb90 elementor-widget elementor-widget-heading\" data-id=\"57acb90\" data-element_type=\"widget\" data-widget_type=\"heading.default\">\n\t\t\t\t<div class=\"elementor-widget-container\">\n\t\t\t<h2 class=\"elementor-heading-title elementor-size-default\">Priene &amp; Miletos &amp; Didyma Turu <\/h2>\t\t<\/div>\n\t\t\t\t<\/div>\n\t\t\t\t\t<\/div>\n\t\t\t\t<\/div>\n\t\t<div class=\"elementor-element elementor-element-2e33a85 e-flex e-con-boxed e-con e-parent\" data-id=\"2e33a85\" data-element_type=\"container\">\n\t\t\t\t\t<div class=\"e-con-inner\">\n\t\t<div class=\"elementor-element elementor-element-1fc582c e-con-full e-flex e-con e-child\" data-id=\"1fc582c\" data-element_type=\"container\">\n\t\t\t\t<div class=\"elementor-element elementor-element-48ede03 elementor-widget elementor-widget-heading\" data-id=\"48ede03\" data-element_type=\"widget\" data-widget_type=\"heading.default\">\n\t\t\t\t<div class=\"elementor-widget-container\">\n\t\t\t<h2 class=\"elementor-heading-title elementor-size-default\">Priene &amp; Miletos &amp; Didyma Turu Hakk\u0131nda Genel Bilgi<\/h2>\t\t<\/div>\n\t\t\t\t<\/div>\n\t\t\t\t<div class=\"elementor-element elementor-element-b819ef7 elementor-widget elementor-widget-text-editor\" data-id=\"b819ef7\" data-element_type=\"widget\" data-widget_type=\"text-editor.default\">\n\t\t\t\t<div class=\"elementor-widget-container\">\n\t\t\t\t\t\t\t<p>Bu tur, antik d\u00fcnyan\u0131n \u00fc\u00e7 \u00f6nemli kentini ke\u015ffetmek i\u00e7in harika bir f\u0131rsat sunuyor. Priene, Miletos ve Didyma antik kentleri, b\u00fcy\u00fcleyici yap\u0131lar\u0131 ve tarihi miras\u0131yla ziyaret\u00e7ilere ge\u00e7mi\u015fin zenginliklerini g\u00f6zler \u00f6n\u00fcne seriyor. Bu e\u015fsiz turda, her bir antik kentin kendine \u00f6zg\u00fc atmosferinde ge\u00e7mi\u015f uygarl\u0131klar\u0131n izini s\u00fcrerken tarihle i\u00e7 i\u00e7e bir g\u00fcn ge\u00e7ireceksiniz. Keyifli ve rahat bir g\u00fcn i\u00e7in uygun giysiler, y\u00fcr\u00fcy\u00fc\u015fe uygun ayakkab\u0131lar ve g\u00fcne\u015ften korunma \u00f6nlemleriyle haz\u0131rl\u0131kl\u0131 olman\u0131z \u00f6nerilir.<\/p>\t\t\t\t\t\t<\/div>\n\t\t\t\t<\/div>\n\t\t\t\t<div class=\"elementor-element elementor-element-ec710a3 elementor-widget elementor-widget-heading\" data-id=\"ec710a3\" data-element_type=\"widget\" data-widget_type=\"heading.default\">\n\t\t\t\t<div class=\"elementor-widget-container\">\n\t\t\t<h2 class=\"elementor-heading-title elementor-size-default\">Tur Program\u0131 Nedir?<\/h2>\t\t<\/div>\n\t\t\t\t<\/div>\n\t\t\t\t<div class=\"elementor-element elementor-element-da1c251 elementor-widget elementor-widget-text-editor\" data-id=\"da1c251\" data-element_type=\"widget\" data-widget_type=\"text-editor.default\">\n\t\t\t\t<div class=\"elementor-widget-container\">\n\t\t\t\t\t\t\t<p>09:00 Hareket<br \/>T\u00fcm misafirlerimiz araca topland\u0131ktan sonra, antik d\u00fcnyan\u0131n en g\u00f6rkemli kal\u0131nt\u0131lar\u0131na ev sahipli\u011fi yapan Priene\u2019ye do\u011fru yolculu\u011fumuza ba\u015fl\u0131yoruz. Yakla\u015f\u0131k bir saat s\u00fcren keyifli bir yolculu\u011fun ard\u0131ndan Priene Antik Kenti\u2019ne var\u0131yoruz. Priene\u2019de, muhte\u015fem tap\u0131naklar, ta\u015f sokaklar ve g\u00f6rkemli yap\u0131larla dolu bu b\u00fcy\u00fcleyici kenti ke\u015ffedeceksiniz. Priene\u2019nin zarif ve ihti\u015faml\u0131 havas\u0131nda adeta ge\u00e7mi\u015fe yolculuk yapacaks\u0131n\u0131z.<br \/>Priene\u2019nin ard\u0131ndan, Miletos\u2019a ge\u00e7iyoruz. Miletos Antik Kenti, \u00fcnl\u00fc tiyatrosu, agoras\u0131 ve etkileyici yap\u0131lar\u0131 ile tarihin tozlu sayfalar\u0131na \u0131\u015f\u0131k tutuyor. \u015eehir planlamac\u0131l\u0131\u011f\u0131n\u0131n en g\u00fczel \u00f6rneklerinden olan Miletos\u2019ta ge\u00e7mi\u015fin izlerini s\u00fcrerken antik kentin atmosferini hissedeceksiniz.<br \/>Miletos gezimizin ard\u0131ndan Didyma\u2019ya hareket ediyoruz. Didyma Antik Kenti\u2019nin kalbinde yer alan \u00fcnl\u00fc Apollon Tap\u0131na\u011f\u0131\u2019n\u0131 ziyaret ederek gezimizi s\u00fcrd\u00fcr\u00fcyoruz. Bu g\u00f6rkemli yap\u0131, d\u00f6nemin mimarl\u0131k harikalar\u0131ndan biridir ve b\u00f6lgenin en ilgi \u00e7ekici yap\u0131lar\u0131ndan biridir. Tap\u0131na\u011f\u0131n heybetli s\u00fctunlar\u0131 ve mistik havas\u0131 sizi antik d\u00fcnyan\u0131n b\u00fcy\u00fcs\u00fcne \u00e7ekecek.<br \/>Tur boyunca keyifli bir \u00f6\u011fle yeme\u011fi molas\u0131 vererek, b\u00f6lgenin lezzetlerinin tad\u0131na varaca\u011f\u0131z. Bu harika g\u00fcn\u00fcn sonunda, saat 17:00 civar\u0131nda Didim\u2019e d\u00f6n\u00fc\u015f yolculu\u011fumuza ba\u015fl\u0131yoruz.<\/p>\t\t\t\t\t\t<\/div>\n\t\t\t\t<\/div>\n\t\t\t\t<div class=\"elementor-element elementor-element-7432ee8 elementor-widget elementor-widget-heading\" data-id=\"7432ee8\" data-element_type=\"widget\" data-widget_type=\"heading.default\">\n\t\t\t\t<div class=\"elementor-widget-container\">\n\t\t\t<h2 class=\"elementor-heading-title elementor-size-default\">Fiyata Neler Dahil?<\/h2>\t\t<\/div>\n\t\t\t\t<\/div>\n\t\t\t\t<div class=\"elementor-element elementor-element-32b2953 elementor-widget elementor-widget-text-editor\" data-id=\"32b2953\" data-element_type=\"widget\" data-widget_type=\"text-editor.default\">\n\t\t\t\t<div class=\"elementor-widget-container\">\n\t\t\t\t\t\t\t<p>Tur \u00fccreti; transfer, profesyonel rehberlik hizmeti, Priene, Miletos ve Didyma Antik Kentleri giri\u015f \u00fccretleri ile \u00f6\u011fle yeme\u011fini kapsamaktad\u0131r. \u0130\u00e7ecekler ve \u015fof\u00f6r bah\u015fi\u015fi ise fiyata dahil de\u011fildir.<\/p>\t\t\t\t\t\t<\/div>\n\t\t\t\t<\/div>\n\t\t\t\t<div class=\"elementor-element elementor-element-95f4f50 elementor-widget elementor-widget-heading\" data-id=\"95f4f50\" data-element_type=\"widget\" data-widget_type=\"heading.default\">\n\t\t\t\t<div class=\"elementor-widget-container\">\n\t\t\t<h2 class=\"elementor-heading-title elementor-size-default\">Tura Haz\u0131rl\u0131k \u0130\u00e7in Neler Yapmal\u0131y\u0131m?<\/h2>\t\t<\/div>\n\t\t\t\t<\/div>\n\t\t\t\t<div class=\"elementor-element elementor-element-6f04fcf elementor-widget elementor-widget-text-editor\" data-id=\"6f04fcf\" data-element_type=\"widget\" data-widget_type=\"text-editor.default\">\n\t\t\t\t<div class=\"elementor-widget-container\">\n\t\t\t\t\t\t\t<p>Antik kentlerin zemin yap\u0131s\u0131 y\u00fcr\u00fcy\u00fc\u015f a\u00e7\u0131s\u0131ndan zorluk yaratabilece\u011finden, rahat spor veya y\u00fcr\u00fcy\u00fc\u015f ayakkab\u0131s\u0131 tercih etmeniz \u00f6nemlidir. Yaz aylar\u0131nda g\u00fcne\u015ften korunmak i\u00e7in \u015fapka, g\u00fcne\u015f kremi ve \u015femsiye gibi tedbirler alman\u0131z\u0131 tavsiye ederiz.<\/p>\t\t\t\t\t\t<\/div>\n\t\t\t\t<\/div>\n\t\t\t\t<\/div>\n\t\t<div class=\"elementor-element elementor-element-4a5768f e-con-full e-flex e-con e-child\" data-id=\"4a5768f\" data-element_type=\"container\">\n\t\t\t\t<div class=\"elementor-element elementor-element-b05a276 elementor-widget elementor-widget-image\" data-id=\"b05a276\" data-element_type=\"widget\" data-widget_type=\"image.default\">\n\t\t\t\t<div class=\"elementor-widget-container\">\n\t\t\t\t\t\t\t\t\t\t\t\t\t<img fetchpriority=\"high\" decoding=\"async\" width=\"1024\" height=\"576\" src=\"https:\/\/zazatour.com\/wp-content\/uploads\/2024\/11\/priene-antik-kenti-athena-tapinagi-2-scaled-1-1024x576.webp\" class=\"attachment-large size-large wp-image-1223\" alt=\"\" \/>\t\t\t\t\t\t\t\t\t\t\t\t\t<\/div>\n\t\t\t\t<\/div>\n\t\t\t\t<div class=\"elementor-element elementor-element-b2d2ae9 elementor-widget elementor-widget-image\" data-id=\"b2d2ae9\" data-element_type=\"widget\" data-widget_type=\"image.default\">\n\t\t\t\t<div class=\"elementor-widget-container\">\n\t\t\t\t\t\t\t\t\t\t\t\t\t<img decoding=\"async\" width=\"640\" height=\"426\" src=\"https:\/\/zazatour.com\/wp-content\/uploads\/2024\/11\/miletos-antik-kenti-3525.jpg\" class=\"attachment-large size-large wp-image-1224\" alt=\"\" \/>\t\t\t\t\t\t\t\t\t\t\t\t\t<\/div>\n\t\t\t\t<\/div>\n\t\t\t\t<div class=\"elementor-element elementor-element-b4d2471 elementor-widget elementor-widget-image\" data-id=\"b4d2471\" data-element_type=\"widget\" data-widget_type=\"image.default\">\n\t\t\t\t<div class=\"elementor-widget-container\">\n\t\t\t\t\t\t\t\t\t\t\t\t\t<img decoding=\"async\" width=\"1024\" height=\"768\" src=\"https:\/\/zazatour.com\/wp-content\/uploads\/2024\/11\/bride-at-apollon-1024x768.jpg\" class=\"attachment-large size-large wp-image-1225\" alt=\"\" \/>\t\t\t\t\t\t\t\t\t\t\t\t\t<\/div>\n\t\t\t\t<\/div>\n\t\t\t\t<\/div>\n\t\t\t\t\t<\/div>\n\t\t\t\t<\/div>\n\t\t<div class=\"elementor-element elementor-element-44ffdeb e-flex e-con-boxed e-con e-parent\" data-id=\"44ffdeb\" data-element_type=\"container\">\n\t\t\t\t\t<div class=\"e-con-inner\">\n\t\t\t\t<div class=\"elementor-element elementor-element-e2aaa5f elementor-widget elementor-widget-image\" data-id=\"e2aaa5f\" data-element_type=\"widget\" data-widget_type=\"image.default\">\n\t\t\t\t<div class=\"elementor-widget-container\">\n\t\t\t\t\t\t\t\t\t\t\t\t\t<img loading=\"lazy\" decoding=\"async\" width=\"398\" height=\"132\" src=\"https:\/\/zazatour.com\/wp-content\/uploads\/2024\/12\/FIAT-2-1.png\" class=\"attachment-large size-large wp-image-2242\" alt=\"\" \/>\t\t\t\t\t\t\t\t\t\t\t\t\t<\/div>\n\t\t\t\t<\/div>\n\t\t\t\t\t<\/div>\n\t\t\t\t<\/div>\n\t\t\t\t<\/div>\n\t\t","protected":false},"excerpt":{"rendered":"<p>Priene &amp; Miletos &amp; Didyma Turu Priene &amp; Miletos &amp; Didyma Turu Hakk\u0131nda Genel Bilgi Bu tur, antik d\u00fcnyan\u0131n \u00fc\u00e7 \u00f6nemli kentini ke\u015ffetmek i\u00e7in harika bir f\u0131rsat sunuyor. Priene, Miletos ve Didyma antik kentleri, b\u00fcy\u00fcleyici yap\u0131lar\u0131 ve tarihi miras\u0131yla ziyaret\u00e7ilere ge\u00e7mi\u015fin zenginliklerini g\u00f6zler \u00f6n\u00fcne seriyor. Bu e\u015fsiz turda, her bir antik kentin kendine \u00f6zg\u00fc atmosferinde [&hellip;]<\/p>\n","protected":false},"author":1,"featured_media":0,"parent":0,"menu_order":0,"comment_status":"closed","ping_status":"closed","template":"","meta":{"_uag_custom_page_level_css":"","site-sidebar-layout":"no-sidebar","site-content-layout":"page-builder","ast-site-content-layout":"full-width-container","site-content-style":"default","site-sidebar-style":"default","ast-global-header-display":"","ast-banner-title-visibility":"","ast-main-header-display":"","ast-hfb-above-header-display":"","ast-hfb-below-header-display":"","ast-hfb-mobile-header-display":"","site-post-title":"disabled","ast-breadcrumbs-content":"","ast-featured-img":"disabled","footer-sml-layout":"","theme-transparent-header-meta":"","adv-header-id-meta":"","stick-header-meta":"","header-above-stick-meta":"","header-main-stick-meta":"","header-below-stick-meta":"","astra-migrate-meta-layouts":"set","ast-page-background-enabled":"default","ast-page-background-meta":{"desktop":{"background-color":"var(--ast-global-color-4)","background-image":"","background-repeat":"repeat","background-position":"center center","background-size":"auto","background-attachment":"scroll","background-type":"","background-media":"","overlay-type":"","overlay-color":"","overlay-opacity":"","overlay-gradient":""},"tablet":{"background-color":"","background-image":"","background-repeat":"repeat","background-position":"center center","background-size":"auto","background-attachment":"scroll","background-type":"","background-media":"","overlay-type":"","overlay-color":"","overlay-opacity":"","overlay-gradient":""},"mobile":{"background-color":"","background-image":"","background-repeat":"repeat","background-position":"center center","background-size":"auto","background-attachment":"scroll","background-type":"","background-media":"","overlay-type":"","overlay-color":"","overlay-opacity":"","overlay-gradient":""}},"ast-content-background-meta":{"desktop":{"background-color":"var(--ast-global-color-5)","background-image":"","background-repeat":"repeat","background-position":"center center","background-size":"auto","background-attachment":"scroll","background-type":"","background-media":"","overlay-type":"","overlay-color":"","overlay-opacity":"","overlay-gradient":""},"tablet":{"background-color":"var(--ast-global-color-5)","background-image":"","background-repeat":"repeat","background-position":"center center","background-size":"auto","background-attachment":"scroll","background-type":"","background-media":"","overlay-type":"","overlay-color":"","overlay-opacity":"","overlay-gradient":""},"mobile":{"background-color":"var(--ast-global-color-5)","background-image":"","background-repeat":"repeat","background-position":"center center","background-size":"auto","background-attachment":"scroll","background-type":"","background-media":"","overlay-type":"","overlay-color":"","overlay-opacity":"","overlay-gradient":""}},"footnotes":""},"class_list":["post-1134","page","type-page","status-publish","hentry"],"aioseo_notices":[],"uagb_featured_image_src":{"full":false,"thumbnail":false,"medium":false,"medium_large":false,"large":false,"1536x1536":false,"2048x2048":false},"uagb_author_info":{"display_name":"alicemozkaya@gmail.com","author_link":"https:\/\/zazatour.com\/?author=1"},"uagb_comment_info":0,"uagb_excerpt":"Priene &amp; Miletos &amp; Didyma Turu Priene &amp; Miletos &amp; Didyma Turu Hakk\u0131nda Genel Bilgi Bu tur, antik d\u00fcnyan\u0131n \u00fc\u00e7 \u00f6nemli kentini ke\u015ffetmek i\u00e7in harika bir f\u0131rsat sunuyor. Priene, Miletos ve Didyma antik kentleri, b\u00fcy\u00fcleyici yap\u0131lar\u0131 ve tarihi miras\u0131yla ziyaret\u00e7ilere ge\u00e7mi\u015fin zenginliklerini g\u00f6zler \u00f6n\u00fcne seriyor. Bu e\u015fsiz turda, her bir antik kentin kendine \u00f6zg\u00fc atmosferinde&hellip;","rttpg_featured_image_url":null,"rttpg_author":{"display_name":"alicemozkaya@gmail.com","author_link":"https:\/\/zazatour.com\/?author=1"},"rttpg_comment":0,"rttpg_category":" <a href=\"https:\/\/zazatour.com\/\" rel=\"tag\">T\u00fcrk\u00e7e<\/a>","rttpg_excerpt":"Priene &amp; Miletos &amp; Didyma Turu Priene &amp; Miletos &amp; Didyma Turu Hakk\u0131nda Genel Bilgi Bu tur, antik d\u00fcnyan\u0131n \u00fc\u00e7 \u00f6nemli kentini ke\u015ffetmek i\u00e7in harika bir f\u0131rsat sunuyor. Priene, Miletos ve Didyma antik kentleri, b\u00fcy\u00fcleyici yap\u0131lar\u0131 ve tarihi miras\u0131yla ziyaret\u00e7ilere ge\u00e7mi\u015fin zenginliklerini g\u00f6zler \u00f6n\u00fcne seriyor. Bu e\u015fsiz turda, her bir antik kentin kendine \u00f6zg\u00fc atmosferinde&hellip;","_links":{"self":[{"href":"https:\/\/zazatour.com\/index.php?rest_route=\/wp\/v2\/pages\/1134"}],"collection":[{"href":"https:\/\/zazatour.com\/index.php?rest_route=\/wp\/v2\/pages"}],"about":[{"href":"https:\/\/zazatour.com\/index.php?rest_route=\/wp\/v2\/types\/page"}],"author":[{"embeddable":true,"href":"https:\/\/zazatour.com\/index.php?rest_route=\/wp\/v2\/users\/1"}],"replies":[{"embeddable":true,"href":"https:\/\/zazatour.com\/index.php?rest_route=%2Fwp%2Fv2%2Fcomments&post=1134"}],"version-history":[{"count":13,"href":"https:\/\/zazatour.com\/index.php?rest_route=\/wp\/v2\/pages\/1134\/revisions"}],"predecessor-version":[{"id":2264,"href":"https:\/\/zazatour.com\/index.php?rest_route=\/wp\/v2\/pages\/1134\/revisions\/2264"}],"wp:attachment":[{"href":"https:\/\/zazatour.com\/index.php?rest_route=%2Fwp%2Fv2%2Fmedia&parent=1134"}],"curies":[{"name":"wp","href":"https:\/\/api.w.org\/{rel}","templated":true}]}}