{"id":1141,"date":"2024-11-14T15:11:08","date_gmt":"2024-11-14T15:11:08","guid":{"rendered":"https:\/\/zazatour.com\/?page_id=1141"},"modified":"2025-04-13T17:28:25","modified_gmt":"2025-04-13T17:28:25","slug":"gunluk4-2","status":"publish","type":"page","link":"https:\/\/zazatour.com\/?page_id=1141","title":{"rendered":"Bafa"},"content":{"rendered":"\t\t<div data-elementor-type=\"wp-page\" data-elementor-id=\"1141\" class=\"elementor elementor-1141\">\n\t\t\t\t<div class=\"elementor-element elementor-element-827f6ad e-flex e-con-boxed e-con e-parent\" data-id=\"827f6ad\" data-element_type=\"container\">\n\t\t\t\t\t<div class=\"e-con-inner\">\n\t\t\t\t<div class=\"elementor-element elementor-element-5124b03 elementor-widget elementor-widget-heading\" data-id=\"5124b03\" data-element_type=\"widget\" data-widget_type=\"heading.default\">\n\t\t\t\t<div class=\"elementor-widget-container\">\n\t\t\t<h2 class=\"elementor-heading-title elementor-size-default\">Bafa G\u00f6l\u00fc<\/h2>\t\t<\/div>\n\t\t\t\t<\/div>\n\t\t\t\t\t<\/div>\n\t\t\t\t<\/div>\n\t\t<div class=\"elementor-element elementor-element-627001e e-flex e-con-boxed e-con e-parent\" data-id=\"627001e\" data-element_type=\"container\">\n\t\t\t\t\t<div class=\"e-con-inner\">\n\t\t<div class=\"elementor-element elementor-element-d385446 e-con-full e-flex e-con e-child\" data-id=\"d385446\" data-element_type=\"container\">\n\t\t\t\t<div class=\"elementor-element elementor-element-f559b3f elementor-widget elementor-widget-heading\" data-id=\"f559b3f\" data-element_type=\"widget\" data-widget_type=\"heading.default\">\n\t\t\t\t<div class=\"elementor-widget-container\">\n\t\t\t<h2 class=\"elementor-heading-title elementor-size-default\">Bafa G\u00f6l\u00fc Turu Hakk\u0131nda Genel Bilgi<\/h2>\t\t<\/div>\n\t\t\t\t<\/div>\n\t\t\t\t<div class=\"elementor-element elementor-element-2f5888d elementor-widget elementor-widget-text-editor\" data-id=\"2f5888d\" data-element_type=\"widget\" data-widget_type=\"text-editor.default\">\n\t\t\t\t<div class=\"elementor-widget-container\">\n\t\t\t\t\t\t\t<p>Bafa G\u00f6l\u00fc ve \u00e7evresindeki b\u00fcy\u00fcleyici manzara, tarihi ve do\u011fay\u0131 bir araya getirerek size unutulmaz bir g\u00fcn ya\u015fatacak. G\u00f6l \u00e7evresinde, tarihi kal\u0131nt\u0131lar, do\u011fal g\u00fczellikler ve yaban hayat\u0131n\u0131n tad\u0131n\u0131 \u00e7\u0131karaca\u011f\u0131n\u0131z keyifli bir g\u00fcn i\u00e7in rahat giysiler, y\u00fcr\u00fcy\u00fc\u015fe uygun ayakkab\u0131lar ve g\u00fcne\u015ften korunma \u00f6nlemleri alman\u0131z \u00f6nerilir.<br \/><br \/><\/p>\t\t\t\t\t\t<\/div>\n\t\t\t\t<\/div>\n\t\t\t\t<div class=\"elementor-element elementor-element-38ef6fc elementor-widget elementor-widget-heading\" data-id=\"38ef6fc\" data-element_type=\"widget\" data-widget_type=\"heading.default\">\n\t\t\t\t<div class=\"elementor-widget-container\">\n\t\t\t<h2 class=\"elementor-heading-title elementor-size-default\">Tur Program\u0131 Nedir?<\/h2>\t\t<\/div>\n\t\t\t\t<\/div>\n\t\t\t\t<div class=\"elementor-element elementor-element-36de5a4 elementor-widget elementor-widget-text-editor\" data-id=\"36de5a4\" data-element_type=\"widget\" data-widget_type=\"text-editor.default\">\n\t\t\t\t<div class=\"elementor-widget-container\">\n\t\t\t\t\t\t\t<p>09:00 Hareket<br \/>Misafirlerimiz topland\u0131ktan sonra Bafa G\u00f6l\u00fc&#8217;ne do\u011fru hareket ediyoruz. Yakla\u015f\u0131k 45 dakikal\u0131k bir yolculukla, antik d\u00fcnyan\u0131n izlerini ta\u015f\u0131yan bu etkileyici b\u00f6lgeye ula\u015f\u0131yoruz. G\u00f6l kenar\u0131na var\u0131r varmaz, g\u00f6l \u00fczerinde yer alan eski manast\u0131r kal\u0131nt\u0131lar\u0131 ve antik \u015fehir Heraklia&#8217;n\u0131n kal\u0131nt\u0131lar\u0131n\u0131 ke\u015ffetmeye ba\u015fl\u0131yoruz. Bu antik yerle\u015fim alan\u0131nda, tap\u0131nak kal\u0131nt\u0131lar\u0131, ta\u015f yap\u0131lar ve tarihi detaylar aras\u0131nda ge\u00e7mi\u015fin izlerini s\u00fcrerek tarihle i\u00e7 i\u00e7e bir g\u00fcn ge\u00e7ireceksiniz.<br \/>G\u00f6l gezimizin ard\u0131ndan, b\u00f6lgenin lezzetlerini tadaca\u011f\u0131n\u0131z keyifli bir \u00f6\u011fle yeme\u011fi molas\u0131 veriyoruz. Yemekten sonra \u00e7evrede serbest zaman\u0131n\u0131z olacak; do\u011fan\u0131n tad\u0131n\u0131 \u00e7\u0131karabilir, foto\u011fraf \u00e7ekebilir ve g\u00f6l\u00fcn huzurlu atmosferinde dinlenebilirsiniz.<br \/>Bu harika g\u00fcn\u00fcn ard\u0131ndan, saat 17:00 civar\u0131nda Didim\u2019e d\u00f6n\u00fc\u015f yolculu\u011fumuza ba\u015fl\u0131yoruz.<\/p>\t\t\t\t\t\t<\/div>\n\t\t\t\t<\/div>\n\t\t\t\t<div class=\"elementor-element elementor-element-ec0f752 elementor-widget elementor-widget-heading\" data-id=\"ec0f752\" data-element_type=\"widget\" data-widget_type=\"heading.default\">\n\t\t\t\t<div class=\"elementor-widget-container\">\n\t\t\t<h2 class=\"elementor-heading-title elementor-size-default\">Fiyata Neler Dahil?<\/h2>\t\t<\/div>\n\t\t\t\t<\/div>\n\t\t\t\t<div class=\"elementor-element elementor-element-4923ccc elementor-widget elementor-widget-text-editor\" data-id=\"4923ccc\" data-element_type=\"widget\" data-widget_type=\"text-editor.default\">\n\t\t\t\t<div class=\"elementor-widget-container\">\n\t\t\t\t\t\t\t<p>Tur \u00fccreti; transfer, profesyonel rehberlik hizmeti ve \u00f6\u011fle yeme\u011fini kapsamaktad\u0131r.<\/p>\t\t\t\t\t\t<\/div>\n\t\t\t\t<\/div>\n\t\t\t\t<div class=\"elementor-element elementor-element-df99d4f elementor-widget elementor-widget-heading\" data-id=\"df99d4f\" data-element_type=\"widget\" data-widget_type=\"heading.default\">\n\t\t\t\t<div class=\"elementor-widget-container\">\n\t\t\t<h2 class=\"elementor-heading-title elementor-size-default\">Tura Haz\u0131rl\u0131k \u0130\u00e7in Neler Yapmal\u0131y\u0131m?<\/h2>\t\t<\/div>\n\t\t\t\t<\/div>\n\t\t\t\t<div class=\"elementor-element elementor-element-9b9cc61 elementor-widget elementor-widget-text-editor\" data-id=\"9b9cc61\" data-element_type=\"widget\" data-widget_type=\"text-editor.default\">\n\t\t\t\t<div class=\"elementor-widget-container\">\n\t\t\t\t\t\t\t<p>G\u00f6l ve antik kentlerin zemin yap\u0131s\u0131 y\u00fcr\u00fcy\u00fc\u015f a\u00e7\u0131s\u0131ndan zorluk yaratabilece\u011finden, rahat spor veya y\u00fcr\u00fcy\u00fc\u015f ayakkab\u0131s\u0131 tercih etmeniz \u00f6nemlidir. Yaz aylar\u0131nda g\u00fcne\u015ften korunmak i\u00e7in \u015fapka, g\u00fcne\u015f kremi ve \u015femsiye gibi tedbirler alman\u0131z\u0131 tavsiye ederiz.<\/p>\t\t\t\t\t\t<\/div>\n\t\t\t\t<\/div>\n\t\t\t\t<\/div>\n\t\t<div class=\"elementor-element elementor-element-9fac925 e-con-full e-flex e-con e-child\" data-id=\"9fac925\" data-element_type=\"container\">\n\t\t\t\t<div class=\"elementor-element elementor-element-c3f4542 elementor-widget elementor-widget-image\" data-id=\"c3f4542\" data-element_type=\"widget\" data-widget_type=\"image.default\">\n\t\t\t\t<div class=\"elementor-widget-container\">\n\t\t\t\t\t\t\t\t\t\t\t\t\t<img fetchpriority=\"high\" decoding=\"async\" width=\"800\" height=\"516\" src=\"https:\/\/zazatour.com\/wp-content\/uploads\/2024\/11\/bafa-34.jpg\" class=\"attachment-large size-large wp-image-1234\" alt=\"\" \/>\t\t\t\t\t\t\t\t\t\t\t\t\t<\/div>\n\t\t\t\t<\/div>\n\t\t\t\t<div class=\"elementor-element elementor-element-8e6b06c elementor-widget elementor-widget-image\" data-id=\"8e6b06c\" data-element_type=\"widget\" data-widget_type=\"image.default\">\n\t\t\t\t<div class=\"elementor-widget-container\">\n\t\t\t\t\t\t\t\t\t\t\t\t\t<img decoding=\"async\" width=\"336\" height=\"360\" src=\"https:\/\/zazatour.com\/wp-content\/uploads\/2024\/11\/bafa-lake-nature-park-heracleia-ancient-city2.jpg\" class=\"attachment-large size-large wp-image-1235\" alt=\"\" \/>\t\t\t\t\t\t\t\t\t\t\t\t\t<\/div>\n\t\t\t\t<\/div>\n\t\t\t\t<div class=\"elementor-element elementor-element-98610da elementor-widget elementor-widget-image\" data-id=\"98610da\" data-element_type=\"widget\" data-widget_type=\"image.default\">\n\t\t\t\t<div class=\"elementor-widget-container\">\n\t\t\t\t\t\t\t\t\t\t\t\t\t<img decoding=\"async\" width=\"850\" height=\"450\" src=\"https:\/\/zazatour.com\/wp-content\/uploads\/2024\/11\/bafa-1-9.jpg\" class=\"attachment-large size-large wp-image-1236\" alt=\"\" \/>\t\t\t\t\t\t\t\t\t\t\t\t\t<\/div>\n\t\t\t\t<\/div>\n\t\t\t\t<\/div>\n\t\t\t\t\t<\/div>\n\t\t\t\t<\/div>\n\t\t<div class=\"elementor-element elementor-element-dcb1865 e-flex e-con-boxed e-con e-parent\" data-id=\"dcb1865\" data-element_type=\"container\">\n\t\t\t\t\t<div class=\"e-con-inner\">\n\t\t\t\t<div class=\"elementor-element elementor-element-ed5dacc elementor-widget elementor-widget-image\" data-id=\"ed5dacc\" data-element_type=\"widget\" data-widget_type=\"image.default\">\n\t\t\t\t<div class=\"elementor-widget-container\">\n\t\t\t\t\t\t\t\t\t\t\t\t\t<img loading=\"lazy\" decoding=\"async\" width=\"398\" height=\"132\" src=\"https:\/\/zazatour.com\/wp-content\/uploads\/2025\/04\/bafa-45.png\" class=\"attachment-large size-large wp-image-2831\" alt=\"\" \/>\t\t\t\t\t\t\t\t\t\t\t\t\t<\/div>\n\t\t\t\t<\/div>\n\t\t\t\t\t<\/div>\n\t\t\t\t<\/div>\n\t\t\t\t<\/div>\n\t\t","protected":false},"excerpt":{"rendered":"<p>Bafa G\u00f6l\u00fc Bafa G\u00f6l\u00fc Turu Hakk\u0131nda Genel Bilgi Bafa G\u00f6l\u00fc ve \u00e7evresindeki b\u00fcy\u00fcleyici manzara, tarihi ve do\u011fay\u0131 bir araya getirerek size unutulmaz bir g\u00fcn ya\u015fatacak. G\u00f6l \u00e7evresinde, tarihi kal\u0131nt\u0131lar, do\u011fal g\u00fczellikler ve yaban hayat\u0131n\u0131n tad\u0131n\u0131 \u00e7\u0131karaca\u011f\u0131n\u0131z keyifli bir g\u00fcn i\u00e7in rahat giysiler, y\u00fcr\u00fcy\u00fc\u015fe uygun ayakkab\u0131lar ve g\u00fcne\u015ften korunma \u00f6nlemleri alman\u0131z \u00f6nerilir. Tur Program\u0131 Nedir? 09:00 [&hellip;]<\/p>\n","protected":false},"author":1,"featured_media":0,"parent":0,"menu_order":0,"comment_status":"closed","ping_status":"closed","template":"","meta":{"_uag_custom_page_level_css":"","site-sidebar-layout":"no-sidebar","site-content-layout":"page-builder","ast-site-content-layout":"full-width-container","site-content-style":"default","site-sidebar-style":"default","ast-global-header-display":"","ast-banner-title-visibility":"","ast-main-header-display":"","ast-hfb-above-header-display":"","ast-hfb-below-header-display":"","ast-hfb-mobile-header-display":"","site-post-title":"disabled","ast-breadcrumbs-content":"","ast-featured-img":"disabled","footer-sml-layout":"","theme-transparent-header-meta":"","adv-header-id-meta":"","stick-header-meta":"","header-above-stick-meta":"","header-main-stick-meta":"","header-below-stick-meta":"","astra-migrate-meta-layouts":"set","ast-page-background-enabled":"default","ast-page-background-meta":{"desktop":{"background-color":"var(--ast-global-color-4)","background-image":"","background-repeat":"repeat","background-position":"center center","background-size":"auto","background-attachment":"scroll","background-type":"","background-media":"","overlay-type":"","overlay-color":"","overlay-opacity":"","overlay-gradient":""},"tablet":{"background-color":"","background-image":"","background-repeat":"repeat","background-position":"center center","background-size":"auto","background-attachment":"scroll","background-type":"","background-media":"","overlay-type":"","overlay-color":"","overlay-opacity":"","overlay-gradient":""},"mobile":{"background-color":"","background-image":"","background-repeat":"repeat","background-position":"center center","background-size":"auto","background-attachment":"scroll","background-type":"","background-media":"","overlay-type":"","overlay-color":"","overlay-opacity":"","overlay-gradient":""}},"ast-content-background-meta":{"desktop":{"background-color":"var(--ast-global-color-5)","background-image":"","background-repeat":"repeat","background-position":"center center","background-size":"auto","background-attachment":"scroll","background-type":"","background-media":"","overlay-type":"","overlay-color":"","overlay-opacity":"","overlay-gradient":""},"tablet":{"background-color":"var(--ast-global-color-5)","background-image":"","background-repeat":"repeat","background-position":"center center","background-size":"auto","background-attachment":"scroll","background-type":"","background-media":"","overlay-type":"","overlay-color":"","overlay-opacity":"","overlay-gradient":""},"mobile":{"background-color":"var(--ast-global-color-5)","background-image":"","background-repeat":"repeat","background-position":"center center","background-size":"auto","background-attachment":"scroll","background-type":"","background-media":"","overlay-type":"","overlay-color":"","overlay-opacity":"","overlay-gradient":""}},"footnotes":""},"class_list":["post-1141","page","type-page","status-publish","hentry"],"aioseo_notices":[],"uagb_featured_image_src":{"full":false,"thumbnail":false,"medium":false,"medium_large":false,"large":false,"1536x1536":false,"2048x2048":false},"uagb_author_info":{"display_name":"alicemozkaya@gmail.com","author_link":"https:\/\/zazatour.com\/?author=1"},"uagb_comment_info":0,"uagb_excerpt":"Bafa G\u00f6l\u00fc Bafa G\u00f6l\u00fc Turu Hakk\u0131nda Genel Bilgi Bafa G\u00f6l\u00fc ve \u00e7evresindeki b\u00fcy\u00fcleyici manzara, tarihi ve do\u011fay\u0131 bir araya getirerek size unutulmaz bir g\u00fcn ya\u015fatacak. G\u00f6l \u00e7evresinde, tarihi kal\u0131nt\u0131lar, do\u011fal g\u00fczellikler ve yaban hayat\u0131n\u0131n tad\u0131n\u0131 \u00e7\u0131karaca\u011f\u0131n\u0131z keyifli bir g\u00fcn i\u00e7in rahat giysiler, y\u00fcr\u00fcy\u00fc\u015fe uygun ayakkab\u0131lar ve g\u00fcne\u015ften korunma \u00f6nlemleri alman\u0131z \u00f6nerilir. Tur Program\u0131 Nedir? 09:00&hellip;","rttpg_featured_image_url":null,"rttpg_author":{"display_name":"alicemozkaya@gmail.com","author_link":"https:\/\/zazatour.com\/?author=1"},"rttpg_comment":0,"rttpg_category":" <a href=\"https:\/\/zazatour.com\/\" rel=\"tag\">T\u00fcrk\u00e7e<\/a>","rttpg_excerpt":"Bafa G\u00f6l\u00fc Bafa G\u00f6l\u00fc Turu Hakk\u0131nda Genel Bilgi Bafa G\u00f6l\u00fc ve \u00e7evresindeki b\u00fcy\u00fcleyici manzara, tarihi ve do\u011fay\u0131 bir araya getirerek size unutulmaz bir g\u00fcn ya\u015fatacak. G\u00f6l \u00e7evresinde, tarihi kal\u0131nt\u0131lar, do\u011fal g\u00fczellikler ve yaban hayat\u0131n\u0131n tad\u0131n\u0131 \u00e7\u0131karaca\u011f\u0131n\u0131z keyifli bir g\u00fcn i\u00e7in rahat giysiler, y\u00fcr\u00fcy\u00fc\u015fe uygun ayakkab\u0131lar ve g\u00fcne\u015ften korunma \u00f6nlemleri alman\u0131z \u00f6nerilir. Tur Program\u0131 Nedir? 09:00&hellip;","_links":{"self":[{"href":"https:\/\/zazatour.com\/index.php?rest_route=\/wp\/v2\/pages\/1141"}],"collection":[{"href":"https:\/\/zazatour.com\/index.php?rest_route=\/wp\/v2\/pages"}],"about":[{"href":"https:\/\/zazatour.com\/index.php?rest_route=\/wp\/v2\/types\/page"}],"author":[{"embeddable":true,"href":"https:\/\/zazatour.com\/index.php?rest_route=\/wp\/v2\/users\/1"}],"replies":[{"embeddable":true,"href":"https:\/\/zazatour.com\/index.php?rest_route=%2Fwp%2Fv2%2Fcomments&post=1141"}],"version-history":[{"count":16,"href":"https:\/\/zazatour.com\/index.php?rest_route=\/wp\/v2\/pages\/1141\/revisions"}],"predecessor-version":[{"id":2841,"href":"https:\/\/zazatour.com\/index.php?rest_route=\/wp\/v2\/pages\/1141\/revisions\/2841"}],"wp:attachment":[{"href":"https:\/\/zazatour.com\/index.php?rest_route=%2Fwp%2Fv2%2Fmedia&parent=1141"}],"curies":[{"name":"wp","href":"https:\/\/api.w.org\/{rel}","templated":true}]}}