{"id":1143,"date":"2024-11-14T15:32:33","date_gmt":"2024-11-14T15:32:33","guid":{"rendered":"https:\/\/zazatour.com\/?page_id=1143"},"modified":"2024-12-07T11:29:30","modified_gmt":"2024-12-07T11:29:30","slug":"gunluk5","status":"publish","type":"page","link":"https:\/\/zazatour.com\/?page_id=1143","title":{"rendered":"Bodrum feribot"},"content":{"rendered":"\t\t<div data-elementor-type=\"wp-page\" data-elementor-id=\"1143\" class=\"elementor elementor-1143\">\n\t\t\t\t<div class=\"elementor-element elementor-element-2fea621 e-flex e-con-boxed e-con e-parent\" data-id=\"2fea621\" data-element_type=\"container\">\n\t\t\t\t\t<div class=\"e-con-inner\">\n\t\t\t\t<div class=\"elementor-element elementor-element-36a7495 elementor-widget elementor-widget-heading\" data-id=\"36a7495\" data-element_type=\"widget\" data-widget_type=\"heading.default\">\n\t\t\t\t<div class=\"elementor-widget-container\">\n\t\t\t<h2 class=\"elementor-heading-title elementor-size-default\">Bodrum Turu (Feribotlu)<\/h2>\t\t<\/div>\n\t\t\t\t<\/div>\n\t\t\t\t\t<\/div>\n\t\t\t\t<\/div>\n\t\t<div class=\"elementor-element elementor-element-3c25864 e-flex e-con-boxed e-con e-parent\" data-id=\"3c25864\" data-element_type=\"container\">\n\t\t\t\t\t<div class=\"e-con-inner\">\n\t\t<div class=\"elementor-element elementor-element-90308b3 e-con-full e-flex e-con e-child\" data-id=\"90308b3\" data-element_type=\"container\">\n\t\t\t\t<div class=\"elementor-element elementor-element-2f4a469 elementor-widget elementor-widget-heading\" data-id=\"2f4a469\" data-element_type=\"widget\" data-widget_type=\"heading.default\">\n\t\t\t\t<div class=\"elementor-widget-container\">\n\t\t\t<h2 class=\"elementor-heading-title elementor-size-default\">Feribotlu Bodrum Turu Hakk\u0131nda Genel Bilgi<\/h2>\t\t<\/div>\n\t\t\t\t<\/div>\n\t\t\t\t<div class=\"elementor-element elementor-element-212aa9f elementor-widget elementor-widget-text-editor\" data-id=\"212aa9f\" data-element_type=\"widget\" data-widget_type=\"text-editor.default\">\n\t\t\t\t<div class=\"elementor-widget-container\">\n\t\t\t\t\t\t\t<p>Didim\u2019den Bodrum\u2019a keyifli bir feribot yolculu\u011fuyla ula\u015ft\u0131\u011f\u0131m\u0131z bu turda, feribot d\u00f6n\u00fc\u015f saatine kadar serbest zaman\u0131 istedi\u011finiz \u015fekilde de\u011ferlendirebilirsiniz.<\/p>\t\t\t\t\t\t<\/div>\n\t\t\t\t<\/div>\n\t\t\t\t<div class=\"elementor-element elementor-element-59ea96a elementor-widget elementor-widget-heading\" data-id=\"59ea96a\" data-element_type=\"widget\" data-widget_type=\"heading.default\">\n\t\t\t\t<div class=\"elementor-widget-container\">\n\t\t\t<h2 class=\"elementor-heading-title elementor-size-default\">Tur Program\u0131 Nedir?<\/h2>\t\t<\/div>\n\t\t\t\t<\/div>\n\t\t\t\t<div class=\"elementor-element elementor-element-75dc981 elementor-widget elementor-widget-text-editor\" data-id=\"75dc981\" data-element_type=\"widget\" data-widget_type=\"text-editor.default\">\n\t\t\t\t<div class=\"elementor-widget-container\">\n\t\t\t\t\t\t\t<p><strong>Toplanma ve Hareket:<\/strong> Misafirlerimiz, belirlenen saatlerde toplanarak limana transfer edilir. Feribot saati ka\u00e7\u0131r\u0131lmamas\u0131 i\u00e7in toplanma saatine \u00f6zen g\u00f6stermeniz \u00f6nemlidir.<\/p><p><strong>Serbest Zaman:<\/strong> Bodrum liman\u0131nda indi\u011finizde, d\u00f6n\u00fc\u015f saatine kadar al\u0131\u015fveri\u015f yapabilir, gezelebilir ya da dinlenebilirsiniz.<\/p><p><strong>D\u00f6n\u00fc\u015f:<\/strong> Belirtilen saatte feribota binerek Didim\u2019e d\u00f6n\u00fc\u015f yolculu\u011fu ba\u015flar. Feribot saati ka\u00e7\u0131r\u0131lmamas\u0131 i\u00e7in toplanma saatine \u00f6zen g\u00f6stermeniz \u00f6nemlidir. Limanda kar\u015f\u0131land\u0131ktan sonra transfer arac\u0131yla b\u0131rak\u0131laca\u011f\u0131n\u0131z yere ula\u015ft\u0131r\u0131l\u0131rs\u0131n\u0131z.<\/p>\t\t\t\t\t\t<\/div>\n\t\t\t\t<\/div>\n\t\t\t\t<div class=\"elementor-element elementor-element-7e3f02a elementor-widget elementor-widget-heading\" data-id=\"7e3f02a\" data-element_type=\"widget\" data-widget_type=\"heading.default\">\n\t\t\t\t<div class=\"elementor-widget-container\">\n\t\t\t<h2 class=\"elementor-heading-title elementor-size-default\">Fiyata Neler Dahil?<\/h2>\t\t<\/div>\n\t\t\t\t<\/div>\n\t\t\t\t<div class=\"elementor-element elementor-element-15002a3 elementor-widget elementor-widget-text-editor\" data-id=\"15002a3\" data-element_type=\"widget\" data-widget_type=\"text-editor.default\">\n\t\t\t\t<div class=\"elementor-widget-container\">\n\t\t\t\t\t\t\t<p>Tur \u00fccreti, limana transfer ve feribot biletini kapsamaktad\u0131r.<\/p>\t\t\t\t\t\t<\/div>\n\t\t\t\t<\/div>\n\t\t\t\t<div class=\"elementor-element elementor-element-8dbb93e elementor-widget elementor-widget-heading\" data-id=\"8dbb93e\" data-element_type=\"widget\" data-widget_type=\"heading.default\">\n\t\t\t\t<div class=\"elementor-widget-container\">\n\t\t\t<h2 class=\"elementor-heading-title elementor-size-default\">Tura Haz\u0131rl\u0131k \u0130\u00e7in Neler Yapmal\u0131y\u0131m?<\/h2>\t\t<\/div>\n\t\t\t\t<\/div>\n\t\t\t\t<div class=\"elementor-element elementor-element-9dd9431 elementor-widget elementor-widget-text-editor\" data-id=\"9dd9431\" data-element_type=\"widget\" data-widget_type=\"text-editor.default\">\n\t\t\t\t<div class=\"elementor-widget-container\">\n\t\t\t\t\t\t\t<p>Feribot saatlerini ka\u00e7\u0131rmamak i\u00e7in toplanma saatlerine dikkat etmenizi \u00f6neririz.<\/p>\t\t\t\t\t\t<\/div>\n\t\t\t\t<\/div>\n\t\t\t\t<\/div>\n\t\t<div class=\"elementor-element elementor-element-f593feb e-con-full e-flex e-con e-child\" data-id=\"f593feb\" data-element_type=\"container\">\n\t\t\t\t<div class=\"elementor-element elementor-element-1e56e5d elementor-widget elementor-widget-image\" data-id=\"1e56e5d\" data-element_type=\"widget\" data-widget_type=\"image.default\">\n\t\t\t\t<div class=\"elementor-widget-container\">\n\t\t\t\t\t\t\t\t\t\t\t\t\t<img fetchpriority=\"high\" decoding=\"async\" width=\"1024\" height=\"576\" src=\"https:\/\/zazatour.com\/wp-content\/uploads\/2024\/11\/bodrum-by-ferry-w-logo-1024x576.jpg\" class=\"attachment-large size-large wp-image-1247\" alt=\"\" \/>\t\t\t\t\t\t\t\t\t\t\t\t\t<\/div>\n\t\t\t\t<\/div>\n\t\t\t\t<\/div>\n\t\t\t\t\t<\/div>\n\t\t\t\t<\/div>\n\t\t<div class=\"elementor-element elementor-element-375b8b1 e-flex e-con-boxed e-con e-parent\" data-id=\"375b8b1\" data-element_type=\"container\">\n\t\t\t\t\t<div class=\"e-con-inner\">\n\t\t\t\t<div class=\"elementor-element elementor-element-24e5da4 elementor-widget elementor-widget-image\" data-id=\"24e5da4\" data-element_type=\"widget\" data-widget_type=\"image.default\">\n\t\t\t\t<div class=\"elementor-widget-container\">\n\t\t\t\t\t\t\t\t\t\t\t\t\t<img decoding=\"async\" width=\"284\" height=\"96\" src=\"https:\/\/zazatour.com\/wp-content\/uploads\/2024\/12\/fiyat-etiketleri-zaza-tour-1.png\" class=\"attachment-large size-large wp-image-2359\" alt=\"\" \/>\t\t\t\t\t\t\t\t\t\t\t\t\t<\/div>\n\t\t\t\t<\/div>\n\t\t\t\t\t<\/div>\n\t\t\t\t<\/div>\n\t\t\t\t<\/div>\n\t\t","protected":false},"excerpt":{"rendered":"<p>Bodrum Turu (Feribotlu) Feribotlu Bodrum Turu Hakk\u0131nda Genel Bilgi Didim\u2019den Bodrum\u2019a keyifli bir feribot yolculu\u011fuyla ula\u015ft\u0131\u011f\u0131m\u0131z bu turda, feribot d\u00f6n\u00fc\u015f saatine kadar serbest zaman\u0131 istedi\u011finiz \u015fekilde de\u011ferlendirebilirsiniz. Tur Program\u0131 Nedir? Toplanma ve Hareket: Misafirlerimiz, belirlenen saatlerde toplanarak limana transfer edilir. Feribot saati ka\u00e7\u0131r\u0131lmamas\u0131 i\u00e7in toplanma saatine \u00f6zen g\u00f6stermeniz \u00f6nemlidir. Serbest Zaman: Bodrum liman\u0131nda indi\u011finizde, d\u00f6n\u00fc\u015f [&hellip;]<\/p>\n","protected":false},"author":1,"featured_media":0,"parent":0,"menu_order":0,"comment_status":"closed","ping_status":"closed","template":"","meta":{"_uag_custom_page_level_css":"","site-sidebar-layout":"no-sidebar","site-content-layout":"page-builder","ast-site-content-layout":"full-width-container","site-content-style":"default","site-sidebar-style":"default","ast-global-header-display":"","ast-banner-title-visibility":"","ast-main-header-display":"","ast-hfb-above-header-display":"","ast-hfb-below-header-display":"","ast-hfb-mobile-header-display":"","site-post-title":"disabled","ast-breadcrumbs-content":"","ast-featured-img":"disabled","footer-sml-layout":"","theme-transparent-header-meta":"","adv-header-id-meta":"","stick-header-meta":"","header-above-stick-meta":"","header-main-stick-meta":"","header-below-stick-meta":"","astra-migrate-meta-layouts":"set","ast-page-background-enabled":"default","ast-page-background-meta":{"desktop":{"background-color":"var(--ast-global-color-4)","background-image":"","background-repeat":"repeat","background-position":"center center","background-size":"auto","background-attachment":"scroll","background-type":"","background-media":"","overlay-type":"","overlay-color":"","overlay-opacity":"","overlay-gradient":""},"tablet":{"background-color":"","background-image":"","background-repeat":"repeat","background-position":"center center","background-size":"auto","background-attachment":"scroll","background-type":"","background-media":"","overlay-type":"","overlay-color":"","overlay-opacity":"","overlay-gradient":""},"mobile":{"background-color":"","background-image":"","background-repeat":"repeat","background-position":"center center","background-size":"auto","background-attachment":"scroll","background-type":"","background-media":"","overlay-type":"","overlay-color":"","overlay-opacity":"","overlay-gradient":""}},"ast-content-background-meta":{"desktop":{"background-color":"var(--ast-global-color-5)","background-image":"","background-repeat":"repeat","background-position":"center center","background-size":"auto","background-attachment":"scroll","background-type":"","background-media":"","overlay-type":"","overlay-color":"","overlay-opacity":"","overlay-gradient":""},"tablet":{"background-color":"var(--ast-global-color-5)","background-image":"","background-repeat":"repeat","background-position":"center center","background-size":"auto","background-attachment":"scroll","background-type":"","background-media":"","overlay-type":"","overlay-color":"","overlay-opacity":"","overlay-gradient":""},"mobile":{"background-color":"var(--ast-global-color-5)","background-image":"","background-repeat":"repeat","background-position":"center center","background-size":"auto","background-attachment":"scroll","background-type":"","background-media":"","overlay-type":"","overlay-color":"","overlay-opacity":"","overlay-gradient":""}},"footnotes":""},"class_list":["post-1143","page","type-page","status-publish","hentry"],"aioseo_notices":[],"uagb_featured_image_src":{"full":false,"thumbnail":false,"medium":false,"medium_large":false,"large":false,"1536x1536":false,"2048x2048":false},"uagb_author_info":{"display_name":"alicemozkaya@gmail.com","author_link":"https:\/\/zazatour.com\/?author=1"},"uagb_comment_info":0,"uagb_excerpt":"Bodrum Turu (Feribotlu) Feribotlu Bodrum Turu Hakk\u0131nda Genel Bilgi Didim\u2019den Bodrum\u2019a keyifli bir feribot yolculu\u011fuyla ula\u015ft\u0131\u011f\u0131m\u0131z bu turda, feribot d\u00f6n\u00fc\u015f saatine kadar serbest zaman\u0131 istedi\u011finiz \u015fekilde de\u011ferlendirebilirsiniz. Tur Program\u0131 Nedir? Toplanma ve Hareket: Misafirlerimiz, belirlenen saatlerde toplanarak limana transfer edilir. Feribot saati ka\u00e7\u0131r\u0131lmamas\u0131 i\u00e7in toplanma saatine \u00f6zen g\u00f6stermeniz \u00f6nemlidir. Serbest Zaman: Bodrum liman\u0131nda indi\u011finizde, d\u00f6n\u00fc\u015f&hellip;","rttpg_featured_image_url":null,"rttpg_author":{"display_name":"alicemozkaya@gmail.com","author_link":"https:\/\/zazatour.com\/?author=1"},"rttpg_comment":0,"rttpg_category":" <a href=\"https:\/\/zazatour.com\/\" rel=\"tag\">T\u00fcrk\u00e7e<\/a>","rttpg_excerpt":"Bodrum Turu (Feribotlu) Feribotlu Bodrum Turu Hakk\u0131nda Genel Bilgi Didim\u2019den Bodrum\u2019a keyifli bir feribot yolculu\u011fuyla ula\u015ft\u0131\u011f\u0131m\u0131z bu turda, feribot d\u00f6n\u00fc\u015f saatine kadar serbest zaman\u0131 istedi\u011finiz \u015fekilde de\u011ferlendirebilirsiniz. Tur Program\u0131 Nedir? Toplanma ve Hareket: Misafirlerimiz, belirlenen saatlerde toplanarak limana transfer edilir. Feribot saati ka\u00e7\u0131r\u0131lmamas\u0131 i\u00e7in toplanma saatine \u00f6zen g\u00f6stermeniz \u00f6nemlidir. Serbest Zaman: Bodrum liman\u0131nda indi\u011finizde, d\u00f6n\u00fc\u015f&hellip;","_links":{"self":[{"href":"https:\/\/zazatour.com\/index.php?rest_route=\/wp\/v2\/pages\/1143"}],"collection":[{"href":"https:\/\/zazatour.com\/index.php?rest_route=\/wp\/v2\/pages"}],"about":[{"href":"https:\/\/zazatour.com\/index.php?rest_route=\/wp\/v2\/types\/page"}],"author":[{"embeddable":true,"href":"https:\/\/zazatour.com\/index.php?rest_route=\/wp\/v2\/users\/1"}],"replies":[{"embeddable":true,"href":"https:\/\/zazatour.com\/index.php?rest_route=%2Fwp%2Fv2%2Fcomments&post=1143"}],"version-history":[{"count":12,"href":"https:\/\/zazatour.com\/index.php?rest_route=\/wp\/v2\/pages\/1143\/revisions"}],"predecessor-version":[{"id":2362,"href":"https:\/\/zazatour.com\/index.php?rest_route=\/wp\/v2\/pages\/1143\/revisions\/2362"}],"wp:attachment":[{"href":"https:\/\/zazatour.com\/index.php?rest_route=%2Fwp%2Fv2%2Fmedia&parent=1143"}],"curies":[{"name":"wp","href":"https:\/\/api.w.org\/{rel}","templated":true}]}}