{"id":1144,"date":"2024-11-14T15:32:45","date_gmt":"2024-11-14T15:32:45","guid":{"rendered":"https:\/\/zazatour.com\/?page_id=1144"},"modified":"2025-04-13T17:29:20","modified_gmt":"2025-04-13T17:29:20","slug":"gunluk6","status":"publish","type":"page","link":"https:\/\/zazatour.com\/?page_id=1144","title":{"rendered":"Bodrumotobus"},"content":{"rendered":"\t\t<div data-elementor-type=\"wp-page\" data-elementor-id=\"1144\" class=\"elementor elementor-1144\">\n\t\t\t\t<div class=\"elementor-element elementor-element-9030fc4 e-flex e-con-boxed e-con e-parent\" data-id=\"9030fc4\" data-element_type=\"container\">\n\t\t\t\t\t<div class=\"e-con-inner\">\n\t\t\t\t<div class=\"elementor-element elementor-element-2781446 elementor-widget elementor-widget-heading\" data-id=\"2781446\" data-element_type=\"widget\" data-widget_type=\"heading.default\">\n\t\t\t\t<div class=\"elementor-widget-container\">\n\t\t\t<h2 class=\"elementor-heading-title elementor-size-default\">Bodrum (Otob\u00fcs)<\/h2>\t\t<\/div>\n\t\t\t\t<\/div>\n\t\t\t\t\t<\/div>\n\t\t\t\t<\/div>\n\t\t<div class=\"elementor-element elementor-element-0aa39d7 e-flex e-con-boxed e-con e-parent\" data-id=\"0aa39d7\" data-element_type=\"container\">\n\t\t\t\t\t<div class=\"e-con-inner\">\n\t\t<div class=\"elementor-element elementor-element-4ddacec e-con-full e-flex e-con e-child\" data-id=\"4ddacec\" data-element_type=\"container\">\n\t\t\t\t<div class=\"elementor-element elementor-element-5122a3b elementor-widget elementor-widget-heading\" data-id=\"5122a3b\" data-element_type=\"widget\" data-widget_type=\"heading.default\">\n\t\t\t\t<div class=\"elementor-widget-container\">\n\t\t\t<h2 class=\"elementor-heading-title elementor-size-default\">Otob\u00fcsl\u00fc Bodrum Turu Hakk\u0131nda Genel Bilgi<\/h2>\t\t<\/div>\n\t\t\t\t<\/div>\n\t\t\t\t<div class=\"elementor-element elementor-element-29c8ef7 elementor-widget elementor-widget-text-editor\" data-id=\"29c8ef7\" data-element_type=\"widget\" data-widget_type=\"text-editor.default\">\n\t\t\t\t<div class=\"elementor-widget-container\">\n\t\t\t\t\t\t\t<p>Bu tur, Didim\u2019deki konaklaman\u0131zdan Bodrum\u2019a rahat bir gidi\u015f-d\u00f6n\u00fc\u015f transferi i\u00e7erir. Bodrum\u2019da, \u015fehri kendi temponuzda ke\u015ffetmek i\u00e7in serbest zaman\u0131n keyfini \u00e7\u0131karabilirsiniz.<\/p>\t\t\t\t\t\t<\/div>\n\t\t\t\t<\/div>\n\t\t\t\t<div class=\"elementor-element elementor-element-cd092f6 elementor-widget elementor-widget-heading\" data-id=\"cd092f6\" data-element_type=\"widget\" data-widget_type=\"heading.default\">\n\t\t\t\t<div class=\"elementor-widget-container\">\n\t\t\t<h2 class=\"elementor-heading-title elementor-size-default\">Tur Program\u0131 Nedir?<\/h2>\t\t<\/div>\n\t\t\t\t<\/div>\n\t\t\t\t<div class=\"elementor-element elementor-element-48238d5 elementor-widget elementor-widget-text-editor\" data-id=\"48238d5\" data-element_type=\"widget\" data-widget_type=\"text-editor.default\">\n\t\t\t\t<div class=\"elementor-widget-container\">\n\t\t\t\t\t\t\t<p><strong>Hareket:<\/strong> Misafirler, konaklama yerlerinden al\u0131narak Bodrum\u2019a do\u011fru yola \u00e7\u0131k\u0131l\u0131r.<\/p><p><strong>Serbest Zaman:<\/strong> Bodrum\u2019a vard\u0131\u011f\u0131n\u0131zda, Sualt\u0131 Arkeoloji M\u00fczesi veya Bodrum Kalesi gibi yerleri ke\u015ffedebilir ya da al\u0131\u015fveri\u015f yaparak ve pazar yerinde dola\u015farak vakit ge\u00e7irebilirsiniz.<\/p><p><strong>D\u00f6n\u00fc\u015f:<\/strong> Belirtilen saatte otob\u00fcsle Didim\u2019e d\u00f6n\u00fc\u015f yolculu\u011fu ba\u015flar ve konaklama yerinize b\u0131rak\u0131l\u0131rs\u0131n\u0131z.<\/p>\t\t\t\t\t\t<\/div>\n\t\t\t\t<\/div>\n\t\t\t\t<div class=\"elementor-element elementor-element-c3965c8 elementor-widget elementor-widget-heading\" data-id=\"c3965c8\" data-element_type=\"widget\" data-widget_type=\"heading.default\">\n\t\t\t\t<div class=\"elementor-widget-container\">\n\t\t\t<h2 class=\"elementor-heading-title elementor-size-default\">Fiyata Neler Dahil?<\/h2>\t\t<\/div>\n\t\t\t\t<\/div>\n\t\t\t\t<div class=\"elementor-element elementor-element-1afd932 elementor-widget elementor-widget-text-editor\" data-id=\"1afd932\" data-element_type=\"widget\" data-widget_type=\"text-editor.default\">\n\t\t\t\t<div class=\"elementor-widget-container\">\n\t\t\t\t\t\t\t<p>Tur \u00fccreti, konaklaman\u0131zdan gidi\u015f-d\u00f6n\u00fc\u015f transferi kapsamaktad\u0131r.<\/p>\t\t\t\t\t\t<\/div>\n\t\t\t\t<\/div>\n\t\t\t\t<div class=\"elementor-element elementor-element-67f22d7 elementor-widget elementor-widget-heading\" data-id=\"67f22d7\" data-element_type=\"widget\" data-widget_type=\"heading.default\">\n\t\t\t\t<div class=\"elementor-widget-container\">\n\t\t\t<h2 class=\"elementor-heading-title elementor-size-default\">Tura Nas\u0131l Haz\u0131rlanmal\u0131y\u0131m?<\/h2>\t\t<\/div>\n\t\t\t\t<\/div>\n\t\t\t\t<div class=\"elementor-element elementor-element-47377c7 elementor-widget elementor-widget-text-editor\" data-id=\"47377c7\" data-element_type=\"widget\" data-widget_type=\"text-editor.default\">\n\t\t\t\t<div class=\"elementor-widget-container\">\n\t\t\t\t\t\t\t<p>\u015eehri ke\u015ffetmek i\u00e7in uygun ve rahat k\u0131yafetler ile ayakkab\u0131lar giymenizi \u00f6neririz.<\/p>\t\t\t\t\t\t<\/div>\n\t\t\t\t<\/div>\n\t\t\t\t<\/div>\n\t\t<div class=\"elementor-element elementor-element-c0a0530 e-con-full e-flex e-con e-child\" data-id=\"c0a0530\" data-element_type=\"container\">\n\t\t\t\t<div class=\"elementor-element elementor-element-89eb379 elementor-widget elementor-widget-image\" data-id=\"89eb379\" data-element_type=\"widget\" data-widget_type=\"image.default\">\n\t\t\t\t<div class=\"elementor-widget-container\">\n\t\t\t\t\t\t\t\t\t\t\t\t\t<img fetchpriority=\"high\" decoding=\"async\" width=\"1024\" height=\"576\" src=\"https:\/\/zazatour.com\/wp-content\/uploads\/2024\/11\/bodrum-liman-kale-1024x576.jpg\" class=\"attachment-large size-large wp-image-1441\" alt=\"\" \/>\t\t\t\t\t\t\t\t\t\t\t\t\t<\/div>\n\t\t\t\t<\/div>\n\t\t\t\t<\/div>\n\t\t\t\t\t<\/div>\n\t\t\t\t<\/div>\n\t\t<div class=\"elementor-element elementor-element-93473bf e-flex e-con-boxed e-con e-parent\" data-id=\"93473bf\" data-element_type=\"container\">\n\t\t\t\t\t<div class=\"e-con-inner\">\n\t\t\t\t<div class=\"elementor-element elementor-element-795049d elementor-widget elementor-widget-image\" data-id=\"795049d\" data-element_type=\"widget\" data-widget_type=\"image.default\">\n\t\t\t\t<div class=\"elementor-widget-container\">\n\t\t\t\t\t\t\t\t\t\t\t\t\t<img decoding=\"async\" width=\"398\" height=\"132\" src=\"https:\/\/zazatour.com\/wp-content\/uploads\/2025\/04\/bodrum-otobus-30.png\" class=\"attachment-large size-large wp-image-2832\" alt=\"\" \/>\t\t\t\t\t\t\t\t\t\t\t\t\t<\/div>\n\t\t\t\t<\/div>\n\t\t\t\t\t<\/div>\n\t\t\t\t<\/div>\n\t\t\t\t<\/div>\n\t\t","protected":false},"excerpt":{"rendered":"<p>Bodrum (Otob\u00fcs) Otob\u00fcsl\u00fc Bodrum Turu Hakk\u0131nda Genel Bilgi Bu tur, Didim\u2019deki konaklaman\u0131zdan Bodrum\u2019a rahat bir gidi\u015f-d\u00f6n\u00fc\u015f transferi i\u00e7erir. Bodrum\u2019da, \u015fehri kendi temponuzda ke\u015ffetmek i\u00e7in serbest zaman\u0131n keyfini \u00e7\u0131karabilirsiniz. Tur Program\u0131 Nedir? Hareket: Misafirler, konaklama yerlerinden al\u0131narak Bodrum\u2019a do\u011fru yola \u00e7\u0131k\u0131l\u0131r. Serbest Zaman: Bodrum\u2019a vard\u0131\u011f\u0131n\u0131zda, Sualt\u0131 Arkeoloji M\u00fczesi veya Bodrum Kalesi gibi yerleri ke\u015ffedebilir ya da [&hellip;]<\/p>\n","protected":false},"author":1,"featured_media":0,"parent":0,"menu_order":0,"comment_status":"closed","ping_status":"closed","template":"","meta":{"_uag_custom_page_level_css":"","site-sidebar-layout":"no-sidebar","site-content-layout":"page-builder","ast-site-content-layout":"full-width-container","site-content-style":"default","site-sidebar-style":"default","ast-global-header-display":"","ast-banner-title-visibility":"","ast-main-header-display":"","ast-hfb-above-header-display":"","ast-hfb-below-header-display":"","ast-hfb-mobile-header-display":"","site-post-title":"disabled","ast-breadcrumbs-content":"","ast-featured-img":"disabled","footer-sml-layout":"","theme-transparent-header-meta":"","adv-header-id-meta":"","stick-header-meta":"","header-above-stick-meta":"","header-main-stick-meta":"","header-below-stick-meta":"","astra-migrate-meta-layouts":"set","ast-page-background-enabled":"default","ast-page-background-meta":{"desktop":{"background-color":"var(--ast-global-color-4)","background-image":"","background-repeat":"repeat","background-position":"center center","background-size":"auto","background-attachment":"scroll","background-type":"","background-media":"","overlay-type":"","overlay-color":"","overlay-opacity":"","overlay-gradient":""},"tablet":{"background-color":"","background-image":"","background-repeat":"repeat","background-position":"center center","background-size":"auto","background-attachment":"scroll","background-type":"","background-media":"","overlay-type":"","overlay-color":"","overlay-opacity":"","overlay-gradient":""},"mobile":{"background-color":"","background-image":"","background-repeat":"repeat","background-position":"center center","background-size":"auto","background-attachment":"scroll","background-type":"","background-media":"","overlay-type":"","overlay-color":"","overlay-opacity":"","overlay-gradient":""}},"ast-content-background-meta":{"desktop":{"background-color":"var(--ast-global-color-5)","background-image":"","background-repeat":"repeat","background-position":"center center","background-size":"auto","background-attachment":"scroll","background-type":"","background-media":"","overlay-type":"","overlay-color":"","overlay-opacity":"","overlay-gradient":""},"tablet":{"background-color":"var(--ast-global-color-5)","background-image":"","background-repeat":"repeat","background-position":"center center","background-size":"auto","background-attachment":"scroll","background-type":"","background-media":"","overlay-type":"","overlay-color":"","overlay-opacity":"","overlay-gradient":""},"mobile":{"background-color":"var(--ast-global-color-5)","background-image":"","background-repeat":"repeat","background-position":"center center","background-size":"auto","background-attachment":"scroll","background-type":"","background-media":"","overlay-type":"","overlay-color":"","overlay-opacity":"","overlay-gradient":""}},"footnotes":""},"class_list":["post-1144","page","type-page","status-publish","hentry"],"aioseo_notices":[],"uagb_featured_image_src":{"full":false,"thumbnail":false,"medium":false,"medium_large":false,"large":false,"1536x1536":false,"2048x2048":false},"uagb_author_info":{"display_name":"alicemozkaya@gmail.com","author_link":"https:\/\/zazatour.com\/?author=1"},"uagb_comment_info":0,"uagb_excerpt":"Bodrum (Otob\u00fcs) Otob\u00fcsl\u00fc Bodrum Turu Hakk\u0131nda Genel Bilgi Bu tur, Didim\u2019deki konaklaman\u0131zdan Bodrum\u2019a rahat bir gidi\u015f-d\u00f6n\u00fc\u015f transferi i\u00e7erir. Bodrum\u2019da, \u015fehri kendi temponuzda ke\u015ffetmek i\u00e7in serbest zaman\u0131n keyfini \u00e7\u0131karabilirsiniz. Tur Program\u0131 Nedir? Hareket: Misafirler, konaklama yerlerinden al\u0131narak Bodrum\u2019a do\u011fru yola \u00e7\u0131k\u0131l\u0131r. Serbest Zaman: Bodrum\u2019a vard\u0131\u011f\u0131n\u0131zda, Sualt\u0131 Arkeoloji M\u00fczesi veya Bodrum Kalesi gibi yerleri ke\u015ffedebilir ya da&hellip;","rttpg_featured_image_url":null,"rttpg_author":{"display_name":"alicemozkaya@gmail.com","author_link":"https:\/\/zazatour.com\/?author=1"},"rttpg_comment":0,"rttpg_category":" <a href=\"https:\/\/zazatour.com\/\" rel=\"tag\">T\u00fcrk\u00e7e<\/a>","rttpg_excerpt":"Bodrum (Otob\u00fcs) Otob\u00fcsl\u00fc Bodrum Turu Hakk\u0131nda Genel Bilgi Bu tur, Didim\u2019deki konaklaman\u0131zdan Bodrum\u2019a rahat bir gidi\u015f-d\u00f6n\u00fc\u015f transferi i\u00e7erir. Bodrum\u2019da, \u015fehri kendi temponuzda ke\u015ffetmek i\u00e7in serbest zaman\u0131n keyfini \u00e7\u0131karabilirsiniz. Tur Program\u0131 Nedir? Hareket: Misafirler, konaklama yerlerinden al\u0131narak Bodrum\u2019a do\u011fru yola \u00e7\u0131k\u0131l\u0131r. Serbest Zaman: Bodrum\u2019a vard\u0131\u011f\u0131n\u0131zda, Sualt\u0131 Arkeoloji M\u00fczesi veya Bodrum Kalesi gibi yerleri ke\u015ffedebilir ya da&hellip;","_links":{"self":[{"href":"https:\/\/zazatour.com\/index.php?rest_route=\/wp\/v2\/pages\/1144"}],"collection":[{"href":"https:\/\/zazatour.com\/index.php?rest_route=\/wp\/v2\/pages"}],"about":[{"href":"https:\/\/zazatour.com\/index.php?rest_route=\/wp\/v2\/types\/page"}],"author":[{"embeddable":true,"href":"https:\/\/zazatour.com\/index.php?rest_route=\/wp\/v2\/users\/1"}],"replies":[{"embeddable":true,"href":"https:\/\/zazatour.com\/index.php?rest_route=%2Fwp%2Fv2%2Fcomments&post=1144"}],"version-history":[{"count":14,"href":"https:\/\/zazatour.com\/index.php?rest_route=\/wp\/v2\/pages\/1144\/revisions"}],"predecessor-version":[{"id":2850,"href":"https:\/\/zazatour.com\/index.php?rest_route=\/wp\/v2\/pages\/1144\/revisions\/2850"}],"wp:attachment":[{"href":"https:\/\/zazatour.com\/index.php?rest_route=%2Fwp%2Fv2%2Fmedia&parent=1144"}],"curies":[{"name":"wp","href":"https:\/\/api.w.org\/{rel}","templated":true}]}}