{"id":1146,"date":"2024-11-14T15:32:59","date_gmt":"2024-11-14T15:32:59","guid":{"rendered":"https:\/\/zazatour.com\/?page_id=1146"},"modified":"2024-12-06T09:23:11","modified_gmt":"2024-12-06T09:23:11","slug":"gunluk8","status":"publish","type":"page","link":"https:\/\/zazatour.com\/?page_id=1146","title":{"rendered":"Ku\u015fadas\u0131"},"content":{"rendered":"\t\t<div data-elementor-type=\"wp-page\" data-elementor-id=\"1146\" class=\"elementor elementor-1146\">\n\t\t\t\t<div class=\"elementor-element elementor-element-2391195 e-flex e-con-boxed e-con e-parent\" data-id=\"2391195\" data-element_type=\"container\">\n\t\t\t\t\t<div class=\"e-con-inner\">\n\t\t\t\t<div class=\"elementor-element elementor-element-4bf80d3 elementor-widget elementor-widget-heading\" data-id=\"4bf80d3\" data-element_type=\"widget\" data-widget_type=\"heading.default\">\n\t\t\t\t<div class=\"elementor-widget-container\">\n\t\t\t<h2 class=\"elementor-heading-title elementor-size-default\">KU\u015eADASI<\/h2>\t\t<\/div>\n\t\t\t\t<\/div>\n\t\t\t\t\t<\/div>\n\t\t\t\t<\/div>\n\t\t<div class=\"elementor-element elementor-element-484fd44 e-flex e-con-boxed e-con e-parent\" data-id=\"484fd44\" data-element_type=\"container\">\n\t\t\t\t\t<div class=\"e-con-inner\">\n\t\t<div class=\"elementor-element elementor-element-2e84105 e-con-full e-flex e-con e-child\" data-id=\"2e84105\" data-element_type=\"container\">\n\t\t\t\t<div class=\"elementor-element elementor-element-fa5f2be elementor-widget elementor-widget-heading\" data-id=\"fa5f2be\" data-element_type=\"widget\" data-widget_type=\"heading.default\">\n\t\t\t\t<div class=\"elementor-widget-container\">\n\t\t\t<h2 class=\"elementor-heading-title elementor-size-default\">Ku\u015fadas\u0131 Turu Hakk\u0131nda Genel Bilgiler<\/h2>\t\t<\/div>\n\t\t\t\t<\/div>\n\t\t\t\t<div class=\"elementor-element elementor-element-4f446f2 elementor-widget elementor-widget-text-editor\" data-id=\"4f446f2\" data-element_type=\"widget\" data-widget_type=\"text-editor.default\">\n\t\t\t\t<div class=\"elementor-widget-container\">\n\t\t\t\t\t\t\t<p>Bu tur, Didim&#8217;deki konaklama yerinizden Ku\u015fadas\u0131&#8217;na konforlu bir gidi\u015f-d\u00f6n\u00fc\u015f transferini i\u00e7erir. Ku\u015fadas\u0131&#8217;nda, \u015fehri kendi temponuzda ke\u015ffetmek i\u00e7in bolca serbest zaman\u0131n keyfini \u00e7\u0131karabilirsiniz.<\/p>\t\t\t\t\t\t<\/div>\n\t\t\t\t<\/div>\n\t\t\t\t<div class=\"elementor-element elementor-element-415491e elementor-widget elementor-widget-heading\" data-id=\"415491e\" data-element_type=\"widget\" data-widget_type=\"heading.default\">\n\t\t\t\t<div class=\"elementor-widget-container\">\n\t\t\t<h2 class=\"elementor-heading-title elementor-size-default\">Tur Program\u0131 Nedir?<\/h2>\t\t<\/div>\n\t\t\t\t<\/div>\n\t\t\t\t<div class=\"elementor-element elementor-element-d8f82fa elementor-widget elementor-widget-text-editor\" data-id=\"d8f82fa\" data-element_type=\"widget\" data-widget_type=\"text-editor.default\">\n\t\t\t\t<div class=\"elementor-widget-container\">\n\t\t\t\t\t\t\t<p><strong>Hareket (08:45):<\/strong> Misafirler konaklama yerlerinden al\u0131n\u0131r ve Ku\u015fadas\u0131&#8217;na ta\u015f\u0131n\u0131r.<\/p><p><strong>Serbest Zaman:<\/strong> Ku\u015fadas\u0131\u2019na vard\u0131\u011f\u0131n\u0131zda, Eski Kale, Sevgi Plaj\u0131 gibi turistik yerleri ke\u015ffedebilir veya al\u0131\u015fveri\u015f ve yemek i\u00e7in hareketli pazarda dola\u015fabilirsiniz.<\/p><p><strong>D\u00f6n\u00fc\u015f (18:00):<\/strong> Belirlenen saatte otob\u00fcsle bulu\u015fup Didim\u2019e do\u011fru d\u00f6n\u00fc\u015f yolculu\u011funa ba\u015flayacak ve konaklama yerinize b\u0131rak\u0131lacaks\u0131n\u0131z.<\/p>\t\t\t\t\t\t<\/div>\n\t\t\t\t<\/div>\n\t\t\t\t<div class=\"elementor-element elementor-element-77b707d elementor-widget elementor-widget-heading\" data-id=\"77b707d\" data-element_type=\"widget\" data-widget_type=\"heading.default\">\n\t\t\t\t<div class=\"elementor-widget-container\">\n\t\t\t<h2 class=\"elementor-heading-title elementor-size-default\">Fiyata Neler Dahildir?<\/h2>\t\t<\/div>\n\t\t\t\t<\/div>\n\t\t\t\t<div class=\"elementor-element elementor-element-c09a8ed elementor-widget elementor-widget-text-editor\" data-id=\"c09a8ed\" data-element_type=\"widget\" data-widget_type=\"text-editor.default\">\n\t\t\t\t<div class=\"elementor-widget-container\">\n\t\t\t\t\t\t\t<p>Tur fiyat\u0131na, konaklama yerinizden gidi\u015f-d\u00f6n\u00fc\u015f transferleri dahildir.<\/p>\t\t\t\t\t\t<\/div>\n\t\t\t\t<\/div>\n\t\t\t\t<div class=\"elementor-element elementor-element-7db642f elementor-widget elementor-widget-heading\" data-id=\"7db642f\" data-element_type=\"widget\" data-widget_type=\"heading.default\">\n\t\t\t\t<div class=\"elementor-widget-container\">\n\t\t\t<h2 class=\"elementor-heading-title elementor-size-default\">Tura Nas\u0131l Haz\u0131rlanmal\u0131y\u0131m?<\/h2>\t\t<\/div>\n\t\t\t\t<\/div>\n\t\t\t\t<div class=\"elementor-element elementor-element-5e6e5df elementor-widget elementor-widget-text-editor\" data-id=\"5e6e5df\" data-element_type=\"widget\" data-widget_type=\"text-editor.default\">\n\t\t\t\t<div class=\"elementor-widget-container\">\n\t\t\t\t\t\t\t<p>Y\u00fcr\u00fcy\u00fc\u015f ve \u015fehri ke\u015ffetmeye uygun rahat k\u0131yafetler ve ayakkab\u0131lar giymeniz \u00f6nerilir.<br \/><br \/><\/p>\t\t\t\t\t\t<\/div>\n\t\t\t\t<\/div>\n\t\t\t\t<\/div>\n\t\t<div class=\"elementor-element elementor-element-2677548 e-con-full e-flex e-con e-child\" data-id=\"2677548\" data-element_type=\"container\">\n\t\t\t\t<div class=\"elementor-element elementor-element-47a4ea9 elementor-widget elementor-widget-image\" data-id=\"47a4ea9\" data-element_type=\"widget\" data-widget_type=\"image.default\">\n\t\t\t\t<div class=\"elementor-widget-container\">\n\t\t\t\t\t\t\t\t\t\t\t\t\t<img fetchpriority=\"high\" decoding=\"async\" width=\"1024\" height=\"683\" src=\"https:\/\/zazatour.com\/wp-content\/uploads\/2024\/11\/kusadasi-with-cruise-1024x683.jpg\" class=\"attachment-large size-large wp-image-1459\" alt=\"\" \/>\t\t\t\t\t\t\t\t\t\t\t\t\t<\/div>\n\t\t\t\t<\/div>\n\t\t\t\t<\/div>\n\t\t\t\t\t<\/div>\n\t\t\t\t<\/div>\n\t\t<div class=\"elementor-element elementor-element-518ff98 e-flex e-con-boxed e-con e-parent\" data-id=\"518ff98\" data-element_type=\"container\">\n\t\t\t\t\t<div class=\"e-con-inner\">\n\t\t\t\t<div class=\"elementor-element elementor-element-aa142ec elementor-widget elementor-widget-image\" data-id=\"aa142ec\" data-element_type=\"widget\" data-widget_type=\"image.default\">\n\t\t\t\t<div class=\"elementor-widget-container\">\n\t\t\t\t\t\t\t\t\t\t\t\t\t<img decoding=\"async\" width=\"284\" height=\"96\" src=\"https:\/\/zazatour.com\/wp-content\/uploads\/2024\/12\/fiyat-etiketleri-5.png\" class=\"attachment-large size-large wp-image-2291\" alt=\"\" \/>\t\t\t\t\t\t\t\t\t\t\t\t\t<\/div>\n\t\t\t\t<\/div>\n\t\t\t\t\t<\/div>\n\t\t\t\t<\/div>\n\t\t\t\t<\/div>\n\t\t","protected":false},"excerpt":{"rendered":"<p>KU\u015eADASI Ku\u015fadas\u0131 Turu Hakk\u0131nda Genel Bilgiler Bu tur, Didim&#8217;deki konaklama yerinizden Ku\u015fadas\u0131&#8217;na konforlu bir gidi\u015f-d\u00f6n\u00fc\u015f transferini i\u00e7erir. Ku\u015fadas\u0131&#8217;nda, \u015fehri kendi temponuzda ke\u015ffetmek i\u00e7in bolca serbest zaman\u0131n keyfini \u00e7\u0131karabilirsiniz. Tur Program\u0131 Nedir? Hareket (08:45): Misafirler konaklama yerlerinden al\u0131n\u0131r ve Ku\u015fadas\u0131&#8217;na ta\u015f\u0131n\u0131r. Serbest Zaman: Ku\u015fadas\u0131\u2019na vard\u0131\u011f\u0131n\u0131zda, Eski Kale, Sevgi Plaj\u0131 gibi turistik yerleri ke\u015ffedebilir veya al\u0131\u015fveri\u015f ve [&hellip;]<\/p>\n","protected":false},"author":1,"featured_media":0,"parent":0,"menu_order":0,"comment_status":"closed","ping_status":"closed","template":"","meta":{"_uag_custom_page_level_css":"","site-sidebar-layout":"no-sidebar","site-content-layout":"page-builder","ast-site-content-layout":"default","site-content-style":"default","site-sidebar-style":"default","ast-global-header-display":"","ast-banner-title-visibility":"","ast-main-header-display":"","ast-hfb-above-header-display":"","ast-hfb-below-header-display":"","ast-hfb-mobile-header-display":"","site-post-title":"disabled","ast-breadcrumbs-content":"","ast-featured-img":"disabled","footer-sml-layout":"","theme-transparent-header-meta":"","adv-header-id-meta":"","stick-header-meta":"","header-above-stick-meta":"","header-main-stick-meta":"","header-below-stick-meta":"","astra-migrate-meta-layouts":"set","ast-page-background-enabled":"default","ast-page-background-meta":{"desktop":{"background-color":"var(--ast-global-color-4)","background-image":"","background-repeat":"repeat","background-position":"center center","background-size":"auto","background-attachment":"scroll","background-type":"","background-media":"","overlay-type":"","overlay-color":"","overlay-opacity":"","overlay-gradient":""},"tablet":{"background-color":"","background-image":"","background-repeat":"repeat","background-position":"center center","background-size":"auto","background-attachment":"scroll","background-type":"","background-media":"","overlay-type":"","overlay-color":"","overlay-opacity":"","overlay-gradient":""},"mobile":{"background-color":"","background-image":"","background-repeat":"repeat","background-position":"center center","background-size":"auto","background-attachment":"scroll","background-type":"","background-media":"","overlay-type":"","overlay-color":"","overlay-opacity":"","overlay-gradient":""}},"ast-content-background-meta":{"desktop":{"background-color":"var(--ast-global-color-5)","background-image":"","background-repeat":"repeat","background-position":"center center","background-size":"auto","background-attachment":"scroll","background-type":"","background-media":"","overlay-type":"","overlay-color":"","overlay-opacity":"","overlay-gradient":""},"tablet":{"background-color":"var(--ast-global-color-5)","background-image":"","background-repeat":"repeat","background-position":"center center","background-size":"auto","background-attachment":"scroll","background-type":"","background-media":"","overlay-type":"","overlay-color":"","overlay-opacity":"","overlay-gradient":""},"mobile":{"background-color":"var(--ast-global-color-5)","background-image":"","background-repeat":"repeat","background-position":"center center","background-size":"auto","background-attachment":"scroll","background-type":"","background-media":"","overlay-type":"","overlay-color":"","overlay-opacity":"","overlay-gradient":""}},"footnotes":""},"class_list":["post-1146","page","type-page","status-publish","hentry"],"aioseo_notices":[],"uagb_featured_image_src":{"full":false,"thumbnail":false,"medium":false,"medium_large":false,"large":false,"1536x1536":false,"2048x2048":false},"uagb_author_info":{"display_name":"alicemozkaya@gmail.com","author_link":"https:\/\/zazatour.com\/?author=1"},"uagb_comment_info":0,"uagb_excerpt":"KU\u015eADASI Ku\u015fadas\u0131 Turu Hakk\u0131nda Genel Bilgiler Bu tur, Didim&#8217;deki konaklama yerinizden Ku\u015fadas\u0131&#8217;na konforlu bir gidi\u015f-d\u00f6n\u00fc\u015f transferini i\u00e7erir. Ku\u015fadas\u0131&#8217;nda, \u015fehri kendi temponuzda ke\u015ffetmek i\u00e7in bolca serbest zaman\u0131n keyfini \u00e7\u0131karabilirsiniz. Tur Program\u0131 Nedir? Hareket (08:45): Misafirler konaklama yerlerinden al\u0131n\u0131r ve Ku\u015fadas\u0131&#8217;na ta\u015f\u0131n\u0131r. Serbest Zaman: Ku\u015fadas\u0131\u2019na vard\u0131\u011f\u0131n\u0131zda, Eski Kale, Sevgi Plaj\u0131 gibi turistik yerleri ke\u015ffedebilir veya al\u0131\u015fveri\u015f ve&hellip;","rttpg_featured_image_url":null,"rttpg_author":{"display_name":"alicemozkaya@gmail.com","author_link":"https:\/\/zazatour.com\/?author=1"},"rttpg_comment":0,"rttpg_category":" <a href=\"https:\/\/zazatour.com\/\" rel=\"tag\">T\u00fcrk\u00e7e<\/a>","rttpg_excerpt":"KU\u015eADASI Ku\u015fadas\u0131 Turu Hakk\u0131nda Genel Bilgiler Bu tur, Didim&#8217;deki konaklama yerinizden Ku\u015fadas\u0131&#8217;na konforlu bir gidi\u015f-d\u00f6n\u00fc\u015f transferini i\u00e7erir. Ku\u015fadas\u0131&#8217;nda, \u015fehri kendi temponuzda ke\u015ffetmek i\u00e7in bolca serbest zaman\u0131n keyfini \u00e7\u0131karabilirsiniz. Tur Program\u0131 Nedir? Hareket (08:45): Misafirler konaklama yerlerinden al\u0131n\u0131r ve Ku\u015fadas\u0131&#8217;na ta\u015f\u0131n\u0131r. Serbest Zaman: Ku\u015fadas\u0131\u2019na vard\u0131\u011f\u0131n\u0131zda, Eski Kale, Sevgi Plaj\u0131 gibi turistik yerleri ke\u015ffedebilir veya al\u0131\u015fveri\u015f ve&hellip;","_links":{"self":[{"href":"https:\/\/zazatour.com\/index.php?rest_route=\/wp\/v2\/pages\/1146"}],"collection":[{"href":"https:\/\/zazatour.com\/index.php?rest_route=\/wp\/v2\/pages"}],"about":[{"href":"https:\/\/zazatour.com\/index.php?rest_route=\/wp\/v2\/types\/page"}],"author":[{"embeddable":true,"href":"https:\/\/zazatour.com\/index.php?rest_route=\/wp\/v2\/users\/1"}],"replies":[{"embeddable":true,"href":"https:\/\/zazatour.com\/index.php?rest_route=%2Fwp%2Fv2%2Fcomments&post=1146"}],"version-history":[{"count":9,"href":"https:\/\/zazatour.com\/index.php?rest_route=\/wp\/v2\/pages\/1146\/revisions"}],"predecessor-version":[{"id":2294,"href":"https:\/\/zazatour.com\/index.php?rest_route=\/wp\/v2\/pages\/1146\/revisions\/2294"}],"wp:attachment":[{"href":"https:\/\/zazatour.com\/index.php?rest_route=%2Fwp%2Fv2%2Fmedia&parent=1146"}],"curies":[{"name":"wp","href":"https:\/\/api.w.org\/{rel}","templated":true}]}}