{"id":1158,"date":"2024-11-15T07:05:28","date_gmt":"2024-11-15T07:05:28","guid":{"rendered":"https:\/\/zazatour.com\/?page_id=1158"},"modified":"2024-12-06T09:12:05","modified_gmt":"2024-12-06T09:12:05","slug":"gunluk7_eng-2","status":"publish","type":"page","link":"https:\/\/zazatour.com\/?page_id=1158&lang=en","title":{"rendered":"Dalyan_eng"},"content":{"rendered":"\t\t<div data-elementor-type=\"wp-page\" data-elementor-id=\"1158\" class=\"elementor elementor-1158\">\n\t\t\t\t<div class=\"elementor-element elementor-element-387eaa2 e-flex e-con-boxed e-con e-parent\" data-id=\"387eaa2\" data-element_type=\"container\">\n\t\t\t\t\t<div class=\"e-con-inner\">\n\t\t\t\t<div class=\"elementor-element elementor-element-15aa33f elementor-widget elementor-widget-heading\" data-id=\"15aa33f\" data-element_type=\"widget\" data-widget_type=\"heading.default\">\n\t\t\t\t<div class=\"elementor-widget-container\">\n\t\t\t<h2 class=\"elementor-heading-title elementor-size-default\">DALYAN TOUR<\/h2>\t\t<\/div>\n\t\t\t\t<\/div>\n\t\t\t\t\t<\/div>\n\t\t\t\t<\/div>\n\t\t<div class=\"elementor-element elementor-element-6288fc9 e-flex e-con-boxed e-con e-parent\" data-id=\"6288fc9\" data-element_type=\"container\">\n\t\t\t\t\t<div class=\"e-con-inner\">\n\t\t<div class=\"elementor-element elementor-element-856ef3e e-con-full e-flex e-con e-child\" data-id=\"856ef3e\" data-element_type=\"container\">\n\t\t\t\t<div class=\"elementor-element elementor-element-ab577df elementor-widget elementor-widget-heading\" data-id=\"ab577df\" data-element_type=\"widget\" data-widget_type=\"heading.default\">\n\t\t\t\t<div class=\"elementor-widget-container\">\n\t\t\t<h2 class=\"elementor-heading-title elementor-size-default\">General Information about the Dalyan Tour<\/h2>\t\t<\/div>\n\t\t\t\t<\/div>\n\t\t\t\t<div class=\"elementor-element elementor-element-82a88df elementor-widget elementor-widget-text-editor\" data-id=\"82a88df\" data-element_type=\"widget\" data-widget_type=\"text-editor.default\">\n\t\t\t\t<div class=\"elementor-widget-container\">\n\t\t\t\t\t\t\t<p>The Dalyan Tour will introduce you to breathtaking natural beauty and historical sites. It offers an unforgettable experience with unique stops, such as K\u00f6yce\u011fiz, hot springs, mud baths, and \u0130ztuzu Beach.<\/p>\t\t\t\t\t\t<\/div>\n\t\t\t\t<\/div>\n\t\t\t\t<div class=\"elementor-element elementor-element-0890e84 elementor-widget elementor-widget-heading\" data-id=\"0890e84\" data-element_type=\"widget\" data-widget_type=\"heading.default\">\n\t\t\t\t<div class=\"elementor-widget-container\">\n\t\t\t<h2 class=\"elementor-heading-title elementor-size-default\">What is the Tour Program?<\/h2>\t\t<\/div>\n\t\t\t\t<\/div>\n\t\t\t\t<div class=\"elementor-element elementor-element-02bdab1 elementor-widget elementor-widget-text-editor\" data-id=\"02bdab1\" data-element_type=\"widget\" data-widget_type=\"text-editor.default\">\n\t\t\t\t<div class=\"elementor-widget-container\">\n\t\t\t\t\t\t\t<p>At 07:00, guests will gather at the designated time and depart for Dalyan. The first stop is K\u00f6yce\u011fiz, a small town located in a natural reserve, where you will enjoy views of citrus orchards and the impressive Dalyan River. Next, you will visit \u0130ztuzu Beach on the Mediterranean coast, which is a nesting area for caretta caretta turtles and was voted the world&#8217;s most beautiful beach in 1995. Finally, the tour will take you to Sultaniye Hot Springs and Mud Baths, where you can relax in mineral-rich hot spring pools and refresh your skin with a mud bath. At the end of the day, you will return to Didim at the designated time.<\/p>\t\t\t\t\t\t<\/div>\n\t\t\t\t<\/div>\n\t\t\t\t<div class=\"elementor-element elementor-element-b2e5657 elementor-widget elementor-widget-heading\" data-id=\"b2e5657\" data-element_type=\"widget\" data-widget_type=\"heading.default\">\n\t\t\t\t<div class=\"elementor-widget-container\">\n\t\t\t<h2 class=\"elementor-heading-title elementor-size-default\">What is Included in the Price?<\/h2>\t\t<\/div>\n\t\t\t\t<\/div>\n\t\t\t\t<div class=\"elementor-element elementor-element-996f0a5 elementor-widget elementor-widget-text-editor\" data-id=\"996f0a5\" data-element_type=\"widget\" data-widget_type=\"text-editor.default\">\n\t\t\t\t<div class=\"elementor-widget-container\">\n\t\t\t\t\t\t\t<p>The tour price includes transfer, professional guiding, mud baths, and lunch.<\/p>\t\t\t\t\t\t<\/div>\n\t\t\t\t<\/div>\n\t\t\t\t<div class=\"elementor-element elementor-element-73608da elementor-widget elementor-widget-heading\" data-id=\"73608da\" data-element_type=\"widget\" data-widget_type=\"heading.default\">\n\t\t\t\t<div class=\"elementor-widget-container\">\n\t\t\t<h2 class=\"elementor-heading-title elementor-size-default\">How Should I Prepare for the Tour?<\/h2>\t\t<\/div>\n\t\t\t\t<\/div>\n\t\t\t\t<div class=\"elementor-element elementor-element-9df96f2 elementor-widget elementor-widget-text-editor\" data-id=\"9df96f2\" data-element_type=\"widget\" data-widget_type=\"text-editor.default\">\n\t\t\t\t<div class=\"elementor-widget-container\">\n\t\t\t\t\t\t\t<p>Wear comfortable clothing and walking shoes. It is recommended to bring a hat and sunscreen to protect yourself from the sun. Don\u2019t forget to carry cash for drinks, souvenirs, and any additional purchases. You can bring a swimsuit and towel for the hot springs and mud baths.<\/p>\t\t\t\t\t\t<\/div>\n\t\t\t\t<\/div>\n\t\t\t\t<\/div>\n\t\t<div class=\"elementor-element elementor-element-d616fc6 e-con-full e-flex e-con e-child\" data-id=\"d616fc6\" data-element_type=\"container\">\n\t\t\t\t<div class=\"elementor-element elementor-element-88dee2e elementor-widget elementor-widget-image\" data-id=\"88dee2e\" data-element_type=\"widget\" data-widget_type=\"image.default\">\n\t\t\t\t<div class=\"elementor-widget-container\">\n\t\t\t\t\t\t\t\t\t\t\t\t\t<img fetchpriority=\"high\" decoding=\"async\" width=\"1024\" height=\"682\" src=\"https:\/\/zazatour.com\/wp-content\/uploads\/2024\/11\/koycegiz-yuvarlakcay-1024x682.jpg\" class=\"attachment-large size-large wp-image-1450\" alt=\"\" \/>\t\t\t\t\t\t\t\t\t\t\t\t\t<\/div>\n\t\t\t\t<\/div>\n\t\t\t\t<div class=\"elementor-element elementor-element-9ba2a28 elementor-widget elementor-widget-image\" data-id=\"9ba2a28\" data-element_type=\"widget\" data-widget_type=\"image.default\">\n\t\t\t\t<div class=\"elementor-widget-container\">\n\t\t\t\t\t\t\t\t\t\t\t\t\t<img decoding=\"async\" width=\"1024\" height=\"576\" src=\"https:\/\/zazatour.com\/wp-content\/uploads\/2024\/11\/caretta-1024x576.jpg\" class=\"attachment-large size-large wp-image-1452\" alt=\"\" \/>\t\t\t\t\t\t\t\t\t\t\t\t\t<\/div>\n\t\t\t\t<\/div>\n\t\t\t\t<div class=\"elementor-element elementor-element-9817e9d elementor-widget elementor-widget-image\" data-id=\"9817e9d\" data-element_type=\"widget\" data-widget_type=\"image.default\">\n\t\t\t\t<div class=\"elementor-widget-container\">\n\t\t\t\t\t\t\t\t\t\t\t\t\t<img decoding=\"async\" width=\"612\" height=\"408\" src=\"https:\/\/zazatour.com\/wp-content\/uploads\/2024\/11\/Iztuzu-Beach-Mugla.webp\" class=\"attachment-large size-large wp-image-1451\" alt=\"\" \/>\t\t\t\t\t\t\t\t\t\t\t\t\t<\/div>\n\t\t\t\t<\/div>\n\t\t\t\t<\/div>\n\t\t\t\t\t<\/div>\n\t\t\t\t<\/div>\n\t\t<div class=\"elementor-element elementor-element-64babc8 e-flex e-con-boxed e-con e-parent\" data-id=\"64babc8\" data-element_type=\"container\">\n\t\t\t\t\t<div class=\"e-con-inner\">\n\t\t\t\t<div class=\"elementor-element elementor-element-eb66574 elementor-widget elementor-widget-image\" data-id=\"eb66574\" data-element_type=\"widget\" data-widget_type=\"image.default\">\n\t\t\t\t<div class=\"elementor-widget-container\">\n\t\t\t\t\t\t\t\t\t\t\t\t\t<img loading=\"lazy\" decoding=\"async\" width=\"284\" height=\"96\" src=\"https:\/\/zazatour.com\/wp-content\/uploads\/2024\/12\/fiyat-etiketleri-4.png\" class=\"attachment-large size-large wp-image-2283\" alt=\"\" \/>\t\t\t\t\t\t\t\t\t\t\t\t\t<\/div>\n\t\t\t\t<\/div>\n\t\t\t\t\t<\/div>\n\t\t\t\t<\/div>\n\t\t\t\t<\/div>\n\t\t","protected":false},"excerpt":{"rendered":"<p>DALYAN TOUR General Information about the Dalyan Tour The Dalyan Tour will introduce you to breathtaking natural beauty and historical sites. It offers an unforgettable experience with unique stops, such as K\u00f6yce\u011fiz, hot springs, mud baths, and \u0130ztuzu Beach. What is the Tour Program? At 07:00, guests will gather at the designated time and depart [&hellip;]<\/p>\n","protected":false},"author":1,"featured_media":0,"parent":0,"menu_order":0,"comment_status":"closed","ping_status":"closed","template":"","meta":{"_uag_custom_page_level_css":"","site-sidebar-layout":"no-sidebar","site-content-layout":"page-builder","ast-site-content-layout":"full-width-container","site-content-style":"default","site-sidebar-style":"default","ast-global-header-display":"","ast-banner-title-visibility":"","ast-main-header-display":"","ast-hfb-above-header-display":"","ast-hfb-below-header-display":"","ast-hfb-mobile-header-display":"","site-post-title":"disabled","ast-breadcrumbs-content":"","ast-featured-img":"disabled","footer-sml-layout":"","theme-transparent-header-meta":"","adv-header-id-meta":"","stick-header-meta":"","header-above-stick-meta":"","header-main-stick-meta":"","header-below-stick-meta":"","astra-migrate-meta-layouts":"set","ast-page-background-enabled":"default","ast-page-background-meta":{"desktop":{"background-color":"var(--ast-global-color-4)","background-image":"","background-repeat":"repeat","background-position":"center center","background-size":"auto","background-attachment":"scroll","background-type":"","background-media":"","overlay-type":"","overlay-color":"","overlay-opacity":"","overlay-gradient":""},"tablet":{"background-color":"","background-image":"","background-repeat":"repeat","background-position":"center center","background-size":"auto","background-attachment":"scroll","background-type":"","background-media":"","overlay-type":"","overlay-color":"","overlay-opacity":"","overlay-gradient":""},"mobile":{"background-color":"","background-image":"","background-repeat":"repeat","background-position":"center center","background-size":"auto","background-attachment":"scroll","background-type":"","background-media":"","overlay-type":"","overlay-color":"","overlay-opacity":"","overlay-gradient":""}},"ast-content-background-meta":{"desktop":{"background-color":"var(--ast-global-color-5)","background-image":"","background-repeat":"repeat","background-position":"center center","background-size":"auto","background-attachment":"scroll","background-type":"","background-media":"","overlay-type":"","overlay-color":"","overlay-opacity":"","overlay-gradient":""},"tablet":{"background-color":"var(--ast-global-color-5)","background-image":"","background-repeat":"repeat","background-position":"center center","background-size":"auto","background-attachment":"scroll","background-type":"","background-media":"","overlay-type":"","overlay-color":"","overlay-opacity":"","overlay-gradient":""},"mobile":{"background-color":"var(--ast-global-color-5)","background-image":"","background-repeat":"repeat","background-position":"center center","background-size":"auto","background-attachment":"scroll","background-type":"","background-media":"","overlay-type":"","overlay-color":"","overlay-opacity":"","overlay-gradient":""}},"footnotes":""},"class_list":["post-1158","page","type-page","status-publish","hentry"],"aioseo_notices":[],"uagb_featured_image_src":{"full":false,"thumbnail":false,"medium":false,"medium_large":false,"large":false,"1536x1536":false,"2048x2048":false},"uagb_author_info":{"display_name":"alicemozkaya@gmail.com","author_link":"https:\/\/zazatour.com\/?author=1"},"uagb_comment_info":0,"uagb_excerpt":"DALYAN TOUR General Information about the Dalyan Tour The Dalyan Tour will introduce you to breathtaking natural beauty and historical sites. It offers an unforgettable experience with unique stops, such as K\u00f6yce\u011fiz, hot springs, mud baths, and \u0130ztuzu Beach. What is the Tour Program? At 07:00, guests will gather at the designated time and depart&hellip;","rttpg_featured_image_url":null,"rttpg_author":{"display_name":"alicemozkaya@gmail.com","author_link":"https:\/\/zazatour.com\/?author=1"},"rttpg_comment":0,"rttpg_category":" <a href=\"https:\/\/zazatour.com\/?lang=en\" rel=\"tag\">English<\/a>","rttpg_excerpt":"DALYAN TOUR General Information about the Dalyan Tour The Dalyan Tour will introduce you to breathtaking natural beauty and historical sites. It offers an unforgettable experience with unique stops, such as K\u00f6yce\u011fiz, hot springs, mud baths, and \u0130ztuzu Beach. What is the Tour Program? At 07:00, guests will gather at the designated time and depart&hellip;","_links":{"self":[{"href":"https:\/\/zazatour.com\/index.php?rest_route=\/wp\/v2\/pages\/1158"}],"collection":[{"href":"https:\/\/zazatour.com\/index.php?rest_route=\/wp\/v2\/pages"}],"about":[{"href":"https:\/\/zazatour.com\/index.php?rest_route=\/wp\/v2\/types\/page"}],"author":[{"embeddable":true,"href":"https:\/\/zazatour.com\/index.php?rest_route=\/wp\/v2\/users\/1"}],"replies":[{"embeddable":true,"href":"https:\/\/zazatour.com\/index.php?rest_route=%2Fwp%2Fv2%2Fcomments&post=1158"}],"version-history":[{"count":8,"href":"https:\/\/zazatour.com\/index.php?rest_route=\/wp\/v2\/pages\/1158\/revisions"}],"predecessor-version":[{"id":2289,"href":"https:\/\/zazatour.com\/index.php?rest_route=\/wp\/v2\/pages\/1158\/revisions\/2289"}],"wp:attachment":[{"href":"https:\/\/zazatour.com\/index.php?rest_route=%2Fwp%2Fv2%2Fmedia&parent=1158"}],"curies":[{"name":"wp","href":"https:\/\/api.w.org\/{rel}","templated":true}]}}