{"id":1339,"date":"2024-11-16T15:46:09","date_gmt":"2024-11-16T15:46:09","guid":{"rendered":"https:\/\/zazatour.com\/?page_id=1339"},"modified":"2024-12-06T09:31:16","modified_gmt":"2024-12-06T09:31:16","slug":"tekne-turu","status":"publish","type":"page","link":"https:\/\/zazatour.com\/?page_id=1339","title":{"rendered":"tekne turu"},"content":{"rendered":"\t\t<div data-elementor-type=\"wp-page\" data-elementor-id=\"1339\" class=\"elementor elementor-1339\">\n\t\t\t\t<div class=\"elementor-element elementor-element-10b1d9f e-flex e-con-boxed e-con e-parent\" data-id=\"10b1d9f\" data-element_type=\"container\">\n\t\t\t\t\t<div class=\"e-con-inner\">\n\t\t\t\t<div class=\"elementor-element elementor-element-e3842a8 elementor-widget elementor-widget-heading\" data-id=\"e3842a8\" data-element_type=\"widget\" data-widget_type=\"heading.default\">\n\t\t\t\t<div class=\"elementor-widget-container\">\n\t\t\t<h2 class=\"elementor-heading-title elementor-size-default\">TEKNE TURU<\/h2>\t\t<\/div>\n\t\t\t\t<\/div>\n\t\t\t\t\t<\/div>\n\t\t\t\t<\/div>\n\t\t<div class=\"elementor-element elementor-element-f8ae8e1 e-flex e-con-boxed e-con e-parent\" data-id=\"f8ae8e1\" data-element_type=\"container\">\n\t\t\t\t\t<div class=\"e-con-inner\">\n\t\t<div class=\"elementor-element elementor-element-4d732aa e-con-full e-flex e-con e-child\" data-id=\"4d732aa\" data-element_type=\"container\">\n\t\t\t\t<div class=\"elementor-element elementor-element-a388d77 elementor-widget elementor-widget-heading\" data-id=\"a388d77\" data-element_type=\"widget\" data-widget_type=\"heading.default\">\n\t\t\t\t<div class=\"elementor-widget-container\">\n\t\t\t<h2 class=\"elementor-heading-title elementor-size-default\">Tekne Turu Hakk\u0131nda Genel Bilgiler<\/h2>\t\t<\/div>\n\t\t\t\t<\/div>\n\t\t\t\t<div class=\"elementor-element elementor-element-2bbc1fb elementor-widget elementor-widget-text-editor\" data-id=\"2bbc1fb\" data-element_type=\"widget\" data-widget_type=\"text-editor.default\">\n\t\t\t\t<div class=\"elementor-widget-container\">\n\t\t\t\t\t\t\t<p>Bu tur, konaklaman\u0131zdan tekneye tek y\u00f6nl\u00fc transferle ba\u015flar ve g\u00fcn boyu kristal berrakl\u0131\u011f\u0131ndaki sularda y\u00fczme, g\u00fcne\u015flenme ve manzaran\u0131n tad\u0131n\u0131 \u00e7\u0131karma f\u0131rsat\u0131 sunar. <strong>Cennet Adas\u0131 (Paradise Island)<\/strong>, <strong>\u00c7aml\u0131k Koyu (Pine Bay)<\/strong> gibi sakin koylarda y\u00fczebilir ya da teknede dinlenebilirsiniz. <strong>Ye\u015filkent<\/strong>, <strong>Akvaryum (Aquarium)<\/strong> ve <strong>Cennet Koyu (Paradise Bay)<\/strong> gibi harika noktalarda mola verilecek. G\u00fcne\u015fin ve denizin keyfini \u00e7\u0131kar\u0131rken e\u011flenceli bir g\u00fcn ge\u00e7ireceksiniz!<\/p>\t\t\t\t\t\t<\/div>\n\t\t\t\t<\/div>\n\t\t\t\t<div class=\"elementor-element elementor-element-9646fa3 elementor-widget elementor-widget-heading\" data-id=\"9646fa3\" data-element_type=\"widget\" data-widget_type=\"heading.default\">\n\t\t\t\t<div class=\"elementor-widget-container\">\n\t\t\t<h2 class=\"elementor-heading-title elementor-size-default\">Tur Program\u0131 Nedir?<\/h2>\t\t<\/div>\n\t\t\t\t<\/div>\n\t\t\t\t<div class=\"elementor-element elementor-element-3986bb0 elementor-widget elementor-widget-text-editor\" data-id=\"3986bb0\" data-element_type=\"widget\" data-widget_type=\"text-editor.default\">\n\t\t\t\t<div class=\"elementor-widget-container\">\n\t\t\t\t\t\t\t<p><strong>Hareket (10:40):<\/strong> Misafirler konaklamalar\u0131ndan al\u0131nd\u0131ktan sonra tekneye transfer edilecektir. Tekne, 10:40\u2019ta hareket edecek ve yolculuk ba\u015flayacakt\u0131r.<\/p><p><strong>Y\u00fczme Molalar\u0131:<\/strong> Tur boyunca a\u015fa\u011f\u0131daki g\u00fczel koylar\u0131 ziyaret edeceksiniz, burada y\u00fczme ve dinlenme f\u0131rsat\u0131 bulacaks\u0131n\u0131z:<\/p><ul><li style=\"list-style-type: none;\"><ul><li><strong>Cennet Adas\u0131 (Paradise Island)<\/strong><\/li><li><strong>\u00c7aml\u0131k Koyu (Pine Bay)<\/strong><\/li><li><strong>Ye\u015filkent<\/strong><\/li><li><strong>Akademi<\/strong><\/li><li><strong>Akvaryum (Aquarium)<\/strong><\/li><li><strong>Cennet Koyu (Paradise Bay)<\/strong><\/li><\/ul><\/li><\/ul><p><strong>\u00d6\u011fle Yeme\u011fi:<\/strong> Tekne \u00fczerinde \u00f6nceden belirlenmi\u015f \u00f6\u011fle yeme\u011fi servis edilecektir. \u00d6zel bir diyet talebiniz varsa, l\u00fctfen \u00f6nceden bize bildirin.<\/p><p><strong>D\u00f6n\u00fc\u015f (17:00):<\/strong> Tekne yakla\u015f\u0131k olarak 17:00\u2019de karaya d\u00f6necektir. L\u00fctfen tur sonras\u0131nda d\u00f6n\u00fc\u015f i\u00e7in kendiniz d\u00fczenleme yapman\u0131z gerekti\u011fini unutmay\u0131n.<\/p>\t\t\t\t\t\t<\/div>\n\t\t\t\t<\/div>\n\t\t\t\t<div class=\"elementor-element elementor-element-61e8019 elementor-widget elementor-widget-heading\" data-id=\"61e8019\" data-element_type=\"widget\" data-widget_type=\"heading.default\">\n\t\t\t\t<div class=\"elementor-widget-container\">\n\t\t\t<h2 class=\"elementor-heading-title elementor-size-default\">Fiyata Neler Dahildir?<\/h2>\t\t<\/div>\n\t\t\t\t<\/div>\n\t\t\t\t<div class=\"elementor-element elementor-element-e1eaaf7 elementor-widget elementor-widget-text-editor\" data-id=\"e1eaaf7\" data-element_type=\"widget\" data-widget_type=\"text-editor.default\">\n\t\t\t\t<div class=\"elementor-widget-container\">\n\t\t\t\t\t\t\t<p>Tur fiyat\u0131na tekneye transfer ve tekne turu dahildir. \u00d6\u011fle yeme\u011fi de fiyata dahil ancak i\u00e7ecekler ve ki\u015fisel harcamalar fiyata dahil de\u011fildir.<\/p>\t\t\t\t\t\t<\/div>\n\t\t\t\t<\/div>\n\t\t\t\t<div class=\"elementor-element elementor-element-91f0a02 elementor-widget elementor-widget-heading\" data-id=\"91f0a02\" data-element_type=\"widget\" data-widget_type=\"heading.default\">\n\t\t\t\t<div class=\"elementor-widget-container\">\n\t\t\t<h2 class=\"elementor-heading-title elementor-size-default\">Tura Nas\u0131l Haz\u0131rlanmal\u0131y\u0131m?<\/h2>\t\t<\/div>\n\t\t\t\t<\/div>\n\t\t\t\t<div class=\"elementor-element elementor-element-611e8a2 elementor-widget elementor-widget-text-editor\" data-id=\"611e8a2\" data-element_type=\"widget\" data-widget_type=\"text-editor.default\">\n\t\t\t\t<div class=\"elementor-widget-container\">\n\t\t\t\t\t\t\t<p>Tekne ve y\u00fczme duraklar\u0131 i\u00e7in rahat k\u0131yafetler ve mayo giyin. G\u00fcne\u015ften korunmak i\u00e7in g\u00fcne\u015f kremi ve \u015fapka almay\u0131 unutmay\u0131n. Ayr\u0131ca teknede ekstra harcamalar (i\u00e7ecekler, at\u0131\u015ft\u0131rmal\u0131klar vb.) i\u00e7in yan\u0131n\u0131zda nakit bulundurman\u0131zda fayda vard\u0131r.<\/p>\t\t\t\t\t\t<\/div>\n\t\t\t\t<\/div>\n\t\t\t\t<div class=\"elementor-element elementor-element-5176d77 elementor-widget elementor-widget-heading\" data-id=\"5176d77\" data-element_type=\"widget\" data-widget_type=\"heading.default\">\n\t\t\t\t<div class=\"elementor-widget-container\">\n\t\t\t<h2 class=\"elementor-heading-title elementor-size-default\">\u00d6zel Talep ve \u0130stekler<\/h2>\t\t<\/div>\n\t\t\t\t<\/div>\n\t\t\t\t<div class=\"elementor-element elementor-element-d8f4f9d elementor-widget elementor-widget-text-editor\" data-id=\"d8f4f9d\" data-element_type=\"widget\" data-widget_type=\"text-editor.default\">\n\t\t\t\t<div class=\"elementor-widget-container\">\n\t\t\t\t\t\t\t<p>K\u0131sa s\u00fcreli bir tur, ak\u015fam turu veya b\u00fcy\u00fck\/k\u00fc\u00e7\u00fck grup i\u00e7in \u00f6zel bir tekne talebiniz varsa, se\u00e7enekler ve uygunluk hakk\u0131nda konu\u015fmak i\u00e7in bizimle ileti\u015fime ge\u00e7ebilirsiniz.<\/p>\t\t\t\t\t\t<\/div>\n\t\t\t\t<\/div>\n\t\t\t\t<\/div>\n\t\t<div class=\"elementor-element elementor-element-53ec0dc e-con-full e-flex e-con e-child\" data-id=\"53ec0dc\" data-element_type=\"container\">\n\t\t\t\t<div class=\"elementor-element elementor-element-0fe9a4c elementor-widget elementor-widget-image\" data-id=\"0fe9a4c\" data-element_type=\"widget\" data-widget_type=\"image.default\">\n\t\t\t\t<div class=\"elementor-widget-container\">\n\t\t\t\t\t\t\t\t\t\t\t\t\t<img fetchpriority=\"high\" decoding=\"async\" width=\"720\" height=\"540\" src=\"https:\/\/zazatour.com\/wp-content\/uploads\/2024\/11\/datca-tekne-turlari-ptif.jpg\" class=\"attachment-large size-large wp-image-1477\" alt=\"\" \/>\t\t\t\t\t\t\t\t\t\t\t\t\t<\/div>\n\t\t\t\t<\/div>\n\t\t\t\t<div class=\"elementor-element elementor-element-2834989 elementor-widget elementor-widget-image\" data-id=\"2834989\" data-element_type=\"widget\" data-widget_type=\"image.default\">\n\t\t\t\t<div class=\"elementor-widget-container\">\n\t\t\t\t\t\t\t\t\t\t\t\t\t<img decoding=\"async\" width=\"850\" height=\"450\" src=\"https:\/\/zazatour.com\/wp-content\/uploads\/2024\/11\/boat-trip.jpg\" class=\"attachment-large size-large wp-image-1478\" alt=\"\" \/>\t\t\t\t\t\t\t\t\t\t\t\t\t<\/div>\n\t\t\t\t<\/div>\n\t\t\t\t<\/div>\n\t\t\t\t\t<\/div>\n\t\t\t\t<\/div>\n\t\t<div class=\"elementor-element elementor-element-8f95aa7 e-flex e-con-boxed e-con e-parent\" data-id=\"8f95aa7\" data-element_type=\"container\">\n\t\t\t\t\t<div class=\"e-con-inner\">\n\t\t\t\t<div class=\"elementor-element elementor-element-bce47bf elementor-widget elementor-widget-image\" data-id=\"bce47bf\" data-element_type=\"widget\" data-widget_type=\"image.default\">\n\t\t\t\t<div class=\"elementor-widget-container\">\n\t\t\t\t\t\t\t\t\t\t\t\t\t<img decoding=\"async\" width=\"284\" height=\"96\" src=\"https:\/\/zazatour.com\/wp-content\/uploads\/2024\/12\/fiyat-etiketleri-7.png\" class=\"attachment-large size-large wp-image-2305\" alt=\"\" \/>\t\t\t\t\t\t\t\t\t\t\t\t\t<\/div>\n\t\t\t\t<\/div>\n\t\t\t\t\t<\/div>\n\t\t\t\t<\/div>\n\t\t\t\t<\/div>\n\t\t","protected":false},"excerpt":{"rendered":"<p>TEKNE TURU Tekne Turu Hakk\u0131nda Genel Bilgiler Bu tur, konaklaman\u0131zdan tekneye tek y\u00f6nl\u00fc transferle ba\u015flar ve g\u00fcn boyu kristal berrakl\u0131\u011f\u0131ndaki sularda y\u00fczme, g\u00fcne\u015flenme ve manzaran\u0131n tad\u0131n\u0131 \u00e7\u0131karma f\u0131rsat\u0131 sunar. Cennet Adas\u0131 (Paradise Island), \u00c7aml\u0131k Koyu (Pine Bay) gibi sakin koylarda y\u00fczebilir ya da teknede dinlenebilirsiniz. Ye\u015filkent, Akvaryum (Aquarium) ve Cennet Koyu (Paradise Bay) gibi harika [&hellip;]<\/p>\n","protected":false},"author":1,"featured_media":0,"parent":0,"menu_order":0,"comment_status":"closed","ping_status":"closed","template":"","meta":{"_uag_custom_page_level_css":"","site-sidebar-layout":"no-sidebar","site-content-layout":"page-builder","ast-site-content-layout":"full-width-container","site-content-style":"default","site-sidebar-style":"default","ast-global-header-display":"","ast-banner-title-visibility":"","ast-main-header-display":"","ast-hfb-above-header-display":"","ast-hfb-below-header-display":"","ast-hfb-mobile-header-display":"","site-post-title":"disabled","ast-breadcrumbs-content":"","ast-featured-img":"disabled","footer-sml-layout":"","theme-transparent-header-meta":"","adv-header-id-meta":"","stick-header-meta":"","header-above-stick-meta":"","header-main-stick-meta":"","header-below-stick-meta":"","astra-migrate-meta-layouts":"set","ast-page-background-enabled":"default","ast-page-background-meta":{"desktop":{"background-color":"var(--ast-global-color-4)","background-image":"","background-repeat":"repeat","background-position":"center center","background-size":"auto","background-attachment":"scroll","background-type":"","background-media":"","overlay-type":"","overlay-color":"","overlay-opacity":"","overlay-gradient":""},"tablet":{"background-color":"","background-image":"","background-repeat":"repeat","background-position":"center center","background-size":"auto","background-attachment":"scroll","background-type":"","background-media":"","overlay-type":"","overlay-color":"","overlay-opacity":"","overlay-gradient":""},"mobile":{"background-color":"","background-image":"","background-repeat":"repeat","background-position":"center center","background-size":"auto","background-attachment":"scroll","background-type":"","background-media":"","overlay-type":"","overlay-color":"","overlay-opacity":"","overlay-gradient":""}},"ast-content-background-meta":{"desktop":{"background-color":"var(--ast-global-color-5)","background-image":"","background-repeat":"repeat","background-position":"center center","background-size":"auto","background-attachment":"scroll","background-type":"","background-media":"","overlay-type":"","overlay-color":"","overlay-opacity":"","overlay-gradient":""},"tablet":{"background-color":"var(--ast-global-color-5)","background-image":"","background-repeat":"repeat","background-position":"center center","background-size":"auto","background-attachment":"scroll","background-type":"","background-media":"","overlay-type":"","overlay-color":"","overlay-opacity":"","overlay-gradient":""},"mobile":{"background-color":"var(--ast-global-color-5)","background-image":"","background-repeat":"repeat","background-position":"center center","background-size":"auto","background-attachment":"scroll","background-type":"","background-media":"","overlay-type":"","overlay-color":"","overlay-opacity":"","overlay-gradient":""}},"footnotes":""},"class_list":["post-1339","page","type-page","status-publish","hentry"],"aioseo_notices":[],"uagb_featured_image_src":{"full":false,"thumbnail":false,"medium":false,"medium_large":false,"large":false,"1536x1536":false,"2048x2048":false},"uagb_author_info":{"display_name":"alicemozkaya@gmail.com","author_link":"https:\/\/zazatour.com\/?author=1"},"uagb_comment_info":0,"uagb_excerpt":"TEKNE TURU Tekne Turu Hakk\u0131nda Genel Bilgiler Bu tur, konaklaman\u0131zdan tekneye tek y\u00f6nl\u00fc transferle ba\u015flar ve g\u00fcn boyu kristal berrakl\u0131\u011f\u0131ndaki sularda y\u00fczme, g\u00fcne\u015flenme ve manzaran\u0131n tad\u0131n\u0131 \u00e7\u0131karma f\u0131rsat\u0131 sunar. Cennet Adas\u0131 (Paradise Island), \u00c7aml\u0131k Koyu (Pine Bay) gibi sakin koylarda y\u00fczebilir ya da teknede dinlenebilirsiniz. Ye\u015filkent, Akvaryum (Aquarium) ve Cennet Koyu (Paradise Bay) gibi harika&hellip;","rttpg_featured_image_url":null,"rttpg_author":{"display_name":"alicemozkaya@gmail.com","author_link":"https:\/\/zazatour.com\/?author=1"},"rttpg_comment":0,"rttpg_category":" <a href=\"https:\/\/zazatour.com\/\" rel=\"tag\">T\u00fcrk\u00e7e<\/a>","rttpg_excerpt":"TEKNE TURU Tekne Turu Hakk\u0131nda Genel Bilgiler Bu tur, konaklaman\u0131zdan tekneye tek y\u00f6nl\u00fc transferle ba\u015flar ve g\u00fcn boyu kristal berrakl\u0131\u011f\u0131ndaki sularda y\u00fczme, g\u00fcne\u015flenme ve manzaran\u0131n tad\u0131n\u0131 \u00e7\u0131karma f\u0131rsat\u0131 sunar. Cennet Adas\u0131 (Paradise Island), \u00c7aml\u0131k Koyu (Pine Bay) gibi sakin koylarda y\u00fczebilir ya da teknede dinlenebilirsiniz. Ye\u015filkent, Akvaryum (Aquarium) ve Cennet Koyu (Paradise Bay) gibi harika&hellip;","_links":{"self":[{"href":"https:\/\/zazatour.com\/index.php?rest_route=\/wp\/v2\/pages\/1339"}],"collection":[{"href":"https:\/\/zazatour.com\/index.php?rest_route=\/wp\/v2\/pages"}],"about":[{"href":"https:\/\/zazatour.com\/index.php?rest_route=\/wp\/v2\/types\/page"}],"author":[{"embeddable":true,"href":"https:\/\/zazatour.com\/index.php?rest_route=\/wp\/v2\/users\/1"}],"replies":[{"embeddable":true,"href":"https:\/\/zazatour.com\/index.php?rest_route=%2Fwp%2Fv2%2Fcomments&post=1339"}],"version-history":[{"count":7,"href":"https:\/\/zazatour.com\/index.php?rest_route=\/wp\/v2\/pages\/1339\/revisions"}],"predecessor-version":[{"id":2308,"href":"https:\/\/zazatour.com\/index.php?rest_route=\/wp\/v2\/pages\/1339\/revisions\/2308"}],"wp:attachment":[{"href":"https:\/\/zazatour.com\/index.php?rest_route=%2Fwp%2Fv2%2Fmedia&parent=1339"}],"curies":[{"name":"wp","href":"https:\/\/api.w.org\/{rel}","templated":true}]}}