{"id":1341,"date":"2024-11-16T15:46:27","date_gmt":"2024-11-16T15:46:27","guid":{"rendered":"https:\/\/zazatour.com\/?page_id=1341"},"modified":"2024-12-06T09:32:02","modified_gmt":"2024-12-06T09:32:02","slug":"tekneturu_eng","status":"publish","type":"page","link":"https:\/\/zazatour.com\/?page_id=1341&lang=en","title":{"rendered":"tekneturu_eng"},"content":{"rendered":"\t\t<div data-elementor-type=\"wp-page\" data-elementor-id=\"1341\" class=\"elementor elementor-1341\">\n\t\t\t\t<div class=\"elementor-element elementor-element-433052c e-flex e-con-boxed e-con e-parent\" data-id=\"433052c\" data-element_type=\"container\">\n\t\t\t\t\t<div class=\"e-con-inner\">\n\t\t\t\t<div class=\"elementor-element elementor-element-f66e6cd elementor-widget elementor-widget-heading\" data-id=\"f66e6cd\" data-element_type=\"widget\" data-widget_type=\"heading.default\">\n\t\t\t\t<div class=\"elementor-widget-container\">\n\t\t\t<h2 class=\"elementor-heading-title elementor-size-default\">BOAT TRIP<\/h2>\t\t<\/div>\n\t\t\t\t<\/div>\n\t\t\t\t\t<\/div>\n\t\t\t\t<\/div>\n\t\t<div class=\"elementor-element elementor-element-9706fa4 e-flex e-con-boxed e-con e-parent\" data-id=\"9706fa4\" data-element_type=\"container\">\n\t\t\t\t\t<div class=\"e-con-inner\">\n\t\t<div class=\"elementor-element elementor-element-59f2247 e-con-full e-flex e-con e-child\" data-id=\"59f2247\" data-element_type=\"container\">\n\t\t\t\t<div class=\"elementor-element elementor-element-20cea46 elementor-widget elementor-widget-heading\" data-id=\"20cea46\" data-element_type=\"widget\" data-widget_type=\"heading.default\">\n\t\t\t\t<div class=\"elementor-widget-container\">\n\t\t\t<h2 class=\"elementor-heading-title elementor-size-default\">General Information about the Boat Trip<\/h2>\t\t<\/div>\n\t\t\t\t<\/div>\n\t\t\t\t<div class=\"elementor-element elementor-element-244c1a9 elementor-widget elementor-widget-text-editor\" data-id=\"244c1a9\" data-element_type=\"widget\" data-widget_type=\"text-editor.default\">\n\t\t\t\t<div class=\"elementor-widget-container\">\n\t\t\t\t\t\t\t<p>This tour offers a delightful boat trip with a one-way transfer from your accommodation to the boat, where the adventure begins. You&#8217;ll spend the day sailing through crystal-clear waters, with plenty of time to swim, sunbathe, and enjoy the stunning scenery. Visit some of the most beautiful bays, including the serene Cennet Adas\u0131 (Paradise Island) and the peaceful \u00c7aml\u0131k Koyu (Pine Bay), where you can dive into the sparkling blue waters or simply relax on the boat. With several swimming breaks at gorgeous spots like Ye\u015filkent, Akvaryum (Aquarium), and Cennet Koyu (Paradise Bay), you\u2019ll have all the time you need to enjoy the sun, the sea, and the natural beauty surrounding you. Whether you&#8217;re lounging, swimming, or just enjoying the view, this tour promises a day full of fun and relaxation.<br \/><br \/><\/p>\t\t\t\t\t\t<\/div>\n\t\t\t\t<\/div>\n\t\t\t\t<div class=\"elementor-element elementor-element-a04b914 elementor-widget elementor-widget-heading\" data-id=\"a04b914\" data-element_type=\"widget\" data-widget_type=\"heading.default\">\n\t\t\t\t<div class=\"elementor-widget-container\">\n\t\t\t<h2 class=\"elementor-heading-title elementor-size-default\">What is the Tour Program?<\/h2>\t\t<\/div>\n\t\t\t\t<\/div>\n\t\t\t\t<div class=\"elementor-element elementor-element-30a2d56 elementor-widget elementor-widget-text-editor\" data-id=\"30a2d56\" data-element_type=\"widget\" data-widget_type=\"text-editor.default\">\n\t\t\t\t<div class=\"elementor-widget-container\">\n\t\t\t\t\t\t\t<p><strong>Departure (10:40):<\/strong> Guests will be picked up from their accommodation and transported to the boat. The boat will depart at 10:40, starting the scenic journey.<\/p><p><strong>Swimming Breaks:<\/strong> During the tour, you\u2019ll visit the following beautiful bays, where you can enjoy swimming and relaxing:<\/p><ul><li><strong>Cennet Adas\u0131 (Paradise Island)<\/strong><\/li><li><strong>\u00c7aml\u0131k Koyu (Pine Bay)<\/strong><\/li><li><strong>Ye\u015filkent<\/strong><\/li><li><strong>Akademi<\/strong><\/li><li><strong>Akvaryum (Aquarium)<\/strong><\/li><li><strong>Cennet Koyu (Paradise Bay)<\/strong><\/li><\/ul><p><strong>Lunch:<\/strong> A pre-arranged lunch will be served on board. If you have any special dietary requests, please let us know in advance.<\/p><p><strong>Return (17:00):<\/strong> The boat will return to the shore at approximately 17:00. Please note that after the tour, there will be no drop-off service. Guests will need to arrange their return on their own.<\/p>\t\t\t\t\t\t<\/div>\n\t\t\t\t<\/div>\n\t\t\t\t<div class=\"elementor-element elementor-element-5419f18 elementor-widget elementor-widget-heading\" data-id=\"5419f18\" data-element_type=\"widget\" data-widget_type=\"heading.default\">\n\t\t\t\t<div class=\"elementor-widget-container\">\n\t\t\t<h2 class=\"elementor-heading-title elementor-size-default\">What is Included in the Price?<\/h2>\t\t<\/div>\n\t\t\t\t<\/div>\n\t\t\t\t<div class=\"elementor-element elementor-element-89f163d elementor-widget elementor-widget-text-editor\" data-id=\"89f163d\" data-element_type=\"widget\" data-widget_type=\"text-editor.default\">\n\t\t\t\t<div class=\"elementor-widget-container\">\n\t\t\t\t\t\t\t<p>The tour price includes one-way transfer to the boat and the boat tour. Lunch is also included, but drinks and any personal expenses are not covered.<br \/><br \/><\/p>\t\t\t\t\t\t<\/div>\n\t\t\t\t<\/div>\n\t\t\t\t<div class=\"elementor-element elementor-element-20a9234 elementor-widget elementor-widget-heading\" data-id=\"20a9234\" data-element_type=\"widget\" data-widget_type=\"heading.default\">\n\t\t\t\t<div class=\"elementor-widget-container\">\n\t\t\t<h2 class=\"elementor-heading-title elementor-size-default\">How Should I Prepare for the Tour?<\/h2>\t\t<\/div>\n\t\t\t\t<\/div>\n\t\t\t\t<div class=\"elementor-element elementor-element-9ac9061 elementor-widget elementor-widget-text-editor\" data-id=\"9ac9061\" data-element_type=\"widget\" data-widget_type=\"text-editor.default\">\n\t\t\t\t<div class=\"elementor-widget-container\">\n\t\t\t\t\t\t\t<p>Wear comfortable clothing and swimwear for the boat and swimming stops. Don\u2019t forget sunscreen and a hat to protect yourself from the sun. It&#8217;s also a good idea to bring cash for any extra expenses on board, such as drinks or snacks.<\/p>\t\t\t\t\t\t<\/div>\n\t\t\t\t<\/div>\n\t\t\t\t<div class=\"elementor-element elementor-element-5061d46 elementor-widget elementor-widget-heading\" data-id=\"5061d46\" data-element_type=\"widget\" data-widget_type=\"heading.default\">\n\t\t\t\t<div class=\"elementor-widget-container\">\n\t\t\t<h2 class=\"elementor-heading-title elementor-size-default\">Custom Requests<\/h2>\t\t<\/div>\n\t\t\t\t<\/div>\n\t\t\t\t<div class=\"elementor-element elementor-element-51644f6 elementor-widget elementor-widget-text-editor\" data-id=\"51644f6\" data-element_type=\"widget\" data-widget_type=\"text-editor.default\">\n\t\t\t\t<div class=\"elementor-widget-container\">\n\t\t\t\t\t\t\t<p>If you would like to arrange a shorter tour, an evening tour, or if you are interested in a private boat for a large or small group, please contact us to discuss options and availability.<\/p>\t\t\t\t\t\t<\/div>\n\t\t\t\t<\/div>\n\t\t\t\t<\/div>\n\t\t<div class=\"elementor-element elementor-element-4cc4770 e-con-full e-flex e-con e-child\" data-id=\"4cc4770\" data-element_type=\"container\">\n\t\t\t\t<div class=\"elementor-element elementor-element-d2d3789 elementor-widget elementor-widget-image\" data-id=\"d2d3789\" data-element_type=\"widget\" data-widget_type=\"image.default\">\n\t\t\t\t<div class=\"elementor-widget-container\">\n\t\t\t\t\t\t\t\t\t\t\t\t\t<img fetchpriority=\"high\" decoding=\"async\" width=\"720\" height=\"540\" src=\"https:\/\/zazatour.com\/wp-content\/uploads\/2024\/11\/datca-tekne-turlari-ptif.jpg\" class=\"attachment-large size-large wp-image-1477\" alt=\"\" \/>\t\t\t\t\t\t\t\t\t\t\t\t\t<\/div>\n\t\t\t\t<\/div>\n\t\t\t\t<div class=\"elementor-element elementor-element-0a0f13e elementor-widget elementor-widget-image\" data-id=\"0a0f13e\" data-element_type=\"widget\" data-widget_type=\"image.default\">\n\t\t\t\t<div class=\"elementor-widget-container\">\n\t\t\t\t\t\t\t\t\t\t\t\t\t<img decoding=\"async\" width=\"850\" height=\"450\" src=\"https:\/\/zazatour.com\/wp-content\/uploads\/2024\/11\/boat-trip.jpg\" class=\"attachment-large size-large wp-image-1478\" alt=\"\" \/>\t\t\t\t\t\t\t\t\t\t\t\t\t<\/div>\n\t\t\t\t<\/div>\n\t\t\t\t<\/div>\n\t\t\t\t\t<\/div>\n\t\t\t\t<\/div>\n\t\t<div class=\"elementor-element elementor-element-69fb79a e-flex e-con-boxed e-con e-parent\" data-id=\"69fb79a\" data-element_type=\"container\">\n\t\t\t\t\t<div class=\"e-con-inner\">\n\t\t\t\t<div class=\"elementor-element elementor-element-df73b53 elementor-widget elementor-widget-image\" data-id=\"df73b53\" data-element_type=\"widget\" data-widget_type=\"image.default\">\n\t\t\t\t<div class=\"elementor-widget-container\">\n\t\t\t\t\t\t\t\t\t\t\t\t\t<img decoding=\"async\" width=\"284\" height=\"96\" src=\"https:\/\/zazatour.com\/wp-content\/uploads\/2024\/12\/fiyat-etiketleri-7.png\" class=\"attachment-large size-large wp-image-2305\" alt=\"\" \/>\t\t\t\t\t\t\t\t\t\t\t\t\t<\/div>\n\t\t\t\t<\/div>\n\t\t\t\t\t<\/div>\n\t\t\t\t<\/div>\n\t\t\t\t<\/div>\n\t\t","protected":false},"excerpt":{"rendered":"<p>BOAT TRIP General Information about the Boat Trip This tour offers a delightful boat trip with a one-way transfer from your accommodation to the boat, where the adventure begins. You&#8217;ll spend the day sailing through crystal-clear waters, with plenty of time to swim, sunbathe, and enjoy the stunning scenery. Visit some of the most beautiful [&hellip;]<\/p>\n","protected":false},"author":1,"featured_media":0,"parent":0,"menu_order":0,"comment_status":"closed","ping_status":"closed","template":"","meta":{"_uag_custom_page_level_css":"","site-sidebar-layout":"no-sidebar","site-content-layout":"page-builder","ast-site-content-layout":"default","site-content-style":"default","site-sidebar-style":"default","ast-global-header-display":"","ast-banner-title-visibility":"","ast-main-header-display":"","ast-hfb-above-header-display":"","ast-hfb-below-header-display":"","ast-hfb-mobile-header-display":"","site-post-title":"disabled","ast-breadcrumbs-content":"","ast-featured-img":"disabled","footer-sml-layout":"","theme-transparent-header-meta":"","adv-header-id-meta":"","stick-header-meta":"","header-above-stick-meta":"","header-main-stick-meta":"","header-below-stick-meta":"","astra-migrate-meta-layouts":"set","ast-page-background-enabled":"default","ast-page-background-meta":{"desktop":{"background-color":"var(--ast-global-color-4)","background-image":"","background-repeat":"repeat","background-position":"center center","background-size":"auto","background-attachment":"scroll","background-type":"","background-media":"","overlay-type":"","overlay-color":"","overlay-opacity":"","overlay-gradient":""},"tablet":{"background-color":"","background-image":"","background-repeat":"repeat","background-position":"center center","background-size":"auto","background-attachment":"scroll","background-type":"","background-media":"","overlay-type":"","overlay-color":"","overlay-opacity":"","overlay-gradient":""},"mobile":{"background-color":"","background-image":"","background-repeat":"repeat","background-position":"center center","background-size":"auto","background-attachment":"scroll","background-type":"","background-media":"","overlay-type":"","overlay-color":"","overlay-opacity":"","overlay-gradient":""}},"ast-content-background-meta":{"desktop":{"background-color":"var(--ast-global-color-5)","background-image":"","background-repeat":"repeat","background-position":"center center","background-size":"auto","background-attachment":"scroll","background-type":"","background-media":"","overlay-type":"","overlay-color":"","overlay-opacity":"","overlay-gradient":""},"tablet":{"background-color":"var(--ast-global-color-5)","background-image":"","background-repeat":"repeat","background-position":"center center","background-size":"auto","background-attachment":"scroll","background-type":"","background-media":"","overlay-type":"","overlay-color":"","overlay-opacity":"","overlay-gradient":""},"mobile":{"background-color":"var(--ast-global-color-5)","background-image":"","background-repeat":"repeat","background-position":"center center","background-size":"auto","background-attachment":"scroll","background-type":"","background-media":"","overlay-type":"","overlay-color":"","overlay-opacity":"","overlay-gradient":""}},"footnotes":""},"class_list":["post-1341","page","type-page","status-publish","hentry"],"aioseo_notices":[],"uagb_featured_image_src":{"full":false,"thumbnail":false,"medium":false,"medium_large":false,"large":false,"1536x1536":false,"2048x2048":false},"uagb_author_info":{"display_name":"alicemozkaya@gmail.com","author_link":"https:\/\/zazatour.com\/?author=1"},"uagb_comment_info":0,"uagb_excerpt":"BOAT TRIP General Information about the Boat Trip This tour offers a delightful boat trip with a one-way transfer from your accommodation to the boat, where the adventure begins. You&#8217;ll spend the day sailing through crystal-clear waters, with plenty of time to swim, sunbathe, and enjoy the stunning scenery. Visit some of the most beautiful&hellip;","rttpg_featured_image_url":null,"rttpg_author":{"display_name":"alicemozkaya@gmail.com","author_link":"https:\/\/zazatour.com\/?author=1"},"rttpg_comment":0,"rttpg_category":" <a href=\"https:\/\/zazatour.com\/?lang=en\" rel=\"tag\">English<\/a>","rttpg_excerpt":"BOAT TRIP General Information about the Boat Trip This tour offers a delightful boat trip with a one-way transfer from your accommodation to the boat, where the adventure begins. You&#8217;ll spend the day sailing through crystal-clear waters, with plenty of time to swim, sunbathe, and enjoy the stunning scenery. Visit some of the most beautiful&hellip;","_links":{"self":[{"href":"https:\/\/zazatour.com\/index.php?rest_route=\/wp\/v2\/pages\/1341"}],"collection":[{"href":"https:\/\/zazatour.com\/index.php?rest_route=\/wp\/v2\/pages"}],"about":[{"href":"https:\/\/zazatour.com\/index.php?rest_route=\/wp\/v2\/types\/page"}],"author":[{"embeddable":true,"href":"https:\/\/zazatour.com\/index.php?rest_route=\/wp\/v2\/users\/1"}],"replies":[{"embeddable":true,"href":"https:\/\/zazatour.com\/index.php?rest_route=%2Fwp%2Fv2%2Fcomments&post=1341"}],"version-history":[{"count":7,"href":"https:\/\/zazatour.com\/index.php?rest_route=\/wp\/v2\/pages\/1341\/revisions"}],"predecessor-version":[{"id":2311,"href":"https:\/\/zazatour.com\/index.php?rest_route=\/wp\/v2\/pages\/1341\/revisions\/2311"}],"wp:attachment":[{"href":"https:\/\/zazatour.com\/index.php?rest_route=%2Fwp%2Fv2%2Fmedia&parent=1341"}],"curies":[{"name":"wp","href":"https:\/\/api.w.org\/{rel}","templated":true}]}}