{"id":1343,"date":"2024-11-16T15:46:54","date_gmt":"2024-11-16T15:46:54","guid":{"rendered":"https:\/\/zazatour.com\/?page_id=1343"},"modified":"2024-12-06T09:33:53","modified_gmt":"2024-12-06T09:33:53","slug":"jeep-safari","status":"publish","type":"page","link":"https:\/\/zazatour.com\/?page_id=1343","title":{"rendered":"Jeep Safari"},"content":{"rendered":"\t\t<div data-elementor-type=\"wp-page\" data-elementor-id=\"1343\" class=\"elementor elementor-1343\">\n\t\t\t\t<div class=\"elementor-element elementor-element-436c218 e-flex e-con-boxed e-con e-parent\" data-id=\"436c218\" data-element_type=\"container\">\n\t\t\t\t\t<div class=\"e-con-inner\">\n\t\t\t\t<div class=\"elementor-element elementor-element-39d58a5 elementor-widget elementor-widget-heading\" data-id=\"39d58a5\" data-element_type=\"widget\" data-widget_type=\"heading.default\">\n\t\t\t\t<div class=\"elementor-widget-container\">\n\t\t\t<h2 class=\"elementor-heading-title elementor-size-default\">JEEP SAFARI<\/h2>\t\t<\/div>\n\t\t\t\t<\/div>\n\t\t\t\t\t<\/div>\n\t\t\t\t<\/div>\n\t\t<div class=\"elementor-element elementor-element-dad5dbd e-flex e-con-boxed e-con e-parent\" data-id=\"dad5dbd\" data-element_type=\"container\">\n\t\t\t\t\t<div class=\"e-con-inner\">\n\t\t<div class=\"elementor-element elementor-element-a9eb13c e-con-full e-flex e-con e-child\" data-id=\"a9eb13c\" data-element_type=\"container\">\n\t\t\t\t<div class=\"elementor-element elementor-element-8ba92fc elementor-widget elementor-widget-heading\" data-id=\"8ba92fc\" data-element_type=\"widget\" data-widget_type=\"heading.default\">\n\t\t\t\t<div class=\"elementor-widget-container\">\n\t\t\t<h2 class=\"elementor-heading-title elementor-size-default\">Jeep Safari Hakk\u0131nda Genel Bilgiler<\/h2>\t\t<\/div>\n\t\t\t\t<\/div>\n\t\t\t\t<div class=\"elementor-element elementor-element-316dc4f elementor-widget elementor-widget-text-editor\" data-id=\"316dc4f\" data-element_type=\"widget\" data-widget_type=\"text-editor.default\">\n\t\t\t\t<div class=\"elementor-widget-container\">\n\t\t\t\t\t\t\t<p>Bu turda macera dolu bir g\u00fcn sizi bekliyor! Araziye uygun ara\u00e7larla da\u011flardan nehirlere, huzurlu plajlardan antik limanlara uzanan harika bir yolculu\u011fa \u00e7\u0131kacaks\u0131n\u0131z. Sadece deniz yoluyla veya arazi ara\u00e7lar\u0131yla ula\u015f\u0131labilen antik <strong>Lasos Liman\u0131<\/strong>&#8216;n\u0131 ke\u015ffetme \u015fans\u0131 yakalay\u0131n. E\u011flence ve ke\u015fifle dolu bir g\u00fcn i\u00e7in haz\u0131r olun!<\/p>\t\t\t\t\t\t<\/div>\n\t\t\t\t<\/div>\n\t\t\t\t<div class=\"elementor-element elementor-element-38ba9f0 elementor-widget elementor-widget-heading\" data-id=\"38ba9f0\" data-element_type=\"widget\" data-widget_type=\"heading.default\">\n\t\t\t\t<div class=\"elementor-widget-container\">\n\t\t\t<h2 class=\"elementor-heading-title elementor-size-default\">Tur Program\u0131 Nedir?<\/h2>\t\t<\/div>\n\t\t\t\t<\/div>\n\t\t\t\t<div class=\"elementor-element elementor-element-9009b53 elementor-widget elementor-widget-text-editor\" data-id=\"9009b53\" data-element_type=\"widget\" data-widget_type=\"text-editor.default\">\n\t\t\t\t<div class=\"elementor-widget-container\">\n\t\t\t\t\t\t\t<p>Sizi adresinizden al\u0131yoruz ve jeep safari maceram\u0131z ba\u015fl\u0131yor. Da\u011f yollar\u0131nda, nehir yataklar\u0131nda ve do\u011fal plajlarda ilerlerken b\u00fcy\u00fcleyici manzaralar e\u015fli\u011finde unutulmaz bir yolculu\u011fa \u00e7\u0131k\u0131yoruz. Tur s\u0131ras\u0131nda, yaln\u0131zca \u00f6zel ara\u00e7larla ula\u015f\u0131labilen antik Lasos Liman\u0131 gibi tarihi yerleri ziyaret ediyoruz. G\u00fcn boyunca farkl\u0131 noktalarda molalar veriliyor ve \u00f6\u011fle yeme\u011fi sunuluyor. Tur sonunda sizi konaklaman\u0131za geri b\u0131rak\u0131yoruz.<\/p>\t\t\t\t\t\t<\/div>\n\t\t\t\t<\/div>\n\t\t\t\t<div class=\"elementor-element elementor-element-3dd3992 elementor-widget elementor-widget-heading\" data-id=\"3dd3992\" data-element_type=\"widget\" data-widget_type=\"heading.default\">\n\t\t\t\t<div class=\"elementor-widget-container\">\n\t\t\t<h2 class=\"elementor-heading-title elementor-size-default\">Fiyata Neler Dahildir?<\/h2>\t\t<\/div>\n\t\t\t\t<\/div>\n\t\t\t\t<div class=\"elementor-element elementor-element-85067a5 elementor-widget elementor-widget-text-editor\" data-id=\"85067a5\" data-element_type=\"widget\" data-widget_type=\"text-editor.default\">\n\t\t\t\t<div class=\"elementor-widget-container\">\n\t\t\t\t\t\t\t<p>Tur fiyat\u0131na \u00e7ift y\u00f6nl\u00fc transfer, jeep safari turu, rehberlik hizmeti ve \u00f6\u011fle yeme\u011fi dahildir.<\/p>\t\t\t\t\t\t<\/div>\n\t\t\t\t<\/div>\n\t\t\t\t<div class=\"elementor-element elementor-element-ade0634 elementor-widget elementor-widget-heading\" data-id=\"ade0634\" data-element_type=\"widget\" data-widget_type=\"heading.default\">\n\t\t\t\t<div class=\"elementor-widget-container\">\n\t\t\t<h2 class=\"elementor-heading-title elementor-size-default\">Tura Nas\u0131l Haz\u0131rlanmal\u0131y\u0131m?<\/h2>\t\t<\/div>\n\t\t\t\t<\/div>\n\t\t\t\t<div class=\"elementor-element elementor-element-60991e9 elementor-widget elementor-widget-text-editor\" data-id=\"60991e9\" data-element_type=\"widget\" data-widget_type=\"text-editor.default\">\n\t\t\t\t<div class=\"elementor-widget-container\">\n\t\t\t\t\t\t\t<p>Safariye uygun giyinmeniz \u00f6nerilir.<\/p>\t\t\t\t\t\t<\/div>\n\t\t\t\t<\/div>\n\t\t\t\t<\/div>\n\t\t<div class=\"elementor-element elementor-element-c2e0db6 e-con-full e-flex e-con e-child\" data-id=\"c2e0db6\" data-element_type=\"container\">\n\t\t\t\t<div class=\"elementor-element elementor-element-3236029 elementor-widget elementor-widget-image\" data-id=\"3236029\" data-element_type=\"widget\" data-widget_type=\"image.default\">\n\t\t\t\t<div class=\"elementor-widget-container\">\n\t\t\t\t\t\t\t\t\t\t\t\t\t<img fetchpriority=\"high\" decoding=\"async\" width=\"1024\" height=\"574\" src=\"https:\/\/zazatour.com\/wp-content\/uploads\/2024\/11\/jeep-safari-2-1024x574.jpg\" class=\"attachment-large size-large wp-image-1652\" alt=\"\" \/>\t\t\t\t\t\t\t\t\t\t\t\t\t<\/div>\n\t\t\t\t<\/div>\n\t\t\t\t<div class=\"elementor-element elementor-element-e0acea5 elementor-widget elementor-widget-image\" data-id=\"e0acea5\" data-element_type=\"widget\" data-widget_type=\"image.default\">\n\t\t\t\t<div class=\"elementor-widget-container\">\n\t\t\t\t\t\t\t\t\t\t\t\t\t<img decoding=\"async\" width=\"620\" height=\"391\" src=\"https:\/\/zazatour.com\/wp-content\/uploads\/2024\/11\/jeep-safari.jpg\" class=\"attachment-large size-large wp-image-1653\" alt=\"\" \/>\t\t\t\t\t\t\t\t\t\t\t\t\t<\/div>\n\t\t\t\t<\/div>\n\t\t\t\t<\/div>\n\t\t\t\t\t<\/div>\n\t\t\t\t<\/div>\n\t\t<div class=\"elementor-element elementor-element-12ea904 e-flex e-con-boxed e-con e-parent\" data-id=\"12ea904\" data-element_type=\"container\">\n\t\t\t\t\t<div class=\"e-con-inner\">\n\t\t\t\t<div class=\"elementor-element elementor-element-bf5eac5 elementor-widget elementor-widget-image\" data-id=\"bf5eac5\" data-element_type=\"widget\" data-widget_type=\"image.default\">\n\t\t\t\t<div class=\"elementor-widget-container\">\n\t\t\t\t\t\t\t\t\t\t\t\t\t<img decoding=\"async\" width=\"284\" height=\"96\" src=\"https:\/\/zazatour.com\/wp-content\/uploads\/2024\/12\/fiyat-etiketleri-2.png\" class=\"attachment-large size-large wp-image-2268\" alt=\"\" \/>\t\t\t\t\t\t\t\t\t\t\t\t\t<\/div>\n\t\t\t\t<\/div>\n\t\t\t\t\t<\/div>\n\t\t\t\t<\/div>\n\t\t\t\t<\/div>\n\t\t","protected":false},"excerpt":{"rendered":"<p>JEEP SAFARI Jeep Safari Hakk\u0131nda Genel Bilgiler Bu turda macera dolu bir g\u00fcn sizi bekliyor! Araziye uygun ara\u00e7larla da\u011flardan nehirlere, huzurlu plajlardan antik limanlara uzanan harika bir yolculu\u011fa \u00e7\u0131kacaks\u0131n\u0131z. Sadece deniz yoluyla veya arazi ara\u00e7lar\u0131yla ula\u015f\u0131labilen antik Lasos Liman\u0131&#8216;n\u0131 ke\u015ffetme \u015fans\u0131 yakalay\u0131n. E\u011flence ve ke\u015fifle dolu bir g\u00fcn i\u00e7in haz\u0131r olun! Tur Program\u0131 Nedir? Sizi [&hellip;]<\/p>\n","protected":false},"author":1,"featured_media":0,"parent":0,"menu_order":0,"comment_status":"closed","ping_status":"closed","template":"","meta":{"_uag_custom_page_level_css":"","site-sidebar-layout":"no-sidebar","site-content-layout":"page-builder","ast-site-content-layout":"full-width-container","site-content-style":"default","site-sidebar-style":"default","ast-global-header-display":"","ast-banner-title-visibility":"","ast-main-header-display":"","ast-hfb-above-header-display":"","ast-hfb-below-header-display":"","ast-hfb-mobile-header-display":"","site-post-title":"disabled","ast-breadcrumbs-content":"","ast-featured-img":"disabled","footer-sml-layout":"","theme-transparent-header-meta":"","adv-header-id-meta":"","stick-header-meta":"","header-above-stick-meta":"","header-main-stick-meta":"","header-below-stick-meta":"","astra-migrate-meta-layouts":"set","ast-page-background-enabled":"default","ast-page-background-meta":{"desktop":{"background-color":"var(--ast-global-color-4)","background-image":"","background-repeat":"repeat","background-position":"center center","background-size":"auto","background-attachment":"scroll","background-type":"","background-media":"","overlay-type":"","overlay-color":"","overlay-opacity":"","overlay-gradient":""},"tablet":{"background-color":"","background-image":"","background-repeat":"repeat","background-position":"center center","background-size":"auto","background-attachment":"scroll","background-type":"","background-media":"","overlay-type":"","overlay-color":"","overlay-opacity":"","overlay-gradient":""},"mobile":{"background-color":"","background-image":"","background-repeat":"repeat","background-position":"center center","background-size":"auto","background-attachment":"scroll","background-type":"","background-media":"","overlay-type":"","overlay-color":"","overlay-opacity":"","overlay-gradient":""}},"ast-content-background-meta":{"desktop":{"background-color":"var(--ast-global-color-5)","background-image":"","background-repeat":"repeat","background-position":"center center","background-size":"auto","background-attachment":"scroll","background-type":"","background-media":"","overlay-type":"","overlay-color":"","overlay-opacity":"","overlay-gradient":""},"tablet":{"background-color":"var(--ast-global-color-5)","background-image":"","background-repeat":"repeat","background-position":"center center","background-size":"auto","background-attachment":"scroll","background-type":"","background-media":"","overlay-type":"","overlay-color":"","overlay-opacity":"","overlay-gradient":""},"mobile":{"background-color":"var(--ast-global-color-5)","background-image":"","background-repeat":"repeat","background-position":"center center","background-size":"auto","background-attachment":"scroll","background-type":"","background-media":"","overlay-type":"","overlay-color":"","overlay-opacity":"","overlay-gradient":""}},"footnotes":""},"class_list":["post-1343","page","type-page","status-publish","hentry"],"aioseo_notices":[],"uagb_featured_image_src":{"full":false,"thumbnail":false,"medium":false,"medium_large":false,"large":false,"1536x1536":false,"2048x2048":false},"uagb_author_info":{"display_name":"alicemozkaya@gmail.com","author_link":"https:\/\/zazatour.com\/?author=1"},"uagb_comment_info":0,"uagb_excerpt":"JEEP SAFARI Jeep Safari Hakk\u0131nda Genel Bilgiler Bu turda macera dolu bir g\u00fcn sizi bekliyor! Araziye uygun ara\u00e7larla da\u011flardan nehirlere, huzurlu plajlardan antik limanlara uzanan harika bir yolculu\u011fa \u00e7\u0131kacaks\u0131n\u0131z. Sadece deniz yoluyla veya arazi ara\u00e7lar\u0131yla ula\u015f\u0131labilen antik Lasos Liman\u0131&#8216;n\u0131 ke\u015ffetme \u015fans\u0131 yakalay\u0131n. E\u011flence ve ke\u015fifle dolu bir g\u00fcn i\u00e7in haz\u0131r olun! Tur Program\u0131 Nedir? Sizi&hellip;","rttpg_featured_image_url":null,"rttpg_author":{"display_name":"alicemozkaya@gmail.com","author_link":"https:\/\/zazatour.com\/?author=1"},"rttpg_comment":0,"rttpg_category":" <a href=\"https:\/\/zazatour.com\/\" rel=\"tag\">T\u00fcrk\u00e7e<\/a>","rttpg_excerpt":"JEEP SAFARI Jeep Safari Hakk\u0131nda Genel Bilgiler Bu turda macera dolu bir g\u00fcn sizi bekliyor! Araziye uygun ara\u00e7larla da\u011flardan nehirlere, huzurlu plajlardan antik limanlara uzanan harika bir yolculu\u011fa \u00e7\u0131kacaks\u0131n\u0131z. Sadece deniz yoluyla veya arazi ara\u00e7lar\u0131yla ula\u015f\u0131labilen antik Lasos Liman\u0131&#8216;n\u0131 ke\u015ffetme \u015fans\u0131 yakalay\u0131n. E\u011flence ve ke\u015fifle dolu bir g\u00fcn i\u00e7in haz\u0131r olun! Tur Program\u0131 Nedir? Sizi&hellip;","_links":{"self":[{"href":"https:\/\/zazatour.com\/index.php?rest_route=\/wp\/v2\/pages\/1343"}],"collection":[{"href":"https:\/\/zazatour.com\/index.php?rest_route=\/wp\/v2\/pages"}],"about":[{"href":"https:\/\/zazatour.com\/index.php?rest_route=\/wp\/v2\/types\/page"}],"author":[{"embeddable":true,"href":"https:\/\/zazatour.com\/index.php?rest_route=\/wp\/v2\/users\/1"}],"replies":[{"embeddable":true,"href":"https:\/\/zazatour.com\/index.php?rest_route=%2Fwp%2Fv2%2Fcomments&post=1343"}],"version-history":[{"count":7,"href":"https:\/\/zazatour.com\/index.php?rest_route=\/wp\/v2\/pages\/1343\/revisions"}],"predecessor-version":[{"id":2314,"href":"https:\/\/zazatour.com\/index.php?rest_route=\/wp\/v2\/pages\/1343\/revisions\/2314"}],"wp:attachment":[{"href":"https:\/\/zazatour.com\/index.php?rest_route=%2Fwp%2Fv2%2Fmedia&parent=1343"}],"curies":[{"name":"wp","href":"https:\/\/api.w.org\/{rel}","templated":true}]}}