{"id":1347,"date":"2024-11-16T15:47:31","date_gmt":"2024-11-16T15:47:31","guid":{"rendered":"https:\/\/zazatour.com\/?page_id=1347"},"modified":"2025-04-13T17:30:14","modified_gmt":"2025-04-13T17:30:14","slug":"adaland","status":"publish","type":"page","link":"https:\/\/zazatour.com\/?page_id=1347","title":{"rendered":"Adaland"},"content":{"rendered":"\t\t<div data-elementor-type=\"wp-page\" data-elementor-id=\"1347\" class=\"elementor elementor-1347\">\n\t\t\t\t<div class=\"elementor-element elementor-element-def63a4 e-flex e-con-boxed e-con e-parent\" data-id=\"def63a4\" data-element_type=\"container\">\n\t\t\t\t\t<div class=\"e-con-inner\">\n\t\t\t\t<div class=\"elementor-element elementor-element-3488cda elementor-widget elementor-widget-heading\" data-id=\"3488cda\" data-element_type=\"widget\" data-widget_type=\"heading.default\">\n\t\t\t\t<div class=\"elementor-widget-container\">\n\t\t\t<h2 class=\"elementor-heading-title elementor-size-default\">ADALAND SU PARKI<\/h2>\t\t<\/div>\n\t\t\t\t<\/div>\n\t\t\t\t\t<\/div>\n\t\t\t\t<\/div>\n\t\t<div class=\"elementor-element elementor-element-f10d1a3 e-flex e-con-boxed e-con e-parent\" data-id=\"f10d1a3\" data-element_type=\"container\">\n\t\t\t\t\t<div class=\"e-con-inner\">\n\t\t<div class=\"elementor-element elementor-element-588ec93 e-con-full e-flex e-con e-child\" data-id=\"588ec93\" data-element_type=\"container\">\n\t\t\t\t<div class=\"elementor-element elementor-element-737f958 elementor-widget elementor-widget-heading\" data-id=\"737f958\" data-element_type=\"widget\" data-widget_type=\"heading.default\">\n\t\t\t\t<div class=\"elementor-widget-container\">\n\t\t\t<h2 class=\"elementor-heading-title elementor-size-default\">Adaland Su Park\u0131 Hakk\u0131nda Genel Bilgi<\/h2>\t\t<\/div>\n\t\t\t\t<\/div>\n\t\t\t\t<div class=\"elementor-element elementor-element-1f35f30 elementor-widget elementor-widget-text-editor\" data-id=\"1f35f30\" data-element_type=\"widget\" data-widget_type=\"text-editor.default\">\n\t\t\t\t<div class=\"elementor-widget-container\">\n\t\t\t\t\t\t\t<p>Ku\u015fadas\u0131\u2019n\u0131n en serin noktas\u0131 Adaland, d\u00fcnyan\u0131n en iyi 10 su park\u0131ndan biri olarak size ve ailenize tam g\u00fcn s\u00fcren bir e\u011flence vaat ediyor! Macera dolu kayd\u0131raklar, havuzlar ve g\u00fcne\u015flenme alanlar\u0131yla dolu bu parkta, hem adrenalin hem de rahatlaman\u0131n keyfini \u00e7\u0131karacaks\u0131n\u0131z.<br \/>S\u00f6rf havuzunda dalgalara meydan okuyabilir, serin mavi sularda ferahlayabilir ya da \u00e7\u0131lg\u0131n su kayd\u0131raklar\u0131ndan h\u0131zla kayarak heyecan\u0131 doruklarda ya\u015fayabilirsiniz. Daha sakin bir g\u00fcn ge\u00e7irmek isterseniz, tembel nehirde s\u00fcz\u00fclebilir veya yemye\u015fil \u00e7imenliklerde g\u00fcne\u015flenebilirsiniz. K\u00fc\u00e7\u00fck misafirler i\u00e7in g\u00fcvenli bir oyun alan\u0131 da bulunan Adaland, her ya\u015ftan ziyaret\u00e7iye unutulmaz anlar sunuyor!<\/p>\t\t\t\t\t\t<\/div>\n\t\t\t\t<\/div>\n\t\t\t\t<div class=\"elementor-element elementor-element-4de76a4 elementor-widget elementor-widget-heading\" data-id=\"4de76a4\" data-element_type=\"widget\" data-widget_type=\"heading.default\">\n\t\t\t\t<div class=\"elementor-widget-container\">\n\t\t\t<h2 class=\"elementor-heading-title elementor-size-default\">Tur Program\u0131 Nedir?<\/h2>\t\t<\/div>\n\t\t\t\t<\/div>\n\t\t\t\t<div class=\"elementor-element elementor-element-73294c4 elementor-widget elementor-widget-text-editor\" data-id=\"73294c4\" data-element_type=\"widget\" data-widget_type=\"text-editor.default\">\n\t\t\t\t<div class=\"elementor-widget-container\">\n\t\t\t\t\t\t\t<p>Sabah saatlerinde konaklaman\u0131zdan al\u0131yoruz ve Adaland\u2019a do\u011fru yola \u00e7\u0131k\u0131yoruz. G\u00fcne\u015fin ve suyun tad\u0131n\u0131 \u00e7\u0131karabilece\u011finiz bu harika parkta, t\u00fcm g\u00fcn\u00fcn\u00fcz\u00fc e\u011flenerek ge\u00e7ireceksiniz.<br \/>Adaland\u2019da 25 d\u00f6n\u00fcml\u00fck alanda 20\u2019den fazla heyecan verici kayd\u0131rak, havuz ve atraksiyon sizi bekliyor. \u00c7ocuklar, g\u00fcvenli oyun alan\u0131nda e\u011flenirken, yeti\u015fkinler hem heyecan dolu kayd\u0131raklar\u0131n hem de serin sularda rahatlaman\u0131n keyfini \u00e7\u0131karabilir. Ayr\u0131ca, \u00f6\u011fle yeme\u011finiz i\u00e7in bir\u00e7ok se\u00e7enek mevcut.<br \/>Tur sonunda ak\u015fam saatlerinde konaklaman\u0131za geri d\u00f6n\u00fc\u015f sa\u011fl\u0131yoruz.<\/p>\t\t\t\t\t\t<\/div>\n\t\t\t\t<\/div>\n\t\t\t\t<div class=\"elementor-element elementor-element-a848ecf elementor-widget elementor-widget-heading\" data-id=\"a848ecf\" data-element_type=\"widget\" data-widget_type=\"heading.default\">\n\t\t\t\t<div class=\"elementor-widget-container\">\n\t\t\t<h2 class=\"elementor-heading-title elementor-size-default\">Fiyata Neler Dahildir?<\/h2>\t\t<\/div>\n\t\t\t\t<\/div>\n\t\t\t\t<div class=\"elementor-element elementor-element-92981c8 elementor-widget elementor-widget-text-editor\" data-id=\"92981c8\" data-element_type=\"widget\" data-widget_type=\"text-editor.default\">\n\t\t\t\t<div class=\"elementor-widget-container\">\n\t\t\t\t\t\t\t<p>Tur fiyat\u0131na \u00e7ift y\u00f6nl\u00fc transfer ve Adaland giri\u015f \u00fccreti dahildir.<\/p>\t\t\t\t\t\t<\/div>\n\t\t\t\t<\/div>\n\t\t\t\t<div class=\"elementor-element elementor-element-954c8ac elementor-widget elementor-widget-heading\" data-id=\"954c8ac\" data-element_type=\"widget\" data-widget_type=\"heading.default\">\n\t\t\t\t<div class=\"elementor-widget-container\">\n\t\t\t<h2 class=\"elementor-heading-title elementor-size-default\">Ekstralar<\/h2>\t\t<\/div>\n\t\t\t\t<\/div>\n\t\t\t\t<div class=\"elementor-element elementor-element-5ac5a15 elementor-widget elementor-widget-text-editor\" data-id=\"5ac5a15\" data-element_type=\"widget\" data-widget_type=\"text-editor.default\">\n\t\t\t\t<div class=\"elementor-widget-container\">\n\t\t\t\t\t\t\t<p><strong>Dolphin Park:<\/strong> Denizlerin inan\u0131lmaz canl\u0131lar\u0131 olan yunuslarla tan\u0131\u015fmaya haz\u0131r olun! Bu harika parkta yunuslar\u0131n muhte\u015fem g\u00f6sterilerini izleyebilir, onlar\u0131 yak\u0131ndan g\u00f6rebilir, hatta dokunup y\u00fczebilirsiniz. Hayalinizdeki bu e\u015fsiz deneyimi ya\u015famak i\u00e7in Dolphin Park\u2019a mutlaka u\u011fray\u0131n!<\/p><p><strong>Seapark:<\/strong> T\u00fcrkiye\u2019de ve hatta Avrupa\u2019da e\u015fi benzeri olmayan bir deneyim i\u00e7in Seapark sizi bekliyor! Giri\u015fte verilen dal\u0131\u015f k\u0131yafeti, maske ve \u015fnorkel ile kendinizi b\u00fcy\u00fcleyici bir sualt\u0131 d\u00fcnyas\u0131na haz\u0131rlay\u0131n.<br \/><strong>Yap\u0131labilecek Aktiviteler:<\/strong><\/p><ul><li>Mercan kayal\u0131\u011f\u0131 lag\u00fcn\u00fcnde rengarenk tropikal bal\u0131klarla y\u00fczme.<\/li><li>Zarars\u0131z ve dost canl\u0131s\u0131 vatozlarla havuzda y\u00fczme veya y\u00fcr\u00fcme.<\/li><li>\u00c7ocuklar i\u00e7in g\u00fcvenli oyun havuzunda e\u011flenme.<\/li><li>Timsahlar\u0131 yak\u0131ndan g\u00f6rme ve besleme.<\/li><li>Saat 14:00 ve 16:00\u2019da vatozlar\u0131 elle besleme.<\/li><li>Tepedeki restoran\u0131nda istedi\u011finiz zaman \u00f6\u011fle yeme\u011fi.<\/li><\/ul>\t\t\t\t\t\t<\/div>\n\t\t\t\t<\/div>\n\t\t\t\t<div class=\"elementor-element elementor-element-52f4c25 elementor-widget elementor-widget-heading\" data-id=\"52f4c25\" data-element_type=\"widget\" data-widget_type=\"heading.default\">\n\t\t\t\t<div class=\"elementor-widget-container\">\n\t\t\t<h2 class=\"elementor-heading-title elementor-size-default\">Tura Haz\u0131rl\u0131k \u0130\u00e7in Neler Yapmal\u0131y\u0131m?<\/h2>\t\t<\/div>\n\t\t\t\t<\/div>\n\t\t\t\t<div class=\"elementor-element elementor-element-58ac098 elementor-widget elementor-widget-text-editor\" data-id=\"58ac098\" data-element_type=\"widget\" data-widget_type=\"text-editor.default\">\n\t\t\t\t<div class=\"elementor-widget-container\">\n\t\t\t\t\t\t\t<p>\u0130\u00e7eride yiyecek, i\u00e7ecek gibi ihtiya\u00e7lar\u0131n\u0131z ve ekstra giri\u015f \u00fccreti olan alanlar i\u00e7in haz\u0131rl\u0131kl\u0131 olman\u0131z\u0131 \u00f6neririz.<\/p>\t\t\t\t\t\t<\/div>\n\t\t\t\t<\/div>\n\t\t\t\t<\/div>\n\t\t<div class=\"elementor-element elementor-element-ebff8c8 e-con-full e-flex e-con e-child\" data-id=\"ebff8c8\" data-element_type=\"container\">\n\t\t\t\t<div class=\"elementor-element elementor-element-b24c85a elementor-widget elementor-widget-image\" data-id=\"b24c85a\" data-element_type=\"widget\" data-widget_type=\"image.default\">\n\t\t\t\t<div class=\"elementor-widget-container\">\n\t\t\t\t\t\t\t\t\t\t\t\t\t<img fetchpriority=\"high\" decoding=\"async\" width=\"717\" height=\"538\" src=\"https:\/\/zazatour.com\/wp-content\/uploads\/2024\/11\/adaland1.jpg\" class=\"attachment-large size-large wp-image-1690\" alt=\"\" \/>\t\t\t\t\t\t\t\t\t\t\t\t\t<\/div>\n\t\t\t\t<\/div>\n\t\t\t\t<div class=\"elementor-element elementor-element-af40ba2 elementor-widget elementor-widget-image\" data-id=\"af40ba2\" data-element_type=\"widget\" data-widget_type=\"image.default\">\n\t\t\t\t<div class=\"elementor-widget-container\">\n\t\t\t\t\t\t\t\t\t\t\t\t\t<img decoding=\"async\" width=\"600\" height=\"398\" src=\"https:\/\/zazatour.com\/wp-content\/uploads\/2024\/11\/adaland3.png\" class=\"attachment-large size-large wp-image-1691\" alt=\"\" \/>\t\t\t\t\t\t\t\t\t\t\t\t\t<\/div>\n\t\t\t\t<\/div>\n\t\t\t\t<div class=\"elementor-element elementor-element-43e0e8b elementor-widget elementor-widget-image\" data-id=\"43e0e8b\" data-element_type=\"widget\" data-widget_type=\"image.default\">\n\t\t\t\t<div class=\"elementor-widget-container\">\n\t\t\t\t\t\t\t\t\t\t\t\t\t<img decoding=\"async\" width=\"1024\" height=\"680\" src=\"https:\/\/zazatour.com\/wp-content\/uploads\/2024\/11\/adaland5-1024x680.jpg\" class=\"attachment-large size-large wp-image-1692\" alt=\"\" \/>\t\t\t\t\t\t\t\t\t\t\t\t\t<\/div>\n\t\t\t\t<\/div>\n\t\t\t\t<div class=\"elementor-element elementor-element-7a46252 elementor-widget elementor-widget-image\" data-id=\"7a46252\" data-element_type=\"widget\" data-widget_type=\"image.default\">\n\t\t\t\t<div class=\"elementor-widget-container\">\n\t\t\t\t\t\t\t\t\t\t\t\t\t<img loading=\"lazy\" decoding=\"async\" width=\"1018\" height=\"1024\" src=\"https:\/\/zazatour.com\/wp-content\/uploads\/2024\/11\/adaland2-1018x1024.jpg\" class=\"attachment-large size-large wp-image-1693\" alt=\"\" \/>\t\t\t\t\t\t\t\t\t\t\t\t\t<\/div>\n\t\t\t\t<\/div>\n\t\t\t\t<\/div>\n\t\t\t\t\t<\/div>\n\t\t\t\t<\/div>\n\t\t<div class=\"elementor-element elementor-element-c225f44 e-flex e-con-boxed e-con e-parent\" data-id=\"c225f44\" data-element_type=\"container\">\n\t\t\t\t\t<div class=\"e-con-inner\">\n\t\t\t\t<div class=\"elementor-element elementor-element-9ca3c35 elementor-widget elementor-widget-image\" data-id=\"9ca3c35\" data-element_type=\"widget\" data-widget_type=\"image.default\">\n\t\t\t\t<div class=\"elementor-widget-container\">\n\t\t\t\t\t\t\t\t\t\t\t\t\t<img loading=\"lazy\" decoding=\"async\" width=\"398\" height=\"132\" src=\"https:\/\/zazatour.com\/wp-content\/uploads\/2025\/04\/scuba-40.png\" class=\"attachment-large size-large wp-image-2835\" alt=\"\" \/>\t\t\t\t\t\t\t\t\t\t\t\t\t<\/div>\n\t\t\t\t<\/div>\n\t\t\t\t\t<\/div>\n\t\t\t\t<\/div>\n\t\t\t\t<\/div>\n\t\t","protected":false},"excerpt":{"rendered":"<p>ADALAND SU PARKI Adaland Su Park\u0131 Hakk\u0131nda Genel Bilgi Ku\u015fadas\u0131\u2019n\u0131n en serin noktas\u0131 Adaland, d\u00fcnyan\u0131n en iyi 10 su park\u0131ndan biri olarak size ve ailenize tam g\u00fcn s\u00fcren bir e\u011flence vaat ediyor! Macera dolu kayd\u0131raklar, havuzlar ve g\u00fcne\u015flenme alanlar\u0131yla dolu bu parkta, hem adrenalin hem de rahatlaman\u0131n keyfini \u00e7\u0131karacaks\u0131n\u0131z.S\u00f6rf havuzunda dalgalara meydan okuyabilir, serin mavi [&hellip;]<\/p>\n","protected":false},"author":1,"featured_media":0,"parent":0,"menu_order":0,"comment_status":"closed","ping_status":"closed","template":"","meta":{"_uag_custom_page_level_css":"","site-sidebar-layout":"no-sidebar","site-content-layout":"page-builder","ast-site-content-layout":"full-width-container","site-content-style":"default","site-sidebar-style":"default","ast-global-header-display":"","ast-banner-title-visibility":"","ast-main-header-display":"","ast-hfb-above-header-display":"","ast-hfb-below-header-display":"","ast-hfb-mobile-header-display":"","site-post-title":"disabled","ast-breadcrumbs-content":"","ast-featured-img":"disabled","footer-sml-layout":"","theme-transparent-header-meta":"","adv-header-id-meta":"","stick-header-meta":"","header-above-stick-meta":"","header-main-stick-meta":"","header-below-stick-meta":"","astra-migrate-meta-layouts":"set","ast-page-background-enabled":"default","ast-page-background-meta":{"desktop":{"background-color":"var(--ast-global-color-4)","background-image":"","background-repeat":"repeat","background-position":"center center","background-size":"auto","background-attachment":"scroll","background-type":"","background-media":"","overlay-type":"","overlay-color":"","overlay-opacity":"","overlay-gradient":""},"tablet":{"background-color":"","background-image":"","background-repeat":"repeat","background-position":"center center","background-size":"auto","background-attachment":"scroll","background-type":"","background-media":"","overlay-type":"","overlay-color":"","overlay-opacity":"","overlay-gradient":""},"mobile":{"background-color":"","background-image":"","background-repeat":"repeat","background-position":"center center","background-size":"auto","background-attachment":"scroll","background-type":"","background-media":"","overlay-type":"","overlay-color":"","overlay-opacity":"","overlay-gradient":""}},"ast-content-background-meta":{"desktop":{"background-color":"var(--ast-global-color-5)","background-image":"","background-repeat":"repeat","background-position":"center center","background-size":"auto","background-attachment":"scroll","background-type":"","background-media":"","overlay-type":"","overlay-color":"","overlay-opacity":"","overlay-gradient":""},"tablet":{"background-color":"var(--ast-global-color-5)","background-image":"","background-repeat":"repeat","background-position":"center center","background-size":"auto","background-attachment":"scroll","background-type":"","background-media":"","overlay-type":"","overlay-color":"","overlay-opacity":"","overlay-gradient":""},"mobile":{"background-color":"var(--ast-global-color-5)","background-image":"","background-repeat":"repeat","background-position":"center center","background-size":"auto","background-attachment":"scroll","background-type":"","background-media":"","overlay-type":"","overlay-color":"","overlay-opacity":"","overlay-gradient":""}},"footnotes":""},"class_list":["post-1347","page","type-page","status-publish","hentry"],"aioseo_notices":[],"uagb_featured_image_src":{"full":false,"thumbnail":false,"medium":false,"medium_large":false,"large":false,"1536x1536":false,"2048x2048":false},"uagb_author_info":{"display_name":"alicemozkaya@gmail.com","author_link":"https:\/\/zazatour.com\/?author=1"},"uagb_comment_info":0,"uagb_excerpt":"ADALAND SU PARKI Adaland Su Park\u0131 Hakk\u0131nda Genel Bilgi Ku\u015fadas\u0131\u2019n\u0131n en serin noktas\u0131 Adaland, d\u00fcnyan\u0131n en iyi 10 su park\u0131ndan biri olarak size ve ailenize tam g\u00fcn s\u00fcren bir e\u011flence vaat ediyor! Macera dolu kayd\u0131raklar, havuzlar ve g\u00fcne\u015flenme alanlar\u0131yla dolu bu parkta, hem adrenalin hem de rahatlaman\u0131n keyfini \u00e7\u0131karacaks\u0131n\u0131z.S\u00f6rf havuzunda dalgalara meydan okuyabilir, serin mavi&hellip;","rttpg_featured_image_url":null,"rttpg_author":{"display_name":"alicemozkaya@gmail.com","author_link":"https:\/\/zazatour.com\/?author=1"},"rttpg_comment":0,"rttpg_category":" <a href=\"https:\/\/zazatour.com\/\" rel=\"tag\">T\u00fcrk\u00e7e<\/a>","rttpg_excerpt":"ADALAND SU PARKI Adaland Su Park\u0131 Hakk\u0131nda Genel Bilgi Ku\u015fadas\u0131\u2019n\u0131n en serin noktas\u0131 Adaland, d\u00fcnyan\u0131n en iyi 10 su park\u0131ndan biri olarak size ve ailenize tam g\u00fcn s\u00fcren bir e\u011flence vaat ediyor! Macera dolu kayd\u0131raklar, havuzlar ve g\u00fcne\u015flenme alanlar\u0131yla dolu bu parkta, hem adrenalin hem de rahatlaman\u0131n keyfini \u00e7\u0131karacaks\u0131n\u0131z.S\u00f6rf havuzunda dalgalara meydan okuyabilir, serin mavi&hellip;","_links":{"self":[{"href":"https:\/\/zazatour.com\/index.php?rest_route=\/wp\/v2\/pages\/1347"}],"collection":[{"href":"https:\/\/zazatour.com\/index.php?rest_route=\/wp\/v2\/pages"}],"about":[{"href":"https:\/\/zazatour.com\/index.php?rest_route=\/wp\/v2\/types\/page"}],"author":[{"embeddable":true,"href":"https:\/\/zazatour.com\/index.php?rest_route=\/wp\/v2\/users\/1"}],"replies":[{"embeddable":true,"href":"https:\/\/zazatour.com\/index.php?rest_route=%2Fwp%2Fv2%2Fcomments&post=1347"}],"version-history":[{"count":16,"href":"https:\/\/zazatour.com\/index.php?rest_route=\/wp\/v2\/pages\/1347\/revisions"}],"predecessor-version":[{"id":2859,"href":"https:\/\/zazatour.com\/index.php?rest_route=\/wp\/v2\/pages\/1347\/revisions\/2859"}],"wp:attachment":[{"href":"https:\/\/zazatour.com\/index.php?rest_route=%2Fwp%2Fv2%2Fmedia&parent=1347"}],"curies":[{"name":"wp","href":"https:\/\/api.w.org\/{rel}","templated":true}]}}