{"id":1351,"date":"2024-11-16T15:48:00","date_gmt":"2024-11-16T15:48:00","guid":{"rendered":"https:\/\/zazatour.com\/?page_id=1351"},"modified":"2024-12-06T10:17:07","modified_gmt":"2024-12-06T10:17:07","slug":"horse-safari","status":"publish","type":"page","link":"https:\/\/zazatour.com\/?page_id=1351","title":{"rendered":"Horse Safari"},"content":{"rendered":"\t\t<div data-elementor-type=\"wp-page\" data-elementor-id=\"1351\" class=\"elementor elementor-1351\">\n\t\t\t\t<div class=\"elementor-element elementor-element-4d66a04 e-flex e-con-boxed e-con e-parent\" data-id=\"4d66a04\" data-element_type=\"container\">\n\t\t\t\t\t<div class=\"e-con-inner\">\n\t\t\t\t<div class=\"elementor-element elementor-element-5b6dfbb elementor-widget elementor-widget-heading\" data-id=\"5b6dfbb\" data-element_type=\"widget\" data-widget_type=\"heading.default\">\n\t\t\t\t<div class=\"elementor-widget-container\">\n\t\t\t<h2 class=\"elementor-heading-title elementor-size-default\">HORSE SAFARI<\/h2>\t\t<\/div>\n\t\t\t\t<\/div>\n\t\t\t\t\t<\/div>\n\t\t\t\t<\/div>\n\t\t<div class=\"elementor-element elementor-element-f86a9fd e-flex e-con-boxed e-con e-parent\" data-id=\"f86a9fd\" data-element_type=\"container\">\n\t\t\t\t\t<div class=\"e-con-inner\">\n\t\t<div class=\"elementor-element elementor-element-c38030c e-con-full e-flex e-con e-child\" data-id=\"c38030c\" data-element_type=\"container\">\n\t\t\t\t<div class=\"elementor-element elementor-element-4d39f19 elementor-widget elementor-widget-heading\" data-id=\"4d39f19\" data-element_type=\"widget\" data-widget_type=\"heading.default\">\n\t\t\t\t<div class=\"elementor-widget-container\">\n\t\t\t<h2 class=\"elementor-heading-title elementor-size-default\">Horse Safari Hakk\u0131nda Genel Bilgi<\/h2>\t\t<\/div>\n\t\t\t\t<\/div>\n\t\t\t\t<div class=\"elementor-element elementor-element-aab3cd4 elementor-widget elementor-widget-text-editor\" data-id=\"aab3cd4\" data-element_type=\"widget\" data-widget_type=\"text-editor.default\">\n\t\t\t\t<div class=\"elementor-widget-container\">\n\t\t\t\t\t\t\t<p>Didim\u2019de do\u011fan\u0131n i\u00e7inde e\u015fsiz bir macera sizi bekliyor! At s\u0131rt\u0131nda hem huzuru hem de heyecan\u0131 bir arada ya\u015fayabilirsiniz. \u0130ster ilk kez ata biniyor olun, ister deneyimli bir binici, bu safari herkes i\u00e7in uygun. Profesyonel e\u011fitmenler e\u015fli\u011finde, Didim\u2019in e\u015fsiz do\u011fas\u0131nda ve sakin vadilerde unutulmaz bir yolculuk yapacaks\u0131n\u0131z. Karada ya da denizde at binme se\u00e7enekleriyle bu deneyimi daha da \u00f6zel k\u0131labilirsiniz. Saat bilgileri ve detaylar i\u00e7in bizimle ileti\u015fime ge\u00e7in.<\/p>\t\t\t\t\t\t<\/div>\n\t\t\t\t<\/div>\n\t\t\t\t<div class=\"elementor-element elementor-element-7ef9c33 elementor-widget elementor-widget-heading\" data-id=\"7ef9c33\" data-element_type=\"widget\" data-widget_type=\"heading.default\">\n\t\t\t\t<div class=\"elementor-widget-container\">\n\t\t\t<h2 class=\"elementor-heading-title elementor-size-default\">Tur Program\u0131 Nedir?<\/h2>\t\t<\/div>\n\t\t\t\t<\/div>\n\t\t\t\t<div class=\"elementor-element elementor-element-79baf35 elementor-widget elementor-widget-text-editor\" data-id=\"79baf35\" data-element_type=\"widget\" data-widget_type=\"text-editor.default\">\n\t\t\t\t<div class=\"elementor-widget-container\">\n\t\t\t\t\t\t\t<p>Sizi konaklaman\u0131zdan al\u0131yoruz ve k\u0131sa bir yolculukla at \u00e7iftli\u011fine ula\u015f\u0131yoruz. Vard\u0131\u011f\u0131m\u0131zda, profesyonel e\u011fitmenlerimiz size gerekli ekipmanlar\u0131 tan\u0131tarak, g\u00fcvenlik kurallar\u0131n\u0131 ve binicilikle ilgili temel bilgileri payla\u015facak. Daha \u00f6nce hi\u00e7 ata binmemi\u015f olsan\u0131z bile endi\u015felenmenize gerek yok; e\u011fitimli ve dost canl\u0131s\u0131 atlar\u0131m\u0131z bu deneyimi g\u00fcvenli ve keyifli hale getiriyor.<\/p><p>Safari s\u0131ras\u0131nda, Didim\u2019in b\u00fcy\u00fcleyici do\u011fas\u0131nda, huzurlu vadilerde ve etkileyici manzaralar e\u015fli\u011finde unutulmaz anlar ya\u015fayacaks\u0131n\u0131z. Tur sonunda sizi tekrar konaklaman\u0131za b\u0131rak\u0131yoruz.<\/p>\t\t\t\t\t\t<\/div>\n\t\t\t\t<\/div>\n\t\t\t\t<div class=\"elementor-element elementor-element-885f431 elementor-widget elementor-widget-heading\" data-id=\"885f431\" data-element_type=\"widget\" data-widget_type=\"heading.default\">\n\t\t\t\t<div class=\"elementor-widget-container\">\n\t\t\t<h2 class=\"elementor-heading-title elementor-size-default\">Fiyata Neler Dahildir?<\/h2>\t\t<\/div>\n\t\t\t\t<\/div>\n\t\t\t\t<div class=\"elementor-element elementor-element-c3ce626 elementor-widget elementor-widget-text-editor\" data-id=\"c3ce626\" data-element_type=\"widget\" data-widget_type=\"text-editor.default\">\n\t\t\t\t<div class=\"elementor-widget-container\">\n\t\t\t\t\t\t\t<p>Tur fiyat\u0131na \u00e7ift y\u00f6nl\u00fc transfer, profesyonel e\u011fitmen deste\u011fi ve t\u00fcm g\u00fcvenlik ekipmanlar\u0131 dahildir.<\/p>\t\t\t\t\t\t<\/div>\n\t\t\t\t<\/div>\n\t\t\t\t<div class=\"elementor-element elementor-element-73ccb27 elementor-widget elementor-widget-heading\" data-id=\"73ccb27\" data-element_type=\"widget\" data-widget_type=\"heading.default\">\n\t\t\t\t<div class=\"elementor-widget-container\">\n\t\t\t<h2 class=\"elementor-heading-title elementor-size-default\">Tura Haz\u0131rl\u0131k \u0130\u00e7in Neler Yapmal\u0131y\u0131m?<\/h2>\t\t<\/div>\n\t\t\t\t<\/div>\n\t\t\t\t<div class=\"elementor-element elementor-element-b92a801 elementor-widget elementor-widget-text-editor\" data-id=\"b92a801\" data-element_type=\"widget\" data-widget_type=\"text-editor.default\">\n\t\t\t\t<div class=\"elementor-widget-container\">\n\t\t\t\t\t\t\t<p>Rahat ve hareketinizi k\u0131s\u0131tlamayacak k\u0131yafetler tercih etmeniz \u00f6nerilir.<\/p>\t\t\t\t\t\t<\/div>\n\t\t\t\t<\/div>\n\t\t\t\t<\/div>\n\t\t<div class=\"elementor-element elementor-element-463c48f e-con-full e-flex e-con e-child\" data-id=\"463c48f\" data-element_type=\"container\">\n\t\t\t\t<div class=\"elementor-element elementor-element-3c291f4 elementor-widget elementor-widget-image\" data-id=\"3c291f4\" data-element_type=\"widget\" data-widget_type=\"image.default\">\n\t\t\t\t<div class=\"elementor-widget-container\">\n\t\t\t\t\t\t\t\t\t\t\t\t\t<img fetchpriority=\"high\" decoding=\"async\" width=\"800\" height=\"452\" src=\"https:\/\/zazatour.com\/wp-content\/uploads\/2024\/11\/024828sidehorseridingtour.jpeg\" class=\"attachment-large size-large wp-image-1740\" alt=\"\" \/>\t\t\t\t\t\t\t\t\t\t\t\t\t<\/div>\n\t\t\t\t<\/div>\n\t\t\t\t<div class=\"elementor-element elementor-element-334d503 elementor-widget elementor-widget-image\" data-id=\"334d503\" data-element_type=\"widget\" data-widget_type=\"image.default\">\n\t\t\t\t<div class=\"elementor-widget-container\">\n\t\t\t\t\t\t\t\t\t\t\t\t\t<img decoding=\"async\" width=\"515\" height=\"515\" src=\"https:\/\/zazatour.com\/wp-content\/uploads\/2024\/11\/WhatsApp-Image-2024-05-03-at-21.11.27.jpeg\" class=\"attachment-large size-large wp-image-1723\" alt=\"\" \/>\t\t\t\t\t\t\t\t\t\t\t\t\t<\/div>\n\t\t\t\t<\/div>\n\t\t\t\t<\/div>\n\t\t\t\t\t<\/div>\n\t\t\t\t<\/div>\n\t\t<div class=\"elementor-element elementor-element-6ce6710 e-flex e-con-boxed e-con e-parent\" data-id=\"6ce6710\" data-element_type=\"container\">\n\t\t\t\t\t<div class=\"e-con-inner\">\n\t\t\t\t<div class=\"elementor-element elementor-element-900887d elementor-widget elementor-widget-image\" data-id=\"900887d\" data-element_type=\"widget\" data-widget_type=\"image.default\">\n\t\t\t\t<div class=\"elementor-widget-container\">\n\t\t\t\t\t\t\t\t\t\t\t\t\t<img decoding=\"async\" width=\"284\" height=\"96\" src=\"https:\/\/zazatour.com\/wp-content\/uploads\/2024\/12\/horse-safari-fiyat.png\" class=\"attachment-large size-large wp-image-2318\" alt=\"\" \/>\t\t\t\t\t\t\t\t\t\t\t\t\t<\/div>\n\t\t\t\t<\/div>\n\t\t\t\t\t<\/div>\n\t\t\t\t<\/div>\n\t\t\t\t<\/div>\n\t\t","protected":false},"excerpt":{"rendered":"<p>HORSE SAFARI Horse Safari Hakk\u0131nda Genel Bilgi Didim\u2019de do\u011fan\u0131n i\u00e7inde e\u015fsiz bir macera sizi bekliyor! At s\u0131rt\u0131nda hem huzuru hem de heyecan\u0131 bir arada ya\u015fayabilirsiniz. \u0130ster ilk kez ata biniyor olun, ister deneyimli bir binici, bu safari herkes i\u00e7in uygun. Profesyonel e\u011fitmenler e\u015fli\u011finde, Didim\u2019in e\u015fsiz do\u011fas\u0131nda ve sakin vadilerde unutulmaz bir yolculuk yapacaks\u0131n\u0131z. Karada ya [&hellip;]<\/p>\n","protected":false},"author":1,"featured_media":0,"parent":0,"menu_order":0,"comment_status":"closed","ping_status":"closed","template":"","meta":{"_uag_custom_page_level_css":"","site-sidebar-layout":"no-sidebar","site-content-layout":"page-builder","ast-site-content-layout":"full-width-container","site-content-style":"default","site-sidebar-style":"default","ast-global-header-display":"","ast-banner-title-visibility":"","ast-main-header-display":"","ast-hfb-above-header-display":"","ast-hfb-below-header-display":"","ast-hfb-mobile-header-display":"","site-post-title":"disabled","ast-breadcrumbs-content":"","ast-featured-img":"disabled","footer-sml-layout":"","theme-transparent-header-meta":"","adv-header-id-meta":"","stick-header-meta":"","header-above-stick-meta":"","header-main-stick-meta":"","header-below-stick-meta":"","astra-migrate-meta-layouts":"set","ast-page-background-enabled":"default","ast-page-background-meta":{"desktop":{"background-color":"var(--ast-global-color-4)","background-image":"","background-repeat":"repeat","background-position":"center center","background-size":"auto","background-attachment":"scroll","background-type":"","background-media":"","overlay-type":"","overlay-color":"","overlay-opacity":"","overlay-gradient":""},"tablet":{"background-color":"","background-image":"","background-repeat":"repeat","background-position":"center center","background-size":"auto","background-attachment":"scroll","background-type":"","background-media":"","overlay-type":"","overlay-color":"","overlay-opacity":"","overlay-gradient":""},"mobile":{"background-color":"","background-image":"","background-repeat":"repeat","background-position":"center center","background-size":"auto","background-attachment":"scroll","background-type":"","background-media":"","overlay-type":"","overlay-color":"","overlay-opacity":"","overlay-gradient":""}},"ast-content-background-meta":{"desktop":{"background-color":"var(--ast-global-color-5)","background-image":"","background-repeat":"repeat","background-position":"center center","background-size":"auto","background-attachment":"scroll","background-type":"","background-media":"","overlay-type":"","overlay-color":"","overlay-opacity":"","overlay-gradient":""},"tablet":{"background-color":"var(--ast-global-color-5)","background-image":"","background-repeat":"repeat","background-position":"center center","background-size":"auto","background-attachment":"scroll","background-type":"","background-media":"","overlay-type":"","overlay-color":"","overlay-opacity":"","overlay-gradient":""},"mobile":{"background-color":"var(--ast-global-color-5)","background-image":"","background-repeat":"repeat","background-position":"center center","background-size":"auto","background-attachment":"scroll","background-type":"","background-media":"","overlay-type":"","overlay-color":"","overlay-opacity":"","overlay-gradient":""}},"footnotes":""},"class_list":["post-1351","page","type-page","status-publish","hentry"],"aioseo_notices":[],"uagb_featured_image_src":{"full":false,"thumbnail":false,"medium":false,"medium_large":false,"large":false,"1536x1536":false,"2048x2048":false},"uagb_author_info":{"display_name":"alicemozkaya@gmail.com","author_link":"https:\/\/zazatour.com\/?author=1"},"uagb_comment_info":0,"uagb_excerpt":"HORSE SAFARI Horse Safari Hakk\u0131nda Genel Bilgi Didim\u2019de do\u011fan\u0131n i\u00e7inde e\u015fsiz bir macera sizi bekliyor! At s\u0131rt\u0131nda hem huzuru hem de heyecan\u0131 bir arada ya\u015fayabilirsiniz. \u0130ster ilk kez ata biniyor olun, ister deneyimli bir binici, bu safari herkes i\u00e7in uygun. Profesyonel e\u011fitmenler e\u015fli\u011finde, Didim\u2019in e\u015fsiz do\u011fas\u0131nda ve sakin vadilerde unutulmaz bir yolculuk yapacaks\u0131n\u0131z. Karada ya&hellip;","rttpg_featured_image_url":null,"rttpg_author":{"display_name":"alicemozkaya@gmail.com","author_link":"https:\/\/zazatour.com\/?author=1"},"rttpg_comment":0,"rttpg_category":" <a href=\"https:\/\/zazatour.com\/\" rel=\"tag\">T\u00fcrk\u00e7e<\/a>","rttpg_excerpt":"HORSE SAFARI Horse Safari Hakk\u0131nda Genel Bilgi Didim\u2019de do\u011fan\u0131n i\u00e7inde e\u015fsiz bir macera sizi bekliyor! At s\u0131rt\u0131nda hem huzuru hem de heyecan\u0131 bir arada ya\u015fayabilirsiniz. \u0130ster ilk kez ata biniyor olun, ister deneyimli bir binici, bu safari herkes i\u00e7in uygun. Profesyonel e\u011fitmenler e\u015fli\u011finde, Didim\u2019in e\u015fsiz do\u011fas\u0131nda ve sakin vadilerde unutulmaz bir yolculuk yapacaks\u0131n\u0131z. Karada ya&hellip;","_links":{"self":[{"href":"https:\/\/zazatour.com\/index.php?rest_route=\/wp\/v2\/pages\/1351"}],"collection":[{"href":"https:\/\/zazatour.com\/index.php?rest_route=\/wp\/v2\/pages"}],"about":[{"href":"https:\/\/zazatour.com\/index.php?rest_route=\/wp\/v2\/types\/page"}],"author":[{"embeddable":true,"href":"https:\/\/zazatour.com\/index.php?rest_route=\/wp\/v2\/users\/1"}],"replies":[{"embeddable":true,"href":"https:\/\/zazatour.com\/index.php?rest_route=%2Fwp%2Fv2%2Fcomments&post=1351"}],"version-history":[{"count":7,"href":"https:\/\/zazatour.com\/index.php?rest_route=\/wp\/v2\/pages\/1351\/revisions"}],"predecessor-version":[{"id":2324,"href":"https:\/\/zazatour.com\/index.php?rest_route=\/wp\/v2\/pages\/1351\/revisions\/2324"}],"wp:attachment":[{"href":"https:\/\/zazatour.com\/index.php?rest_route=%2Fwp%2Fv2%2Fmedia&parent=1351"}],"curies":[{"name":"wp","href":"https:\/\/api.w.org\/{rel}","templated":true}]}}