{"id":1355,"date":"2024-11-16T15:48:50","date_gmt":"2024-11-16T15:48:50","guid":{"rendered":"https:\/\/zazatour.com\/?page_id=1355"},"modified":"2025-04-13T17:28:46","modified_gmt":"2025-04-13T17:28:46","slug":"scuba-diving","status":"publish","type":"page","link":"https:\/\/zazatour.com\/?page_id=1355","title":{"rendered":"Scuba Diving"},"content":{"rendered":"\t\t<div data-elementor-type=\"wp-page\" data-elementor-id=\"1355\" class=\"elementor elementor-1355\">\n\t\t\t\t<div class=\"elementor-element elementor-element-5972004 e-flex e-con-boxed e-con e-parent\" data-id=\"5972004\" data-element_type=\"container\">\n\t\t\t\t\t<div class=\"e-con-inner\">\n\t\t\t\t<div class=\"elementor-element elementor-element-e16c0c2 elementor-widget elementor-widget-heading\" data-id=\"e16c0c2\" data-element_type=\"widget\" data-widget_type=\"heading.default\">\n\t\t\t\t<div class=\"elementor-widget-container\">\n\t\t\t<h2 class=\"elementor-heading-title elementor-size-default\">SCUBA DIVING<\/h2>\t\t<\/div>\n\t\t\t\t<\/div>\n\t\t\t\t\t<\/div>\n\t\t\t\t<\/div>\n\t\t<div class=\"elementor-element elementor-element-a554b03 e-flex e-con-boxed e-con e-parent\" data-id=\"a554b03\" data-element_type=\"container\">\n\t\t\t\t\t<div class=\"e-con-inner\">\n\t\t<div class=\"elementor-element elementor-element-bf844df e-con-full e-flex e-con e-child\" data-id=\"bf844df\" data-element_type=\"container\">\n\t\t\t\t<div class=\"elementor-element elementor-element-4a2c3a9 elementor-widget elementor-widget-heading\" data-id=\"4a2c3a9\" data-element_type=\"widget\" data-widget_type=\"heading.default\">\n\t\t\t\t<div class=\"elementor-widget-container\">\n\t\t\t<h2 class=\"elementor-heading-title elementor-size-default\">Scuba Diving Hakk\u0131nda Genel Bilgi<\/h2>\t\t<\/div>\n\t\t\t\t<\/div>\n\t\t\t\t<div class=\"elementor-element elementor-element-ad40e9e elementor-widget elementor-widget-text-editor\" data-id=\"ad40e9e\" data-element_type=\"widget\" data-widget_type=\"text-editor.default\">\n\t\t\t\t<div class=\"elementor-widget-container\">\n\t\t\t\t\t\t\t<p>Didim\u2019in e\u015fsiz deniz alt\u0131 d\u00fcnyas\u0131n\u0131 ke\u015ffetmeye haz\u0131r m\u0131s\u0131n\u0131z? \u0130ster yeni ba\u015fl\u0131yor olun, ister deneyimli bir dalg\u0131\u00e7, bu unutulmaz deneyim herkes i\u00e7in uygun. Profesyonel ve sertifikal\u0131 e\u011fitmenlerimiz, dal\u0131\u015f s\u0131ras\u0131nda size rehberlik ederek g\u00fcvenli bir macera sunacak. Renkli deniz ya\u015fam\u0131 ve b\u00fcy\u00fcleyici ekosistemleri ke\u015ffederken suyun alt\u0131ndaki d\u00fcnyaya hayran kalacaks\u0131n\u0131z. Saat bilgileri ve detaylar i\u00e7in bizimle ileti\u015fime ge\u00e7in.<\/p>\t\t\t\t\t\t<\/div>\n\t\t\t\t<\/div>\n\t\t\t\t<div class=\"elementor-element elementor-element-83ada8c elementor-widget elementor-widget-heading\" data-id=\"83ada8c\" data-element_type=\"widget\" data-widget_type=\"heading.default\">\n\t\t\t\t<div class=\"elementor-widget-container\">\n\t\t\t<h2 class=\"elementor-heading-title elementor-size-default\">Tur Program\u0131 Nedir?<\/h2>\t\t<\/div>\n\t\t\t\t<\/div>\n\t\t\t\t<div class=\"elementor-element elementor-element-2f1b2e0 elementor-widget elementor-widget-text-editor\" data-id=\"2f1b2e0\" data-element_type=\"widget\" data-widget_type=\"text-editor.default\">\n\t\t\t\t<div class=\"elementor-widget-container\">\n\t\t\t\t\t\t\t<p>Sizi konaklaman\u0131zdan al\u0131yoruz ve k\u0131sa bir yolculukla dal\u0131\u015f yapaca\u011f\u0131m\u0131z koya ula\u015f\u0131yoruz. Vard\u0131\u011f\u0131n\u0131zda, profesyonel e\u011fitmenlerimiz size gerekli ekipmanlar\u0131 tan\u0131tarak, g\u00fcvenlik kurallar\u0131n\u0131 ve dal\u0131\u015fla ilgili temel bilgileri payla\u015facak. Daha \u00f6nce hi\u00e7 dal\u0131\u015f yapmam\u0131\u015f olsan\u0131z bile endi\u015felenmeyin; deneyimli ekibimiz, bu deneyimi g\u00fcvenli ve keyifli hale getirecek.<br \/>Suyun alt\u0131nda ge\u00e7irdi\u011finiz s\u00fcre yakla\u015f\u0131k 30 dakika olup, toplam deneyim haz\u0131rl\u0131k ve bilgilendirme dahil yakla\u015f\u0131k 2 saat s\u00fcrmektedir. Tur sonunda sizi tekrar konaklaman\u0131za b\u0131rak\u0131yoruz.<\/p>\t\t\t\t\t\t<\/div>\n\t\t\t\t<\/div>\n\t\t\t\t<div class=\"elementor-element elementor-element-72a723b elementor-widget elementor-widget-heading\" data-id=\"72a723b\" data-element_type=\"widget\" data-widget_type=\"heading.default\">\n\t\t\t\t<div class=\"elementor-widget-container\">\n\t\t\t<h2 class=\"elementor-heading-title elementor-size-default\">Fiyata Neler Dahildir?<\/h2>\t\t<\/div>\n\t\t\t\t<\/div>\n\t\t\t\t<div class=\"elementor-element elementor-element-d80bd30 elementor-widget elementor-widget-text-editor\" data-id=\"d80bd30\" data-element_type=\"widget\" data-widget_type=\"text-editor.default\">\n\t\t\t\t<div class=\"elementor-widget-container\">\n\t\t\t\t\t\t\t<p>Tur fiyat\u0131na \u00e7ift y\u00f6nl\u00fc transfer, profesyonel e\u011fitmen deste\u011fi ve t\u00fcm dal\u0131\u015f ekipmanlar\u0131 dahildir.<\/p>\t\t\t\t\t\t<\/div>\n\t\t\t\t<\/div>\n\t\t\t\t<div class=\"elementor-element elementor-element-6e8cb5a elementor-widget elementor-widget-heading\" data-id=\"6e8cb5a\" data-element_type=\"widget\" data-widget_type=\"heading.default\">\n\t\t\t\t<div class=\"elementor-widget-container\">\n\t\t\t<h2 class=\"elementor-heading-title elementor-size-default\">Tura Haz\u0131rl\u0131k \u0130\u00e7in Neler Yapmal\u0131y\u0131m?<\/h2>\t\t<\/div>\n\t\t\t\t<\/div>\n\t\t\t\t<div class=\"elementor-element elementor-element-3677995 elementor-widget elementor-widget-text-editor\" data-id=\"3677995\" data-element_type=\"widget\" data-widget_type=\"text-editor.default\">\n\t\t\t\t<div class=\"elementor-widget-container\">\n\t\t\t\t\t\t\t<p>Rahat de\u011fi\u015ftirebilece\u011finiz k\u0131yafetler ve havlu getirmeniz \u00f6nerilir.<\/p>\t\t\t\t\t\t<\/div>\n\t\t\t\t<\/div>\n\t\t\t\t<\/div>\n\t\t<div class=\"elementor-element elementor-element-1111a81 e-con-full e-flex e-con e-child\" data-id=\"1111a81\" data-element_type=\"container\">\n\t\t\t\t<div class=\"elementor-element elementor-element-e1c3f01 elementor-widget elementor-widget-image\" data-id=\"e1c3f01\" data-element_type=\"widget\" data-widget_type=\"image.default\">\n\t\t\t\t<div class=\"elementor-widget-container\">\n\t\t\t\t\t\t\t\t\t\t\t\t\t<img fetchpriority=\"high\" decoding=\"async\" width=\"800\" height=\"452\" src=\"https:\/\/zazatour.com\/wp-content\/uploads\/2024\/11\/235606divinginantalya.jpeg\" class=\"attachment-large size-large wp-image-1756\" alt=\"\" \/>\t\t\t\t\t\t\t\t\t\t\t\t\t<\/div>\n\t\t\t\t<\/div>\n\t\t\t\t<div class=\"elementor-element elementor-element-d759339 elementor-widget elementor-widget-image\" data-id=\"d759339\" data-element_type=\"widget\" data-widget_type=\"image.default\">\n\t\t\t\t<div class=\"elementor-widget-container\">\n\t\t\t\t\t\t\t\t\t\t\t\t\t<img decoding=\"async\" width=\"1024\" height=\"683\" src=\"https:\/\/zazatour.com\/wp-content\/uploads\/2024\/11\/scuba-diving1-1024x683.jpeg\" class=\"attachment-large size-large wp-image-1757\" alt=\"\" \/>\t\t\t\t\t\t\t\t\t\t\t\t\t<\/div>\n\t\t\t\t<\/div>\n\t\t\t\t<\/div>\n\t\t\t\t\t<\/div>\n\t\t\t\t<\/div>\n\t\t<div class=\"elementor-element elementor-element-e1c95ca e-flex e-con-boxed e-con e-parent\" data-id=\"e1c95ca\" data-element_type=\"container\">\n\t\t\t\t\t<div class=\"e-con-inner\">\n\t\t\t\t<div class=\"elementor-element elementor-element-7a8562e elementor-widget elementor-widget-image\" data-id=\"7a8562e\" data-element_type=\"widget\" data-widget_type=\"image.default\">\n\t\t\t\t<div class=\"elementor-widget-container\">\n\t\t\t\t\t\t\t\t\t\t\t\t\t<img decoding=\"async\" width=\"398\" height=\"132\" src=\"https:\/\/zazatour.com\/wp-content\/uploads\/2025\/04\/scuba-40.png\" class=\"attachment-large size-large wp-image-2835\" alt=\"\" \/>\t\t\t\t\t\t\t\t\t\t\t\t\t<\/div>\n\t\t\t\t<\/div>\n\t\t\t\t\t<\/div>\n\t\t\t\t<\/div>\n\t\t\t\t<\/div>\n\t\t","protected":false},"excerpt":{"rendered":"<p>SCUBA DIVING Scuba Diving Hakk\u0131nda Genel Bilgi Didim\u2019in e\u015fsiz deniz alt\u0131 d\u00fcnyas\u0131n\u0131 ke\u015ffetmeye haz\u0131r m\u0131s\u0131n\u0131z? \u0130ster yeni ba\u015fl\u0131yor olun, ister deneyimli bir dalg\u0131\u00e7, bu unutulmaz deneyim herkes i\u00e7in uygun. Profesyonel ve sertifikal\u0131 e\u011fitmenlerimiz, dal\u0131\u015f s\u0131ras\u0131nda size rehberlik ederek g\u00fcvenli bir macera sunacak. Renkli deniz ya\u015fam\u0131 ve b\u00fcy\u00fcleyici ekosistemleri ke\u015ffederken suyun alt\u0131ndaki d\u00fcnyaya hayran kalacaks\u0131n\u0131z. Saat [&hellip;]<\/p>\n","protected":false},"author":1,"featured_media":0,"parent":0,"menu_order":0,"comment_status":"closed","ping_status":"closed","template":"","meta":{"_uag_custom_page_level_css":"","site-sidebar-layout":"no-sidebar","site-content-layout":"page-builder","ast-site-content-layout":"full-width-container","site-content-style":"default","site-sidebar-style":"default","ast-global-header-display":"","ast-banner-title-visibility":"","ast-main-header-display":"","ast-hfb-above-header-display":"","ast-hfb-below-header-display":"","ast-hfb-mobile-header-display":"","site-post-title":"disabled","ast-breadcrumbs-content":"","ast-featured-img":"disabled","footer-sml-layout":"","theme-transparent-header-meta":"","adv-header-id-meta":"","stick-header-meta":"","header-above-stick-meta":"","header-main-stick-meta":"","header-below-stick-meta":"","astra-migrate-meta-layouts":"set","ast-page-background-enabled":"default","ast-page-background-meta":{"desktop":{"background-color":"var(--ast-global-color-4)","background-image":"","background-repeat":"repeat","background-position":"center center","background-size":"auto","background-attachment":"scroll","background-type":"","background-media":"","overlay-type":"","overlay-color":"","overlay-opacity":"","overlay-gradient":""},"tablet":{"background-color":"","background-image":"","background-repeat":"repeat","background-position":"center center","background-size":"auto","background-attachment":"scroll","background-type":"","background-media":"","overlay-type":"","overlay-color":"","overlay-opacity":"","overlay-gradient":""},"mobile":{"background-color":"","background-image":"","background-repeat":"repeat","background-position":"center center","background-size":"auto","background-attachment":"scroll","background-type":"","background-media":"","overlay-type":"","overlay-color":"","overlay-opacity":"","overlay-gradient":""}},"ast-content-background-meta":{"desktop":{"background-color":"var(--ast-global-color-5)","background-image":"","background-repeat":"repeat","background-position":"center center","background-size":"auto","background-attachment":"scroll","background-type":"","background-media":"","overlay-type":"","overlay-color":"","overlay-opacity":"","overlay-gradient":""},"tablet":{"background-color":"var(--ast-global-color-5)","background-image":"","background-repeat":"repeat","background-position":"center center","background-size":"auto","background-attachment":"scroll","background-type":"","background-media":"","overlay-type":"","overlay-color":"","overlay-opacity":"","overlay-gradient":""},"mobile":{"background-color":"var(--ast-global-color-5)","background-image":"","background-repeat":"repeat","background-position":"center center","background-size":"auto","background-attachment":"scroll","background-type":"","background-media":"","overlay-type":"","overlay-color":"","overlay-opacity":"","overlay-gradient":""}},"footnotes":""},"class_list":["post-1355","page","type-page","status-publish","hentry"],"aioseo_notices":[],"uagb_featured_image_src":{"full":false,"thumbnail":false,"medium":false,"medium_large":false,"large":false,"1536x1536":false,"2048x2048":false},"uagb_author_info":{"display_name":"alicemozkaya@gmail.com","author_link":"https:\/\/zazatour.com\/?author=1"},"uagb_comment_info":0,"uagb_excerpt":"SCUBA DIVING Scuba Diving Hakk\u0131nda Genel Bilgi Didim\u2019in e\u015fsiz deniz alt\u0131 d\u00fcnyas\u0131n\u0131 ke\u015ffetmeye haz\u0131r m\u0131s\u0131n\u0131z? \u0130ster yeni ba\u015fl\u0131yor olun, ister deneyimli bir dalg\u0131\u00e7, bu unutulmaz deneyim herkes i\u00e7in uygun. Profesyonel ve sertifikal\u0131 e\u011fitmenlerimiz, dal\u0131\u015f s\u0131ras\u0131nda size rehberlik ederek g\u00fcvenli bir macera sunacak. Renkli deniz ya\u015fam\u0131 ve b\u00fcy\u00fcleyici ekosistemleri ke\u015ffederken suyun alt\u0131ndaki d\u00fcnyaya hayran kalacaks\u0131n\u0131z. Saat&hellip;","rttpg_featured_image_url":null,"rttpg_author":{"display_name":"alicemozkaya@gmail.com","author_link":"https:\/\/zazatour.com\/?author=1"},"rttpg_comment":0,"rttpg_category":" <a href=\"https:\/\/zazatour.com\/\" rel=\"tag\">T\u00fcrk\u00e7e<\/a>","rttpg_excerpt":"SCUBA DIVING Scuba Diving Hakk\u0131nda Genel Bilgi Didim\u2019in e\u015fsiz deniz alt\u0131 d\u00fcnyas\u0131n\u0131 ke\u015ffetmeye haz\u0131r m\u0131s\u0131n\u0131z? \u0130ster yeni ba\u015fl\u0131yor olun, ister deneyimli bir dalg\u0131\u00e7, bu unutulmaz deneyim herkes i\u00e7in uygun. Profesyonel ve sertifikal\u0131 e\u011fitmenlerimiz, dal\u0131\u015f s\u0131ras\u0131nda size rehberlik ederek g\u00fcvenli bir macera sunacak. Renkli deniz ya\u015fam\u0131 ve b\u00fcy\u00fcleyici ekosistemleri ke\u015ffederken suyun alt\u0131ndaki d\u00fcnyaya hayran kalacaks\u0131n\u0131z. Saat&hellip;","_links":{"self":[{"href":"https:\/\/zazatour.com\/index.php?rest_route=\/wp\/v2\/pages\/1355"}],"collection":[{"href":"https:\/\/zazatour.com\/index.php?rest_route=\/wp\/v2\/pages"}],"about":[{"href":"https:\/\/zazatour.com\/index.php?rest_route=\/wp\/v2\/types\/page"}],"author":[{"embeddable":true,"href":"https:\/\/zazatour.com\/index.php?rest_route=\/wp\/v2\/users\/1"}],"replies":[{"embeddable":true,"href":"https:\/\/zazatour.com\/index.php?rest_route=%2Fwp%2Fv2%2Fcomments&post=1355"}],"version-history":[{"count":10,"href":"https:\/\/zazatour.com\/index.php?rest_route=\/wp\/v2\/pages\/1355\/revisions"}],"predecessor-version":[{"id":2844,"href":"https:\/\/zazatour.com\/index.php?rest_route=\/wp\/v2\/pages\/1355\/revisions\/2844"}],"wp:attachment":[{"href":"https:\/\/zazatour.com\/index.php?rest_route=%2Fwp%2Fv2%2Fmedia&parent=1355"}],"curies":[{"name":"wp","href":"https:\/\/api.w.org\/{rel}","templated":true}]}}