{"id":1359,"date":"2024-11-16T15:49:20","date_gmt":"2024-11-16T15:49:20","guid":{"rendered":"https:\/\/zazatour.com\/?page_id=1359"},"modified":"2025-04-13T17:29:39","modified_gmt":"2025-04-13T17:29:39","slug":"%e2%81%a0hamam","status":"publish","type":"page","link":"https:\/\/zazatour.com\/?page_id=1359","title":{"rendered":"\u2060Hamam"},"content":{"rendered":"\t\t<div data-elementor-type=\"wp-page\" data-elementor-id=\"1359\" class=\"elementor elementor-1359\">\n\t\t\t\t<div class=\"elementor-element elementor-element-05e830d e-flex e-con-boxed e-con e-parent\" data-id=\"05e830d\" data-element_type=\"container\">\n\t\t\t\t\t<div class=\"e-con-inner\">\n\t\t\t\t<div class=\"elementor-element elementor-element-aa2f81f elementor-widget elementor-widget-heading\" data-id=\"aa2f81f\" data-element_type=\"widget\" data-widget_type=\"heading.default\">\n\t\t\t\t<div class=\"elementor-widget-container\">\n\t\t\t<h2 class=\"elementor-heading-title elementor-size-default\">HAMAM<\/h2>\t\t<\/div>\n\t\t\t\t<\/div>\n\t\t\t\t\t<\/div>\n\t\t\t\t<\/div>\n\t\t<div class=\"elementor-element elementor-element-6ac76f8 e-flex e-con-boxed e-con e-parent\" data-id=\"6ac76f8\" data-element_type=\"container\">\n\t\t\t\t\t<div class=\"e-con-inner\">\n\t\t<div class=\"elementor-element elementor-element-1f3567b e-con-full e-flex e-con e-child\" data-id=\"1f3567b\" data-element_type=\"container\">\n\t\t\t\t<div class=\"elementor-element elementor-element-8379475 elementor-widget elementor-widget-heading\" data-id=\"8379475\" data-element_type=\"widget\" data-widget_type=\"heading.default\">\n\t\t\t\t<div class=\"elementor-widget-container\">\n\t\t\t<h2 class=\"elementor-heading-title elementor-size-default\">Hamam Hakk\u0131nda Genel Bilgi<\/h2>\t\t<\/div>\n\t\t\t\t<\/div>\n\t\t\t\t<div class=\"elementor-element elementor-element-f2f874a elementor-widget elementor-widget-text-editor\" data-id=\"f2f874a\" data-element_type=\"widget\" data-widget_type=\"text-editor.default\">\n\t\t\t\t<div class=\"elementor-widget-container\">\n\t\t\t\t\t\t\t<p>Didim\u2019de geleneksel bir T\u00fcrk hamam\u0131nda keyif dolu bir rahatlama sizi bekliyor! Hamamda sauna, peeling ve k\u00f6p\u00fck masaj\u0131 ile hem bedeninizi ar\u0131nd\u0131rabilir hem de zihninizi dinlendirebilirsiniz. Ayr\u0131ca y\u00fcz maskesi, jakuzi keyfi, ya\u011f masaj\u0131 ve buhar odas\u0131 gibi ekstra hizmetlerle kendinizi \u015f\u0131martabilirsiniz. Saat bilgileri ve paket detaylar\u0131 i\u00e7in bizimle ileti\u015fime ge\u00e7in!<\/p>\t\t\t\t\t\t<\/div>\n\t\t\t\t<\/div>\n\t\t\t\t<div class=\"elementor-element elementor-element-6dc01a3 elementor-widget elementor-widget-heading\" data-id=\"6dc01a3\" data-element_type=\"widget\" data-widget_type=\"heading.default\">\n\t\t\t\t<div class=\"elementor-widget-container\">\n\t\t\t<h2 class=\"elementor-heading-title elementor-size-default\">Paket Bilgileri<\/h2>\t\t<\/div>\n\t\t\t\t<\/div>\n\t\t\t\t<div class=\"elementor-element elementor-element-cb9874a elementor-widget elementor-widget-text-editor\" data-id=\"cb9874a\" data-element_type=\"widget\" data-widget_type=\"text-editor.default\">\n\t\t\t\t<div class=\"elementor-widget-container\">\n\t\t\t\t\t\t\t<p style=\"margin-top: 0in;\"><strong>Standart <\/strong>pakete sauna, kese (peeling) ve k\u00f6p\u00fck masaj\u0131 dahildir. Bu deneyimde, \u00f6ncelikle sauna ile gev\u015fer, ard\u0131ndan kese ve k\u00f6p\u00fck masaj\u0131yla cildinizi yeniler ve kaslar\u0131n\u0131z\u0131 rahatlat\u0131rs\u0131n\u0131z. <br \/><strong>Her \u015fey dahil<\/strong> pakete y\u00fcz maskesi, jakuzi keyfi, ya\u011f masaj\u0131, buhar odas\u0131 ve s\u0131cak havuz dahildir. Bu paketle, cildinizi canland\u0131ran y\u00fcz maskesiyle ba\u015flayabilir, jakuzide rahatlayabilir, ya\u011f masaj\u0131yla kaslar\u0131n\u0131z\u0131 gev\u015fetebilir ve buhar odas\u0131 ile s\u0131cak havuzun keyfini \u00e7\u0131kararak deneyiminizi en \u00fcst d\u00fczeye ta\u015f\u0131yabilirsiniz.<\/p>\t\t\t\t\t\t<\/div>\n\t\t\t\t<\/div>\n\t\t\t\t<div class=\"elementor-element elementor-element-883cd45 elementor-widget elementor-widget-heading\" data-id=\"883cd45\" data-element_type=\"widget\" data-widget_type=\"heading.default\">\n\t\t\t\t<div class=\"elementor-widget-container\">\n\t\t\t<h2 class=\"elementor-heading-title elementor-size-default\">Fiyata Neler Dahildir?<\/h2>\t\t<\/div>\n\t\t\t\t<\/div>\n\t\t\t\t<div class=\"elementor-element elementor-element-0dd5269 elementor-widget elementor-widget-text-editor\" data-id=\"0dd5269\" data-element_type=\"widget\" data-widget_type=\"text-editor.default\">\n\t\t\t\t<div class=\"elementor-widget-container\">\n\t\t\t\t\t\t\t<p>Standart paket fiyat\u0131na sauna, peeling ve k\u00f6p\u00fck masaj\u0131 dahildir. Her \u015fey dahil paket ise sauna, peeling, k\u00f6p\u00fck masaj\u0131, y\u00fcz maskesi, jakuzi, ya\u011f masaj\u0131, buhar odas\u0131 ve s\u0131cak havuz hizmetlerini kapsar.<\/p>\t\t\t\t\t\t<\/div>\n\t\t\t\t<\/div>\n\t\t\t\t<div class=\"elementor-element elementor-element-7b59fed elementor-widget elementor-widget-heading\" data-id=\"7b59fed\" data-element_type=\"widget\" data-widget_type=\"heading.default\">\n\t\t\t\t<div class=\"elementor-widget-container\">\n\t\t\t<h2 class=\"elementor-heading-title elementor-size-default\">Haz\u0131rl\u0131k \u0130\u00e7in Neler Yapmal\u0131y\u0131m?<\/h2>\t\t<\/div>\n\t\t\t\t<\/div>\n\t\t\t\t<div class=\"elementor-element elementor-element-93ede8d elementor-widget elementor-widget-text-editor\" data-id=\"93ede8d\" data-element_type=\"widget\" data-widget_type=\"text-editor.default\">\n\t\t\t\t<div class=\"elementor-widget-container\">\n\t\t\t\t\t\t\t<p>Yan\u0131n\u0131za rahat de\u011fi\u015fim k\u0131yafetleri ve havlu alman\u0131z \u00f6nerilir. Rahat bir deneyim i\u00e7in hamama gelirken tak\u0131 ve aksesuarlar\u0131n\u0131z\u0131 b\u0131rakman\u0131z tavsiye edilir.<br \/>Hamam, sabah 9\u2019dan ak\u015fam 11\u2019e kadar a\u00e7\u0131kt\u0131r ve bu saatler aras\u0131nda istedi\u011finiz zaman keyifle ziyaret edebilirsiniz.<\/p>\t\t\t\t\t\t<\/div>\n\t\t\t\t<\/div>\n\t\t\t\t<\/div>\n\t\t<div class=\"elementor-element elementor-element-65de8c2 e-con-full e-flex e-con e-child\" data-id=\"65de8c2\" data-element_type=\"container\">\n\t\t\t\t<div class=\"elementor-element elementor-element-8ae0a9b elementor-widget elementor-widget-image\" data-id=\"8ae0a9b\" data-element_type=\"widget\" data-widget_type=\"image.default\">\n\t\t\t\t<div class=\"elementor-widget-container\">\n\t\t\t\t\t\t\t\t\t\t\t\t\t<img fetchpriority=\"high\" decoding=\"async\" width=\"1024\" height=\"642\" src=\"https:\/\/zazatour.com\/wp-content\/uploads\/2024\/11\/hamam-kulturu-1024x642.jpg\" class=\"attachment-large size-large wp-image-1764\" alt=\"\" \/>\t\t\t\t\t\t\t\t\t\t\t\t\t<\/div>\n\t\t\t\t<\/div>\n\t\t\t\t<div class=\"elementor-element elementor-element-9430219 elementor-widget elementor-widget-image\" data-id=\"9430219\" data-element_type=\"widget\" data-widget_type=\"image.default\">\n\t\t\t\t<div class=\"elementor-widget-container\">\n\t\t\t\t\t\t\t\t\t\t\t\t\t<img decoding=\"async\" width=\"669\" height=\"446\" src=\"https:\/\/zazatour.com\/wp-content\/uploads\/2024\/11\/HAMAM1.jpg\" class=\"attachment-large size-large wp-image-1765\" alt=\"\" \/>\t\t\t\t\t\t\t\t\t\t\t\t\t<\/div>\n\t\t\t\t<\/div>\n\t\t\t\t<\/div>\n\t\t\t\t\t<\/div>\n\t\t\t\t<\/div>\n\t\t<div class=\"elementor-element elementor-element-88442d5 e-flex e-con-boxed e-con e-parent\" data-id=\"88442d5\" data-element_type=\"container\">\n\t\t\t\t\t<div class=\"e-con-inner\">\n\t\t\t\t<div class=\"elementor-element elementor-element-23efb4f elementor-widget elementor-widget-image\" data-id=\"23efb4f\" data-element_type=\"widget\" data-widget_type=\"image.default\">\n\t\t\t\t<div class=\"elementor-widget-container\">\n\t\t\t\t\t\t\t\t\t\t\t\t\t<img decoding=\"async\" width=\"1024\" height=\"380\" src=\"https:\/\/zazatour.com\/wp-content\/uploads\/2025\/04\/hamam_2-1024x380.png\" class=\"attachment-large size-large wp-image-2834\" alt=\"\" \/>\t\t\t\t\t\t\t\t\t\t\t\t\t<\/div>\n\t\t\t\t<\/div>\n\t\t\t\t\t<\/div>\n\t\t\t\t<\/div>\n\t\t\t\t<\/div>\n\t\t","protected":false},"excerpt":{"rendered":"<p>HAMAM Hamam Hakk\u0131nda Genel Bilgi Didim\u2019de geleneksel bir T\u00fcrk hamam\u0131nda keyif dolu bir rahatlama sizi bekliyor! Hamamda sauna, peeling ve k\u00f6p\u00fck masaj\u0131 ile hem bedeninizi ar\u0131nd\u0131rabilir hem de zihninizi dinlendirebilirsiniz. Ayr\u0131ca y\u00fcz maskesi, jakuzi keyfi, ya\u011f masaj\u0131 ve buhar odas\u0131 gibi ekstra hizmetlerle kendinizi \u015f\u0131martabilirsiniz. Saat bilgileri ve paket detaylar\u0131 i\u00e7in bizimle ileti\u015fime ge\u00e7in! Paket [&hellip;]<\/p>\n","protected":false},"author":1,"featured_media":0,"parent":0,"menu_order":0,"comment_status":"closed","ping_status":"closed","template":"","meta":{"_uag_custom_page_level_css":"","site-sidebar-layout":"no-sidebar","site-content-layout":"page-builder","ast-site-content-layout":"full-width-container","site-content-style":"default","site-sidebar-style":"default","ast-global-header-display":"","ast-banner-title-visibility":"","ast-main-header-display":"","ast-hfb-above-header-display":"","ast-hfb-below-header-display":"","ast-hfb-mobile-header-display":"","site-post-title":"disabled","ast-breadcrumbs-content":"","ast-featured-img":"disabled","footer-sml-layout":"","theme-transparent-header-meta":"","adv-header-id-meta":"","stick-header-meta":"","header-above-stick-meta":"","header-main-stick-meta":"","header-below-stick-meta":"","astra-migrate-meta-layouts":"set","ast-page-background-enabled":"default","ast-page-background-meta":{"desktop":{"background-color":"var(--ast-global-color-4)","background-image":"","background-repeat":"repeat","background-position":"center center","background-size":"auto","background-attachment":"scroll","background-type":"","background-media":"","overlay-type":"","overlay-color":"","overlay-opacity":"","overlay-gradient":""},"tablet":{"background-color":"","background-image":"","background-repeat":"repeat","background-position":"center center","background-size":"auto","background-attachment":"scroll","background-type":"","background-media":"","overlay-type":"","overlay-color":"","overlay-opacity":"","overlay-gradient":""},"mobile":{"background-color":"","background-image":"","background-repeat":"repeat","background-position":"center center","background-size":"auto","background-attachment":"scroll","background-type":"","background-media":"","overlay-type":"","overlay-color":"","overlay-opacity":"","overlay-gradient":""}},"ast-content-background-meta":{"desktop":{"background-color":"var(--ast-global-color-5)","background-image":"","background-repeat":"repeat","background-position":"center center","background-size":"auto","background-attachment":"scroll","background-type":"","background-media":"","overlay-type":"","overlay-color":"","overlay-opacity":"","overlay-gradient":""},"tablet":{"background-color":"var(--ast-global-color-5)","background-image":"","background-repeat":"repeat","background-position":"center center","background-size":"auto","background-attachment":"scroll","background-type":"","background-media":"","overlay-type":"","overlay-color":"","overlay-opacity":"","overlay-gradient":""},"mobile":{"background-color":"var(--ast-global-color-5)","background-image":"","background-repeat":"repeat","background-position":"center center","background-size":"auto","background-attachment":"scroll","background-type":"","background-media":"","overlay-type":"","overlay-color":"","overlay-opacity":"","overlay-gradient":""}},"footnotes":""},"class_list":["post-1359","page","type-page","status-publish","hentry"],"aioseo_notices":[],"uagb_featured_image_src":{"full":false,"thumbnail":false,"medium":false,"medium_large":false,"large":false,"1536x1536":false,"2048x2048":false},"uagb_author_info":{"display_name":"alicemozkaya@gmail.com","author_link":"https:\/\/zazatour.com\/?author=1"},"uagb_comment_info":0,"uagb_excerpt":"HAMAM Hamam Hakk\u0131nda Genel Bilgi Didim\u2019de geleneksel bir T\u00fcrk hamam\u0131nda keyif dolu bir rahatlama sizi bekliyor! Hamamda sauna, peeling ve k\u00f6p\u00fck masaj\u0131 ile hem bedeninizi ar\u0131nd\u0131rabilir hem de zihninizi dinlendirebilirsiniz. Ayr\u0131ca y\u00fcz maskesi, jakuzi keyfi, ya\u011f masaj\u0131 ve buhar odas\u0131 gibi ekstra hizmetlerle kendinizi \u015f\u0131martabilirsiniz. Saat bilgileri ve paket detaylar\u0131 i\u00e7in bizimle ileti\u015fime ge\u00e7in! Paket&hellip;","rttpg_featured_image_url":null,"rttpg_author":{"display_name":"alicemozkaya@gmail.com","author_link":"https:\/\/zazatour.com\/?author=1"},"rttpg_comment":0,"rttpg_category":" <a href=\"https:\/\/zazatour.com\/\" rel=\"tag\">T\u00fcrk\u00e7e<\/a>","rttpg_excerpt":"HAMAM Hamam Hakk\u0131nda Genel Bilgi Didim\u2019de geleneksel bir T\u00fcrk hamam\u0131nda keyif dolu bir rahatlama sizi bekliyor! Hamamda sauna, peeling ve k\u00f6p\u00fck masaj\u0131 ile hem bedeninizi ar\u0131nd\u0131rabilir hem de zihninizi dinlendirebilirsiniz. Ayr\u0131ca y\u00fcz maskesi, jakuzi keyfi, ya\u011f masaj\u0131 ve buhar odas\u0131 gibi ekstra hizmetlerle kendinizi \u015f\u0131martabilirsiniz. Saat bilgileri ve paket detaylar\u0131 i\u00e7in bizimle ileti\u015fime ge\u00e7in! Paket&hellip;","_links":{"self":[{"href":"https:\/\/zazatour.com\/index.php?rest_route=\/wp\/v2\/pages\/1359"}],"collection":[{"href":"https:\/\/zazatour.com\/index.php?rest_route=\/wp\/v2\/pages"}],"about":[{"href":"https:\/\/zazatour.com\/index.php?rest_route=\/wp\/v2\/types\/page"}],"author":[{"embeddable":true,"href":"https:\/\/zazatour.com\/index.php?rest_route=\/wp\/v2\/users\/1"}],"replies":[{"embeddable":true,"href":"https:\/\/zazatour.com\/index.php?rest_route=%2Fwp%2Fv2%2Fcomments&post=1359"}],"version-history":[{"count":13,"href":"https:\/\/zazatour.com\/index.php?rest_route=\/wp\/v2\/pages\/1359\/revisions"}],"predecessor-version":[{"id":2853,"href":"https:\/\/zazatour.com\/index.php?rest_route=\/wp\/v2\/pages\/1359\/revisions\/2853"}],"wp:attachment":[{"href":"https:\/\/zazatour.com\/index.php?rest_route=%2Fwp%2Fv2%2Fmedia&parent=1359"}],"curies":[{"name":"wp","href":"https:\/\/api.w.org\/{rel}","templated":true}]}}