{"id":1363,"date":"2024-11-16T15:49:56","date_gmt":"2024-11-16T15:49:56","guid":{"rendered":"https:\/\/zazatour.com\/?page_id=1363"},"modified":"2024-12-06T10:26:09","modified_gmt":"2024-12-06T10:26:09","slug":"sirince","status":"publish","type":"page","link":"https:\/\/zazatour.com\/?page_id=1363","title":{"rendered":"\u015eirince"},"content":{"rendered":"\t\t<div data-elementor-type=\"wp-page\" data-elementor-id=\"1363\" class=\"elementor elementor-1363\">\n\t\t\t\t<div class=\"elementor-element elementor-element-3f95767 e-flex e-con-boxed e-con e-parent\" data-id=\"3f95767\" data-element_type=\"container\">\n\t\t\t\t\t<div class=\"e-con-inner\">\n\t\t\t\t<div class=\"elementor-element elementor-element-3b55246 elementor-widget elementor-widget-heading\" data-id=\"3b55246\" data-element_type=\"widget\" data-widget_type=\"heading.default\">\n\t\t\t\t<div class=\"elementor-widget-container\">\n\t\t\t<h2 class=\"elementor-heading-title elementor-size-default\">\u015e\u0130R\u0130NCE TURU<\/h2>\t\t<\/div>\n\t\t\t\t<\/div>\n\t\t\t\t\t<\/div>\n\t\t\t\t<\/div>\n\t\t<div class=\"elementor-element elementor-element-d7fb4fa e-flex e-con-boxed e-con e-parent\" data-id=\"d7fb4fa\" data-element_type=\"container\">\n\t\t\t\t\t<div class=\"e-con-inner\">\n\t\t<div class=\"elementor-element elementor-element-3f4e77a e-con-full e-flex e-con e-child\" data-id=\"3f4e77a\" data-element_type=\"container\">\n\t\t\t\t<div class=\"elementor-element elementor-element-651fcd2 elementor-widget elementor-widget-heading\" data-id=\"651fcd2\" data-element_type=\"widget\" data-widget_type=\"heading.default\">\n\t\t\t\t<div class=\"elementor-widget-container\">\n\t\t\t<h2 class=\"elementor-heading-title elementor-size-default\">\u015eirince Turu Hakk\u0131nda Genel Bilgi<\/h2>\t\t<\/div>\n\t\t\t\t<\/div>\n\t\t\t\t<div class=\"elementor-element elementor-element-b9e0e62 elementor-widget elementor-widget-text-editor\" data-id=\"b9e0e62\" data-element_type=\"widget\" data-widget_type=\"text-editor.default\">\n\t\t\t\t<div class=\"elementor-widget-container\">\n\t\t\t\t\t\t\t<p>\u015eirince, tarihin ve k\u00fclt\u00fcr\u00fcn i\u00e7 i\u00e7e ge\u00e7ti\u011fi, korunmu\u015f mimarisiyle b\u00fcy\u00fcleyici bir k\u00f6y! G\u00f6z kama\u015ft\u0131r\u0131c\u0131 manzaralar e\u015fli\u011finde, k\u00f6y\u00fcn dar sokaklar\u0131nda dola\u015f\u0131rken, yerel \u015faraplar\u0131n tad\u0131na varabilir ve geleneksel mutfa\u011f\u0131ndan lezzetler ke\u015ffedebilirsiniz. Her k\u00f6\u015fe ba\u015f\u0131nda farkl\u0131 bir hikaye bar\u0131nd\u0131ran bu e\u015fsiz k\u00f6y, do\u011fa severler ve tarih a\u015f\u0131klar\u0131 i\u00e7in adeta bir cennet. \u015eirince\u2019de ge\u00e7irece\u011finiz her an, size unutulmaz bir deneyim sunacak. Saat detaylar\u0131 ve di\u011fer bilgiler i\u00e7in bizimle ileti\u015fime ge\u00e7ebilirsiniz.<\/p>\t\t\t\t\t\t<\/div>\n\t\t\t\t<\/div>\n\t\t\t\t<div class=\"elementor-element elementor-element-c6b8f23 elementor-widget elementor-widget-heading\" data-id=\"c6b8f23\" data-element_type=\"widget\" data-widget_type=\"heading.default\">\n\t\t\t\t<div class=\"elementor-widget-container\">\n\t\t\t<h2 class=\"elementor-heading-title elementor-size-default\">Tur Program\u0131 Nedir?<\/h2>\t\t<\/div>\n\t\t\t\t<\/div>\n\t\t\t\t<div class=\"elementor-element elementor-element-dc627d4 elementor-widget elementor-widget-text-editor\" data-id=\"dc627d4\" data-element_type=\"widget\" data-widget_type=\"text-editor.default\">\n\t\t\t\t<div class=\"elementor-widget-container\">\n\t\t\t\t\t\t\t<p>Sabah saat 9:00&#8217;da konaklaman\u0131zdan al\u0131n\u0131yor ve yakla\u015f\u0131k 1,5 saatlik bir yolculukla \u015eirince&#8217;ye ula\u015f\u0131yoruz. K\u00f6ye vard\u0131\u011f\u0131n\u0131zda, rehberimiz size \u015eirince&#8217;nin tarihi ve k\u00fclt\u00fcrel zenginlikleri hakk\u0131nda bilgi verecek. \u015eirince&#8217;nin dar sokaklar\u0131nda keyifli bir gezinti yapt\u0131ktan sonra, yerel \u015faraplar\u0131n ve y\u00f6resel yemeklerin tad\u0131na bakarak \u00f6\u011fle yeme\u011finizi al\u0131yorsunuz.<br \/>Tur sonunda, yakla\u015f\u0131k 5:00 civar\u0131nda, sizi konaklaman\u0131za geri b\u0131rak\u0131yoruz.<\/p>\t\t\t\t\t\t<\/div>\n\t\t\t\t<\/div>\n\t\t\t\t<div class=\"elementor-element elementor-element-a840128 elementor-widget elementor-widget-heading\" data-id=\"a840128\" data-element_type=\"widget\" data-widget_type=\"heading.default\">\n\t\t\t\t<div class=\"elementor-widget-container\">\n\t\t\t<h2 class=\"elementor-heading-title elementor-size-default\">Fiyata Neler Dahildir?<\/h2>\t\t<\/div>\n\t\t\t\t<\/div>\n\t\t\t\t<div class=\"elementor-element elementor-element-ff6e29a elementor-widget elementor-widget-text-editor\" data-id=\"ff6e29a\" data-element_type=\"widget\" data-widget_type=\"text-editor.default\">\n\t\t\t\t<div class=\"elementor-widget-container\">\n\t\t\t\t\t\t\t<p>Tur fiyat\u0131na \u00e7ift y\u00f6nl\u00fc transfer, profesyonel rehber deste\u011fi ve \u00f6\u011fle yeme\u011fi dahildir.<\/p>\t\t\t\t\t\t<\/div>\n\t\t\t\t<\/div>\n\t\t\t\t<div class=\"elementor-element elementor-element-57a5020 elementor-widget elementor-widget-heading\" data-id=\"57a5020\" data-element_type=\"widget\" data-widget_type=\"heading.default\">\n\t\t\t\t<div class=\"elementor-widget-container\">\n\t\t\t<h2 class=\"elementor-heading-title elementor-size-default\">Tura Haz\u0131rl\u0131k \u0130\u00e7in Neler Yapmal\u0131y\u0131m?<\/h2>\t\t<\/div>\n\t\t\t\t<\/div>\n\t\t\t\t<div class=\"elementor-element elementor-element-2e37170 elementor-widget elementor-widget-text-editor\" data-id=\"2e37170\" data-element_type=\"widget\" data-widget_type=\"text-editor.default\">\n\t\t\t\t<div class=\"elementor-widget-container\">\n\t\t\t\t\t\t\t<p>Rahat k\u0131yafetler ve y\u00fcr\u00fcy\u00fc\u015f ayakkab\u0131lar\u0131 giymeniz \u00f6nerilir.<\/p>\t\t\t\t\t\t<\/div>\n\t\t\t\t<\/div>\n\t\t\t\t<\/div>\n\t\t<div class=\"elementor-element elementor-element-c8bf624 e-con-full e-flex e-con e-child\" data-id=\"c8bf624\" data-element_type=\"container\">\n\t\t\t\t<div class=\"elementor-element elementor-element-e28027f elementor-widget elementor-widget-image\" data-id=\"e28027f\" data-element_type=\"widget\" data-widget_type=\"image.default\">\n\t\t\t\t<div class=\"elementor-widget-container\">\n\t\t\t\t\t\t\t\t\t\t\t\t\t<img fetchpriority=\"high\" decoding=\"async\" width=\"1024\" height=\"701\" src=\"https:\/\/zazatour.com\/wp-content\/uploads\/2024\/11\/sirince-1024x701-1.webp\" class=\"attachment-large size-large wp-image-1776\" alt=\"\" \/>\t\t\t\t\t\t\t\t\t\t\t\t\t<\/div>\n\t\t\t\t<\/div>\n\t\t\t\t<\/div>\n\t\t\t\t\t<\/div>\n\t\t\t\t<\/div>\n\t\t<div class=\"elementor-element elementor-element-c0629cb e-flex e-con-boxed e-con e-parent\" data-id=\"c0629cb\" data-element_type=\"container\">\n\t\t\t\t\t<div class=\"e-con-inner\">\n\t\t\t\t<div class=\"elementor-element elementor-element-070871f elementor-widget elementor-widget-image\" data-id=\"070871f\" data-element_type=\"widget\" data-widget_type=\"image.default\">\n\t\t\t\t<div class=\"elementor-widget-container\">\n\t\t\t\t\t\t\t\t\t\t\t\t\t<img decoding=\"async\" width=\"284\" height=\"96\" src=\"https:\/\/zazatour.com\/wp-content\/uploads\/2024\/12\/fiyat-etiketleri-2.png\" class=\"attachment-large size-large wp-image-2268\" alt=\"\" \/>\t\t\t\t\t\t\t\t\t\t\t\t\t<\/div>\n\t\t\t\t<\/div>\n\t\t\t\t\t<\/div>\n\t\t\t\t<\/div>\n\t\t\t\t<\/div>\n\t\t","protected":false},"excerpt":{"rendered":"<p>\u015e\u0130R\u0130NCE TURU \u015eirince Turu Hakk\u0131nda Genel Bilgi \u015eirince, tarihin ve k\u00fclt\u00fcr\u00fcn i\u00e7 i\u00e7e ge\u00e7ti\u011fi, korunmu\u015f mimarisiyle b\u00fcy\u00fcleyici bir k\u00f6y! G\u00f6z kama\u015ft\u0131r\u0131c\u0131 manzaralar e\u015fli\u011finde, k\u00f6y\u00fcn dar sokaklar\u0131nda dola\u015f\u0131rken, yerel \u015faraplar\u0131n tad\u0131na varabilir ve geleneksel mutfa\u011f\u0131ndan lezzetler ke\u015ffedebilirsiniz. Her k\u00f6\u015fe ba\u015f\u0131nda farkl\u0131 bir hikaye bar\u0131nd\u0131ran bu e\u015fsiz k\u00f6y, do\u011fa severler ve tarih a\u015f\u0131klar\u0131 i\u00e7in adeta bir cennet. [&hellip;]<\/p>\n","protected":false},"author":1,"featured_media":0,"parent":0,"menu_order":0,"comment_status":"closed","ping_status":"closed","template":"","meta":{"_uag_custom_page_level_css":"","site-sidebar-layout":"no-sidebar","site-content-layout":"page-builder","ast-site-content-layout":"full-width-container","site-content-style":"default","site-sidebar-style":"default","ast-global-header-display":"","ast-banner-title-visibility":"","ast-main-header-display":"","ast-hfb-above-header-display":"","ast-hfb-below-header-display":"","ast-hfb-mobile-header-display":"","site-post-title":"disabled","ast-breadcrumbs-content":"","ast-featured-img":"disabled","footer-sml-layout":"","theme-transparent-header-meta":"","adv-header-id-meta":"","stick-header-meta":"","header-above-stick-meta":"","header-main-stick-meta":"","header-below-stick-meta":"","astra-migrate-meta-layouts":"set","ast-page-background-enabled":"default","ast-page-background-meta":{"desktop":{"background-color":"var(--ast-global-color-4)","background-image":"","background-repeat":"repeat","background-position":"center center","background-size":"auto","background-attachment":"scroll","background-type":"","background-media":"","overlay-type":"","overlay-color":"","overlay-opacity":"","overlay-gradient":""},"tablet":{"background-color":"","background-image":"","background-repeat":"repeat","background-position":"center center","background-size":"auto","background-attachment":"scroll","background-type":"","background-media":"","overlay-type":"","overlay-color":"","overlay-opacity":"","overlay-gradient":""},"mobile":{"background-color":"","background-image":"","background-repeat":"repeat","background-position":"center center","background-size":"auto","background-attachment":"scroll","background-type":"","background-media":"","overlay-type":"","overlay-color":"","overlay-opacity":"","overlay-gradient":""}},"ast-content-background-meta":{"desktop":{"background-color":"var(--ast-global-color-5)","background-image":"","background-repeat":"repeat","background-position":"center center","background-size":"auto","background-attachment":"scroll","background-type":"","background-media":"","overlay-type":"","overlay-color":"","overlay-opacity":"","overlay-gradient":""},"tablet":{"background-color":"var(--ast-global-color-5)","background-image":"","background-repeat":"repeat","background-position":"center center","background-size":"auto","background-attachment":"scroll","background-type":"","background-media":"","overlay-type":"","overlay-color":"","overlay-opacity":"","overlay-gradient":""},"mobile":{"background-color":"var(--ast-global-color-5)","background-image":"","background-repeat":"repeat","background-position":"center center","background-size":"auto","background-attachment":"scroll","background-type":"","background-media":"","overlay-type":"","overlay-color":"","overlay-opacity":"","overlay-gradient":""}},"footnotes":""},"class_list":["post-1363","page","type-page","status-publish","hentry"],"aioseo_notices":[],"uagb_featured_image_src":{"full":false,"thumbnail":false,"medium":false,"medium_large":false,"large":false,"1536x1536":false,"2048x2048":false},"uagb_author_info":{"display_name":"alicemozkaya@gmail.com","author_link":"https:\/\/zazatour.com\/?author=1"},"uagb_comment_info":0,"uagb_excerpt":"\u015e\u0130R\u0130NCE TURU \u015eirince Turu Hakk\u0131nda Genel Bilgi \u015eirince, tarihin ve k\u00fclt\u00fcr\u00fcn i\u00e7 i\u00e7e ge\u00e7ti\u011fi, korunmu\u015f mimarisiyle b\u00fcy\u00fcleyici bir k\u00f6y! G\u00f6z kama\u015ft\u0131r\u0131c\u0131 manzaralar e\u015fli\u011finde, k\u00f6y\u00fcn dar sokaklar\u0131nda dola\u015f\u0131rken, yerel \u015faraplar\u0131n tad\u0131na varabilir ve geleneksel mutfa\u011f\u0131ndan lezzetler ke\u015ffedebilirsiniz. Her k\u00f6\u015fe ba\u015f\u0131nda farkl\u0131 bir hikaye bar\u0131nd\u0131ran bu e\u015fsiz k\u00f6y, do\u011fa severler ve tarih a\u015f\u0131klar\u0131 i\u00e7in adeta bir cennet.&hellip;","rttpg_featured_image_url":null,"rttpg_author":{"display_name":"alicemozkaya@gmail.com","author_link":"https:\/\/zazatour.com\/?author=1"},"rttpg_comment":0,"rttpg_category":" <a href=\"https:\/\/zazatour.com\/\" rel=\"tag\">T\u00fcrk\u00e7e<\/a>","rttpg_excerpt":"\u015e\u0130R\u0130NCE TURU \u015eirince Turu Hakk\u0131nda Genel Bilgi \u015eirince, tarihin ve k\u00fclt\u00fcr\u00fcn i\u00e7 i\u00e7e ge\u00e7ti\u011fi, korunmu\u015f mimarisiyle b\u00fcy\u00fcleyici bir k\u00f6y! G\u00f6z kama\u015ft\u0131r\u0131c\u0131 manzaralar e\u015fli\u011finde, k\u00f6y\u00fcn dar sokaklar\u0131nda dola\u015f\u0131rken, yerel \u015faraplar\u0131n tad\u0131na varabilir ve geleneksel mutfa\u011f\u0131ndan lezzetler ke\u015ffedebilirsiniz. Her k\u00f6\u015fe ba\u015f\u0131nda farkl\u0131 bir hikaye bar\u0131nd\u0131ran bu e\u015fsiz k\u00f6y, do\u011fa severler ve tarih a\u015f\u0131klar\u0131 i\u00e7in adeta bir cennet.&hellip;","_links":{"self":[{"href":"https:\/\/zazatour.com\/index.php?rest_route=\/wp\/v2\/pages\/1363"}],"collection":[{"href":"https:\/\/zazatour.com\/index.php?rest_route=\/wp\/v2\/pages"}],"about":[{"href":"https:\/\/zazatour.com\/index.php?rest_route=\/wp\/v2\/types\/page"}],"author":[{"embeddable":true,"href":"https:\/\/zazatour.com\/index.php?rest_route=\/wp\/v2\/users\/1"}],"replies":[{"embeddable":true,"href":"https:\/\/zazatour.com\/index.php?rest_route=%2Fwp%2Fv2%2Fcomments&post=1363"}],"version-history":[{"count":10,"href":"https:\/\/zazatour.com\/index.php?rest_route=\/wp\/v2\/pages\/1363\/revisions"}],"predecessor-version":[{"id":2340,"href":"https:\/\/zazatour.com\/index.php?rest_route=\/wp\/v2\/pages\/1363\/revisions\/2340"}],"wp:attachment":[{"href":"https:\/\/zazatour.com\/index.php?rest_route=%2Fwp%2Fv2%2Fmedia&parent=1363"}],"curies":[{"name":"wp","href":"https:\/\/api.w.org\/{rel}","templated":true}]}}