{"id":1367,"date":"2024-11-16T15:50:32","date_gmt":"2024-11-16T15:50:32","guid":{"rendered":"https:\/\/zazatour.com\/?page_id=1367"},"modified":"2024-12-06T10:30:19","modified_gmt":"2024-12-06T10:30:19","slug":"quad-buggy-safari","status":"publish","type":"page","link":"https:\/\/zazatour.com\/?page_id=1367","title":{"rendered":"Quad &amp; Buggy Safari"},"content":{"rendered":"\t\t<div data-elementor-type=\"wp-page\" data-elementor-id=\"1367\" class=\"elementor elementor-1367\">\n\t\t\t\t<div class=\"elementor-element elementor-element-3e82b4d e-flex e-con-boxed e-con e-parent\" data-id=\"3e82b4d\" data-element_type=\"container\">\n\t\t\t\t\t<div class=\"e-con-inner\">\n\t\t\t\t<div class=\"elementor-element elementor-element-ebb4abf elementor-widget elementor-widget-heading\" data-id=\"ebb4abf\" data-element_type=\"widget\" data-widget_type=\"heading.default\">\n\t\t\t\t<div class=\"elementor-widget-container\">\n\t\t\t<h2 class=\"elementor-heading-title elementor-size-default\">QUAD &amp; BUGGY SAFARI<\/h2>\t\t<\/div>\n\t\t\t\t<\/div>\n\t\t\t\t\t<\/div>\n\t\t\t\t<\/div>\n\t\t<div class=\"elementor-element elementor-element-034239a e-flex e-con-boxed e-con e-parent\" data-id=\"034239a\" data-element_type=\"container\">\n\t\t\t\t\t<div class=\"e-con-inner\">\n\t\t<div class=\"elementor-element elementor-element-d93daa6 e-con-full e-flex e-con e-child\" data-id=\"d93daa6\" data-element_type=\"container\">\n\t\t\t\t<div class=\"elementor-element elementor-element-7e5672a elementor-widget elementor-widget-heading\" data-id=\"7e5672a\" data-element_type=\"widget\" data-widget_type=\"heading.default\">\n\t\t\t\t<div class=\"elementor-widget-container\">\n\t\t\t<h2 class=\"elementor-heading-title elementor-size-default\">Quad Buggy Safari Hakk\u0131nda Genel Bilgiler<\/h2>\t\t<\/div>\n\t\t\t\t<\/div>\n\t\t\t\t<div class=\"elementor-element elementor-element-a406145 elementor-widget elementor-widget-text-editor\" data-id=\"a406145\" data-element_type=\"widget\" data-widget_type=\"text-editor.default\">\n\t\t\t\t<div class=\"elementor-widget-container\">\n\t\t\t\t\t\t\t<p>Quad Buggy Safari turunda sizi heyecan dolu bir macera bekliyor! Bu heyecan verici deneyim, 24 km\u2019lik parkurda yakla\u015f\u0131k 2 saat s\u00fcren bir s\u00fcr\u00fc\u015f sunuyor. Alt\u0131nkum\u2019a sadece 20 dakika uzakl\u0131kta bulunan parkurda, e\u011flenceli ve aksiyon dolu bir yolculuk yapacaks\u0131n\u0131z. Turda gerekli t\u00fcm g\u00fcvenlik ekipmanlar\u0131 sa\u011flanacakt\u0131r. Ayr\u0131ca, maceran\u0131z\u0131 foto\u011fraf ve video \u00e7ekimleri ile kaydedebilirsiniz! Deneyimli e\u011fitmenlerimiz, safariye ba\u015flamadan \u00f6nce sizi bilgilendirecek ve g\u00fcvenli bir s\u00fcr\u00fc\u015f i\u00e7in haz\u0131rl\u0131\u011f\u0131n\u0131z\u0131 yapacakt\u0131r.<\/p>\t\t\t\t\t\t<\/div>\n\t\t\t\t<\/div>\n\t\t\t\t<div class=\"elementor-element elementor-element-9012602 elementor-widget elementor-widget-heading\" data-id=\"9012602\" data-element_type=\"widget\" data-widget_type=\"heading.default\">\n\t\t\t\t<div class=\"elementor-widget-container\">\n\t\t\t<h2 class=\"elementor-heading-title elementor-size-default\">Tur Program\u0131 Nedir?<\/h2>\t\t<\/div>\n\t\t\t\t<\/div>\n\t\t\t\t<div class=\"elementor-element elementor-element-050dc0c elementor-widget elementor-widget-text-editor\" data-id=\"050dc0c\" data-element_type=\"widget\" data-widget_type=\"text-editor.default\">\n\t\t\t\t<div class=\"elementor-widget-container\">\n\t\t\t\t\t\t\t<p>Konaklaman\u0131zdan al\u0131n\u0131p, Alt\u0131nkum\u2019a 20 dakika mesafedeki parkura g\u00f6t\u00fcr\u00fcl\u00fcyorsunuz. Safari, yakla\u015f\u0131k 2 saat s\u00fcrecek ve 24 km\u2019lik heyecan dolu bir parkuru kapsayacak. Yolculuk s\u0131ras\u0131nda 10-15 dakikal\u0131k k\u0131sa bir mola verilecektir. Turun sonunda, konaklaman\u0131za geri b\u0131rak\u0131lacaks\u0131n\u0131z.<\/p>\t\t\t\t\t\t<\/div>\n\t\t\t\t<\/div>\n\t\t\t\t<div class=\"elementor-element elementor-element-acba9c7 elementor-widget elementor-widget-heading\" data-id=\"acba9c7\" data-element_type=\"widget\" data-widget_type=\"heading.default\">\n\t\t\t\t<div class=\"elementor-widget-container\">\n\t\t\t<h2 class=\"elementor-heading-title elementor-size-default\">Fiyata Neler Dahildir?<\/h2>\t\t<\/div>\n\t\t\t\t<\/div>\n\t\t\t\t<div class=\"elementor-element elementor-element-6093299 elementor-widget elementor-widget-text-editor\" data-id=\"6093299\" data-element_type=\"widget\" data-widget_type=\"text-editor.default\">\n\t\t\t\t<div class=\"elementor-widget-container\">\n\t\t\t\t\t\t\t<p>Tur fiyat\u0131na safari deneyimi, gerekli t\u00fcm g\u00fcvenlik ekipmanlar\u0131 ve e\u011fitmenlerimiz taraf\u0131ndan verilen bilgilendirme dahildir. Ayr\u0131ca, \u00fccretsiz foto\u011fraf ve video \u00e7ekimi de dahil edilmektedir.<\/p>\t\t\t\t\t\t<\/div>\n\t\t\t\t<\/div>\n\t\t\t\t<div class=\"elementor-element elementor-element-73e4ab0 elementor-widget elementor-widget-heading\" data-id=\"73e4ab0\" data-element_type=\"widget\" data-widget_type=\"heading.default\">\n\t\t\t\t<div class=\"elementor-widget-container\">\n\t\t\t<h2 class=\"elementor-heading-title elementor-size-default\">Tura Nas\u0131l Haz\u0131rlanmal\u0131y\u0131m?<\/h2>\t\t<\/div>\n\t\t\t\t<\/div>\n\t\t\t\t<div class=\"elementor-element elementor-element-182a479 elementor-widget elementor-widget-text-editor\" data-id=\"182a479\" data-element_type=\"widget\" data-widget_type=\"text-editor.default\">\n\t\t\t\t<div class=\"elementor-widget-container\">\n\t\t\t\t\t\t\t<p>T\u00fcm ekipmanlar sa\u011flanmaktad\u0131r, ancak kirlenmesinden endi\u015fe etmedi\u011finiz rahat k\u0131yafetler giymeniz \u00f6nerilir.<\/p>\t\t\t\t\t\t<\/div>\n\t\t\t\t<\/div>\n\t\t\t\t<\/div>\n\t\t<div class=\"elementor-element elementor-element-f0a67a5 e-con-full e-flex e-con e-child\" data-id=\"f0a67a5\" data-element_type=\"container\">\n\t\t\t\t<div class=\"elementor-element elementor-element-d971c8d elementor-widget elementor-widget-image\" data-id=\"d971c8d\" data-element_type=\"widget\" data-widget_type=\"image.default\">\n\t\t\t\t<div class=\"elementor-widget-container\">\n\t\t\t\t\t\t\t\t\t\t\t\t\t<img fetchpriority=\"high\" decoding=\"async\" width=\"930\" height=\"944\" src=\"https:\/\/zazatour.com\/wp-content\/uploads\/2024\/11\/buggy-quad-1.jpg\" class=\"attachment-large size-large wp-image-1794\" alt=\"\" \/>\t\t\t\t\t\t\t\t\t\t\t\t\t<\/div>\n\t\t\t\t<\/div>\n\t\t\t\t<\/div>\n\t\t\t\t\t<\/div>\n\t\t\t\t<\/div>\n\t\t<div class=\"elementor-element elementor-element-d717a42 e-flex e-con-boxed e-con e-parent\" data-id=\"d717a42\" data-element_type=\"container\">\n\t\t\t\t\t<div class=\"e-con-inner\">\n\t\t\t\t<div class=\"elementor-element elementor-element-5369197 elementor-widget elementor-widget-image\" data-id=\"5369197\" data-element_type=\"widget\" data-widget_type=\"image.default\">\n\t\t\t\t<div class=\"elementor-widget-container\">\n\t\t\t\t\t\t\t\t\t\t\t\t\t<img decoding=\"async\" width=\"284\" height=\"96\" src=\"https:\/\/zazatour.com\/wp-content\/uploads\/2024\/12\/quad-buggy-fiyat.png\" class=\"attachment-large size-large wp-image-2344\" alt=\"\" \/>\t\t\t\t\t\t\t\t\t\t\t\t\t<\/div>\n\t\t\t\t<\/div>\n\t\t\t\t\t<\/div>\n\t\t\t\t<\/div>\n\t\t\t\t<\/div>\n\t\t","protected":false},"excerpt":{"rendered":"<p>QUAD &amp; BUGGY SAFARI Quad Buggy Safari Hakk\u0131nda Genel Bilgiler Quad Buggy Safari turunda sizi heyecan dolu bir macera bekliyor! Bu heyecan verici deneyim, 24 km\u2019lik parkurda yakla\u015f\u0131k 2 saat s\u00fcren bir s\u00fcr\u00fc\u015f sunuyor. Alt\u0131nkum\u2019a sadece 20 dakika uzakl\u0131kta bulunan parkurda, e\u011flenceli ve aksiyon dolu bir yolculuk yapacaks\u0131n\u0131z. Turda gerekli t\u00fcm g\u00fcvenlik ekipmanlar\u0131 sa\u011flanacakt\u0131r. Ayr\u0131ca, [&hellip;]<\/p>\n","protected":false},"author":1,"featured_media":0,"parent":0,"menu_order":0,"comment_status":"closed","ping_status":"closed","template":"","meta":{"_uag_custom_page_level_css":"","site-sidebar-layout":"no-sidebar","site-content-layout":"page-builder","ast-site-content-layout":"full-width-container","site-content-style":"default","site-sidebar-style":"default","ast-global-header-display":"","ast-banner-title-visibility":"","ast-main-header-display":"","ast-hfb-above-header-display":"","ast-hfb-below-header-display":"","ast-hfb-mobile-header-display":"","site-post-title":"disabled","ast-breadcrumbs-content":"","ast-featured-img":"disabled","footer-sml-layout":"","theme-transparent-header-meta":"","adv-header-id-meta":"","stick-header-meta":"","header-above-stick-meta":"","header-main-stick-meta":"","header-below-stick-meta":"","astra-migrate-meta-layouts":"set","ast-page-background-enabled":"default","ast-page-background-meta":{"desktop":{"background-color":"var(--ast-global-color-4)","background-image":"","background-repeat":"repeat","background-position":"center center","background-size":"auto","background-attachment":"scroll","background-type":"","background-media":"","overlay-type":"","overlay-color":"","overlay-opacity":"","overlay-gradient":""},"tablet":{"background-color":"","background-image":"","background-repeat":"repeat","background-position":"center center","background-size":"auto","background-attachment":"scroll","background-type":"","background-media":"","overlay-type":"","overlay-color":"","overlay-opacity":"","overlay-gradient":""},"mobile":{"background-color":"","background-image":"","background-repeat":"repeat","background-position":"center center","background-size":"auto","background-attachment":"scroll","background-type":"","background-media":"","overlay-type":"","overlay-color":"","overlay-opacity":"","overlay-gradient":""}},"ast-content-background-meta":{"desktop":{"background-color":"var(--ast-global-color-5)","background-image":"","background-repeat":"repeat","background-position":"center center","background-size":"auto","background-attachment":"scroll","background-type":"","background-media":"","overlay-type":"","overlay-color":"","overlay-opacity":"","overlay-gradient":""},"tablet":{"background-color":"var(--ast-global-color-5)","background-image":"","background-repeat":"repeat","background-position":"center center","background-size":"auto","background-attachment":"scroll","background-type":"","background-media":"","overlay-type":"","overlay-color":"","overlay-opacity":"","overlay-gradient":""},"mobile":{"background-color":"var(--ast-global-color-5)","background-image":"","background-repeat":"repeat","background-position":"center center","background-size":"auto","background-attachment":"scroll","background-type":"","background-media":"","overlay-type":"","overlay-color":"","overlay-opacity":"","overlay-gradient":""}},"footnotes":""},"class_list":["post-1367","page","type-page","status-publish","hentry"],"aioseo_notices":[],"uagb_featured_image_src":{"full":false,"thumbnail":false,"medium":false,"medium_large":false,"large":false,"1536x1536":false,"2048x2048":false},"uagb_author_info":{"display_name":"alicemozkaya@gmail.com","author_link":"https:\/\/zazatour.com\/?author=1"},"uagb_comment_info":0,"uagb_excerpt":"QUAD &amp; BUGGY SAFARI Quad Buggy Safari Hakk\u0131nda Genel Bilgiler Quad Buggy Safari turunda sizi heyecan dolu bir macera bekliyor! Bu heyecan verici deneyim, 24 km\u2019lik parkurda yakla\u015f\u0131k 2 saat s\u00fcren bir s\u00fcr\u00fc\u015f sunuyor. Alt\u0131nkum\u2019a sadece 20 dakika uzakl\u0131kta bulunan parkurda, e\u011flenceli ve aksiyon dolu bir yolculuk yapacaks\u0131n\u0131z. Turda gerekli t\u00fcm g\u00fcvenlik ekipmanlar\u0131 sa\u011flanacakt\u0131r. Ayr\u0131ca,&hellip;","rttpg_featured_image_url":null,"rttpg_author":{"display_name":"alicemozkaya@gmail.com","author_link":"https:\/\/zazatour.com\/?author=1"},"rttpg_comment":0,"rttpg_category":" <a href=\"https:\/\/zazatour.com\/\" rel=\"tag\">T\u00fcrk\u00e7e<\/a>","rttpg_excerpt":"QUAD &amp; BUGGY SAFARI Quad Buggy Safari Hakk\u0131nda Genel Bilgiler Quad Buggy Safari turunda sizi heyecan dolu bir macera bekliyor! Bu heyecan verici deneyim, 24 km\u2019lik parkurda yakla\u015f\u0131k 2 saat s\u00fcren bir s\u00fcr\u00fc\u015f sunuyor. Alt\u0131nkum\u2019a sadece 20 dakika uzakl\u0131kta bulunan parkurda, e\u011flenceli ve aksiyon dolu bir yolculuk yapacaks\u0131n\u0131z. Turda gerekli t\u00fcm g\u00fcvenlik ekipmanlar\u0131 sa\u011flanacakt\u0131r. Ayr\u0131ca,&hellip;","_links":{"self":[{"href":"https:\/\/zazatour.com\/index.php?rest_route=\/wp\/v2\/pages\/1367"}],"collection":[{"href":"https:\/\/zazatour.com\/index.php?rest_route=\/wp\/v2\/pages"}],"about":[{"href":"https:\/\/zazatour.com\/index.php?rest_route=\/wp\/v2\/types\/page"}],"author":[{"embeddable":true,"href":"https:\/\/zazatour.com\/index.php?rest_route=\/wp\/v2\/users\/1"}],"replies":[{"embeddable":true,"href":"https:\/\/zazatour.com\/index.php?rest_route=%2Fwp%2Fv2%2Fcomments&post=1367"}],"version-history":[{"count":10,"href":"https:\/\/zazatour.com\/index.php?rest_route=\/wp\/v2\/pages\/1367\/revisions"}],"predecessor-version":[{"id":2347,"href":"https:\/\/zazatour.com\/index.php?rest_route=\/wp\/v2\/pages\/1367\/revisions\/2347"}],"wp:attachment":[{"href":"https:\/\/zazatour.com\/index.php?rest_route=%2Fwp%2Fv2%2Fmedia&parent=1367"}],"curies":[{"name":"wp","href":"https:\/\/api.w.org\/{rel}","templated":true}]}}