{"id":1662,"date":"2024-11-18T09:38:37","date_gmt":"2024-11-18T09:38:37","guid":{"rendered":"https:\/\/zazatour.com\/?page_id=1662"},"modified":"2024-11-23T15:06:20","modified_gmt":"2024-11-23T15:06:20","slug":"blog_eng","status":"publish","type":"page","link":"https:\/\/zazatour.com\/?page_id=1662&lang=en","title":{"rendered":"Blog_eng"},"content":{"rendered":"\t\t<div data-elementor-type=\"wp-page\" data-elementor-id=\"1662\" class=\"elementor elementor-1662\">\n\t\t\t\t<div class=\"elementor-element elementor-element-a63db07 e-flex e-con-boxed e-con e-parent\" data-id=\"a63db07\" data-element_type=\"container\">\n\t\t\t\t\t<div class=\"e-con-inner\">\n\t\t\t\t<div class=\"elementor-element elementor-element-8b17180 meta-visibility-show section-title-style-style1 title_position_default title_hover_border_default title-default img_hover_animation_default meta_position_default readmore-btn-default-style grid-hover-overlay-type-always tpg-el-box-border-enable tpg-border-bottom-disable elementor-widget elementor-widget-tpg-grid-layout\" data-id=\"8b17180\" data-element_type=\"widget\" data-widget_type=\"tpg-grid-layout.default\">\n\t\t\t\t<div class=\"elementor-widget-container\">\n\t\t\t\t\t<div class=\"rt-container-fluid rt-tpg-container tpg-el-main-wrapper clearfix grid-layout1-main \"\n\t\t\t id=\"rt-tpg-container-2687579233\"\n\t\t\t data-layout=\"grid-layout1\"\n\t\t\t data-grid-style=\"tpg-full-height\"\n\t\t\t data-sc-id=\"elementor\"\n\t\t\t data-el-settings=''\n\t\t\t data-el-query=''\n\t\t\t data-el-path=''\n\t\t>\n\n\t\t\t\t\t\t<div class='tpg-header-wrapper '>\n\t\t\t\t\n        <div class=\"tpg-widget-heading-wrapper rt-clear heading-style1 \">\n            <span class=\"tpg-widget-heading-line line-left\"><\/span>\n\t\t\t<h2 class='tpg-widget-heading'>\n\t\t\t\n\t\t\t\t                    <span>\n\t\t\t\t\t\tSection Title\t\t\t\t\t<\/span>\n\t\t\t\t\t\n\t\t\t\t\t\t\t<\/h2>            <span class=\"tpg-widget-heading-line line-right\"><\/span>\n\n\t\t\t\n        <\/div>\n\n\t\t\n\t\t\t\t\t<\/div>\n\n\t\t\t<div data-title=\"Loading ...\" class=\"rt-row rt-content-loader grid-layout1 grid-behaviour tpg-full-height grid_layout_wrapper\">\n\t\t\t\t<div class=\"rt-col-md-4 rt-col-sm-6 rt-col-xs-12 default rt-grid-item post-2748 post type-post status-publish format-standard hentry category-english category-ingilizce-en\"\t\tdata-id=\"2748\">\n\t<div class=\"rt-holder tpg-post-holder\">\n\t\t<div class=\"rt-detail rt-el-content-wrapper\">\n\t\t\t\t\t\t\t<div class=\"rt-img-holder tpg-el-image-wrap has-no-thumbnail\">\n\t\t\t\t\t<a data-id=\"2748\" href=\"https:\/\/zazatour.com\/?p=2748&#038;lang=en\" class=\"tpg-post-link\" target=\"_self\"><img fetchpriority=\"high\" class='rt-img-responsive' src='https:\/\/zazatour.com\/wp-content\/uploads\/2024\/12\/turkiyenin-ozgun-seyahat-rotalari-1024x585.jpg' width=\"1024\" height=\"585\" alt='Turkey&#8217;s Unique Travel Routes: Are You Ready to Explore?'>\t\t\n\t\t<\/a>\n\t\t        <div class=\"overlay grid-hover-content\"><\/div>\n\t\t\t\t\t\t<\/div>\n\t\t\t\n\t\t\t<div class=\"entry-title-wrapper\"><h3 class=\"entry-title\"><a data-id=\"2748\" href=\"https:\/\/zazatour.com\/?p=2748&#038;lang=en\" class=\"tpg-post-link\" target=\"_self\">Turkey&#8217;s Unique Travel Routes: Are You Ready to Explore?<\/a><\/h3><\/div>\n\t\t\t\t\t\t\t<div class=\"post-meta-tags rt-el-post-meta\">\n\t\t\t\t\t            <span class='date'>\n\t\t\t\t<i class='far fa-calendar-alt '><\/i>\t\t\t\t                    <a href=\"https:\/\/zazatour.com\/?m=20241218\">\n\t\t\t\t\tAral\u0131k 18, 2024\t\t\t\t<\/a>\n\t\t\t\t\t\t\t<\/span>\n\t\t\t            <span class=\"comment-count\">\n\t\t\t\t<i class='fas fa-comments '><\/i>Comment (0)\t\t\t<\/span>\n\t\t\t\t\t\t\t<\/div>\n\t\t\t\n\n\t\t\t\t\t\t\t<div class=\"tpg-excerpt tpg-el-excerpt\">\n\t\t\t\t\t\t\t\t\t\t\t<div class=\"tpg-excerpt-inner\">\n\t\t\t\t\t\t\tLeave behind traditional holiday plans and embark on a whole new adventure by choosing one of Turkey&#8217;s most unique and captivating experience routes! These extraordinary journeys go beyond...\t\t\t\t\t\t<\/div>\n\t\t\t\t\t\t\t\t\t\t\t\t\t\t<\/div>\n\t\t\t\n\t\t\t        <div class=\"post-footer\">\n            <div class=\"post-footer\">\n                <div class=\"read-more\">\n\t\t\t\t\t<a data-id=\"2748\" href=\"https:\/\/zazatour.com\/?p=2748&#038;lang=en\" class=\"tpg-post-link\" target=\"_self\">Read More<\/a>                <\/div>\n            <\/div>\n        <\/div>\n\t\t\t\t<\/div>\n\t<\/div>\n<\/div>\n<div class=\"rt-col-md-4 rt-col-sm-6 rt-col-xs-12 default rt-grid-item post-2108 post type-post status-publish format-standard hentry category-english category-ingilizce-en\"\t\tdata-id=\"2108\">\n\t<div class=\"rt-holder tpg-post-holder\">\n\t\t<div class=\"rt-detail rt-el-content-wrapper\">\n\t\t\t\t\t\t\t<div class=\"rt-img-holder tpg-el-image-wrap has-no-thumbnail\">\n\t\t\t\t\t<a data-id=\"2108\" href=\"https:\/\/zazatour.com\/?p=2108&#038;lang=en\" class=\"tpg-post-link\" target=\"_self\"><img class='rt-img-responsive' src='https:\/\/zazatour.com\/wp-content\/uploads\/2024\/11\/egenin-sakli-cennetleri-2-1024x585.jpg' width=\"1024\" height=\"585\" alt='The Unknowns of the Aegean Coast (2)'>\t\t\n\t\t<\/a>\n\t\t        <div class=\"overlay grid-hover-content\"><\/div>\n\t\t\t\t\t\t<\/div>\n\t\t\t\n\t\t\t<div class=\"entry-title-wrapper\"><h3 class=\"entry-title\"><a data-id=\"2108\" href=\"https:\/\/zazatour.com\/?p=2108&#038;lang=en\" class=\"tpg-post-link\" target=\"_self\">The Unknowns of the Aegean Coast (2)<\/a><\/h3><\/div>\n\t\t\t\t\t\t\t<div class=\"post-meta-tags rt-el-post-meta\">\n\t\t\t\t\t            <span class='date'>\n\t\t\t\t<i class='far fa-calendar-alt '><\/i>\t\t\t\t                    <a href=\"https:\/\/zazatour.com\/?m=20241129\">\n\t\t\t\t\tKas\u0131m 29, 2024\t\t\t\t<\/a>\n\t\t\t\t\t\t\t<\/span>\n\t\t\t            <span class=\"comment-count\">\n\t\t\t\t<i class='fas fa-comments '><\/i>Comment (0)\t\t\t<\/span>\n\t\t\t\t\t\t\t<\/div>\n\t\t\t\n\n\t\t\t\t\t\t\t<div class=\"tpg-excerpt tpg-el-excerpt\">\n\t\t\t\t\t\t\t\t\t\t\t<div class=\"tpg-excerpt-inner\">\n\t\t\t\t\t\t\tThe Aegean coast not only fascinates with its natural beauty but also with its historical and cultural richness. If you want to make your holiday a bit more unique and full of discovery, don&#8217;t...\t\t\t\t\t\t<\/div>\n\t\t\t\t\t\t\t\t\t\t\t\t\t\t<\/div>\n\t\t\t\n\t\t\t        <div class=\"post-footer\">\n            <div class=\"post-footer\">\n                <div class=\"read-more\">\n\t\t\t\t\t<a data-id=\"2108\" href=\"https:\/\/zazatour.com\/?p=2108&#038;lang=en\" class=\"tpg-post-link\" target=\"_self\">Read More<\/a>                <\/div>\n            <\/div>\n        <\/div>\n\t\t\t\t<\/div>\n\t<\/div>\n<\/div>\n<div class=\"rt-col-md-4 rt-col-sm-6 rt-col-xs-12 default rt-grid-item post-1988 post type-post status-publish format-standard hentry category-english category-ingilizce-en\"\t\tdata-id=\"1988\">\n\t<div class=\"rt-holder tpg-post-holder\">\n\t\t<div class=\"rt-detail rt-el-content-wrapper\">\n\t\t\t\t\t\t\t<div class=\"rt-img-holder tpg-el-image-wrap has-no-thumbnail\">\n\t\t\t\t\t<a data-id=\"1988\" href=\"https:\/\/zazatour.com\/?p=1988&#038;lang=en\" class=\"tpg-post-link\" target=\"_self\"><img class='rt-img-responsive' src='https:\/\/zazatour.com\/wp-content\/uploads\/2024\/11\/DALL\u00b7E-2024-11-23-15.49.43-A-picturesque-village-scene-on-the-Datca-Peninsula-featuring-a-small-traditional-stone-house-with-a-thatched-roof-surrounded-by-olive-trees-and-wild-1024x585.webp' width=\"1024\" height=\"585\" alt='Unknown Wonders of the Aegean Coast: Hidden Paradises Waiting to Be Discovered (1)'>\t\t\n\t\t<\/a>\n\t\t        <div class=\"overlay grid-hover-content\"><\/div>\n\t\t\t\t\t\t<\/div>\n\t\t\t\n\t\t\t<div class=\"entry-title-wrapper\"><h3 class=\"entry-title\"><a data-id=\"1988\" href=\"https:\/\/zazatour.com\/?p=1988&#038;lang=en\" class=\"tpg-post-link\" target=\"_self\">Unknown Wonders of the Aegean Coast: Hidden Paradises Waiting to Be Discovered (1)<\/a><\/h3><\/div>\n\t\t\t\t\t\t\t<div class=\"post-meta-tags rt-el-post-meta\">\n\t\t\t\t\t            <span class='date'>\n\t\t\t\t<i class='far fa-calendar-alt '><\/i>\t\t\t\t                    <a href=\"https:\/\/zazatour.com\/?m=20241123\">\n\t\t\t\t\tKas\u0131m 23, 2024\t\t\t\t<\/a>\n\t\t\t\t\t\t\t<\/span>\n\t\t\t            <span class=\"comment-count\">\n\t\t\t\t<i class='fas fa-comments '><\/i>Comment (0)\t\t\t<\/span>\n\t\t\t\t\t\t\t<\/div>\n\t\t\t\n\n\t\t\t\t\t\t\t<div class=\"tpg-excerpt tpg-el-excerpt\">\n\t\t\t\t\t\t\t\t\t\t\t<div class=\"tpg-excerpt-inner\">\n\t\t\t\t\t\t\tThe Aegean Region is known as the pearl of Turkey. While popular destinations like Bodrum, \u00c7e\u015fme, and Marmaris attract thousands of tourists each year and showcase the beauty of the region worldwide...\t\t\t\t\t\t<\/div>\n\t\t\t\t\t\t\t\t\t\t\t\t\t\t<\/div>\n\t\t\t\n\t\t\t        <div class=\"post-footer\">\n            <div class=\"post-footer\">\n                <div class=\"read-more\">\n\t\t\t\t\t<a data-id=\"1988\" href=\"https:\/\/zazatour.com\/?p=1988&#038;lang=en\" class=\"tpg-post-link\" target=\"_self\">Read More<\/a>                <\/div>\n            <\/div>\n        <\/div>\n\t\t\t\t<\/div>\n\t<\/div>\n<\/div>\n\t\t\t<\/div>\n\t\t\t\n\t\t<\/div>\n\t\t\t\t<\/div>\n\t\t\t\t<\/div>\n\t\t\t\t\t<\/div>\n\t\t\t\t<\/div>\n\t\t\t\t<\/div>\n\t\t","protected":false},"excerpt":{"rendered":"<p>Section Title Unknown Wonders of the Aegean Coast: Hidden Paradises Waiting to Be Discovered (1) Kas\u0131m 23, 2024 Comment (0) The Aegean Region is known as the pearl of Turkey. While popular destinations like Bodrum, \u00c7e\u015fme, and Marmaris attract thousands of tourists each year and showcase the beauty of the region worldwide&#8230; Read More<\/p>\n","protected":false},"author":1,"featured_media":0,"parent":0,"menu_order":0,"comment_status":"closed","ping_status":"closed","template":"","meta":{"_uag_custom_page_level_css":"","site-sidebar-layout":"no-sidebar","site-content-layout":"page-builder","ast-site-content-layout":"default","site-content-style":"default","site-sidebar-style":"default","ast-global-header-display":"","ast-banner-title-visibility":"","ast-main-header-display":"","ast-hfb-above-header-display":"","ast-hfb-below-header-display":"","ast-hfb-mobile-header-display":"","site-post-title":"disabled","ast-breadcrumbs-content":"","ast-featured-img":"disabled","footer-sml-layout":"","theme-transparent-header-meta":"","adv-header-id-meta":"","stick-header-meta":"","header-above-stick-meta":"","header-main-stick-meta":"","header-below-stick-meta":"","astra-migrate-meta-layouts":"set","ast-page-background-enabled":"default","ast-page-background-meta":{"desktop":{"background-color":"var(--ast-global-color-4)","background-image":"","background-repeat":"repeat","background-position":"center center","background-size":"auto","background-attachment":"scroll","background-type":"","background-media":"","overlay-type":"","overlay-color":"","overlay-opacity":"","overlay-gradient":""},"tablet":{"background-color":"","background-image":"","background-repeat":"repeat","background-position":"center center","background-size":"auto","background-attachment":"scroll","background-type":"","background-media":"","overlay-type":"","overlay-color":"","overlay-opacity":"","overlay-gradient":""},"mobile":{"background-color":"","background-image":"","background-repeat":"repeat","background-position":"center center","background-size":"auto","background-attachment":"scroll","background-type":"","background-media":"","overlay-type":"","overlay-color":"","overlay-opacity":"","overlay-gradient":""}},"ast-content-background-meta":{"desktop":{"background-color":"var(--ast-global-color-5)","background-image":"","background-repeat":"repeat","background-position":"center center","background-size":"auto","background-attachment":"scroll","background-type":"","background-media":"","overlay-type":"","overlay-color":"","overlay-opacity":"","overlay-gradient":""},"tablet":{"background-color":"var(--ast-global-color-5)","background-image":"","background-repeat":"repeat","background-position":"center center","background-size":"auto","background-attachment":"scroll","background-type":"","background-media":"","overlay-type":"","overlay-color":"","overlay-opacity":"","overlay-gradient":""},"mobile":{"background-color":"var(--ast-global-color-5)","background-image":"","background-repeat":"repeat","background-position":"center center","background-size":"auto","background-attachment":"scroll","background-type":"","background-media":"","overlay-type":"","overlay-color":"","overlay-opacity":"","overlay-gradient":""}},"footnotes":""},"class_list":["post-1662","page","type-page","status-publish","hentry"],"aioseo_notices":[],"uagb_featured_image_src":{"full":false,"thumbnail":false,"medium":false,"medium_large":false,"large":false,"1536x1536":false,"2048x2048":false},"uagb_author_info":{"display_name":"alicemozkaya@gmail.com","author_link":"https:\/\/zazatour.com\/?author=1"},"uagb_comment_info":0,"uagb_excerpt":"Section Title Unknown Wonders of the Aegean Coast: Hidden Paradises Waiting to Be Discovered (1) Kas\u0131m 23, 2024 Comment (0) The Aegean Region is known as the pearl of Turkey. While popular destinations like Bodrum, \u00c7e\u015fme, and Marmaris attract thousands of tourists each year and showcase the beauty of the region worldwide&#8230; Read More","rttpg_featured_image_url":null,"rttpg_author":{"display_name":"alicemozkaya@gmail.com","author_link":"https:\/\/zazatour.com\/?author=1"},"rttpg_comment":0,"rttpg_category":"","rttpg_excerpt":"Section Title Unknown Wonders of the Aegean Coast: Hidden Paradises Waiting to Be Discovered (1) Kas\u0131m 23, 2024 Comment (0) The Aegean Region is known as the pearl of Turkey. While popular destinations like Bodrum, \u00c7e\u015fme, and Marmaris attract thousands of tourists each year and showcase the beauty of the region worldwide&#8230; Read More","_links":{"self":[{"href":"https:\/\/zazatour.com\/index.php?rest_route=\/wp\/v2\/pages\/1662"}],"collection":[{"href":"https:\/\/zazatour.com\/index.php?rest_route=\/wp\/v2\/pages"}],"about":[{"href":"https:\/\/zazatour.com\/index.php?rest_route=\/wp\/v2\/types\/page"}],"author":[{"embeddable":true,"href":"https:\/\/zazatour.com\/index.php?rest_route=\/wp\/v2\/users\/1"}],"replies":[{"embeddable":true,"href":"https:\/\/zazatour.com\/index.php?rest_route=%2Fwp%2Fv2%2Fcomments&post=1662"}],"version-history":[{"count":7,"href":"https:\/\/zazatour.com\/index.php?rest_route=\/wp\/v2\/pages\/1662\/revisions"}],"predecessor-version":[{"id":2015,"href":"https:\/\/zazatour.com\/index.php?rest_route=\/wp\/v2\/pages\/1662\/revisions\/2015"}],"wp:attachment":[{"href":"https:\/\/zazatour.com\/index.php?rest_route=%2Fwp%2Fv2%2Fmedia&parent=1662"}],"curies":[{"name":"wp","href":"https:\/\/api.w.org\/{rel}","templated":true}]}}