{"id":2454,"date":"2024-12-10T11:12:18","date_gmt":"2024-12-10T11:12:18","guid":{"rendered":"https:\/\/zazatour.com\/?page_id=2454"},"modified":"2024-12-10T12:00:12","modified_gmt":"2024-12-10T12:00:12","slug":"emin-kocak-termal","status":"publish","type":"page","link":"https:\/\/zazatour.com\/?page_id=2454","title":{"rendered":"emin ko\u00e7ak termal"},"content":{"rendered":"\t\t<div data-elementor-type=\"wp-page\" data-elementor-id=\"2454\" class=\"elementor elementor-2454\">\n\t\t\t\t<div class=\"elementor-element elementor-element-5c765d2 e-flex e-con-boxed e-con e-parent\" data-id=\"5c765d2\" data-element_type=\"container\">\n\t\t\t\t\t<div class=\"e-con-inner\">\n\t\t<div class=\"elementor-element elementor-element-b72af06 e-con-full e-flex e-con e-child\" data-id=\"b72af06\" data-element_type=\"container\">\n\t\t\t\t<div class=\"elementor-element elementor-element-24996b9 elementor-widget elementor-widget-image\" data-id=\"24996b9\" data-element_type=\"widget\" data-widget_type=\"image.default\">\n\t\t\t\t<div class=\"elementor-widget-container\">\n\t\t\t\t\t\t\t\t\t\t\t\t\t<img fetchpriority=\"high\" decoding=\"async\" width=\"1024\" height=\"682\" src=\"https:\/\/zazatour.com\/wp-content\/uploads\/2024\/12\/PHOTO-2024-09-23-18-30-54_3-1024x682.jpg\" class=\"attachment-large size-large wp-image-2435\" alt=\"\" \/>\t\t\t\t\t\t\t\t\t\t\t\t\t<\/div>\n\t\t\t\t<\/div>\n\t\t\t\t<\/div>\n\t\t<div class=\"elementor-element elementor-element-894d6c3 e-con-full e-flex e-con e-child\" data-id=\"894d6c3\" data-element_type=\"container\">\n\t\t\t\t<div class=\"elementor-element elementor-element-38a3692 elementor-widget elementor-widget-image\" data-id=\"38a3692\" data-element_type=\"widget\" data-widget_type=\"image.default\">\n\t\t\t\t<div class=\"elementor-widget-container\">\n\t\t\t\t\t\t\t\t\t\t\t\t\t<img decoding=\"async\" width=\"1024\" height=\"682\" src=\"https:\/\/zazatour.com\/wp-content\/uploads\/2024\/12\/PHOTO-2024-09-23-18-30-54_5-1024x682.jpg\" class=\"attachment-large size-large wp-image-2436\" alt=\"\" \/>\t\t\t\t\t\t\t\t\t\t\t\t\t<\/div>\n\t\t\t\t<\/div>\n\t\t\t\t<\/div>\n\t\t<div class=\"elementor-element elementor-element-394ccf1 e-con-full e-flex e-con e-child\" data-id=\"394ccf1\" data-element_type=\"container\">\n\t\t\t\t<div class=\"elementor-element elementor-element-8b57651 elementor-widget elementor-widget-image\" data-id=\"8b57651\" data-element_type=\"widget\" data-widget_type=\"image.default\">\n\t\t\t\t<div class=\"elementor-widget-container\">\n\t\t\t\t\t\t\t\t\t\t\t\t\t<img decoding=\"async\" width=\"1024\" height=\"682\" src=\"https:\/\/zazatour.com\/wp-content\/uploads\/2024\/12\/PHOTO-2024-09-23-18-30-54_16-1024x682.jpg\" class=\"attachment-large size-large wp-image-2442\" alt=\"\" \/>\t\t\t\t\t\t\t\t\t\t\t\t\t<\/div>\n\t\t\t\t<\/div>\n\t\t\t\t<\/div>\n\t\t<div class=\"elementor-element elementor-element-85d8046 e-con-full e-flex e-con e-child\" data-id=\"85d8046\" data-element_type=\"container\">\n\t\t\t\t<div class=\"elementor-element elementor-element-89e0950 elementor-widget elementor-widget-image\" data-id=\"89e0950\" data-element_type=\"widget\" data-widget_type=\"image.default\">\n\t\t\t\t<div class=\"elementor-widget-container\">\n\t\t\t\t\t\t\t\t\t\t\t\t\t<img loading=\"lazy\" decoding=\"async\" width=\"1024\" height=\"577\" src=\"https:\/\/zazatour.com\/wp-content\/uploads\/2024\/12\/PHOTO-2024-09-23-18-30-54_11-1024x577.jpg\" class=\"attachment-large size-large wp-image-2439\" alt=\"\" \/>\t\t\t\t\t\t\t\t\t\t\t\t\t<\/div>\n\t\t\t\t<\/div>\n\t\t\t\t<\/div>\n\t\t\t\t\t<\/div>\n\t\t\t\t<\/div>\n\t\t<div class=\"elementor-element elementor-element-e59088b e-flex e-con-boxed e-con e-parent\" data-id=\"e59088b\" data-element_type=\"container\">\n\t\t\t\t\t<div class=\"e-con-inner\">\n\t\t\t\t<div class=\"elementor-element elementor-element-ed9f9a7 elementor-widget elementor-widget-text-editor\" data-id=\"ed9f9a7\" data-element_type=\"widget\" data-widget_type=\"text-editor.default\">\n\t\t\t\t<div class=\"elementor-widget-container\">\n\t\t\t\t\t\t\t<p>Kapadokya\u2019n\u0131n b\u00fcy\u00fcleyici manzaras\u0131na ve tarihi dokusuna tan\u0131kl\u0131k eden bu otel, Nev\u015fehir, \u00dcrg\u00fcp ve Mustafapa\u015fa gibi turistik merkezlere yak\u0131n konumuyla dikkat \u00e7eker. D\u00fcnyaca \u00fcnl\u00fc Peri Bacalar\u0131\u2019na ve yer alt\u0131 \u015fehirlerine k\u0131sa mesafedeki tesis, modern konforla b\u00f6lgenin e\u015fsiz g\u00fczelliklerini ke\u015ffetme imkan\u0131 sunar.<\/p><p>Nev\u015fehir Havaalan\u0131\u2019na 50 km, Kayseri Erkilet Havaalan\u0131\u2019na 75 km uzakl\u0131ktaki otel, ula\u015f\u0131m a\u00e7\u0131s\u0131ndan avantajl\u0131d\u0131r. \u00dcrg\u00fcp\u2019e 1 km mesafedeki Gomeda Vadisi\u2019nde, Bey Deresi boyunca uzanan y\u00fcr\u00fcy\u00fc\u015f parkurunda do\u011fan\u0131n ve tarihin i\u00e7 i\u00e7e ge\u00e7ti\u011fi bir atmosferde keyifli vakit ge\u00e7irilebilir. Vadi, gizemli ma\u011faralar\u0131, kaya duvarlar\u0131ndaki g\u00fcvercin yuvalar\u0131 ve benzersiz manzaras\u0131yla dikkat \u00e7eker.<\/p><p>B\u00f6lgenin me\u015fhur g\u00fcvercinlikleri, ta\u015f i\u015f\u00e7ili\u011fi ve sanat\u0131yla tarih merakl\u0131lar\u0131n\u0131 cezbetmektedir. Do\u011fayla i\u00e7 i\u00e7e bir deneyim sunan bu otel, Kapadokya\u2019n\u0131n kendine \u00f6zg\u00fc cazibesini ya\u015famak isteyenler i\u00e7in ideal bir se\u00e7enektir.<\/p>\t\t\t\t\t\t<\/div>\n\t\t\t\t<\/div>\n\t\t\t\t\t<\/div>\n\t\t\t\t<\/div>\n\t\t<div class=\"elementor-element elementor-element-14d3602 e-flex e-con-boxed e-con e-parent\" data-id=\"14d3602\" data-element_type=\"container\">\n\t\t\t\t\t<div class=\"e-con-inner\">\n\t\t\t\t<div class=\"elementor-element elementor-element-60e42b3 elementor-widget elementor-widget-image\" data-id=\"60e42b3\" data-element_type=\"widget\" data-widget_type=\"image.default\">\n\t\t\t\t<div class=\"elementor-widget-container\">\n\t\t\t\t\t\t\t\t\t\t\t\t\t<img loading=\"lazy\" decoding=\"async\" width=\"849\" height=\"386\" src=\"https:\/\/zazatour.com\/wp-content\/uploads\/2024\/11\/CONTACT-US-1.png\" class=\"attachment-large size-large wp-image-2028\" alt=\"\" \/>\t\t\t\t\t\t\t\t\t\t\t\t\t<\/div>\n\t\t\t\t<\/div>\n\t\t\t\t\t<\/div>\n\t\t\t\t<\/div>\n\t\t\t\t<\/div>\n\t\t","protected":false},"excerpt":{"rendered":"<p>Kapadokya\u2019n\u0131n b\u00fcy\u00fcleyici manzaras\u0131na ve tarihi dokusuna tan\u0131kl\u0131k eden bu otel, Nev\u015fehir, \u00dcrg\u00fcp ve Mustafapa\u015fa gibi turistik merkezlere yak\u0131n konumuyla dikkat \u00e7eker. D\u00fcnyaca \u00fcnl\u00fc Peri Bacalar\u0131\u2019na ve yer alt\u0131 \u015fehirlerine k\u0131sa mesafedeki tesis, modern konforla b\u00f6lgenin e\u015fsiz g\u00fczelliklerini ke\u015ffetme imkan\u0131 sunar. Nev\u015fehir Havaalan\u0131\u2019na 50 km, Kayseri Erkilet Havaalan\u0131\u2019na 75 km uzakl\u0131ktaki otel, ula\u015f\u0131m a\u00e7\u0131s\u0131ndan avantajl\u0131d\u0131r. \u00dcrg\u00fcp\u2019e [&hellip;]<\/p>\n","protected":false},"author":1,"featured_media":0,"parent":0,"menu_order":0,"comment_status":"closed","ping_status":"closed","template":"","meta":{"_uag_custom_page_level_css":"","site-sidebar-layout":"no-sidebar","site-content-layout":"page-builder","ast-site-content-layout":"full-width-container","site-content-style":"default","site-sidebar-style":"default","ast-global-header-display":"","ast-banner-title-visibility":"","ast-main-header-display":"","ast-hfb-above-header-display":"","ast-hfb-below-header-display":"","ast-hfb-mobile-header-display":"","site-post-title":"disabled","ast-breadcrumbs-content":"","ast-featured-img":"disabled","footer-sml-layout":"","theme-transparent-header-meta":"","adv-header-id-meta":"","stick-header-meta":"","header-above-stick-meta":"","header-main-stick-meta":"","header-below-stick-meta":"","astra-migrate-meta-layouts":"set","ast-page-background-enabled":"default","ast-page-background-meta":{"desktop":{"background-color":"var(--ast-global-color-4)","background-image":"","background-repeat":"repeat","background-position":"center center","background-size":"auto","background-attachment":"scroll","background-type":"","background-media":"","overlay-type":"","overlay-color":"","overlay-opacity":"","overlay-gradient":""},"tablet":{"background-color":"","background-image":"","background-repeat":"repeat","background-position":"center center","background-size":"auto","background-attachment":"scroll","background-type":"","background-media":"","overlay-type":"","overlay-color":"","overlay-opacity":"","overlay-gradient":""},"mobile":{"background-color":"","background-image":"","background-repeat":"repeat","background-position":"center center","background-size":"auto","background-attachment":"scroll","background-type":"","background-media":"","overlay-type":"","overlay-color":"","overlay-opacity":"","overlay-gradient":""}},"ast-content-background-meta":{"desktop":{"background-color":"var(--ast-global-color-5)","background-image":"","background-repeat":"repeat","background-position":"center center","background-size":"auto","background-attachment":"scroll","background-type":"","background-media":"","overlay-type":"","overlay-color":"","overlay-opacity":"","overlay-gradient":""},"tablet":{"background-color":"var(--ast-global-color-5)","background-image":"","background-repeat":"repeat","background-position":"center center","background-size":"auto","background-attachment":"scroll","background-type":"","background-media":"","overlay-type":"","overlay-color":"","overlay-opacity":"","overlay-gradient":""},"mobile":{"background-color":"var(--ast-global-color-5)","background-image":"","background-repeat":"repeat","background-position":"center center","background-size":"auto","background-attachment":"scroll","background-type":"","background-media":"","overlay-type":"","overlay-color":"","overlay-opacity":"","overlay-gradient":""}},"footnotes":""},"class_list":["post-2454","page","type-page","status-publish","hentry"],"aioseo_notices":[],"uagb_featured_image_src":{"full":false,"thumbnail":false,"medium":false,"medium_large":false,"large":false,"1536x1536":false,"2048x2048":false},"uagb_author_info":{"display_name":"alicemozkaya@gmail.com","author_link":"https:\/\/zazatour.com\/?author=1"},"uagb_comment_info":0,"uagb_excerpt":"Kapadokya\u2019n\u0131n b\u00fcy\u00fcleyici manzaras\u0131na ve tarihi dokusuna tan\u0131kl\u0131k eden bu otel, Nev\u015fehir, \u00dcrg\u00fcp ve Mustafapa\u015fa gibi turistik merkezlere yak\u0131n konumuyla dikkat \u00e7eker. D\u00fcnyaca \u00fcnl\u00fc Peri Bacalar\u0131\u2019na ve yer alt\u0131 \u015fehirlerine k\u0131sa mesafedeki tesis, modern konforla b\u00f6lgenin e\u015fsiz g\u00fczelliklerini ke\u015ffetme imkan\u0131 sunar. Nev\u015fehir Havaalan\u0131\u2019na 50 km, Kayseri Erkilet Havaalan\u0131\u2019na 75 km uzakl\u0131ktaki otel, ula\u015f\u0131m a\u00e7\u0131s\u0131ndan avantajl\u0131d\u0131r. \u00dcrg\u00fcp\u2019e&hellip;","rttpg_featured_image_url":null,"rttpg_author":{"display_name":"alicemozkaya@gmail.com","author_link":"https:\/\/zazatour.com\/?author=1"},"rttpg_comment":0,"rttpg_category":" <a href=\"https:\/\/zazatour.com\/\" rel=\"tag\">T\u00fcrk\u00e7e<\/a>","rttpg_excerpt":"Kapadokya\u2019n\u0131n b\u00fcy\u00fcleyici manzaras\u0131na ve tarihi dokusuna tan\u0131kl\u0131k eden bu otel, Nev\u015fehir, \u00dcrg\u00fcp ve Mustafapa\u015fa gibi turistik merkezlere yak\u0131n konumuyla dikkat \u00e7eker. D\u00fcnyaca \u00fcnl\u00fc Peri Bacalar\u0131\u2019na ve yer alt\u0131 \u015fehirlerine k\u0131sa mesafedeki tesis, modern konforla b\u00f6lgenin e\u015fsiz g\u00fczelliklerini ke\u015ffetme imkan\u0131 sunar. Nev\u015fehir Havaalan\u0131\u2019na 50 km, Kayseri Erkilet Havaalan\u0131\u2019na 75 km uzakl\u0131ktaki otel, ula\u015f\u0131m a\u00e7\u0131s\u0131ndan avantajl\u0131d\u0131r. \u00dcrg\u00fcp\u2019e&hellip;","_links":{"self":[{"href":"https:\/\/zazatour.com\/index.php?rest_route=\/wp\/v2\/pages\/2454"}],"collection":[{"href":"https:\/\/zazatour.com\/index.php?rest_route=\/wp\/v2\/pages"}],"about":[{"href":"https:\/\/zazatour.com\/index.php?rest_route=\/wp\/v2\/types\/page"}],"author":[{"embeddable":true,"href":"https:\/\/zazatour.com\/index.php?rest_route=\/wp\/v2\/users\/1"}],"replies":[{"embeddable":true,"href":"https:\/\/zazatour.com\/index.php?rest_route=%2Fwp%2Fv2%2Fcomments&post=2454"}],"version-history":[{"count":4,"href":"https:\/\/zazatour.com\/index.php?rest_route=\/wp\/v2\/pages\/2454\/revisions"}],"predecessor-version":[{"id":2464,"href":"https:\/\/zazatour.com\/index.php?rest_route=\/wp\/v2\/pages\/2454\/revisions\/2464"}],"wp:attachment":[{"href":"https:\/\/zazatour.com\/index.php?rest_route=%2Fwp%2Fv2%2Fmedia&parent=2454"}],"curies":[{"name":"wp","href":"https:\/\/api.w.org\/{rel}","templated":true}]}}