{"id":2586,"date":"2024-12-14T08:49:16","date_gmt":"2024-12-14T08:49:16","guid":{"rendered":"https:\/\/zazatour.com\/?page_id=2586"},"modified":"2024-12-16T07:53:10","modified_gmt":"2024-12-16T07:53:10","slug":"aldem-hotel","status":"publish","type":"page","link":"https:\/\/zazatour.com\/?page_id=2586","title":{"rendered":"Aldem Hotel"},"content":{"rendered":"\t\t<div data-elementor-type=\"wp-page\" data-elementor-id=\"2586\" class=\"elementor elementor-2586\">\n\t\t\t\t<div class=\"elementor-element elementor-element-33e2c4a e-flex e-con-boxed e-con e-parent\" data-id=\"33e2c4a\" data-element_type=\"container\">\n\t\t\t\t\t<div class=\"e-con-inner\">\n\t\t<div class=\"elementor-element elementor-element-26d353c e-con-full e-flex e-con e-child\" data-id=\"26d353c\" data-element_type=\"container\">\n\t\t\t\t<div class=\"elementor-element elementor-element-70727ac elementor-widget elementor-widget-image\" data-id=\"70727ac\" data-element_type=\"widget\" data-widget_type=\"image.default\">\n\t\t\t\t<div class=\"elementor-widget-container\">\n\t\t\t\t\t\t\t\t\t\t\t\t\t<img fetchpriority=\"high\" decoding=\"async\" width=\"1024\" height=\"682\" src=\"https:\/\/zazatour.com\/wp-content\/uploads\/2024\/12\/WhatsApp-Image-2024-12-13-at-16.40.49-1-1024x682.jpeg\" class=\"attachment-large size-large wp-image-2569\" alt=\"\" \/>\t\t\t\t\t\t\t\t\t\t\t\t\t<\/div>\n\t\t\t\t<\/div>\n\t\t\t\t<\/div>\n\t\t<div class=\"elementor-element elementor-element-400a262 e-con-full e-flex e-con e-child\" data-id=\"400a262\" data-element_type=\"container\">\n\t\t\t\t<div class=\"elementor-element elementor-element-e10c71a elementor-widget elementor-widget-image\" data-id=\"e10c71a\" data-element_type=\"widget\" data-widget_type=\"image.default\">\n\t\t\t\t<div class=\"elementor-widget-container\">\n\t\t\t\t\t\t\t\t\t\t\t\t\t<img decoding=\"async\" width=\"1024\" height=\"576\" src=\"https:\/\/zazatour.com\/wp-content\/uploads\/2024\/12\/WhatsApp-Image-2024-12-13-at-16.40.42-2-1024x576.jpeg\" class=\"attachment-large size-large wp-image-2543\" alt=\"\" \/>\t\t\t\t\t\t\t\t\t\t\t\t\t<\/div>\n\t\t\t\t<\/div>\n\t\t\t\t<\/div>\n\t\t<div class=\"elementor-element elementor-element-3c4f553 e-con-full e-flex e-con e-child\" data-id=\"3c4f553\" data-element_type=\"container\">\n\t\t\t\t<div class=\"elementor-element elementor-element-ffb6ca4 elementor-widget elementor-widget-image\" data-id=\"ffb6ca4\" data-element_type=\"widget\" data-widget_type=\"image.default\">\n\t\t\t\t<div class=\"elementor-widget-container\">\n\t\t\t\t\t\t\t\t\t\t\t\t\t<img decoding=\"async\" width=\"1024\" height=\"682\" src=\"https:\/\/zazatour.com\/wp-content\/uploads\/2024\/12\/WhatsApp-Image-2024-12-13-at-16.40.33-3-1024x682.jpeg\" class=\"attachment-large size-large wp-image-2509\" alt=\"\" \/>\t\t\t\t\t\t\t\t\t\t\t\t\t<\/div>\n\t\t\t\t<\/div>\n\t\t\t\t<\/div>\n\t\t<div class=\"elementor-element elementor-element-8a5e5a9 e-con-full e-flex e-con e-child\" data-id=\"8a5e5a9\" data-element_type=\"container\">\n\t\t\t\t<div class=\"elementor-element elementor-element-fe35451 elementor-widget elementor-widget-image\" data-id=\"fe35451\" data-element_type=\"widget\" data-widget_type=\"image.default\">\n\t\t\t\t<div class=\"elementor-widget-container\">\n\t\t\t\t\t\t\t\t\t\t\t\t\t<img loading=\"lazy\" decoding=\"async\" width=\"1024\" height=\"678\" src=\"https:\/\/zazatour.com\/wp-content\/uploads\/2024\/12\/WhatsApp-Image-2024-12-13-at-16.40.35-3-1024x678.jpeg\" class=\"attachment-large size-large wp-image-2517\" alt=\"\" \/>\t\t\t\t\t\t\t\t\t\t\t\t\t<\/div>\n\t\t\t\t<\/div>\n\t\t\t\t<\/div>\n\t\t\t\t\t<\/div>\n\t\t\t\t<\/div>\n\t\t<div class=\"elementor-element elementor-element-6341587 e-flex e-con-boxed e-con e-parent\" data-id=\"6341587\" data-element_type=\"container\">\n\t\t\t\t\t<div class=\"e-con-inner\">\n\t\t\t\t<div class=\"elementor-element elementor-element-4d42151 elementor-widget elementor-widget-text-editor\" data-id=\"4d42151\" data-element_type=\"widget\" data-widget_type=\"text-editor.default\">\n\t\t\t\t<div class=\"elementor-widget-container\">\n\t\t\t\t\t\t\t<p>Tarihi Sultanahmet semtinde yer alan Aldem Hotel, \u0130stanbul\u2019un e\u015fsiz cazibesini yans\u0131tan, karakter sahibi bir tesistir. Otelin \u00e7at\u0131 teras\u0131, \u015fehrin nefes kesici manzaralar\u0131n\u0131 sunar ve \u00f6zellikle geceleri renkli \u0131\u015f\u0131klarla ayd\u0131nlanan \u0130stanbul, romantik bir siluet olu\u015fturur.<\/p><p>\u00a0<\/p><p>Tarihi dokusunu ve \u00f6zg\u00fcn tarz\u0131n\u0131 koruyarak yenilenen klasik tarzdaki bina, s\u0131cak renkler ve ho\u015f antikalarla \u015f\u0131k bir \u015fekilde dekore edilmi\u015ftir. Tesis, 17 Haziran 2009\u2019dan beri misafirlerini a\u011f\u0131rlamakta olup, toplamda 21 odaya sahiptir. Konforlu odalarda TV, minibar, kasa, klima ve \u0131s\u0131tma sistemi bulunmaktad\u0131r. Ayr\u0131ca otel genelinde \u00fccretsiz Wi-Fi eri\u015fimi sunulmaktad\u0131r.<\/p><p>\u00a0<\/p><p>Konuklar, otelin teras\u0131nda yer alan kafeteryada i\u00e7eceklerin ve at\u0131\u015ft\u0131rmal\u0131klar\u0131n keyfini \u00e7\u0131karabilir. Bunun yan\u0131 s\u0131ra otelin merkezi konumu sayesinde, bir\u00e7ok tarihi mekana y\u00fcr\u00fcme mesafesinde kolayca ula\u015fabilirsiniz. Sultanahmet Tramvay Dura\u011f\u0131\u2019na sadece 3 dakikal\u0131k y\u00fcr\u00fcme mesafesiyle, \u015fehrin di\u011fer b\u00f6lgelerine h\u0131zl\u0131 ve kolay ula\u015f\u0131m imkan\u0131 sunulmaktad\u0131r.<\/p><p>\u00a0<\/p><p>\u0130stanbul Havaalan\u0131\u2019na ula\u015f\u0131m imkan\u0131 sunan otel, \u00fccretsiz otopark\u0131, aile odalar\u0131 ve sigara i\u00e7ilmeyen alanlar\u0131yla konuklar\u0131na keyifli bir konaklama deneyimi vaat etmektedir. Misafirperver ve g\u00fcler y\u00fczl\u00fc personeli, ula\u015f\u0131m veya yerel turistik mekanlar hakk\u0131nda bilgi vermekten mutluluk duyacakt\u0131r.<\/p><p>\u00a0<\/p><p>Fatih, an\u0131tlar, m\u00fczeler ve turlar a\u00e7\u0131s\u0131ndan gezginler i\u00e7in harika bir se\u00e7enektir. Ba\u011f\u0131ms\u0131z de\u011ferlendirmelere g\u00f6re, Aldem Hotel\u2019in bulundu\u011fu b\u00f6lge, \u0130stanbul\u2019un en \u00e7ok be\u011fenilen semtlerinden biridir. Ayr\u0131ca, fiyat-performans oran\u0131 a\u00e7\u0131s\u0131ndan b\u00f6lgede en y\u00fcksek puana sahip oteller aras\u0131nda yer almakta olup, misafirlerine \u00f6dediklerinden daha fazlas\u0131n\u0131 sunmaktad\u0131r.<\/p><p>\u00a0<\/p><p>Aldem Hotel\u2019de unutulmaz bir \u0130stanbul deneyimi sizi bekliyor!<\/p>\t\t\t\t\t\t<\/div>\n\t\t\t\t<\/div>\n\t\t\t\t\t<\/div>\n\t\t\t\t<\/div>\n\t\t<div class=\"elementor-element elementor-element-26f57fd e-flex e-con-boxed e-con e-parent\" data-id=\"26f57fd\" data-element_type=\"container\">\n\t\t\t\t\t<div class=\"e-con-inner\">\n\t\t\t\t<div class=\"elementor-element elementor-element-a218fc0 elementor-widget elementor-widget-image\" data-id=\"a218fc0\" data-element_type=\"widget\" data-widget_type=\"image.default\">\n\t\t\t\t<div class=\"elementor-widget-container\">\n\t\t\t\t\t\t\t\t\t\t\t\t\t<img loading=\"lazy\" decoding=\"async\" width=\"849\" height=\"386\" src=\"https:\/\/zazatour.com\/wp-content\/uploads\/2024\/11\/CONTACT-US-1.png\" class=\"attachment-large size-large wp-image-2028\" alt=\"\" \/>\t\t\t\t\t\t\t\t\t\t\t\t\t<\/div>\n\t\t\t\t<\/div>\n\t\t\t\t\t<\/div>\n\t\t\t\t<\/div>\n\t\t\t\t<\/div>\n\t\t","protected":false},"excerpt":{"rendered":"<p>Tarihi Sultanahmet semtinde yer alan Aldem Hotel, \u0130stanbul\u2019un e\u015fsiz cazibesini yans\u0131tan, karakter sahibi bir tesistir. Otelin \u00e7at\u0131 teras\u0131, \u015fehrin nefes kesici manzaralar\u0131n\u0131 sunar ve \u00f6zellikle geceleri renkli \u0131\u015f\u0131klarla ayd\u0131nlanan \u0130stanbul, romantik bir siluet olu\u015fturur. \u00a0 Tarihi dokusunu ve \u00f6zg\u00fcn tarz\u0131n\u0131 koruyarak yenilenen klasik tarzdaki bina, s\u0131cak renkler ve ho\u015f antikalarla \u015f\u0131k bir \u015fekilde dekore edilmi\u015ftir. [&hellip;]<\/p>\n","protected":false},"author":1,"featured_media":0,"parent":0,"menu_order":0,"comment_status":"closed","ping_status":"closed","template":"","meta":{"_uag_custom_page_level_css":"","site-sidebar-layout":"no-sidebar","site-content-layout":"page-builder","ast-site-content-layout":"full-width-container","site-content-style":"default","site-sidebar-style":"default","ast-global-header-display":"","ast-banner-title-visibility":"","ast-main-header-display":"","ast-hfb-above-header-display":"","ast-hfb-below-header-display":"","ast-hfb-mobile-header-display":"","site-post-title":"disabled","ast-breadcrumbs-content":"","ast-featured-img":"disabled","footer-sml-layout":"","theme-transparent-header-meta":"","adv-header-id-meta":"","stick-header-meta":"","header-above-stick-meta":"","header-main-stick-meta":"","header-below-stick-meta":"","astra-migrate-meta-layouts":"set","ast-page-background-enabled":"default","ast-page-background-meta":{"desktop":{"background-color":"var(--ast-global-color-4)","background-image":"","background-repeat":"repeat","background-position":"center center","background-size":"auto","background-attachment":"scroll","background-type":"","background-media":"","overlay-type":"","overlay-color":"","overlay-opacity":"","overlay-gradient":""},"tablet":{"background-color":"","background-image":"","background-repeat":"repeat","background-position":"center center","background-size":"auto","background-attachment":"scroll","background-type":"","background-media":"","overlay-type":"","overlay-color":"","overlay-opacity":"","overlay-gradient":""},"mobile":{"background-color":"","background-image":"","background-repeat":"repeat","background-position":"center center","background-size":"auto","background-attachment":"scroll","background-type":"","background-media":"","overlay-type":"","overlay-color":"","overlay-opacity":"","overlay-gradient":""}},"ast-content-background-meta":{"desktop":{"background-color":"var(--ast-global-color-5)","background-image":"","background-repeat":"repeat","background-position":"center center","background-size":"auto","background-attachment":"scroll","background-type":"","background-media":"","overlay-type":"","overlay-color":"","overlay-opacity":"","overlay-gradient":""},"tablet":{"background-color":"var(--ast-global-color-5)","background-image":"","background-repeat":"repeat","background-position":"center center","background-size":"auto","background-attachment":"scroll","background-type":"","background-media":"","overlay-type":"","overlay-color":"","overlay-opacity":"","overlay-gradient":""},"mobile":{"background-color":"var(--ast-global-color-5)","background-image":"","background-repeat":"repeat","background-position":"center center","background-size":"auto","background-attachment":"scroll","background-type":"","background-media":"","overlay-type":"","overlay-color":"","overlay-opacity":"","overlay-gradient":""}},"footnotes":""},"class_list":["post-2586","page","type-page","status-publish","hentry"],"aioseo_notices":[],"uagb_featured_image_src":{"full":false,"thumbnail":false,"medium":false,"medium_large":false,"large":false,"1536x1536":false,"2048x2048":false},"uagb_author_info":{"display_name":"alicemozkaya@gmail.com","author_link":"https:\/\/zazatour.com\/?author=1"},"uagb_comment_info":0,"uagb_excerpt":"Tarihi Sultanahmet semtinde yer alan Aldem Hotel, \u0130stanbul\u2019un e\u015fsiz cazibesini yans\u0131tan, karakter sahibi bir tesistir. Otelin \u00e7at\u0131 teras\u0131, \u015fehrin nefes kesici manzaralar\u0131n\u0131 sunar ve \u00f6zellikle geceleri renkli \u0131\u015f\u0131klarla ayd\u0131nlanan \u0130stanbul, romantik bir siluet olu\u015fturur. \u00a0 Tarihi dokusunu ve \u00f6zg\u00fcn tarz\u0131n\u0131 koruyarak yenilenen klasik tarzdaki bina, s\u0131cak renkler ve ho\u015f antikalarla \u015f\u0131k bir \u015fekilde dekore edilmi\u015ftir.&hellip;","rttpg_featured_image_url":null,"rttpg_author":{"display_name":"alicemozkaya@gmail.com","author_link":"https:\/\/zazatour.com\/?author=1"},"rttpg_comment":0,"rttpg_category":" <a href=\"https:\/\/zazatour.com\/\" rel=\"tag\">T\u00fcrk\u00e7e<\/a>","rttpg_excerpt":"Tarihi Sultanahmet semtinde yer alan Aldem Hotel, \u0130stanbul\u2019un e\u015fsiz cazibesini yans\u0131tan, karakter sahibi bir tesistir. Otelin \u00e7at\u0131 teras\u0131, \u015fehrin nefes kesici manzaralar\u0131n\u0131 sunar ve \u00f6zellikle geceleri renkli \u0131\u015f\u0131klarla ayd\u0131nlanan \u0130stanbul, romantik bir siluet olu\u015fturur. \u00a0 Tarihi dokusunu ve \u00f6zg\u00fcn tarz\u0131n\u0131 koruyarak yenilenen klasik tarzdaki bina, s\u0131cak renkler ve ho\u015f antikalarla \u015f\u0131k bir \u015fekilde dekore edilmi\u015ftir.&hellip;","_links":{"self":[{"href":"https:\/\/zazatour.com\/index.php?rest_route=\/wp\/v2\/pages\/2586"}],"collection":[{"href":"https:\/\/zazatour.com\/index.php?rest_route=\/wp\/v2\/pages"}],"about":[{"href":"https:\/\/zazatour.com\/index.php?rest_route=\/wp\/v2\/types\/page"}],"author":[{"embeddable":true,"href":"https:\/\/zazatour.com\/index.php?rest_route=\/wp\/v2\/users\/1"}],"replies":[{"embeddable":true,"href":"https:\/\/zazatour.com\/index.php?rest_route=%2Fwp%2Fv2%2Fcomments&post=2586"}],"version-history":[{"count":10,"href":"https:\/\/zazatour.com\/index.php?rest_route=\/wp\/v2\/pages\/2586\/revisions"}],"predecessor-version":[{"id":2647,"href":"https:\/\/zazatour.com\/index.php?rest_route=\/wp\/v2\/pages\/2586\/revisions\/2647"}],"wp:attachment":[{"href":"https:\/\/zazatour.com\/index.php?rest_route=%2Fwp%2Fv2%2Fmedia&parent=2586"}],"curies":[{"name":"wp","href":"https:\/\/api.w.org\/{rel}","templated":true}]}}