{"id":2662,"date":"2024-12-16T08:41:49","date_gmt":"2024-12-16T08:41:49","guid":{"rendered":"https:\/\/zazatour.com\/?page_id=2662"},"modified":"2024-12-17T10:39:13","modified_gmt":"2024-12-17T10:39:13","slug":"6-gunluk-turkiye-turu-efes-pamukkale-kapadokya","status":"publish","type":"page","link":"https:\/\/zazatour.com\/?page_id=2662","title":{"rendered":"6 G\u00fcnl\u00fck T\u00fcrkiye Turu (Efes, Pamukkale, Kapadokya)"},"content":{"rendered":"\t\t<div data-elementor-type=\"wp-page\" data-elementor-id=\"2662\" class=\"elementor elementor-2662\">\n\t\t\t\t<div class=\"elementor-element elementor-element-814157b e-flex e-con-boxed e-con e-parent\" data-id=\"814157b\" data-element_type=\"container\">\n\t\t\t\t\t<div class=\"e-con-inner\">\n\t\t\t\t<div class=\"elementor-element elementor-element-aff88a0 elementor-widget elementor-widget-heading\" data-id=\"aff88a0\" data-element_type=\"widget\" data-widget_type=\"heading.default\">\n\t\t\t\t<div class=\"elementor-widget-container\">\n\t\t\t<h2 class=\"elementor-heading-title elementor-size-default\">6 G\u00fcnl\u00fck \u0130stanbul \u00c7\u0131k\u0131\u015fl\u0131 T\u00fcrkiye Turu (Efes, Pamukkale, Kapadokya)<\/h2>\t\t<\/div>\n\t\t\t\t<\/div>\n\t\t\t\t\t<\/div>\n\t\t\t\t<\/div>\n\t\t<div class=\"elementor-element elementor-element-41555f0 e-flex e-con-boxed e-con e-parent\" data-id=\"41555f0\" data-element_type=\"container\">\n\t\t\t\t\t<div class=\"e-con-inner\">\n\t\t\t\t<div class=\"elementor-element elementor-element-92fbf72 elementor-widget elementor-widget-text-editor\" data-id=\"92fbf72\" data-element_type=\"widget\" data-widget_type=\"text-editor.default\">\n\t\t\t\t<div class=\"elementor-widget-container\">\n\t\t\t\t\t\t\t<p><strong>1. G\u00fcn<\/strong><\/p>\t\t\t\t\t\t<\/div>\n\t\t\t\t<\/div>\n\t\t\t\t<div class=\"elementor-element elementor-element-ee45cf8 elementor-widget elementor-widget-text-editor\" data-id=\"ee45cf8\" data-element_type=\"widget\" data-widget_type=\"text-editor.default\">\n\t\t\t\t<div class=\"elementor-widget-container\">\n\t\t\t\t\t\t\t<p>\u0130stanbul ofisten saat 20:00\u2019de hareket ederek, 21:30\u2019da tam klimal\u0131 otob\u00fcsle Ku\u015fadas\u0131\u2019na Efes i\u00e7in gece otob\u00fcs\u00fc yolculu\u011fu yap\u0131lacakt\u0131r (s\u00fcre: 11 saat).<\/p>\t\t\t\t\t\t<\/div>\n\t\t\t\t<\/div>\n\t\t\t\t<div class=\"elementor-element elementor-element-334bb83 elementor-widget elementor-widget-text-editor\" data-id=\"334bb83\" data-element_type=\"widget\" data-widget_type=\"text-editor.default\">\n\t\t\t\t<div class=\"elementor-widget-container\">\n\t\t\t\t\t\t\t<p><strong>2. G\u00fcn &#8211; Efes Turu<\/strong><\/p>\t\t\t\t\t\t<\/div>\n\t\t\t\t<\/div>\n\t\t\t\t<div class=\"elementor-element elementor-element-f5075c9 elementor-widget elementor-widget-text-editor\" data-id=\"f5075c9\" data-element_type=\"widget\" data-widget_type=\"text-editor.default\">\n\t\t\t\t<div class=\"elementor-widget-container\">\n\t\t\t\t\t\t\t<p><em>\u00d6\u011fle ve Ak\u015fam Yeme\u011fi Dahil<\/em><br>Ku\u015fadas\u0131\u2019na var\u0131\u015f ve otele transfer. Check-in saati 11:00 oldu\u011fu i\u00e7in, otele vard\u0131\u011f\u0131n\u0131zda odan\u0131z haz\u0131rsa giri\u015f yapabilirsiniz; e\u011fer de\u011filse l\u00fctfen bagajlar\u0131n\u0131z\u0131 resepsiyona b\u0131rak\u0131n\u0131z.<br>Saat 09:00\u2019da tur i\u00e7in hareket. \u0130lk olarak, antik d\u00fcnyan\u0131n yedi harikas\u0131ndan biri olan Artemis Tap\u0131na\u011f\u0131\u2019n\u0131n kal\u0131nt\u0131lar\u0131n\u0131 ziyaret edin. Ard\u0131ndan, ku\u015fkusuz en iyi korunmu\u015f Greko-Romen \u015fehri olan Efes\u2019in muhte\u015fem ana alan\u0131na ge\u00e7in. Celsius K\u00fct\u00fcphanesi, Agora, Tiyatro, Odeon, Trajan \u00c7e\u015fmesi, Domitianus Tap\u0131na\u011f\u0131 ve Roma Latrinleri gibi dikkat \u00e7eken kal\u0131nt\u0131lar bu antik \u015fehirde g\u00f6rebilecekleriniz aras\u0131nda. \u00d6\u011fle yeme\u011finden sonra Meryem Ana Evi\u2019ni ziyaret edin; buran\u0131n onun son g\u00fcnlerini ge\u00e7irdi\u011fi yer oldu\u011fu s\u00f6ylenir. Tur yakla\u015f\u0131k 18:00\u2019de sona erecektir. Otele transfer. Ak\u015fam yeme\u011fi otelde. Ku\u015fadas\u0131\u2019nda 3 y\u0131ld\u0131zl\u0131 otelde konaklama.<\/p>\t\t\t\t\t\t<\/div>\n\t\t\t\t<\/div>\n\t\t\t\t<div class=\"elementor-element elementor-element-63d92ec elementor-widget elementor-widget-text-editor\" data-id=\"63d92ec\" data-element_type=\"widget\" data-widget_type=\"text-editor.default\">\n\t\t\t\t<div class=\"elementor-widget-container\">\n\t\t\t\t\t\t\t<p><strong>3. G\u00fcn &#8211; Pamukkale ve Hierapolis Turu<\/strong><\/p>\t\t\t\t\t\t<\/div>\n\t\t\t\t<\/div>\n\t\t\t\t<div class=\"elementor-element elementor-element-b736eff elementor-widget elementor-widget-text-editor\" data-id=\"b736eff\" data-element_type=\"widget\" data-widget_type=\"text-editor.default\">\n\t\t\t\t<div class=\"elementor-widget-container\">\n\t\t\t\t\t\t\t<p><em>Kahvalt\u0131 ve \u00d6\u011fle Yeme\u011fi Dahil<\/em><br \/>Kahvalt\u0131dan sonra otelden \u00e7\u0131k\u0131\u015f yap\u0131n\u0131z ve bagajlar\u0131n\u0131z\u0131 tur otob\u00fcs\u00fcne al\u0131n\u0131z. Otelden saat 08:00\u2019de hareketle Pamukkale ve antik Hierapolis \u015fehrini ziyaret edin. Hierapolis\u2019te Apollo Tap\u0131na\u011f\u0131, b\u00fcy\u00fcleyici Tiyatro, etkileyici Nekropolis ve St. Philip\u2019in \u015fehit edildi\u011fi Hierapolis antik kentinin b\u00fcy\u00fck hamamlar\u0131 g\u00f6r\u00fclecek yerler aras\u0131ndad\u0131r. St. Philip, Hierapolis\u2019in erken d\u00f6nem kilisesiyle ba\u011flant\u0131l\u0131 olup kentin tarihinde \u00f6nemli bir rol oynam\u0131\u015ft\u0131r. Son olarak, Pamukkale\u2019nin kalsiyum teraslar\u0131 ve havuzlar\u0131n\u0131 ziyaret edin.<br \/>Tur yakla\u015f\u0131k 17:00\u2019de sona erecektir. Pamukkale\u2019de serbest zaman. Yakla\u015f\u0131k saat 21:00\u2019de Kapadokya\u2019ya gece otob\u00fcs\u00fc (s\u00fcre: 10 saat).<\/p>\t\t\t\t\t\t<\/div>\n\t\t\t\t<\/div>\n\t\t\t\t<div class=\"elementor-element elementor-element-6d45674 elementor-widget elementor-widget-text-editor\" data-id=\"6d45674\" data-element_type=\"widget\" data-widget_type=\"text-editor.default\">\n\t\t\t\t<div class=\"elementor-widget-container\">\n\t\t\t\t\t\t\t<p><strong>4. G\u00fcn &#8211; Kapadokya Turu 1<\/strong><\/p>\t\t\t\t\t\t<\/div>\n\t\t\t\t<\/div>\n\t\t\t\t\t<\/div>\n\t\t\t\t<\/div>\n\t\t<div class=\"elementor-element elementor-element-8312191 e-flex e-con-boxed e-con e-parent\" data-id=\"8312191\" data-element_type=\"container\">\n\t\t\t\t\t<div class=\"e-con-inner\">\n\t\t\t\t<div class=\"elementor-element elementor-element-7c5467d elementor-widget elementor-widget-text-editor\" data-id=\"7c5467d\" data-element_type=\"widget\" data-widget_type=\"text-editor.default\">\n\t\t\t\t<div class=\"elementor-widget-container\">\n\t\t\t\t\t\t\t<p><em>\u00d6\u011fle Yeme\u011fi Dahil<\/em><br \/>Kapadokya\u2019ya var\u0131\u015f ve otele transfer. Check-in saati 11:00 oldu\u011fu i\u00e7in, otele vard\u0131\u011f\u0131n\u0131zda odan\u0131z haz\u0131rsa giri\u015f yapabilirsiniz; e\u011fer de\u011filse bagajlar\u0131n\u0131z\u0131 resepsiyona b\u0131rak\u0131n\u0131z.<br \/>Saat 09:00\u2019da otelden hareket ederek Devrent Vadisi\u2019ni ziyaret edin; buras\u0131 b\u00f6lgedeki en etkileyici manast\u0131r komplekslerinden biridir. Ard\u0131ndan Pa\u015faba\u011f (Rahipler Vadisi) ziyareti yap\u0131lacak. Daha sonra, K\u0131z\u0131l\u0131rmak Nehri k\u0131y\u0131s\u0131nda yer alan ve \u00fcnl\u00fc \u00e7\u00f6mlek\u00e7ilik at\u00f6lyelerine kat\u0131labilece\u011finiz Avanos k\u00f6y\u00fcne k\u0131sa bir yolculuk yap\u0131lacakt\u0131r. \u00d6\u011fle yeme\u011finden sonra G\u00f6reme A\u00e7\u0131k Hava M\u00fczesi\u2019ni ziyaret edin; buras\u0131 kaya oyma kiliselerin en etkileyici olanlar\u0131n\u0131 i\u00e7erir. Son durak ise do\u011fal bir kale olan U\u00e7hisar K\u00f6y\u00fc olacakt\u0131r.<br \/>Tur yakla\u015f\u0131k 17:00\u2019de sona erecektir. Otele transfer. Kapadokya\u2019da \u00f6zel s\u0131n\u0131f bir otelde standart odada konaklama.<\/p>\t\t\t\t\t\t<\/div>\n\t\t\t\t<\/div>\n\t\t\t\t<div class=\"elementor-element elementor-element-b57c2cb elementor-widget elementor-widget-text-editor\" data-id=\"b57c2cb\" data-element_type=\"widget\" data-widget_type=\"text-editor.default\">\n\t\t\t\t<div class=\"elementor-widget-container\">\n\t\t\t\t\t\t\t<p><strong>5. G\u00fcn &#8211; Kapadokya Turu 2<\/strong><\/p>\t\t\t\t\t\t<\/div>\n\t\t\t\t<\/div>\n\t\t\t\t<div class=\"elementor-element elementor-element-0bcc2fb elementor-widget elementor-widget-text-editor\" data-id=\"0bcc2fb\" data-element_type=\"widget\" data-widget_type=\"text-editor.default\">\n\t\t\t\t<div class=\"elementor-widget-container\">\n\t\t\t\t\t\t\t<p><em>Kahvalt\u0131 ve \u00d6\u011fle Yeme\u011fi Dahil<\/em><br \/>Kahvalt\u0131dan sonra otelden \u00e7\u0131k\u0131\u015f yap\u0131n\u0131z. K\u0131rm\u0131z\u0131 Vadi\u2019yi ziyaret ederek, ba\u011flar ve meyve bah\u00e7eleri aras\u0131nda peribacalar\u0131 ve kaya oyma evler aras\u0131nda y\u00fcr\u00fcy\u00fc\u015f f\u0131rsat\u0131 yakalay\u0131n. Ard\u0131ndan G\u00fcl Vadisi\u2019nde y\u00fcr\u00fcy\u00fc\u015fe devam edin. Daha sonra eski bir Hristiyan k\u00f6y\u00fc olan \u00c7avu\u015fin K\u00f6y\u00fc\u2019n\u00fc ziyaret edin. \u00d6\u011fle yeme\u011fi molas\u0131ndan sonra G\u00fcvercinlik Vadisi\u2019ni ziyaret edin; buras\u0131 g\u00fcvercin yuvalar\u0131n\u0131 \u00e7ekmek i\u00e7in kayalara oyulmu\u015f y\u00fczlerce pencereyle \u00fcnl\u00fcd\u00fcr. Son olarak Kaymakl\u0131 Yeralt\u0131 \u015eehri ve Ortahisar Kalesi\u2019ni ziyaret edin.<br \/>Tur yakla\u015f\u0131k 17:00\u2019de sona erecektir. Otele transfer ve ard\u0131ndan saat 19:00 veya 20:00\u2019de \u0130stanbul\u2019a gece otob\u00fcs\u00fc yolculu\u011fu (s\u00fcre: 11 saat).<\/p>\t\t\t\t\t\t<\/div>\n\t\t\t\t<\/div>\n\t\t\t\t<div class=\"elementor-element elementor-element-bad8d19 elementor-widget elementor-widget-text-editor\" data-id=\"bad8d19\" data-element_type=\"widget\" data-widget_type=\"text-editor.default\">\n\t\t\t\t<div class=\"elementor-widget-container\">\n\t\t\t\t\t\t\t<p><strong>6. G\u00fcn &#8211; Turun Sonu<\/strong><\/p>\t\t\t\t\t\t<\/div>\n\t\t\t\t<\/div>\n\t\t\t\t<div class=\"elementor-element elementor-element-ac12ef0 elementor-widget elementor-widget-text-editor\" data-id=\"ac12ef0\" data-element_type=\"widget\" data-widget_type=\"text-editor.default\">\n\t\t\t\t<div class=\"elementor-widget-container\">\n\t\t\t\t\t\t\t<p>\u0130stanbul\u2019a vard\u0131\u011f\u0131n\u0131zda, Sultanahmet veya Taksim Meydan\u0131\u2019na \u00fccretsiz servis otob\u00fcs\u00fcne binebilirsiniz. Tur ve hizmetler burada sona erecektir.<\/p>\t\t\t\t\t\t<\/div>\n\t\t\t\t<\/div>\n\t\t\t\t\t<\/div>\n\t\t\t\t<\/div>\n\t\t<div class=\"elementor-element elementor-element-758abc5 e-flex e-con-boxed e-con e-parent\" data-id=\"758abc5\" data-element_type=\"container\">\n\t\t\t\t\t<div class=\"e-con-inner\">\n\t\t\t\t<div class=\"elementor-element elementor-element-4cad1fd elementor-widget elementor-widget-image\" data-id=\"4cad1fd\" data-element_type=\"widget\" data-widget_type=\"image.default\">\n\t\t\t\t<div class=\"elementor-widget-container\">\n\t\t\t\t\t\t\t\t\t\t\t\t\t<img fetchpriority=\"high\" decoding=\"async\" width=\"480\" height=\"250\" src=\"https:\/\/zazatour.com\/wp-content\/uploads\/2024\/12\/6-gunluk-turkiye-turu-haritasi.jpg\" class=\"attachment-large size-large wp-image-2684\" alt=\"\" \/>\t\t\t\t\t\t\t\t\t\t\t\t\t<\/div>\n\t\t\t\t<\/div>\n\t\t\t\t\t<\/div>\n\t\t\t\t<\/div>\n\t\t<div class=\"elementor-element elementor-element-69260a9 e-flex e-con-boxed e-con e-parent\" data-id=\"69260a9\" data-element_type=\"container\">\n\t\t\t\t\t<div class=\"e-con-inner\">\n\t\t\t\t<div class=\"elementor-element elementor-element-77e41af elementor-widget elementor-widget-image\" data-id=\"77e41af\" data-element_type=\"widget\" data-widget_type=\"image.default\">\n\t\t\t\t<div class=\"elementor-widget-container\">\n\t\t\t\t\t\t\t\t\t\t\t\t\t<img decoding=\"async\" width=\"849\" height=\"386\" src=\"https:\/\/zazatour.com\/wp-content\/uploads\/2024\/11\/CONTACT-US-1.png\" class=\"attachment-large size-large wp-image-2028\" alt=\"\" \/>\t\t\t\t\t\t\t\t\t\t\t\t\t<\/div>\n\t\t\t\t<\/div>\n\t\t\t\t\t<\/div>\n\t\t\t\t<\/div>\n\t\t\t\t<\/div>\n\t\t","protected":false},"excerpt":{"rendered":"<p>6 G\u00fcnl\u00fck \u0130stanbul \u00c7\u0131k\u0131\u015fl\u0131 T\u00fcrkiye Turu (Efes, Pamukkale, Kapadokya) 1. G\u00fcn \u0130stanbul ofisten saat 20:00\u2019de hareket ederek, 21:30\u2019da tam klimal\u0131 otob\u00fcsle Ku\u015fadas\u0131\u2019na Efes i\u00e7in gece otob\u00fcs\u00fc yolculu\u011fu yap\u0131lacakt\u0131r (s\u00fcre: 11 saat). 2. G\u00fcn &#8211; Efes Turu \u00d6\u011fle ve Ak\u015fam Yeme\u011fi DahilKu\u015fadas\u0131\u2019na var\u0131\u015f ve otele transfer. Check-in saati 11:00 oldu\u011fu i\u00e7in, otele vard\u0131\u011f\u0131n\u0131zda odan\u0131z haz\u0131rsa giri\u015f [&hellip;]<\/p>\n","protected":false},"author":1,"featured_media":0,"parent":0,"menu_order":0,"comment_status":"closed","ping_status":"closed","template":"","meta":{"_uag_custom_page_level_css":"","site-sidebar-layout":"no-sidebar","site-content-layout":"page-builder","ast-site-content-layout":"full-width-container","site-content-style":"default","site-sidebar-style":"default","ast-global-header-display":"","ast-banner-title-visibility":"","ast-main-header-display":"","ast-hfb-above-header-display":"","ast-hfb-below-header-display":"","ast-hfb-mobile-header-display":"","site-post-title":"disabled","ast-breadcrumbs-content":"","ast-featured-img":"disabled","footer-sml-layout":"","theme-transparent-header-meta":"","adv-header-id-meta":"","stick-header-meta":"","header-above-stick-meta":"","header-main-stick-meta":"","header-below-stick-meta":"","astra-migrate-meta-layouts":"set","ast-page-background-enabled":"default","ast-page-background-meta":{"desktop":{"background-color":"var(--ast-global-color-4)","background-image":"","background-repeat":"repeat","background-position":"center center","background-size":"auto","background-attachment":"scroll","background-type":"","background-media":"","overlay-type":"","overlay-color":"","overlay-opacity":"","overlay-gradient":""},"tablet":{"background-color":"","background-image":"","background-repeat":"repeat","background-position":"center center","background-size":"auto","background-attachment":"scroll","background-type":"","background-media":"","overlay-type":"","overlay-color":"","overlay-opacity":"","overlay-gradient":""},"mobile":{"background-color":"","background-image":"","background-repeat":"repeat","background-position":"center center","background-size":"auto","background-attachment":"scroll","background-type":"","background-media":"","overlay-type":"","overlay-color":"","overlay-opacity":"","overlay-gradient":""}},"ast-content-background-meta":{"desktop":{"background-color":"var(--ast-global-color-5)","background-image":"","background-repeat":"repeat","background-position":"center center","background-size":"auto","background-attachment":"scroll","background-type":"","background-media":"","overlay-type":"","overlay-color":"","overlay-opacity":"","overlay-gradient":""},"tablet":{"background-color":"var(--ast-global-color-5)","background-image":"","background-repeat":"repeat","background-position":"center center","background-size":"auto","background-attachment":"scroll","background-type":"","background-media":"","overlay-type":"","overlay-color":"","overlay-opacity":"","overlay-gradient":""},"mobile":{"background-color":"var(--ast-global-color-5)","background-image":"","background-repeat":"repeat","background-position":"center center","background-size":"auto","background-attachment":"scroll","background-type":"","background-media":"","overlay-type":"","overlay-color":"","overlay-opacity":"","overlay-gradient":""}},"footnotes":""},"class_list":["post-2662","page","type-page","status-publish","hentry"],"aioseo_notices":[],"uagb_featured_image_src":{"full":false,"thumbnail":false,"medium":false,"medium_large":false,"large":false,"1536x1536":false,"2048x2048":false},"uagb_author_info":{"display_name":"alicemozkaya@gmail.com","author_link":"https:\/\/zazatour.com\/?author=1"},"uagb_comment_info":0,"uagb_excerpt":"6 G\u00fcnl\u00fck \u0130stanbul \u00c7\u0131k\u0131\u015fl\u0131 T\u00fcrkiye Turu (Efes, Pamukkale, Kapadokya) 1. G\u00fcn \u0130stanbul ofisten saat 20:00\u2019de hareket ederek, 21:30\u2019da tam klimal\u0131 otob\u00fcsle Ku\u015fadas\u0131\u2019na Efes i\u00e7in gece otob\u00fcs\u00fc yolculu\u011fu yap\u0131lacakt\u0131r (s\u00fcre: 11 saat). 2. G\u00fcn &#8211; Efes Turu \u00d6\u011fle ve Ak\u015fam Yeme\u011fi DahilKu\u015fadas\u0131\u2019na var\u0131\u015f ve otele transfer. Check-in saati 11:00 oldu\u011fu i\u00e7in, otele vard\u0131\u011f\u0131n\u0131zda odan\u0131z haz\u0131rsa giri\u015f&hellip;","rttpg_featured_image_url":null,"rttpg_author":{"display_name":"alicemozkaya@gmail.com","author_link":"https:\/\/zazatour.com\/?author=1"},"rttpg_comment":0,"rttpg_category":" <a href=\"https:\/\/zazatour.com\/\" rel=\"tag\">T\u00fcrk\u00e7e<\/a>","rttpg_excerpt":"6 G\u00fcnl\u00fck \u0130stanbul \u00c7\u0131k\u0131\u015fl\u0131 T\u00fcrkiye Turu (Efes, Pamukkale, Kapadokya) 1. G\u00fcn \u0130stanbul ofisten saat 20:00\u2019de hareket ederek, 21:30\u2019da tam klimal\u0131 otob\u00fcsle Ku\u015fadas\u0131\u2019na Efes i\u00e7in gece otob\u00fcs\u00fc yolculu\u011fu yap\u0131lacakt\u0131r (s\u00fcre: 11 saat). 2. G\u00fcn &#8211; Efes Turu \u00d6\u011fle ve Ak\u015fam Yeme\u011fi DahilKu\u015fadas\u0131\u2019na var\u0131\u015f ve otele transfer. Check-in saati 11:00 oldu\u011fu i\u00e7in, otele vard\u0131\u011f\u0131n\u0131zda odan\u0131z haz\u0131rsa giri\u015f&hellip;","_links":{"self":[{"href":"https:\/\/zazatour.com\/index.php?rest_route=\/wp\/v2\/pages\/2662"}],"collection":[{"href":"https:\/\/zazatour.com\/index.php?rest_route=\/wp\/v2\/pages"}],"about":[{"href":"https:\/\/zazatour.com\/index.php?rest_route=\/wp\/v2\/types\/page"}],"author":[{"embeddable":true,"href":"https:\/\/zazatour.com\/index.php?rest_route=\/wp\/v2\/users\/1"}],"replies":[{"embeddable":true,"href":"https:\/\/zazatour.com\/index.php?rest_route=%2Fwp%2Fv2%2Fcomments&post=2662"}],"version-history":[{"count":4,"href":"https:\/\/zazatour.com\/index.php?rest_route=\/wp\/v2\/pages\/2662\/revisions"}],"predecessor-version":[{"id":2687,"href":"https:\/\/zazatour.com\/index.php?rest_route=\/wp\/v2\/pages\/2662\/revisions\/2687"}],"wp:attachment":[{"href":"https:\/\/zazatour.com\/index.php?rest_route=%2Fwp%2Fv2%2Fmedia&parent=2662"}],"curies":[{"name":"wp","href":"https:\/\/api.w.org\/{rel}","templated":true}]}}