{"id":2664,"date":"2024-12-16T08:45:32","date_gmt":"2024-12-16T08:45:32","guid":{"rendered":"https:\/\/zazatour.com\/?page_id=2664"},"modified":"2024-12-17T10:53:13","modified_gmt":"2024-12-17T10:53:13","slug":"7-gunluk-turkiye-turu-kapadokya-pamukkale-efes","status":"publish","type":"page","link":"https:\/\/zazatour.com\/?page_id=2664","title":{"rendered":"7 G\u00fcnl\u00fck T\u00fcrkiye Turu (Kapadokya, Pamukkale, Efes)"},"content":{"rendered":"\t\t<div data-elementor-type=\"wp-page\" data-elementor-id=\"2664\" class=\"elementor elementor-2664\">\n\t\t\t\t<div class=\"elementor-element elementor-element-7fe9f39 e-flex e-con-boxed e-con e-parent\" data-id=\"7fe9f39\" data-element_type=\"container\">\n\t\t\t\t\t<div class=\"e-con-inner\">\n\t\t\t\t<div class=\"elementor-element elementor-element-4c624ab elementor-widget elementor-widget-heading\" data-id=\"4c624ab\" data-element_type=\"widget\" data-widget_type=\"heading.default\">\n\t\t\t\t<div class=\"elementor-widget-container\">\n\t\t\t<h2 class=\"elementor-heading-title elementor-size-default\">7 G\u00fcnl\u00fck \u0130stanbul \u00c7\u0131k\u0131\u015fl\u0131 T\u00fcrkiye Turu (Kapadokya, Pamukkale, Efes)<\/h2>\t\t<\/div>\n\t\t\t\t<\/div>\n\t\t\t\t\t<\/div>\n\t\t\t\t<\/div>\n\t\t<div class=\"elementor-element elementor-element-72e4ef4 e-flex e-con-boxed e-con e-parent\" data-id=\"72e4ef4\" data-element_type=\"container\">\n\t\t\t\t\t<div class=\"e-con-inner\">\n\t\t\t\t<div class=\"elementor-element elementor-element-2a83478 elementor-widget elementor-widget-text-editor\" data-id=\"2a83478\" data-element_type=\"widget\" data-widget_type=\"text-editor.default\">\n\t\t\t\t<div class=\"elementor-widget-container\">\n\t\t\t\t\t\t\t<p><strong>1. G\u00fcn<\/strong><\/p>\t\t\t\t\t\t<\/div>\n\t\t\t\t<\/div>\n\t\t\t\t<div class=\"elementor-element elementor-element-eb5d836 elementor-widget elementor-widget-text-editor\" data-id=\"eb5d836\" data-element_type=\"widget\" data-widget_type=\"text-editor.default\">\n\t\t\t\t<div class=\"elementor-widget-container\">\n\t\t\t\t\t\t\t<p>Saat 19:00&#8217;da ofisimizden hareket ederek, 21:00&#8217;de tam klimal\u0131, sigara i\u00e7ilmeyen otob\u00fcsle Kapadokya&#8217;ya gece yolculu\u011fu yap\u0131lacakt\u0131r. Gece otob\u00fcs yolculu\u011fu yakla\u015f\u0131k 11 saat s\u00fcrecektir.<\/p>\t\t\t\t\t\t<\/div>\n\t\t\t\t<\/div>\n\t\t\t\t<div class=\"elementor-element elementor-element-3a8571f elementor-widget elementor-widget-text-editor\" data-id=\"3a8571f\" data-element_type=\"widget\" data-widget_type=\"text-editor.default\">\n\t\t\t\t<div class=\"elementor-widget-container\">\n\t\t\t\t\t\t\t<p><strong>2. G\u00fcn &#8211; Kapadokya Turu 1<\/strong><\/p>\t\t\t\t\t\t<\/div>\n\t\t\t\t<\/div>\n\t\t\t\t<div class=\"elementor-element elementor-element-9dfb3a9 elementor-widget elementor-widget-text-editor\" data-id=\"9dfb3a9\" data-element_type=\"widget\" data-widget_type=\"text-editor.default\">\n\t\t\t\t<div class=\"elementor-widget-container\">\n\t\t\t\t\t\t\t<p><em>\u00d6\u011fle Yeme\u011fi Dahil<\/em><br \/>Kapadokya&#8217;ya var\u0131\u015f ve tura ba\u015flamadan \u00f6nce otele transfer edilerek k\u0131sa bir haz\u0131rl\u0131k s\u00fcresi.<br \/>Otelden hareket ederek Devrent Vadisi&#8217;ni ziyaret edin ve benzersiz peribacalar\u0131n\u0131 g\u00f6r\u00fcn. Ard\u0131ndan, mantar \u015feklindeki en ilgin\u00e7 peribacalar\u0131n\u0131 g\u00f6rmek i\u00e7in Pa\u015faba\u011f (Rahipler Vadisi)\u2019ne gidin. \u00d6\u011fle yeme\u011fi i\u00e7in Avanos \u015fehrine hareket edin. \u00d6\u011fleden sonra, G\u00f6reme A\u00e7\u0131k Hava M\u00fczesi&#8217;ni ziyaret edin. Burada, kaya oyma kiliselerin ve Hristiyan yerle\u015fimlerinin y\u00fczlerce y\u0131l \u00f6ncesine dayanan kal\u0131nt\u0131lar\u0131n\u0131 g\u00f6rebilirsiniz. G\u00fcn sonunda, otelinize d\u00f6nmeden \u00f6nce U\u00e7hisar\u2019daki do\u011fal kaleleri ziyaret edin.<br \/>Kapadokya\u2019da konaklama.<\/p>\t\t\t\t\t\t<\/div>\n\t\t\t\t<\/div>\n\t\t\t\t<div class=\"elementor-element elementor-element-3609b72 elementor-widget elementor-widget-text-editor\" data-id=\"3609b72\" data-element_type=\"widget\" data-widget_type=\"text-editor.default\">\n\t\t\t\t<div class=\"elementor-widget-container\">\n\t\t\t\t\t\t\t<p><strong>3. G\u00fcn &#8211; Kapadokya Turu 2<\/strong><\/p>\t\t\t\t\t\t<\/div>\n\t\t\t\t<\/div>\n\t\t\t\t<div class=\"elementor-element elementor-element-a937720 elementor-widget elementor-widget-text-editor\" data-id=\"a937720\" data-element_type=\"widget\" data-widget_type=\"text-editor.default\">\n\t\t\t\t<div class=\"elementor-widget-container\">\n\t\t\t\t\t\t\t<p><em>Kahvalt\u0131 ve \u00d6\u011fle Yeme\u011fi Dahil<\/em><br \/>Otelden hareket ederek K\u0131z\u0131l Vadi&#8217;yi ziyaret edin ve \u00fcnl\u00fc kaya oyma kiliseleri ke\u015ffedin. G\u00fcll\u00fcdere Vadisi&#8217;nde 5 km\u2019lik bir y\u00fcr\u00fcy\u00fc\u015fe kat\u0131l\u0131n. Ard\u0131ndan, Hristiyan din adamlar\u0131n\u0131n evleri ve kiliseleriyle \u00fcnl\u00fc \u00c7avu\u015fin K\u00f6y\u00fc\u2019n\u00fc ziyaret edin. \u00d6\u011fle yeme\u011fi i\u00e7in G\u00fcvercinlik Vadisi&#8217;ne gidin. \u00d6\u011fleden sonra, erken d\u00f6nem Hristiyanlar\u0131n inan\u00e7 ve korku i\u00e7inde ya\u015fad\u0131\u011f\u0131 Kaymakl\u0131 Yeralt\u0131 \u015eehri\u2019ni ziyaret edin. D\u00f6n\u00fc\u015f yolunda Ortahisar\u2019daki do\u011fal kaleleri g\u00f6r\u00fcn.<br \/>Saat 21:00 civar\u0131nda Pamukkale\u2019ye gece otob\u00fcs\u00fc yolculu\u011fu (yakla\u015f\u0131k 10 saat).<\/p>\t\t\t\t\t\t<\/div>\n\t\t\t\t<\/div>\n\t\t\t\t<div class=\"elementor-element elementor-element-741385d elementor-widget elementor-widget-text-editor\" data-id=\"741385d\" data-element_type=\"widget\" data-widget_type=\"text-editor.default\">\n\t\t\t\t<div class=\"elementor-widget-container\">\n\t\t\t\t\t\t\t<p><strong>4. G\u00fcn &#8211; Pamukkale ve Hierapolis Turu<\/strong><\/p>\t\t\t\t\t\t<\/div>\n\t\t\t\t<\/div>\n\t\t\t\t\t<\/div>\n\t\t\t\t<\/div>\n\t\t<div class=\"elementor-element elementor-element-7581b27 e-flex e-con-boxed e-con e-parent\" data-id=\"7581b27\" data-element_type=\"container\">\n\t\t\t\t\t<div class=\"e-con-inner\">\n\t\t\t\t<div class=\"elementor-element elementor-element-328432f elementor-widget elementor-widget-text-editor\" data-id=\"328432f\" data-element_type=\"widget\" data-widget_type=\"text-editor.default\">\n\t\t\t\t<div class=\"elementor-widget-container\">\n\t\t\t\t\t\t\t<p><em>\u00d6\u011fle ve Ak\u015fam Yeme\u011fi Dahil<\/em><br \/>Pamukkale\u2019ye var\u0131\u015f ve tura ba\u015flamadan \u00f6nce otele transfer edilerek k\u0131sa bir haz\u0131rl\u0131k s\u00fcresi.<br \/>Pamukkale ve antik Hierapolis \u015fehri turuna kat\u0131l\u0131n. Apollo Tap\u0131na\u011f\u0131, nefes kesici Tiyatro, etkileyici Nekropolis ve St. Philip\u2019in \u015fehit edildi\u011fi Hierapolis antik kentinin b\u00fcy\u00fck hamamlar\u0131n\u0131 ke\u015ffedin. St. Philip, Hierapolis\u2019in erken d\u00f6nem kilisesiyle ba\u011flant\u0131l\u0131 olup kentin tarihinde \u00f6nemli bir rol oynam\u0131\u015ft\u0131r. Son olarak, Pamukkale&#8217;nin kalsiyum teraslar\u0131n\u0131 ve havuzlar\u0131n\u0131 ziyaret edin.<br \/>Pamukkale\u2019de konaklama.<\/p>\t\t\t\t\t\t<\/div>\n\t\t\t\t<\/div>\n\t\t\t\t<div class=\"elementor-element elementor-element-7973127 elementor-widget elementor-widget-text-editor\" data-id=\"7973127\" data-element_type=\"widget\" data-widget_type=\"text-editor.default\">\n\t\t\t\t<div class=\"elementor-widget-container\">\n\t\t\t\t\t\t\t<p><strong>5. G\u00fcn &#8211; Ku\u015fadas\u0131<\/strong><\/p>\t\t\t\t\t\t<\/div>\n\t\t\t\t<\/div>\n\t\t\t\t<div class=\"elementor-element elementor-element-4a11f20 elementor-widget elementor-widget-text-editor\" data-id=\"4a11f20\" data-element_type=\"widget\" data-widget_type=\"text-editor.default\">\n\t\t\t\t<div class=\"elementor-widget-container\">\n\t\t\t\t\t\t\t<p><em>Kahvalt\u0131 Dahil<\/em><br \/>Serbest g\u00fcn. Ku\u015fadas\u0131\u2019na (Efes) otob\u00fcsle transfer. Otele yerle\u015fme ve Ku\u015fadas\u0131\u2019nda konaklama.<\/p>\t\t\t\t\t\t<\/div>\n\t\t\t\t<\/div>\n\t\t\t\t<div class=\"elementor-element elementor-element-6942b6b elementor-widget elementor-widget-text-editor\" data-id=\"6942b6b\" data-element_type=\"widget\" data-widget_type=\"text-editor.default\">\n\t\t\t\t<div class=\"elementor-widget-container\">\n\t\t\t\t\t\t\t<p><strong>6. G\u00fcn &#8211; Efes Turu<\/strong><\/p>\t\t\t\t\t\t<\/div>\n\t\t\t\t<\/div>\n\t\t\t\t<div class=\"elementor-element elementor-element-40217ac elementor-widget elementor-widget-text-editor\" data-id=\"40217ac\" data-element_type=\"widget\" data-widget_type=\"text-editor.default\">\n\t\t\t\t<div class=\"elementor-widget-container\">\n\t\t\t\t\t\t\t<p><em>Kahvalt\u0131 ve \u00d6\u011fle Yeme\u011fi Dahil<\/em><br \/>Tur, antik d\u00fcnyan\u0131n yedi harikas\u0131ndan biri olan Artemis Tap\u0131na\u011f\u0131\u2019n\u0131n kal\u0131nt\u0131lar\u0131n\u0131 ziyaret ederek ba\u015flar. Ard\u0131ndan, ku\u015fkusuz en iyi korunmu\u015f Greko-Romen \u015fehri olan Efes\u2019in muhte\u015fem ana alan\u0131na ge\u00e7ilir. Celsius K\u00fct\u00fcphanesi, Agora, Tiyatro, Odeon, Trajan \u00c7e\u015fmesi, Domitianus Tap\u0131na\u011f\u0131 ve Roma Latrinleri gibi kal\u0131nt\u0131lar burada g\u00f6r\u00fclebilir. \u00d6\u011fle yeme\u011fi molas\u0131n\u0131n ard\u0131ndan, Meryem Ana Evi\u2019ni ziyaret edin. Burada, Meryem Ana\u2019n\u0131n son g\u00fcnlerini ge\u00e7irdi\u011fi yer oldu\u011fu d\u00fc\u015f\u00fcn\u00fclmektedir.<br \/>Turdan sonra, saat 21:30\u2019da \u0130stanbul\u2019a gece otob\u00fcs\u00fc yolculu\u011fu (yakla\u015f\u0131k 11 saat).<\/p>\t\t\t\t\t\t<\/div>\n\t\t\t\t<\/div>\n\t\t\t\t<div class=\"elementor-element elementor-element-9f9dfbd elementor-widget elementor-widget-text-editor\" data-id=\"9f9dfbd\" data-element_type=\"widget\" data-widget_type=\"text-editor.default\">\n\t\t\t\t<div class=\"elementor-widget-container\">\n\t\t\t\t\t\t\t<p><strong>7. G\u00fcn &#8211; Turun Sonu<\/strong><\/p>\t\t\t\t\t\t<\/div>\n\t\t\t\t<\/div>\n\t\t\t\t<div class=\"elementor-element elementor-element-5136603 elementor-widget elementor-widget-text-editor\" data-id=\"5136603\" data-element_type=\"widget\" data-widget_type=\"text-editor.default\">\n\t\t\t\t<div class=\"elementor-widget-container\">\n\t\t\t\t\t\t\t<p>\u0130stanbul\u2019a vard\u0131\u011f\u0131n\u0131zda, Sultanahmet veya Taksim\u2019e \u00fccretsiz servis otob\u00fcs\u00fcyle transfer sa\u011flanacakt\u0131r. Tur ve hizmetler burada sona erecektir.<\/p>\t\t\t\t\t\t<\/div>\n\t\t\t\t<\/div>\n\t\t\t\t\t<\/div>\n\t\t\t\t<\/div>\n\t\t<div class=\"elementor-element elementor-element-23baab6 e-flex e-con-boxed e-con e-parent\" data-id=\"23baab6\" data-element_type=\"container\">\n\t\t\t\t\t<div class=\"e-con-inner\">\n\t\t\t\t<div class=\"elementor-element elementor-element-2e2bc3b elementor-widget elementor-widget-image\" data-id=\"2e2bc3b\" data-element_type=\"widget\" data-widget_type=\"image.default\">\n\t\t\t\t<div class=\"elementor-widget-container\">\n\t\t\t\t\t\t\t\t\t\t\t\t\t<img fetchpriority=\"high\" decoding=\"async\" width=\"480\" height=\"250\" src=\"https:\/\/zazatour.com\/wp-content\/uploads\/2024\/12\/7-gunluk-turkiye-turu-haritasi.jpg\" class=\"attachment-large size-large wp-image-2697\" alt=\"\" \/>\t\t\t\t\t\t\t\t\t\t\t\t\t<\/div>\n\t\t\t\t<\/div>\n\t\t\t\t\t<\/div>\n\t\t\t\t<\/div>\n\t\t<div class=\"elementor-element elementor-element-763c898 e-flex e-con-boxed e-con e-parent\" data-id=\"763c898\" data-element_type=\"container\">\n\t\t\t\t\t<div class=\"e-con-inner\">\n\t\t\t\t<div class=\"elementor-element elementor-element-32180db elementor-widget elementor-widget-image\" data-id=\"32180db\" data-element_type=\"widget\" data-widget_type=\"image.default\">\n\t\t\t\t<div class=\"elementor-widget-container\">\n\t\t\t\t\t\t\t\t\t\t\t\t\t<img decoding=\"async\" width=\"849\" height=\"386\" src=\"https:\/\/zazatour.com\/wp-content\/uploads\/2024\/11\/CONTACT-US-1.png\" class=\"attachment-large size-large wp-image-2028\" alt=\"\" \/>\t\t\t\t\t\t\t\t\t\t\t\t\t<\/div>\n\t\t\t\t<\/div>\n\t\t\t\t\t<\/div>\n\t\t\t\t<\/div>\n\t\t\t\t<\/div>\n\t\t","protected":false},"excerpt":{"rendered":"<p>7 G\u00fcnl\u00fck \u0130stanbul \u00c7\u0131k\u0131\u015fl\u0131 T\u00fcrkiye Turu (Kapadokya, Pamukkale, Efes) 1. G\u00fcn Saat 19:00&#8217;da ofisimizden hareket ederek, 21:00&#8217;de tam klimal\u0131, sigara i\u00e7ilmeyen otob\u00fcsle Kapadokya&#8217;ya gece yolculu\u011fu yap\u0131lacakt\u0131r. Gece otob\u00fcs yolculu\u011fu yakla\u015f\u0131k 11 saat s\u00fcrecektir. 2. G\u00fcn &#8211; Kapadokya Turu 1 \u00d6\u011fle Yeme\u011fi DahilKapadokya&#8217;ya var\u0131\u015f ve tura ba\u015flamadan \u00f6nce otele transfer edilerek k\u0131sa bir haz\u0131rl\u0131k s\u00fcresi.Otelden hareket [&hellip;]<\/p>\n","protected":false},"author":1,"featured_media":0,"parent":0,"menu_order":0,"comment_status":"closed","ping_status":"closed","template":"","meta":{"_uag_custom_page_level_css":"","site-sidebar-layout":"no-sidebar","site-content-layout":"page-builder","ast-site-content-layout":"full-width-container","site-content-style":"default","site-sidebar-style":"default","ast-global-header-display":"","ast-banner-title-visibility":"","ast-main-header-display":"","ast-hfb-above-header-display":"","ast-hfb-below-header-display":"","ast-hfb-mobile-header-display":"","site-post-title":"disabled","ast-breadcrumbs-content":"","ast-featured-img":"disabled","footer-sml-layout":"","theme-transparent-header-meta":"","adv-header-id-meta":"","stick-header-meta":"","header-above-stick-meta":"","header-main-stick-meta":"","header-below-stick-meta":"","astra-migrate-meta-layouts":"set","ast-page-background-enabled":"default","ast-page-background-meta":{"desktop":{"background-color":"var(--ast-global-color-4)","background-image":"","background-repeat":"repeat","background-position":"center center","background-size":"auto","background-attachment":"scroll","background-type":"","background-media":"","overlay-type":"","overlay-color":"","overlay-opacity":"","overlay-gradient":""},"tablet":{"background-color":"","background-image":"","background-repeat":"repeat","background-position":"center center","background-size":"auto","background-attachment":"scroll","background-type":"","background-media":"","overlay-type":"","overlay-color":"","overlay-opacity":"","overlay-gradient":""},"mobile":{"background-color":"","background-image":"","background-repeat":"repeat","background-position":"center center","background-size":"auto","background-attachment":"scroll","background-type":"","background-media":"","overlay-type":"","overlay-color":"","overlay-opacity":"","overlay-gradient":""}},"ast-content-background-meta":{"desktop":{"background-color":"var(--ast-global-color-5)","background-image":"","background-repeat":"repeat","background-position":"center center","background-size":"auto","background-attachment":"scroll","background-type":"","background-media":"","overlay-type":"","overlay-color":"","overlay-opacity":"","overlay-gradient":""},"tablet":{"background-color":"var(--ast-global-color-5)","background-image":"","background-repeat":"repeat","background-position":"center center","background-size":"auto","background-attachment":"scroll","background-type":"","background-media":"","overlay-type":"","overlay-color":"","overlay-opacity":"","overlay-gradient":""},"mobile":{"background-color":"var(--ast-global-color-5)","background-image":"","background-repeat":"repeat","background-position":"center center","background-size":"auto","background-attachment":"scroll","background-type":"","background-media":"","overlay-type":"","overlay-color":"","overlay-opacity":"","overlay-gradient":""}},"footnotes":""},"class_list":["post-2664","page","type-page","status-publish","hentry"],"aioseo_notices":[],"uagb_featured_image_src":{"full":false,"thumbnail":false,"medium":false,"medium_large":false,"large":false,"1536x1536":false,"2048x2048":false},"uagb_author_info":{"display_name":"alicemozkaya@gmail.com","author_link":"https:\/\/zazatour.com\/?author=1"},"uagb_comment_info":0,"uagb_excerpt":"7 G\u00fcnl\u00fck \u0130stanbul \u00c7\u0131k\u0131\u015fl\u0131 T\u00fcrkiye Turu (Kapadokya, Pamukkale, Efes) 1. G\u00fcn Saat 19:00&#8217;da ofisimizden hareket ederek, 21:00&#8217;de tam klimal\u0131, sigara i\u00e7ilmeyen otob\u00fcsle Kapadokya&#8217;ya gece yolculu\u011fu yap\u0131lacakt\u0131r. Gece otob\u00fcs yolculu\u011fu yakla\u015f\u0131k 11 saat s\u00fcrecektir. 2. G\u00fcn &#8211; Kapadokya Turu 1 \u00d6\u011fle Yeme\u011fi DahilKapadokya&#8217;ya var\u0131\u015f ve tura ba\u015flamadan \u00f6nce otele transfer edilerek k\u0131sa bir haz\u0131rl\u0131k s\u00fcresi.Otelden hareket&hellip;","rttpg_featured_image_url":null,"rttpg_author":{"display_name":"alicemozkaya@gmail.com","author_link":"https:\/\/zazatour.com\/?author=1"},"rttpg_comment":0,"rttpg_category":" <a href=\"https:\/\/zazatour.com\/\" rel=\"tag\">T\u00fcrk\u00e7e<\/a>","rttpg_excerpt":"7 G\u00fcnl\u00fck \u0130stanbul \u00c7\u0131k\u0131\u015fl\u0131 T\u00fcrkiye Turu (Kapadokya, Pamukkale, Efes) 1. G\u00fcn Saat 19:00&#8217;da ofisimizden hareket ederek, 21:00&#8217;de tam klimal\u0131, sigara i\u00e7ilmeyen otob\u00fcsle Kapadokya&#8217;ya gece yolculu\u011fu yap\u0131lacakt\u0131r. Gece otob\u00fcs yolculu\u011fu yakla\u015f\u0131k 11 saat s\u00fcrecektir. 2. G\u00fcn &#8211; Kapadokya Turu 1 \u00d6\u011fle Yeme\u011fi DahilKapadokya&#8217;ya var\u0131\u015f ve tura ba\u015flamadan \u00f6nce otele transfer edilerek k\u0131sa bir haz\u0131rl\u0131k s\u00fcresi.Otelden hareket&hellip;","_links":{"self":[{"href":"https:\/\/zazatour.com\/index.php?rest_route=\/wp\/v2\/pages\/2664"}],"collection":[{"href":"https:\/\/zazatour.com\/index.php?rest_route=\/wp\/v2\/pages"}],"about":[{"href":"https:\/\/zazatour.com\/index.php?rest_route=\/wp\/v2\/types\/page"}],"author":[{"embeddable":true,"href":"https:\/\/zazatour.com\/index.php?rest_route=\/wp\/v2\/users\/1"}],"replies":[{"embeddable":true,"href":"https:\/\/zazatour.com\/index.php?rest_route=%2Fwp%2Fv2%2Fcomments&post=2664"}],"version-history":[{"count":4,"href":"https:\/\/zazatour.com\/index.php?rest_route=\/wp\/v2\/pages\/2664\/revisions"}],"predecessor-version":[{"id":2700,"href":"https:\/\/zazatour.com\/index.php?rest_route=\/wp\/v2\/pages\/2664\/revisions\/2700"}],"wp:attachment":[{"href":"https:\/\/zazatour.com\/index.php?rest_route=%2Fwp%2Fv2%2Fmedia&parent=2664"}],"curies":[{"name":"wp","href":"https:\/\/api.w.org\/{rel}","templated":true}]}}