{"id":2666,"date":"2024-12-16T08:46:16","date_gmt":"2024-12-16T08:46:16","guid":{"rendered":"https:\/\/zazatour.com\/?page_id=2666"},"modified":"2024-12-17T11:10:21","modified_gmt":"2024-12-17T11:10:21","slug":"10-gunluk-turkiye-turu-istanbul-kapadokya-pamukkale-efes","status":"publish","type":"page","link":"https:\/\/zazatour.com\/?page_id=2666","title":{"rendered":"10 G\u00fcnl\u00fck T\u00fcrkiye Turu (\u0130stanbul, Kapadokya, Pamukkale, Efes)"},"content":{"rendered":"\t\t<div data-elementor-type=\"wp-page\" data-elementor-id=\"2666\" class=\"elementor elementor-2666\">\n\t\t\t\t<div class=\"elementor-element elementor-element-5bc5321 e-flex e-con-boxed e-con e-parent\" data-id=\"5bc5321\" data-element_type=\"container\">\n\t\t\t\t\t<div class=\"e-con-inner\">\n\t\t\t\t<div class=\"elementor-element elementor-element-ba8bb4d elementor-widget elementor-widget-heading\" data-id=\"ba8bb4d\" data-element_type=\"widget\" data-widget_type=\"heading.default\">\n\t\t\t\t<div class=\"elementor-widget-container\">\n\t\t\t<h2 class=\"elementor-heading-title elementor-size-default\">10 G\u00fcnl\u00fck T\u00fcrkiye Turu (\u0130stanbul, Kapadokya, Pamukkale, Efes)<\/h2>\t\t<\/div>\n\t\t\t\t<\/div>\n\t\t\t\t\t<\/div>\n\t\t\t\t<\/div>\n\t\t<div class=\"elementor-element elementor-element-ef5d10d e-flex e-con-boxed e-con e-parent\" data-id=\"ef5d10d\" data-element_type=\"container\">\n\t\t\t\t\t<div class=\"e-con-inner\">\n\t\t\t\t<div class=\"elementor-element elementor-element-1235ad8 elementor-widget elementor-widget-text-editor\" data-id=\"1235ad8\" data-element_type=\"widget\" data-widget_type=\"text-editor.default\">\n\t\t\t\t<div class=\"elementor-widget-container\">\n\t\t\t\t\t\t\t<p><strong>1. G\u00fcn<\/strong><\/p>\t\t\t\t\t\t<\/div>\n\t\t\t\t<\/div>\n\t\t\t\t<div class=\"elementor-element elementor-element-2119fdb elementor-widget elementor-widget-text-editor\" data-id=\"2119fdb\" data-element_type=\"widget\" data-widget_type=\"text-editor.default\">\n\t\t\t\t<div class=\"elementor-widget-container\">\n\t\t\t\t\t\t\t<p>\u0130stanbul\u2019a var\u0131\u015f ve otele transfer. \u0130stanbul\u2019da konaklama.<\/p><p><em>Not:<\/em> E\u011fer u\u00e7u\u015funuz Sabiha G\u00f6k\u00e7en Havaliman\u0131\u2019ndan\/ Havaliman\u0131\u2019na ise ara\u00e7 ba\u015f\u0131na tek y\u00f6n i\u00e7in 30 Euro ekstra \u00fccret uygulan\u0131r.<\/p>\t\t\t\t\t\t<\/div>\n\t\t\t\t<\/div>\n\t\t\t\t<div class=\"elementor-element elementor-element-23595c2 elementor-widget elementor-widget-text-editor\" data-id=\"23595c2\" data-element_type=\"widget\" data-widget_type=\"text-editor.default\">\n\t\t\t\t<div class=\"elementor-widget-container\">\n\t\t\t\t\t\t\t<p><strong>2. G\u00fcn &#8211; Bizans ve Osmanl\u0131 Eserleri Turu<\/strong><\/p>\t\t\t\t\t\t<\/div>\n\t\t\t\t<\/div>\n\t\t\t\t<div class=\"elementor-element elementor-element-60ad4cc elementor-widget elementor-widget-text-editor\" data-id=\"60ad4cc\" data-element_type=\"widget\" data-widget_type=\"text-editor.default\">\n\t\t\t\t<div class=\"elementor-widget-container\">\n\t\t\t\t\t\t\t<p><em>Kahvalt\u0131 ve \u00d6\u011fle Yeme\u011fi Dahil<\/em><br \/>08:30\u2019da otelinizden al\u0131narak 5. y\u00fczy\u0131lda in\u015fa edilen, bir zamanlar d\u00fcnyan\u0131n en b\u00fcy\u00fck kilisesi olan Ayasofya\u2019y\u0131 ziyaret edin. Sonraki durak, i\u00e7 mekan\u0131n\u0131 s\u00fcsleyen \u00e7arp\u0131c\u0131 \u0130znik \u00e7inileriyle \u00fcnl\u00fc Sultanahmet Camii (Mavi Camii) olacakt\u0131r. Ard\u0131ndan antik Roma Hipodromu\u2019nu ziyaret edin. Eski \u015fehirde \u00f6\u011fle yeme\u011fi molas\u0131n\u0131n ard\u0131ndan, Osmanl\u0131 padi\u015fahlar\u0131n\u0131n 400 y\u0131l\u0131 a\u015fk\u0131n bir s\u00fcre boyunca imparatorlu\u011fu y\u00f6netti\u011fi Topkap\u0131 Saray\u0131 ve S\u00fcleymaniye Camii\u2019ni ziyaret edin. Tur 17:00 civar\u0131nda sona erer ve otele transfer yap\u0131l\u0131r. \u0130stanbul\u2019da konaklama.<\/p>\t\t\t\t\t\t<\/div>\n\t\t\t\t<\/div>\n\t\t\t\t<div class=\"elementor-element elementor-element-131020a elementor-widget elementor-widget-text-editor\" data-id=\"131020a\" data-element_type=\"widget\" data-widget_type=\"text-editor.default\">\n\t\t\t\t<div class=\"elementor-widget-container\">\n\t\t\t\t\t\t\t<p><strong>3. G\u00fcn &#8211; Bo\u011faz Turu ve \u0130ki K\u0131ta Turu<\/strong><\/p>\t\t\t\t\t\t<\/div>\n\t\t\t\t<\/div>\n\t\t\t\t<div class=\"elementor-element elementor-element-80f503e elementor-widget elementor-widget-text-editor\" data-id=\"80f503e\" data-element_type=\"widget\" data-widget_type=\"text-editor.default\">\n\t\t\t\t<div class=\"elementor-widget-container\">\n\t\t\t\t\t\t\t<p><em>Kahvalt\u0131 ve \u00d6\u011fle Yeme\u011fi Dahil<\/em><br \/>08:30\u2019da otelinizden al\u0131narak M\u0131s\u0131r \u00c7ar\u015f\u0131s\u0131\u2019n\u0131 ziyaret edin. Ard\u0131ndan Avrupa ve Asya k\u0131talar\u0131n\u0131 ay\u0131ran Bo\u011faz\u2019da tekne turu yap\u0131n. \u00d6\u011fle yeme\u011fi molas\u0131n\u0131n ard\u0131ndan, \u00f6\u011fleden sonra g\u00f6rkemli Dolmabah\u00e7e Saray\u0131\u2019n\u0131 ziyaret edin. Daha sonra k\u0131talararas\u0131 Bo\u011faz K\u00f6pr\u00fcs\u00fc \u00fczerinden Asya yakas\u0131na ge\u00e7erek, \u0130stanbul\u2019u tepeden g\u00f6r\u00fcp g\u00fczel foto\u011fraflar \u00e7ekebilece\u011finiz \u00c7aml\u0131ca Tepesi\u2019ni ziyaret edin.<\/p><p>21:00\u2019de tam klimal\u0131, sigara i\u00e7ilmeyen otob\u00fcsle Kapadokya\u2019ya gece yolculu\u011fu yap\u0131lacakt\u0131r (S\u00fcre: 11 saat).<\/p>\t\t\t\t\t\t<\/div>\n\t\t\t\t<\/div>\n\t\t\t\t<div class=\"elementor-element elementor-element-a267686 elementor-widget elementor-widget-text-editor\" data-id=\"a267686\" data-element_type=\"widget\" data-widget_type=\"text-editor.default\">\n\t\t\t\t<div class=\"elementor-widget-container\">\n\t\t\t\t\t\t\t<p><strong>4. G\u00fcn &#8211; Kapadokya Turu 1<\/strong><\/p>\t\t\t\t\t\t<\/div>\n\t\t\t\t<\/div>\n\t\t\t\t\t<\/div>\n\t\t\t\t<\/div>\n\t\t<div class=\"elementor-element elementor-element-418a67c e-flex e-con-boxed e-con e-parent\" data-id=\"418a67c\" data-element_type=\"container\">\n\t\t\t\t\t<div class=\"e-con-inner\">\n\t\t\t\t<div class=\"elementor-element elementor-element-33e3f4e elementor-widget elementor-widget-text-editor\" data-id=\"33e3f4e\" data-element_type=\"widget\" data-widget_type=\"text-editor.default\">\n\t\t\t\t<div class=\"elementor-widget-container\">\n\t\t\t\t\t\t\t<p><em>\u00d6\u011fle Yeme\u011fi Dahil<\/em><br \/>Kapadokya\u2019ya var\u0131\u015f ve tura ba\u015flamadan \u00f6nce otele transfer edilerek k\u0131sa bir haz\u0131rl\u0131k s\u00fcresi.<br \/>Devrent Vadisi\u2019ni ziyaret ederek benzersiz peribacalar\u0131n\u0131 g\u00f6r\u00fcn. Ard\u0131ndan, mantar \u015fekilli en ilgin\u00e7 peribacalar\u0131n\u0131 g\u00f6rmek i\u00e7in Pa\u015faba\u011f (Rahipler Vadisi)\u2019ne gidin. \u00d6\u011fle yeme\u011fi i\u00e7in Avanos\u2019a hareket edin. \u00d6\u011fleden sonra G\u00f6reme A\u00e7\u0131k Hava M\u00fczesi\u2019ni ziyaret ederek kaya oyma kiliseleri ve Hristiyan yerle\u015fimlerinin y\u00fczlerce y\u0131ll\u0131k kal\u0131nt\u0131lar\u0131n\u0131 ke\u015ffedin. G\u00fcn sonunda, otelinize d\u00f6nmeden \u00f6nce U\u00e7hisar\u2019daki do\u011fal kaleleri ziyaret edin. Kapadokya\u2019da konaklama.<\/p>\t\t\t\t\t\t<\/div>\n\t\t\t\t<\/div>\n\t\t\t\t<div class=\"elementor-element elementor-element-e2103f2 elementor-widget elementor-widget-text-editor\" data-id=\"e2103f2\" data-element_type=\"widget\" data-widget_type=\"text-editor.default\">\n\t\t\t\t<div class=\"elementor-widget-container\">\n\t\t\t\t\t\t\t<p><strong>5. G\u00fcn &#8211; Kapadokya Turu 2<\/strong><\/p>\t\t\t\t\t\t<\/div>\n\t\t\t\t<\/div>\n\t\t\t\t<div class=\"elementor-element elementor-element-4ba3393 elementor-widget elementor-widget-text-editor\" data-id=\"4ba3393\" data-element_type=\"widget\" data-widget_type=\"text-editor.default\">\n\t\t\t\t<div class=\"elementor-widget-container\">\n\t\t\t\t\t\t\t<p><em>Kahvalt\u0131 ve \u00d6\u011fle Yeme\u011fi Dahil<\/em><br \/>K\u0131z\u0131l Vadi\u2019yi ziyaret ederek kaya oyma kiliseleri ke\u015ffedin. G\u00fcll\u00fcdere Vadisi\u2019nde (G\u00fcl Vadisi) 5 km\u2019lik bir y\u00fcr\u00fcy\u00fc\u015fe kat\u0131l\u0131n. Ard\u0131ndan Hristiyan din adamlar\u0131n\u0131n evleri ve kiliseleriyle \u00fcnl\u00fc \u00c7avu\u015fin K\u00f6y\u00fc\u2019n\u00fc ziyaret edin. \u00d6\u011fle yeme\u011fi i\u00e7in G\u00fcvercinlik Vadisi\u2019ne gidin. \u00d6\u011fleden sonra, erken d\u00f6nem Hristiyanlar\u0131n inan\u00e7 ve korkuyla ya\u015fad\u0131\u011f\u0131 Kaymakl\u0131 Yeralt\u0131 \u015eehri\u2019ni ziyaret edin. D\u00f6n\u00fc\u015f yolunda Ortahisar\u2019daki do\u011fal kaleleri g\u00f6r\u00fcn.<\/p><p>21:00\u2019de Pamukkale\u2019ye gece otob\u00fcs\u00fcyle hareket (S\u00fcre: 10 saat).<\/p>\t\t\t\t\t\t<\/div>\n\t\t\t\t<\/div>\n\t\t\t\t<div class=\"elementor-element elementor-element-35a00d3 elementor-widget elementor-widget-text-editor\" data-id=\"35a00d3\" data-element_type=\"widget\" data-widget_type=\"text-editor.default\">\n\t\t\t\t<div class=\"elementor-widget-container\">\n\t\t\t\t\t\t\t<p><strong>6. G\u00fcn &#8211; Pamukkale ve Hierapolis Turu<\/strong><\/p>\t\t\t\t\t\t<\/div>\n\t\t\t\t<\/div>\n\t\t\t\t<div class=\"elementor-element elementor-element-cc230f6 elementor-widget elementor-widget-text-editor\" data-id=\"cc230f6\" data-element_type=\"widget\" data-widget_type=\"text-editor.default\">\n\t\t\t\t<div class=\"elementor-widget-container\">\n\t\t\t\t\t\t\t<p><em>\u00d6\u011fle Yeme\u011fi Dahil<\/em><br \/>Pamukkale\u2019ye var\u0131\u015f ve tura ba\u015flamadan \u00f6nce otele transfer edilerek k\u0131sa bir haz\u0131rl\u0131k s\u00fcresi.<br \/>Pamukkale ve antik Hierapolis \u015fehrini ke\u015ffedin. Apollo Tap\u0131na\u011f\u0131, etkileyici Tiyatro, b\u00fcy\u00fcleyici Nekropolis ve Hierapolis antik kentinin b\u00fcy\u00fck hamamlar\u0131n\u0131 ziyaret edin. Ayr\u0131ca St. Philip\u2019in \u015fehit edildi\u011fi yer olan Hierapolis\u2019i g\u00f6r\u00fcn. Son olarak Pamukkale\u2019nin kalsiyum teraslar\u0131 ve havuzlar\u0131n\u0131 ziyaret edin. Pamukkale\u2019de konaklama.<\/p>\t\t\t\t\t\t<\/div>\n\t\t\t\t<\/div>\n\t\t\t\t<div class=\"elementor-element elementor-element-43042f7 elementor-widget elementor-widget-text-editor\" data-id=\"43042f7\" data-element_type=\"widget\" data-widget_type=\"text-editor.default\">\n\t\t\t\t<div class=\"elementor-widget-container\">\n\t\t\t\t\t\t\t<p><strong>7. G\u00fcn &#8211; Ku\u015fadas\u0131<\/strong><\/p>\t\t\t\t\t\t<\/div>\n\t\t\t\t<\/div>\n\t\t\t\t<div class=\"elementor-element elementor-element-291e534 elementor-widget elementor-widget-text-editor\" data-id=\"291e534\" data-element_type=\"widget\" data-widget_type=\"text-editor.default\">\n\t\t\t\t<div class=\"elementor-widget-container\">\n\t\t\t\t\t\t\t<p><em>Kahvalt\u0131 Dahil<\/em><br \/>Serbest g\u00fcn. Ku\u015fadas\u0131\u2019na (Efes) otob\u00fcsle transfer. Otele yerle\u015fme ve Ku\u015fadas\u0131\u2019nda konaklama.<\/p>\t\t\t\t\t\t<\/div>\n\t\t\t\t<\/div>\n\t\t\t\t<div class=\"elementor-element elementor-element-ffbec45 elementor-widget elementor-widget-text-editor\" data-id=\"ffbec45\" data-element_type=\"widget\" data-widget_type=\"text-editor.default\">\n\t\t\t\t<div class=\"elementor-widget-container\">\n\t\t\t\t\t\t\t<p><strong>8. G\u00fcn &#8211; Efes Turu<\/strong><\/p>\t\t\t\t\t\t<\/div>\n\t\t\t\t<\/div>\n\t\t\t\t<div class=\"elementor-element elementor-element-2dd0879 elementor-widget elementor-widget-text-editor\" data-id=\"2dd0879\" data-element_type=\"widget\" data-widget_type=\"text-editor.default\">\n\t\t\t\t<div class=\"elementor-widget-container\">\n\t\t\t\t\t\t\t<p><em>Kahvalt\u0131 ve \u00d6\u011fle Yeme\u011fi Dahil<\/em><br \/>Tur, antik d\u00fcnyan\u0131n yedi harikas\u0131ndan biri olan Artemis Tap\u0131na\u011f\u0131\u2019n\u0131n kal\u0131nt\u0131lar\u0131n\u0131 ziyaret ederek ba\u015flar. Ard\u0131ndan, en iyi korunmu\u015f Greko-Romen \u015fehri olan Efes\u2019in kal\u0131nt\u0131lar\u0131n\u0131 ke\u015ffedin. Celsius K\u00fct\u00fcphanesi, Agora, Tiyatro, Odeon, Trajan \u00c7e\u015fmesi, Domitianus Tap\u0131na\u011f\u0131 ve Roma Latrinleri gibi kal\u0131nt\u0131lar\u0131 g\u00f6r\u00fcn. \u00d6\u011fle yeme\u011fi molas\u0131n\u0131n ard\u0131ndan, Meryem Ana Evi\u2019ni ziyaret edin.<\/p><p>21:30\u2019da \u0130stanbul\u2019a gece otob\u00fcs\u00fcyle hareket (S\u00fcre: 10 saat).<\/p>\t\t\t\t\t\t<\/div>\n\t\t\t\t<\/div>\n\t\t\t\t<div class=\"elementor-element elementor-element-c5d2c32 elementor-widget elementor-widget-text-editor\" data-id=\"c5d2c32\" data-element_type=\"widget\" data-widget_type=\"text-editor.default\">\n\t\t\t\t<div class=\"elementor-widget-container\">\n\t\t\t\t\t\t\t<p><strong>9. G\u00fcn &#8211; \u0130stanbul<\/strong><\/p>\t\t\t\t\t\t<\/div>\n\t\t\t\t<\/div>\n\t\t\t\t<div class=\"elementor-element elementor-element-015461c elementor-widget elementor-widget-text-editor\" data-id=\"015461c\" data-element_type=\"widget\" data-widget_type=\"text-editor.default\">\n\t\t\t\t<div class=\"elementor-widget-container\">\n\t\t\t\t\t\t\t<p>\u0130stanbul\u2019a var\u0131\u015f ve Sultanahmet\u2019e \u00fccretsiz shuttle transferi. Otele yerle\u015fme ve serbest g\u00fcn. \u0130stanbul\u2019da konaklama.<\/p>\t\t\t\t\t\t<\/div>\n\t\t\t\t<\/div>\n\t\t\t\t<div class=\"elementor-element elementor-element-87fa7c3 elementor-widget elementor-widget-text-editor\" data-id=\"87fa7c3\" data-element_type=\"widget\" data-widget_type=\"text-editor.default\">\n\t\t\t\t<div class=\"elementor-widget-container\">\n\t\t\t\t\t\t\t<p><strong>10. G\u00fcn &#8211; Turun Sonu<\/strong><\/p>\t\t\t\t\t\t<\/div>\n\t\t\t\t<\/div>\n\t\t\t\t<div class=\"elementor-element elementor-element-d048b3b elementor-widget elementor-widget-text-editor\" data-id=\"d048b3b\" data-element_type=\"widget\" data-widget_type=\"text-editor.default\">\n\t\t\t\t<div class=\"elementor-widget-container\">\n\t\t\t\t\t\t\t<p><em>Kahvalt\u0131 Dahil<\/em><br \/>Kahvalt\u0131n\u0131n ard\u0131ndan otelden \u00e7\u0131k\u0131\u015f (saat 12:00\u2019den \u00f6nce). U\u00e7u\u015f detaylar\u0131n\u0131za g\u00f6re \u0130stanbul Atat\u00fcrk Havaliman\u0131\u2019na transfer. Tur ve hizmetlerin sonu.<\/p>\t\t\t\t\t\t<\/div>\n\t\t\t\t<\/div>\n\t\t\t\t\t<\/div>\n\t\t\t\t<\/div>\n\t\t<div class=\"elementor-element elementor-element-fc0766a e-flex e-con-boxed e-con e-parent\" data-id=\"fc0766a\" data-element_type=\"container\">\n\t\t\t\t\t<div class=\"e-con-inner\">\n\t\t\t\t<div class=\"elementor-element elementor-element-ffbdf90 elementor-widget elementor-widget-image\" data-id=\"ffbdf90\" data-element_type=\"widget\" data-widget_type=\"image.default\">\n\t\t\t\t<div class=\"elementor-widget-container\">\n\t\t\t\t\t\t\t\t\t\t\t\t\t<img fetchpriority=\"high\" decoding=\"async\" width=\"480\" height=\"250\" src=\"https:\/\/zazatour.com\/wp-content\/uploads\/2024\/12\/10-gunluk-turkiye-turu-haritasi.jpg\" class=\"attachment-large size-large wp-image-2702\" alt=\"\" \/>\t\t\t\t\t\t\t\t\t\t\t\t\t<\/div>\n\t\t\t\t<\/div>\n\t\t\t\t\t<\/div>\n\t\t\t\t<\/div>\n\t\t<div class=\"elementor-element elementor-element-5780151 e-flex e-con-boxed e-con e-parent\" data-id=\"5780151\" data-element_type=\"container\">\n\t\t\t\t\t<div class=\"e-con-inner\">\n\t\t\t\t<div class=\"elementor-element elementor-element-c024ed6 elementor-widget elementor-widget-image\" data-id=\"c024ed6\" data-element_type=\"widget\" data-widget_type=\"image.default\">\n\t\t\t\t<div class=\"elementor-widget-container\">\n\t\t\t\t\t\t\t\t\t\t\t\t\t<img decoding=\"async\" width=\"849\" height=\"386\" src=\"https:\/\/zazatour.com\/wp-content\/uploads\/2024\/11\/CONTACT-US-1.png\" class=\"attachment-large size-large wp-image-2028\" alt=\"\" \/>\t\t\t\t\t\t\t\t\t\t\t\t\t<\/div>\n\t\t\t\t<\/div>\n\t\t\t\t\t<\/div>\n\t\t\t\t<\/div>\n\t\t\t\t<\/div>\n\t\t","protected":false},"excerpt":{"rendered":"<p>10 G\u00fcnl\u00fck T\u00fcrkiye Turu (\u0130stanbul, Kapadokya, Pamukkale, Efes) 1. G\u00fcn \u0130stanbul\u2019a var\u0131\u015f ve otele transfer. \u0130stanbul\u2019da konaklama. Not: E\u011fer u\u00e7u\u015funuz Sabiha G\u00f6k\u00e7en Havaliman\u0131\u2019ndan\/ Havaliman\u0131\u2019na ise ara\u00e7 ba\u015f\u0131na tek y\u00f6n i\u00e7in 30 Euro ekstra \u00fccret uygulan\u0131r. 2. G\u00fcn &#8211; Bizans ve Osmanl\u0131 Eserleri Turu Kahvalt\u0131 ve \u00d6\u011fle Yeme\u011fi Dahil08:30\u2019da otelinizden al\u0131narak 5. y\u00fczy\u0131lda in\u015fa edilen, bir [&hellip;]<\/p>\n","protected":false},"author":1,"featured_media":0,"parent":0,"menu_order":0,"comment_status":"closed","ping_status":"closed","template":"","meta":{"_uag_custom_page_level_css":"","site-sidebar-layout":"no-sidebar","site-content-layout":"page-builder","ast-site-content-layout":"full-width-container","site-content-style":"default","site-sidebar-style":"default","ast-global-header-display":"","ast-banner-title-visibility":"","ast-main-header-display":"","ast-hfb-above-header-display":"","ast-hfb-below-header-display":"","ast-hfb-mobile-header-display":"","site-post-title":"disabled","ast-breadcrumbs-content":"","ast-featured-img":"disabled","footer-sml-layout":"","theme-transparent-header-meta":"","adv-header-id-meta":"","stick-header-meta":"","header-above-stick-meta":"","header-main-stick-meta":"","header-below-stick-meta":"","astra-migrate-meta-layouts":"set","ast-page-background-enabled":"default","ast-page-background-meta":{"desktop":{"background-color":"var(--ast-global-color-4)","background-image":"","background-repeat":"repeat","background-position":"center center","background-size":"auto","background-attachment":"scroll","background-type":"","background-media":"","overlay-type":"","overlay-color":"","overlay-opacity":"","overlay-gradient":""},"tablet":{"background-color":"","background-image":"","background-repeat":"repeat","background-position":"center center","background-size":"auto","background-attachment":"scroll","background-type":"","background-media":"","overlay-type":"","overlay-color":"","overlay-opacity":"","overlay-gradient":""},"mobile":{"background-color":"","background-image":"","background-repeat":"repeat","background-position":"center center","background-size":"auto","background-attachment":"scroll","background-type":"","background-media":"","overlay-type":"","overlay-color":"","overlay-opacity":"","overlay-gradient":""}},"ast-content-background-meta":{"desktop":{"background-color":"var(--ast-global-color-5)","background-image":"","background-repeat":"repeat","background-position":"center center","background-size":"auto","background-attachment":"scroll","background-type":"","background-media":"","overlay-type":"","overlay-color":"","overlay-opacity":"","overlay-gradient":""},"tablet":{"background-color":"var(--ast-global-color-5)","background-image":"","background-repeat":"repeat","background-position":"center center","background-size":"auto","background-attachment":"scroll","background-type":"","background-media":"","overlay-type":"","overlay-color":"","overlay-opacity":"","overlay-gradient":""},"mobile":{"background-color":"var(--ast-global-color-5)","background-image":"","background-repeat":"repeat","background-position":"center center","background-size":"auto","background-attachment":"scroll","background-type":"","background-media":"","overlay-type":"","overlay-color":"","overlay-opacity":"","overlay-gradient":""}},"footnotes":""},"class_list":["post-2666","page","type-page","status-publish","hentry"],"aioseo_notices":[],"uagb_featured_image_src":{"full":false,"thumbnail":false,"medium":false,"medium_large":false,"large":false,"1536x1536":false,"2048x2048":false},"uagb_author_info":{"display_name":"alicemozkaya@gmail.com","author_link":"https:\/\/zazatour.com\/?author=1"},"uagb_comment_info":0,"uagb_excerpt":"10 G\u00fcnl\u00fck T\u00fcrkiye Turu (\u0130stanbul, Kapadokya, Pamukkale, Efes) 1. G\u00fcn \u0130stanbul\u2019a var\u0131\u015f ve otele transfer. \u0130stanbul\u2019da konaklama. Not: E\u011fer u\u00e7u\u015funuz Sabiha G\u00f6k\u00e7en Havaliman\u0131\u2019ndan\/ Havaliman\u0131\u2019na ise ara\u00e7 ba\u015f\u0131na tek y\u00f6n i\u00e7in 30 Euro ekstra \u00fccret uygulan\u0131r. 2. G\u00fcn &#8211; Bizans ve Osmanl\u0131 Eserleri Turu Kahvalt\u0131 ve \u00d6\u011fle Yeme\u011fi Dahil08:30\u2019da otelinizden al\u0131narak 5. y\u00fczy\u0131lda in\u015fa edilen, bir&hellip;","rttpg_featured_image_url":null,"rttpg_author":{"display_name":"alicemozkaya@gmail.com","author_link":"https:\/\/zazatour.com\/?author=1"},"rttpg_comment":0,"rttpg_category":" <a href=\"https:\/\/zazatour.com\/\" rel=\"tag\">T\u00fcrk\u00e7e<\/a>","rttpg_excerpt":"10 G\u00fcnl\u00fck T\u00fcrkiye Turu (\u0130stanbul, Kapadokya, Pamukkale, Efes) 1. G\u00fcn \u0130stanbul\u2019a var\u0131\u015f ve otele transfer. \u0130stanbul\u2019da konaklama. Not: E\u011fer u\u00e7u\u015funuz Sabiha G\u00f6k\u00e7en Havaliman\u0131\u2019ndan\/ Havaliman\u0131\u2019na ise ara\u00e7 ba\u015f\u0131na tek y\u00f6n i\u00e7in 30 Euro ekstra \u00fccret uygulan\u0131r. 2. G\u00fcn &#8211; Bizans ve Osmanl\u0131 Eserleri Turu Kahvalt\u0131 ve \u00d6\u011fle Yeme\u011fi Dahil08:30\u2019da otelinizden al\u0131narak 5. y\u00fczy\u0131lda in\u015fa edilen, bir&hellip;","_links":{"self":[{"href":"https:\/\/zazatour.com\/index.php?rest_route=\/wp\/v2\/pages\/2666"}],"collection":[{"href":"https:\/\/zazatour.com\/index.php?rest_route=\/wp\/v2\/pages"}],"about":[{"href":"https:\/\/zazatour.com\/index.php?rest_route=\/wp\/v2\/types\/page"}],"author":[{"embeddable":true,"href":"https:\/\/zazatour.com\/index.php?rest_route=\/wp\/v2\/users\/1"}],"replies":[{"embeddable":true,"href":"https:\/\/zazatour.com\/index.php?rest_route=%2Fwp%2Fv2%2Fcomments&post=2666"}],"version-history":[{"count":4,"href":"https:\/\/zazatour.com\/index.php?rest_route=\/wp\/v2\/pages\/2666\/revisions"}],"predecessor-version":[{"id":2705,"href":"https:\/\/zazatour.com\/index.php?rest_route=\/wp\/v2\/pages\/2666\/revisions\/2705"}],"wp:attachment":[{"href":"https:\/\/zazatour.com\/index.php?rest_route=%2Fwp%2Fv2%2Fmedia&parent=2666"}],"curies":[{"name":"wp","href":"https:\/\/api.w.org\/{rel}","templated":true}]}}