{"id":2668,"date":"2024-12-16T08:47:39","date_gmt":"2024-12-16T08:47:39","guid":{"rendered":"https:\/\/zazatour.com\/?page_id=2668"},"modified":"2024-12-17T11:17:58","modified_gmt":"2024-12-17T11:17:58","slug":"14-gunluk-turkiye-turu-istanbul-gelibolu-truva-bergama-efes-pamukkale-antalya-kapadokya","status":"publish","type":"page","link":"https:\/\/zazatour.com\/?page_id=2668","title":{"rendered":"14 G\u00fcnl\u00fck T\u00fcrkiye Turu (\u0130stanbul, Gelibolu, Truva, Bergama, Efes, Pamukkale, Antalya, Kapadokya)"},"content":{"rendered":"\t\t<div data-elementor-type=\"wp-page\" data-elementor-id=\"2668\" class=\"elementor elementor-2668\">\n\t\t\t\t<div class=\"elementor-element elementor-element-f36ec24 e-flex e-con-boxed e-con e-parent\" data-id=\"f36ec24\" data-element_type=\"container\">\n\t\t\t\t\t<div class=\"e-con-inner\">\n\t\t\t\t<div class=\"elementor-element elementor-element-29881a8 elementor-widget elementor-widget-heading\" data-id=\"29881a8\" data-element_type=\"widget\" data-widget_type=\"heading.default\">\n\t\t\t\t<div class=\"elementor-widget-container\">\n\t\t\t<h2 class=\"elementor-heading-title elementor-size-default\">14 G\u00fcnl\u00fck T\u00fcrkiye Turu (\u0130stanbul, Gelibolu, Truva, Bergama, Efes, Pamukkale, Antalya, Kapadokya)<\/h2>\t\t<\/div>\n\t\t\t\t<\/div>\n\t\t\t\t\t<\/div>\n\t\t\t\t<\/div>\n\t\t<div class=\"elementor-element elementor-element-e8811b5 e-flex e-con-boxed e-con e-parent\" data-id=\"e8811b5\" data-element_type=\"container\">\n\t\t\t\t\t<div class=\"e-con-inner\">\n\t\t\t\t<div class=\"elementor-element elementor-element-a1d2324 elementor-widget elementor-widget-text-editor\" data-id=\"a1d2324\" data-element_type=\"widget\" data-widget_type=\"text-editor.default\">\n\t\t\t\t<div class=\"elementor-widget-container\">\n\t\t\t\t\t\t\t<p><strong>1. G\u00fcn<\/strong><\/p>\t\t\t\t\t\t<\/div>\n\t\t\t\t<\/div>\n\t\t\t\t<div class=\"elementor-element elementor-element-b92fe7e elementor-widget elementor-widget-text-editor\" data-id=\"b92fe7e\" data-element_type=\"widget\" data-widget_type=\"text-editor.default\">\n\t\t\t\t<div class=\"elementor-widget-container\">\n\t\t\t\t\t\t\t<p>\u0130stanbul\u2019a var\u0131\u015f ve otele transfer. \u0130stanbul\u2019da konaklama.<\/p><p><em>Not:<\/em> E\u011fer u\u00e7u\u015funuz Sabiha G\u00f6k\u00e7en Havaliman\u0131\u2019ndan\/ Havaliman\u0131\u2019na ise ara\u00e7 ba\u015f\u0131na tek y\u00f6n i\u00e7in 30 Euro ekstra \u00fccret uygulan\u0131r.<\/p>\t\t\t\t\t\t<\/div>\n\t\t\t\t<\/div>\n\t\t\t\t<div class=\"elementor-element elementor-element-ffab4dc elementor-widget elementor-widget-text-editor\" data-id=\"ffab4dc\" data-element_type=\"widget\" data-widget_type=\"text-editor.default\">\n\t\t\t\t<div class=\"elementor-widget-container\">\n\t\t\t\t\t\t\t<p><strong>2. G\u00fcn &#8211; Bizans ve Osmanl\u0131 Eserleri Turu<\/strong><\/p>\t\t\t\t\t\t<\/div>\n\t\t\t\t<\/div>\n\t\t\t\t<div class=\"elementor-element elementor-element-68e28a5 elementor-widget elementor-widget-text-editor\" data-id=\"68e28a5\" data-element_type=\"widget\" data-widget_type=\"text-editor.default\">\n\t\t\t\t<div class=\"elementor-widget-container\">\n\t\t\t\t\t\t\t<p><em>Kahvalt\u0131 ve \u00d6\u011fle Yeme\u011fi Dahil<\/em><br \/>08:30\u2019da otelinizden al\u0131narak, 5. y\u00fczy\u0131lda in\u015fa edilmi\u015f ve bir zamanlar d\u00fcnyan\u0131n en b\u00fcy\u00fck kilisesi olan Ayasofya\u2019y\u0131 ziyaret edin. Sonraki durak, mavi \u0130znik \u00e7inileriyle \u00fcnl\u00fc Sultanahmet Camii\u2019dir (Mavi Camii). Ard\u0131ndan antik Roma Hipodromu\u2019nu ziyaret edin. Eski \u015fehirde \u00f6\u011fle yeme\u011fi molas\u0131n\u0131n ard\u0131ndan, Osmanl\u0131 \u0130mparatorlu\u011fu\u2019nun 400 y\u0131l\u0131 a\u015fk\u0131n bir s\u00fcre boyunca y\u00f6netildi\u011fi Topkap\u0131 Saray\u0131 ve S\u00fcleymaniye Camii\u2019ni ziyaret edin. Tur yakla\u015f\u0131k 17:00\u2019de sona erer ve otele transfer yap\u0131l\u0131r. \u0130stanbul\u2019da konaklama.<\/p>\t\t\t\t\t\t<\/div>\n\t\t\t\t<\/div>\n\t\t\t\t<div class=\"elementor-element elementor-element-2c5c417 elementor-widget elementor-widget-text-editor\" data-id=\"2c5c417\" data-element_type=\"widget\" data-widget_type=\"text-editor.default\">\n\t\t\t\t<div class=\"elementor-widget-container\">\n\t\t\t\t\t\t\t<p><strong>3. G\u00fcn &#8211; Bo\u011faz Turu ve \u0130ki K\u0131ta Turu<\/strong><\/p>\t\t\t\t\t\t<\/div>\n\t\t\t\t<\/div>\n\t\t\t\t<div class=\"elementor-element elementor-element-16d970a elementor-widget elementor-widget-text-editor\" data-id=\"16d970a\" data-element_type=\"widget\" data-widget_type=\"text-editor.default\">\n\t\t\t\t<div class=\"elementor-widget-container\">\n\t\t\t\t\t\t\t<p><em>Kahvalt\u0131 ve \u00d6\u011fle Yeme\u011fi Dahil<\/em><br \/>08:30\u2019da otelinizden al\u0131narak M\u0131s\u0131r \u00c7ar\u015f\u0131s\u0131\u2019n\u0131 ziyaret edin. Ard\u0131ndan, Avrupa ve Asya k\u0131talar\u0131n\u0131 ay\u0131ran Bo\u011faz\u2019da tekne turu yap\u0131n. \u00d6\u011fle yeme\u011fi molas\u0131n\u0131n ard\u0131ndan, Osmanl\u0131 sultanlar\u0131n\u0131n son ikametg\u00e2h\u0131 olan Dolmabah\u00e7e Saray\u0131\u2019n\u0131 ziyaret edin. Daha sonra Asya yakas\u0131na ge\u00e7mek i\u00e7in k\u0131talararas\u0131 Bo\u011faz K\u00f6pr\u00fcs\u00fc\u2019nden ge\u00e7erek \u0130stanbul\u2019un en y\u00fcksek noktas\u0131 olan ve muhte\u015fem foto\u011fraf kareleri yakalayabilece\u011finiz \u00c7aml\u0131ca Tepesi\u2019ni ziyaret edin. Tur yakla\u015f\u0131k 17:00\u2019de sona erer ve otele transfer yap\u0131l\u0131r. \u0130stanbul\u2019da konaklama.<\/p>\t\t\t\t\t\t<\/div>\n\t\t\t\t<\/div>\n\t\t\t\t<div class=\"elementor-element elementor-element-82c3f37 elementor-widget elementor-widget-text-editor\" data-id=\"82c3f37\" data-element_type=\"widget\" data-widget_type=\"text-editor.default\">\n\t\t\t\t<div class=\"elementor-widget-container\">\n\t\t\t\t\t\t\t<p><strong>4. G\u00fcn &#8211; Gelibolu Turu<\/strong><\/p>\t\t\t\t\t\t<\/div>\n\t\t\t\t<\/div>\n\t\t\t\t\t<\/div>\n\t\t\t\t<\/div>\n\t\t<div class=\"elementor-element elementor-element-230145a e-flex e-con-boxed e-con e-parent\" data-id=\"230145a\" data-element_type=\"container\">\n\t\t\t\t\t<div class=\"e-con-inner\">\n\t\t\t\t<div class=\"elementor-element elementor-element-375664c elementor-widget elementor-widget-text-editor\" data-id=\"375664c\" data-element_type=\"widget\" data-widget_type=\"text-editor.default\">\n\t\t\t\t<div class=\"elementor-widget-container\">\n\t\t\t\t\t\t\t<p><em>\u00d6\u011fle ve Ak\u015fam Yeme\u011fi Dahil<\/em><br \/>06:30\u2019da otelden al\u0131narak Gelibolu\u2019ya hareket edilir (\u0130stanbul\u2019dan 5 saatlik mesafede). Tur kapsam\u0131nda; kampanyaya ait eserlerin bulundu\u011fu Kabatepe M\u00fczesi, Brighton Plaj\u0131 (planlanan ilk \u00e7\u0131kartma noktas\u0131), Anzak Koyu\u2019ndaki Plaj Mezarl\u0131\u011f\u0131, Avustralyal\u0131 ve Yeni Zelandal\u0131 askerlerin \u00e7\u0131kartma yapt\u0131\u011f\u0131 ve 30.000 askerin kamp yapt\u0131\u011f\u0131 yer, Avustralya Lone Pine An\u0131t\u0131, Johnston\u2019s Jolly (T\u00fcrk ve M\u00fcttefik siperleri ve t\u00fcnelleri), The Nek ve Yeni Zelanda\u2019n\u0131n A\u011fustos taarruzunda ele ge\u00e7irdi\u011fi Chunuk Bair ziyaret edilir. \u00c7anakkale\u2019de konaklama.<\/p>\t\t\t\t\t\t<\/div>\n\t\t\t\t<\/div>\n\t\t\t\t<div class=\"elementor-element elementor-element-f75fb3c elementor-widget elementor-widget-text-editor\" data-id=\"f75fb3c\" data-element_type=\"widget\" data-widget_type=\"text-editor.default\">\n\t\t\t\t<div class=\"elementor-widget-container\">\n\t\t\t\t\t\t\t<p><strong>5. G\u00fcn &#8211; Truva ve Bergama Turu<\/strong><\/p>\t\t\t\t\t\t<\/div>\n\t\t\t\t<\/div>\n\t\t\t\t<div class=\"elementor-element elementor-element-41d2d30 elementor-widget elementor-widget-text-editor\" data-id=\"41d2d30\" data-element_type=\"widget\" data-widget_type=\"text-editor.default\">\n\t\t\t\t<div class=\"elementor-widget-container\">\n\t\t\t\t\t\t\t<p><em>Kahvalt\u0131, \u00d6\u011fle ve Ak\u015fam Yeme\u011fi Dahil<\/em><br \/>08:30\u2019da otelden al\u0131narak Truva antik kenti ziyaret edilir. Bu antik kent, \u00fcnl\u00fc Truva at\u0131 ve g\u00fczel Helen\u2019in efsanesiyle tan\u0131n\u0131r. Daha sonra Bergama antik kentine gidilir. K\u0131rm\u0131z\u0131 Avlu\u2019yu, Asclepion (d\u00fcnyaca \u00fcnl\u00fc bir t\u0131p merkezi) ve Akropolis\u2019in etkileyici kal\u0131nt\u0131lar\u0131n\u0131 ziyaret edin. Turdan sonra Ku\u015fadas\u0131\u2019na transfer ve konaklama.<\/p>\t\t\t\t\t\t<\/div>\n\t\t\t\t<\/div>\n\t\t\t\t<div class=\"elementor-element elementor-element-7bf7f99 elementor-widget elementor-widget-text-editor\" data-id=\"7bf7f99\" data-element_type=\"widget\" data-widget_type=\"text-editor.default\">\n\t\t\t\t<div class=\"elementor-widget-container\">\n\t\t\t\t\t\t\t<p><strong>6. G\u00fcn &#8211; Efes Turu<\/strong><\/p>\t\t\t\t\t\t<\/div>\n\t\t\t\t<\/div>\n\t\t\t\t<div class=\"elementor-element elementor-element-d1e14bd elementor-widget elementor-widget-text-editor\" data-id=\"d1e14bd\" data-element_type=\"widget\" data-widget_type=\"text-editor.default\">\n\t\t\t\t<div class=\"elementor-widget-container\">\n\t\t\t\t\t\t\t<p><em>Kahvalt\u0131, \u00d6\u011fle ve Ak\u015fam Yeme\u011fi Dahil<\/em><br \/>Tur, antik d\u00fcnyan\u0131n yedi harikas\u0131ndan biri olan Artemis Tap\u0131na\u011f\u0131 kal\u0131nt\u0131lar\u0131n\u0131 ziyaret ederek ba\u015flar. Ard\u0131ndan, en iyi korunmu\u015f Greko-Romen \u015fehri olan Efes antik kenti ke\u015ffedilir. Celsius K\u00fct\u00fcphanesi, Agora, Tiyatro, Odeon, Trajan \u00c7e\u015fmesi, Domitian Tap\u0131na\u011f\u0131 ve Roma Latrinleri g\u00f6r\u00fclecek ba\u015fl\u0131ca yerlerdir. \u00d6\u011fle yeme\u011fi molas\u0131n\u0131n ard\u0131ndan Meryem Ana\u2019n\u0131n son g\u00fcnlerini ge\u00e7irdi\u011fine inan\u0131lan Meryem Ana Evi\u2019ni ziyaret edin. Ku\u015fadas\u0131\u2019nda konaklama.<\/p>\t\t\t\t\t\t<\/div>\n\t\t\t\t<\/div>\n\t\t\t\t<div class=\"elementor-element elementor-element-c50cacd elementor-widget elementor-widget-text-editor\" data-id=\"c50cacd\" data-element_type=\"widget\" data-widget_type=\"text-editor.default\">\n\t\t\t\t<div class=\"elementor-widget-container\">\n\t\t\t\t\t\t\t<p><strong>7. G\u00fcn &#8211; Pamukkale ve Hierapolis Turu<\/strong><\/p>\t\t\t\t\t\t<\/div>\n\t\t\t\t<\/div>\n\t\t\t\t<div class=\"elementor-element elementor-element-4841dcb elementor-widget elementor-widget-text-editor\" data-id=\"4841dcb\" data-element_type=\"widget\" data-widget_type=\"text-editor.default\">\n\t\t\t\t<div class=\"elementor-widget-container\">\n\t\t\t\t\t\t\t<p><em>Kahvalt\u0131 ve \u00d6\u011fle Yeme\u011fi Dahil<\/em><br \/>08:00\u2019de otelden al\u0131narak Pamukkale\u2019ye hareket edilir. Pamukkale ve antik Hierapolis \u015fehri ziyaret edilir. Apollo Tap\u0131na\u011f\u0131, etkileyici tiyatro, Nekropolis ve Aziz Philip\u2019in \u015fehit edildi\u011fi yer g\u00f6r\u00fcl\u00fcr. Son olarak, Pamukkale\u2019nin kalsiyum teraslar\u0131 ve havuzlar\u0131n\u0131 ziyaret edin. Pamukkale\u2019de konaklama.<\/p>\t\t\t\t\t\t<\/div>\n\t\t\t\t<\/div>\n\t\t\t\t<div class=\"elementor-element elementor-element-7e5fc3e elementor-widget elementor-widget-text-editor\" data-id=\"7e5fc3e\" data-element_type=\"widget\" data-widget_type=\"text-editor.default\">\n\t\t\t\t<div class=\"elementor-widget-container\">\n\t\t\t\t\t\t\t<p><strong>8. G\u00fcn &#8211; Pamukkale\u2019den Antalya\u2019ya<\/strong><\/p>\t\t\t\t\t\t<\/div>\n\t\t\t\t<\/div>\n\t\t\t\t<div class=\"elementor-element elementor-element-b3ca6b0 elementor-widget elementor-widget-text-editor\" data-id=\"b3ca6b0\" data-element_type=\"widget\" data-widget_type=\"text-editor.default\">\n\t\t\t\t<div class=\"elementor-widget-container\">\n\t\t\t\t\t\t\t<p><em>Kahvalt\u0131 Dahil<\/em><br \/>Serbest zaman ve sigara i\u00e7ilmeyen, tam klimal\u0131 otob\u00fcsle Antalya\u2019ya transfer (S\u00fcre: 4 saat). Antalya\u2019da konaklama.<\/p>\t\t\t\t\t\t<\/div>\n\t\t\t\t<\/div>\n\t\t\t\t<div class=\"elementor-element elementor-element-33371bf elementor-widget elementor-widget-text-editor\" data-id=\"33371bf\" data-element_type=\"widget\" data-widget_type=\"text-editor.default\">\n\t\t\t\t<div class=\"elementor-widget-container\">\n\t\t\t\t\t\t\t<p><strong>9. G\u00fcn &#8211; Antalya Turu<\/strong><\/p>\t\t\t\t\t\t<\/div>\n\t\t\t\t<\/div>\n\t\t\t\t<div class=\"elementor-element elementor-element-b325c86 elementor-widget elementor-widget-text-editor\" data-id=\"b325c86\" data-element_type=\"widget\" data-widget_type=\"text-editor.default\">\n\t\t\t\t<div class=\"elementor-widget-container\">\n\t\t\t\t\t\t\t<p><em>Kahvalt\u0131 ve \u00d6\u011fle Yeme\u011fi Dahil<\/em><br \/>08:15\u2019te otelden al\u0131narak Perge antik kenti ziyaret edilir. Stadion, Roma Kap\u0131s\u0131, Agora ve Kolonlu Cadde g\u00f6r\u00fclecek ba\u015fl\u0131ca yerlerdir. \u00d6\u011fle yeme\u011fi K\u00f6pr\u00fc\u00e7ay Nehri kenar\u0131nda al\u0131n\u0131r. \u00d6\u011fleden sonra Aspendos Tiyatrosu ve tarihi su kemerleri ziyaret edilir. Ard\u0131ndan Side\u2019ye ge\u00e7ilir ve serbest zaman verilir. Antalya\u2019da konaklama.<\/p>\t\t\t\t\t\t<\/div>\n\t\t\t\t<\/div>\n\t\t\t\t<div class=\"elementor-element elementor-element-bda7287 elementor-widget elementor-widget-text-editor\" data-id=\"bda7287\" data-element_type=\"widget\" data-widget_type=\"text-editor.default\">\n\t\t\t\t<div class=\"elementor-widget-container\">\n\t\t\t\t\t\t\t<p><strong>10. G\u00fcn &#8211; Antalya<\/strong><\/p>\t\t\t\t\t\t<\/div>\n\t\t\t\t<\/div>\n\t\t\t\t<div class=\"elementor-element elementor-element-fbc1dde elementor-widget elementor-widget-text-editor\" data-id=\"fbc1dde\" data-element_type=\"widget\" data-widget_type=\"text-editor.default\">\n\t\t\t\t<div class=\"elementor-widget-container\">\n\t\t\t\t\t\t\t<p><em>Kahvalt\u0131 Dahil<\/em><br \/>Antalya\u2019da serbest zaman. Dilerseniz t\u00fcm g\u00fcn y\u00fczme imk\u00e2n\u0131n\u0131z bulunmaktad\u0131r.<\/p><p><em>Opsiyonel<\/em>: Kekova &#8211; Demre &#8211; Myra Turu. L\u00fctfen bilgi al\u0131n\u0131z.<\/p><p>19:00\u2019da otogara transfer ve 20:00\u2019de sigara i\u00e7ilmeyen otob\u00fcsle Kapadokya\u2019ya hareket (S\u00fcre: 10 saat).<\/p>\t\t\t\t\t\t<\/div>\n\t\t\t\t<\/div>\n\t\t\t\t<div class=\"elementor-element elementor-element-45aa999 elementor-widget elementor-widget-text-editor\" data-id=\"45aa999\" data-element_type=\"widget\" data-widget_type=\"text-editor.default\">\n\t\t\t\t<div class=\"elementor-widget-container\">\n\t\t\t\t\t\t\t<p><strong>11. G\u00fcn &#8211; Kapadokya Turu 1<\/strong><\/p>\t\t\t\t\t\t<\/div>\n\t\t\t\t<\/div>\n\t\t\t\t<div class=\"elementor-element elementor-element-d5fe071 elementor-widget elementor-widget-text-editor\" data-id=\"d5fe071\" data-element_type=\"widget\" data-widget_type=\"text-editor.default\">\n\t\t\t\t<div class=\"elementor-widget-container\">\n\t\t\t\t\t\t\t<p><em>\u00d6\u011fle Yeme\u011fi Dahil<\/em><br \/>Kapadokya\u2019ya var\u0131\u015f ve otele k\u0131sa bir haz\u0131rl\u0131k s\u00fcresi sonras\u0131 tur ba\u015flar. Devrent Vadisi\u2019ni ve e\u015fsiz peribacalar\u0131n\u0131 g\u00f6r\u00fcn. Pa\u015faba\u011f (Rahipler Vadisi), Avanos ve G\u00f6reme A\u00e7\u0131k Hava M\u00fczesi ziyaret edilir. G\u00fcn\u00fcn sonunda U\u00e7hisar\u2019daki do\u011fal kaleler g\u00f6r\u00fcl\u00fcr. Kapadokya\u2019da konaklama.<\/p>\t\t\t\t\t\t<\/div>\n\t\t\t\t<\/div>\n\t\t\t\t<div class=\"elementor-element elementor-element-34c6645 elementor-widget elementor-widget-text-editor\" data-id=\"34c6645\" data-element_type=\"widget\" data-widget_type=\"text-editor.default\">\n\t\t\t\t<div class=\"elementor-widget-container\">\n\t\t\t\t\t\t\t<p><strong>12. G\u00fcn &#8211; Kapadokya Turu 2<\/strong><\/p>\t\t\t\t\t\t<\/div>\n\t\t\t\t<\/div>\n\t\t\t\t<div class=\"elementor-element elementor-element-c7ae92e elementor-widget elementor-widget-text-editor\" data-id=\"c7ae92e\" data-element_type=\"widget\" data-widget_type=\"text-editor.default\">\n\t\t\t\t<div class=\"elementor-widget-container\">\n\t\t\t\t\t\t\t<p><em>Kahvalt\u0131 ve \u00d6\u011fle Yeme\u011fi Dahil<\/em><br \/>K\u0131z\u0131l Vadi, G\u00fcll\u00fcdere Vadisi, \u00c7avu\u015fin K\u00f6y\u00fc, G\u00fcvercinlik Vadisi ve Kaymakl\u0131 Yeralt\u0131 \u015eehri ziyaret edilir. Ortahisar\u2019daki kalelerle tur tamamlan\u0131r.<\/p><p>21:00\u2019de \u0130stanbul\u2019a sigara i\u00e7ilmeyen otob\u00fcsle hareket (S\u00fcre: 11 saat).<\/p>\t\t\t\t\t\t<\/div>\n\t\t\t\t<\/div>\n\t\t\t\t<div class=\"elementor-element elementor-element-222dc3f elementor-widget elementor-widget-text-editor\" data-id=\"222dc3f\" data-element_type=\"widget\" data-widget_type=\"text-editor.default\">\n\t\t\t\t<div class=\"elementor-widget-container\">\n\t\t\t\t\t\t\t<p><strong>13. G\u00fcn &#8211; \u0130stanbul<\/strong><\/p>\t\t\t\t\t\t<\/div>\n\t\t\t\t<\/div>\n\t\t\t\t<div class=\"elementor-element elementor-element-ca110db elementor-widget elementor-widget-text-editor\" data-id=\"ca110db\" data-element_type=\"widget\" data-widget_type=\"text-editor.default\">\n\t\t\t\t<div class=\"elementor-widget-container\">\n\t\t\t\t\t\t\t<p>\u0130stanbul\u2019a var\u0131\u015f ve Sultanahmet\u2019e \u00fccretsiz transfer. Otele yerle\u015fme ve serbest zaman. \u0130stanbul\u2019da konaklama.<\/p>\t\t\t\t\t\t<\/div>\n\t\t\t\t<\/div>\n\t\t\t\t<div class=\"elementor-element elementor-element-725e68c elementor-widget elementor-widget-text-editor\" data-id=\"725e68c\" data-element_type=\"widget\" data-widget_type=\"text-editor.default\">\n\t\t\t\t<div class=\"elementor-widget-container\">\n\t\t\t\t\t\t\t<p><strong>14. G\u00fcn &#8211; Turun Sonu<\/strong><\/p>\t\t\t\t\t\t<\/div>\n\t\t\t\t<\/div>\n\t\t\t\t<div class=\"elementor-element elementor-element-6012a80 elementor-widget elementor-widget-text-editor\" data-id=\"6012a80\" data-element_type=\"widget\" data-widget_type=\"text-editor.default\">\n\t\t\t\t<div class=\"elementor-widget-container\">\n\t\t\t\t\t\t\t<p><em>Kahvalt\u0131 Dahil<\/em><br \/>Kahvalt\u0131n\u0131n ard\u0131ndan otelden \u00e7\u0131k\u0131\u015f (12:00\u2019den \u00f6nce). U\u00e7u\u015f detaylar\u0131n\u0131za g\u00f6re \u0130stanbul Havaliman\u0131\u2019na transfer. Tur ve hizmetlerin sonu.<\/p>\t\t\t\t\t\t<\/div>\n\t\t\t\t<\/div>\n\t\t\t\t\t<\/div>\n\t\t\t\t<\/div>\n\t\t<div class=\"elementor-element elementor-element-22b2285 e-flex e-con-boxed e-con e-parent\" data-id=\"22b2285\" data-element_type=\"container\">\n\t\t\t\t\t<div class=\"e-con-inner\">\n\t\t\t\t<div class=\"elementor-element elementor-element-0c7cf1b elementor-widget elementor-widget-image\" data-id=\"0c7cf1b\" data-element_type=\"widget\" data-widget_type=\"image.default\">\n\t\t\t\t<div class=\"elementor-widget-container\">\n\t\t\t\t\t\t\t\t\t\t\t\t\t<img fetchpriority=\"high\" decoding=\"async\" width=\"480\" height=\"250\" src=\"https:\/\/zazatour.com\/wp-content\/uploads\/2024\/12\/14-gunluk-turkiye-turu-haritasi.jpg\" class=\"attachment-large size-large wp-image-2706\" alt=\"\" \/>\t\t\t\t\t\t\t\t\t\t\t\t\t<\/div>\n\t\t\t\t<\/div>\n\t\t\t\t\t<\/div>\n\t\t\t\t<\/div>\n\t\t<div class=\"elementor-element elementor-element-cb9bfc2 e-flex e-con-boxed e-con e-parent\" data-id=\"cb9bfc2\" data-element_type=\"container\">\n\t\t\t\t\t<div class=\"e-con-inner\">\n\t\t\t\t<div class=\"elementor-element elementor-element-1f90650 elementor-widget elementor-widget-image\" data-id=\"1f90650\" data-element_type=\"widget\" data-widget_type=\"image.default\">\n\t\t\t\t<div class=\"elementor-widget-container\">\n\t\t\t\t\t\t\t\t\t\t\t\t\t<img decoding=\"async\" width=\"849\" height=\"386\" src=\"https:\/\/zazatour.com\/wp-content\/uploads\/2024\/11\/CONTACT-US-1.png\" class=\"attachment-large size-large wp-image-2028\" alt=\"\" \/>\t\t\t\t\t\t\t\t\t\t\t\t\t<\/div>\n\t\t\t\t<\/div>\n\t\t\t\t\t<\/div>\n\t\t\t\t<\/div>\n\t\t\t\t<\/div>\n\t\t","protected":false},"excerpt":{"rendered":"<p>14 G\u00fcnl\u00fck T\u00fcrkiye Turu (\u0130stanbul, Gelibolu, Truva, Bergama, Efes, Pamukkale, Antalya, Kapadokya) 1. G\u00fcn \u0130stanbul\u2019a var\u0131\u015f ve otele transfer. \u0130stanbul\u2019da konaklama. Not: E\u011fer u\u00e7u\u015funuz Sabiha G\u00f6k\u00e7en Havaliman\u0131\u2019ndan\/ Havaliman\u0131\u2019na ise ara\u00e7 ba\u015f\u0131na tek y\u00f6n i\u00e7in 30 Euro ekstra \u00fccret uygulan\u0131r. 2. G\u00fcn &#8211; Bizans ve Osmanl\u0131 Eserleri Turu Kahvalt\u0131 ve \u00d6\u011fle Yeme\u011fi Dahil08:30\u2019da otelinizden al\u0131narak, 5. [&hellip;]<\/p>\n","protected":false},"author":1,"featured_media":0,"parent":0,"menu_order":0,"comment_status":"closed","ping_status":"closed","template":"","meta":{"_uag_custom_page_level_css":"","site-sidebar-layout":"no-sidebar","site-content-layout":"page-builder","ast-site-content-layout":"full-width-container","site-content-style":"default","site-sidebar-style":"default","ast-global-header-display":"","ast-banner-title-visibility":"","ast-main-header-display":"","ast-hfb-above-header-display":"","ast-hfb-below-header-display":"","ast-hfb-mobile-header-display":"","site-post-title":"disabled","ast-breadcrumbs-content":"","ast-featured-img":"disabled","footer-sml-layout":"","theme-transparent-header-meta":"","adv-header-id-meta":"","stick-header-meta":"","header-above-stick-meta":"","header-main-stick-meta":"","header-below-stick-meta":"","astra-migrate-meta-layouts":"set","ast-page-background-enabled":"default","ast-page-background-meta":{"desktop":{"background-color":"var(--ast-global-color-4)","background-image":"","background-repeat":"repeat","background-position":"center center","background-size":"auto","background-attachment":"scroll","background-type":"","background-media":"","overlay-type":"","overlay-color":"","overlay-opacity":"","overlay-gradient":""},"tablet":{"background-color":"","background-image":"","background-repeat":"repeat","background-position":"center center","background-size":"auto","background-attachment":"scroll","background-type":"","background-media":"","overlay-type":"","overlay-color":"","overlay-opacity":"","overlay-gradient":""},"mobile":{"background-color":"","background-image":"","background-repeat":"repeat","background-position":"center center","background-size":"auto","background-attachment":"scroll","background-type":"","background-media":"","overlay-type":"","overlay-color":"","overlay-opacity":"","overlay-gradient":""}},"ast-content-background-meta":{"desktop":{"background-color":"var(--ast-global-color-5)","background-image":"","background-repeat":"repeat","background-position":"center center","background-size":"auto","background-attachment":"scroll","background-type":"","background-media":"","overlay-type":"","overlay-color":"","overlay-opacity":"","overlay-gradient":""},"tablet":{"background-color":"var(--ast-global-color-5)","background-image":"","background-repeat":"repeat","background-position":"center center","background-size":"auto","background-attachment":"scroll","background-type":"","background-media":"","overlay-type":"","overlay-color":"","overlay-opacity":"","overlay-gradient":""},"mobile":{"background-color":"var(--ast-global-color-5)","background-image":"","background-repeat":"repeat","background-position":"center center","background-size":"auto","background-attachment":"scroll","background-type":"","background-media":"","overlay-type":"","overlay-color":"","overlay-opacity":"","overlay-gradient":""}},"footnotes":""},"class_list":["post-2668","page","type-page","status-publish","hentry"],"aioseo_notices":[],"uagb_featured_image_src":{"full":false,"thumbnail":false,"medium":false,"medium_large":false,"large":false,"1536x1536":false,"2048x2048":false},"uagb_author_info":{"display_name":"alicemozkaya@gmail.com","author_link":"https:\/\/zazatour.com\/?author=1"},"uagb_comment_info":0,"uagb_excerpt":"14 G\u00fcnl\u00fck T\u00fcrkiye Turu (\u0130stanbul, Gelibolu, Truva, Bergama, Efes, Pamukkale, Antalya, Kapadokya) 1. G\u00fcn \u0130stanbul\u2019a var\u0131\u015f ve otele transfer. \u0130stanbul\u2019da konaklama. Not: E\u011fer u\u00e7u\u015funuz Sabiha G\u00f6k\u00e7en Havaliman\u0131\u2019ndan\/ Havaliman\u0131\u2019na ise ara\u00e7 ba\u015f\u0131na tek y\u00f6n i\u00e7in 30 Euro ekstra \u00fccret uygulan\u0131r. 2. G\u00fcn &#8211; Bizans ve Osmanl\u0131 Eserleri Turu Kahvalt\u0131 ve \u00d6\u011fle Yeme\u011fi Dahil08:30\u2019da otelinizden al\u0131narak, 5.&hellip;","rttpg_featured_image_url":null,"rttpg_author":{"display_name":"alicemozkaya@gmail.com","author_link":"https:\/\/zazatour.com\/?author=1"},"rttpg_comment":0,"rttpg_category":" <a href=\"https:\/\/zazatour.com\/\" rel=\"tag\">T\u00fcrk\u00e7e<\/a>","rttpg_excerpt":"14 G\u00fcnl\u00fck T\u00fcrkiye Turu (\u0130stanbul, Gelibolu, Truva, Bergama, Efes, Pamukkale, Antalya, Kapadokya) 1. G\u00fcn \u0130stanbul\u2019a var\u0131\u015f ve otele transfer. \u0130stanbul\u2019da konaklama. Not: E\u011fer u\u00e7u\u015funuz Sabiha G\u00f6k\u00e7en Havaliman\u0131\u2019ndan\/ Havaliman\u0131\u2019na ise ara\u00e7 ba\u015f\u0131na tek y\u00f6n i\u00e7in 30 Euro ekstra \u00fccret uygulan\u0131r. 2. G\u00fcn &#8211; Bizans ve Osmanl\u0131 Eserleri Turu Kahvalt\u0131 ve \u00d6\u011fle Yeme\u011fi Dahil08:30\u2019da otelinizden al\u0131narak, 5.&hellip;","_links":{"self":[{"href":"https:\/\/zazatour.com\/index.php?rest_route=\/wp\/v2\/pages\/2668"}],"collection":[{"href":"https:\/\/zazatour.com\/index.php?rest_route=\/wp\/v2\/pages"}],"about":[{"href":"https:\/\/zazatour.com\/index.php?rest_route=\/wp\/v2\/types\/page"}],"author":[{"embeddable":true,"href":"https:\/\/zazatour.com\/index.php?rest_route=\/wp\/v2\/users\/1"}],"replies":[{"embeddable":true,"href":"https:\/\/zazatour.com\/index.php?rest_route=%2Fwp%2Fv2%2Fcomments&post=2668"}],"version-history":[{"count":4,"href":"https:\/\/zazatour.com\/index.php?rest_route=\/wp\/v2\/pages\/2668\/revisions"}],"predecessor-version":[{"id":2709,"href":"https:\/\/zazatour.com\/index.php?rest_route=\/wp\/v2\/pages\/2668\/revisions\/2709"}],"wp:attachment":[{"href":"https:\/\/zazatour.com\/index.php?rest_route=%2Fwp%2Fv2%2Fmedia&parent=2668"}],"curies":[{"name":"wp","href":"https:\/\/api.w.org\/{rel}","templated":true}]}}