{"id":2734,"date":"2024-12-17T11:38:39","date_gmt":"2024-12-17T11:38:39","guid":{"rendered":"https:\/\/zazatour.com\/?page_id=2734"},"modified":"2024-12-17T12:00:16","modified_gmt":"2024-12-17T12:00:16","slug":"14-day-tours-of-turkey-from-istanbul-istanbul-gallipoli-troy-pergamum-ephesus-pamukkale-antalya-cappadocia","status":"publish","type":"page","link":"https:\/\/zazatour.com\/?page_id=2734&lang=en","title":{"rendered":"14-Day Tours of Turkey from Istanbul (Istanbul, Gallipoli, Troy, Pergamum, Ephesus, Pamukkale, Antalya, Cappadocia)"},"content":{"rendered":"\t\t<div data-elementor-type=\"wp-page\" data-elementor-id=\"2734\" class=\"elementor elementor-2734\">\n\t\t\t\t<div class=\"elementor-element elementor-element-f36ec24 e-flex e-con-boxed e-con e-parent\" data-id=\"f36ec24\" data-element_type=\"container\">\n\t\t\t\t\t<div class=\"e-con-inner\">\n\t\t\t\t<div class=\"elementor-element elementor-element-29881a8 elementor-widget elementor-widget-heading\" data-id=\"29881a8\" data-element_type=\"widget\" data-widget_type=\"heading.default\">\n\t\t\t\t<div class=\"elementor-widget-container\">\n\t\t\t<h2 class=\"elementor-heading-title elementor-size-default\">14-Day Tours of Turkey from Istanbul (Istanbul, Gallipoli, Troy, Pergamum, Ephesus, Pamukkale, Antalya, Cappadocia)<\/h2>\t\t<\/div>\n\t\t\t\t<\/div>\n\t\t\t\t\t<\/div>\n\t\t\t\t<\/div>\n\t\t<div class=\"elementor-element elementor-element-e8811b5 e-flex e-con-boxed e-con e-parent\" data-id=\"e8811b5\" data-element_type=\"container\">\n\t\t\t\t\t<div class=\"e-con-inner\">\n\t\t\t\t<div class=\"elementor-element elementor-element-a1d2324 elementor-widget elementor-widget-text-editor\" data-id=\"a1d2324\" data-element_type=\"widget\" data-widget_type=\"text-editor.default\">\n\t\t\t\t<div class=\"elementor-widget-container\">\n\t\t\t\t\t\t\t<p><strong>Day 1<\/strong><\/p>\t\t\t\t\t\t<\/div>\n\t\t\t\t<\/div>\n\t\t\t\t<div class=\"elementor-element elementor-element-b92fe7e elementor-widget elementor-widget-text-editor\" data-id=\"b92fe7e\" data-element_type=\"widget\" data-widget_type=\"text-editor.default\">\n\t\t\t\t<div class=\"elementor-widget-container\">\n\t\t\t\t\t\t\t<p>Arrival in Istanbul and transfer to your hotel. Overnight in Istanbul.<\/p><p><strong>Note:<\/strong> If your flight is from\/to Sabiha G\u00f6k\u00e7en Airport, there is an extra charge of 30 Euros per car, one way.<\/p>\t\t\t\t\t\t<\/div>\n\t\t\t\t<\/div>\n\t\t\t\t<div class=\"elementor-element elementor-element-ffab4dc elementor-widget elementor-widget-text-editor\" data-id=\"ffab4dc\" data-element_type=\"widget\" data-widget_type=\"text-editor.default\">\n\t\t\t\t<div class=\"elementor-widget-container\">\n\t\t\t\t\t\t\t<p><strong>Day 2 &#8211; Byzantine and Ottoman Relics Tour<\/strong><\/p>\t\t\t\t\t\t<\/div>\n\t\t\t\t<\/div>\n\t\t\t\t<div class=\"elementor-element elementor-element-68e28a5 elementor-widget elementor-widget-text-editor\" data-id=\"68e28a5\" data-element_type=\"widget\" data-widget_type=\"text-editor.default\">\n\t\t\t\t<div class=\"elementor-widget-container\">\n\t\t\t\t\t\t\t<p><em>Breakfast and Lunch Included<\/em><br \/>Pick-up from your hotel at 08:30 to visit Hagia Sophia, a church built in the 5th century, once the largest in the world. Next, visit the Sultanahmet Mosque (Blue Mosque) renowned for its stunning blue \u0130znik tiles. Then, visit the ancient Roman Hippodrome. After lunch in the Old City, visit the Topkapi Palace, the residence of Ottoman sultans for over 400 years, and the S\u00fcleymaniye Mosque. The tour finishes around 17:00, and transfer back to the hotel. Overnight in Istanbul.<\/p>\t\t\t\t\t\t<\/div>\n\t\t\t\t<\/div>\n\t\t\t\t<div class=\"elementor-element elementor-element-2c5c417 elementor-widget elementor-widget-text-editor\" data-id=\"2c5c417\" data-element_type=\"widget\" data-widget_type=\"text-editor.default\">\n\t\t\t\t<div class=\"elementor-widget-container\">\n\t\t\t\t\t\t\t<p><strong>Day 3 &#8211; Bosphorus Cruise &amp; Two Continents Tour<\/strong><\/p>\t\t\t\t\t\t<\/div>\n\t\t\t\t<\/div>\n\t\t\t\t<div class=\"elementor-element elementor-element-16d970a elementor-widget elementor-widget-text-editor\" data-id=\"16d970a\" data-element_type=\"widget\" data-widget_type=\"text-editor.default\">\n\t\t\t\t<div class=\"elementor-widget-container\">\n\t\t\t\t\t\t\t<p><em>Breakfast and Lunch Included<\/em><br \/>Pick-up from your hotel at 08:30 to visit the Spice Bazaar, followed by a boat cruise through the Bosphorus, dividing Europe and Asia. After a lunch break, visit Dolmabahce Palace, the last residence of the sultans. Cross the Intercontinental Bosphorus Bridge to visit \u00c7aml\u0131ca Hill, the highest point in Istanbul, for panoramic views and photos. The tour finishes around 17:00, and transfer back to the hotel. Overnight in Istanbul.<\/p>\t\t\t\t\t\t<\/div>\n\t\t\t\t<\/div>\n\t\t\t\t<div class=\"elementor-element elementor-element-82c3f37 elementor-widget elementor-widget-text-editor\" data-id=\"82c3f37\" data-element_type=\"widget\" data-widget_type=\"text-editor.default\">\n\t\t\t\t<div class=\"elementor-widget-container\">\n\t\t\t\t\t\t\t<p><strong>Day 4 &#8211; Gallipoli Tour<\/strong><\/p>\t\t\t\t\t\t<\/div>\n\t\t\t\t<\/div>\n\t\t\t\t\t<\/div>\n\t\t\t\t<\/div>\n\t\t<div class=\"elementor-element elementor-element-230145a e-flex e-con-boxed e-con e-parent\" data-id=\"230145a\" data-element_type=\"container\">\n\t\t\t\t\t<div class=\"e-con-inner\">\n\t\t\t\t<div class=\"elementor-element elementor-element-375664c elementor-widget elementor-widget-text-editor\" data-id=\"375664c\" data-element_type=\"widget\" data-widget_type=\"text-editor.default\">\n\t\t\t\t<div class=\"elementor-widget-container\">\n\t\t\t\t\t\t\t<p><em>Lunch and Dinner Included<\/em><br \/>Pick-up from your hotel at 06:30 and drive to Gallipoli (5 hours from Istanbul). The tour includes visits to: Kabatepe Museum (with relics from the campaign), Brighton Beach (intended landing site), Beach Cemetery in Anzac Cove, Lone Pine Australian Memorial, Johnston\u2019s Jolly (Allied and Turkish trenches and tunnels), The Nek, and Chunuk Bair (New Zealand Memorial). Overnight in \u00c7anakkale.<\/p>\t\t\t\t\t\t<\/div>\n\t\t\t\t<\/div>\n\t\t\t\t<div class=\"elementor-element elementor-element-f75fb3c elementor-widget elementor-widget-text-editor\" data-id=\"f75fb3c\" data-element_type=\"widget\" data-widget_type=\"text-editor.default\">\n\t\t\t\t<div class=\"elementor-widget-container\">\n\t\t\t\t\t\t\t<p><strong>Day 5 &#8211; Troy and Pergamum Tour<\/strong><\/p>\t\t\t\t\t\t<\/div>\n\t\t\t\t<\/div>\n\t\t\t\t<div class=\"elementor-element elementor-element-41d2d30 elementor-widget elementor-widget-text-editor\" data-id=\"41d2d30\" data-element_type=\"widget\" data-widget_type=\"text-editor.default\">\n\t\t\t\t<div class=\"elementor-widget-container\">\n\t\t\t\t\t\t\t<p><em>Breakfast, Lunch and Dinner Included<\/em><br \/>Pick-up from your hotel at 08:30 to visit the ancient city of Troy, famous for the legendary Trojan Horse. Afterward, visit the ancient city of Pergamon. Explore the Red Court, Asclepion (a world-renowned medical center), and the impressive remains of the Acropolis. After the tour, drive to Ku\u015fadas\u0131 and overnight stay.<\/p>\t\t\t\t\t\t<\/div>\n\t\t\t\t<\/div>\n\t\t\t\t<div class=\"elementor-element elementor-element-7bf7f99 elementor-widget elementor-widget-text-editor\" data-id=\"7bf7f99\" data-element_type=\"widget\" data-widget_type=\"text-editor.default\">\n\t\t\t\t<div class=\"elementor-widget-container\">\n\t\t\t\t\t\t\t<p><strong>Day 6 &#8211; Ephesus Tour<\/strong><\/p>\t\t\t\t\t\t<\/div>\n\t\t\t\t<\/div>\n\t\t\t\t<div class=\"elementor-element elementor-element-d1e14bd elementor-widget elementor-widget-text-editor\" data-id=\"d1e14bd\" data-element_type=\"widget\" data-widget_type=\"text-editor.default\">\n\t\t\t\t<div class=\"elementor-widget-container\">\n\t\t\t\t\t\t\t<p><em>Breakfast, Lunch and Dinner Included<\/em><br \/>The tour starts with a visit to the Temple of Artemis, one of the Seven Wonders of the Ancient World. Then, explore the well-preserved ruins of the ancient city of Ephesus, including the Celsius Library, Agora, Theater, Odeon, Trajan Fountain, and Roman Latrines. After a lunch break, visit the House of Virgin Mary, where she is believed to have spent her final days. Overnight in Ku\u015fadas\u0131.<\/p>\t\t\t\t\t\t<\/div>\n\t\t\t\t<\/div>\n\t\t\t\t<div class=\"elementor-element elementor-element-c50cacd elementor-widget elementor-widget-text-editor\" data-id=\"c50cacd\" data-element_type=\"widget\" data-widget_type=\"text-editor.default\">\n\t\t\t\t<div class=\"elementor-widget-container\">\n\t\t\t\t\t\t\t<p><strong>Day 7 &#8211; Pamukkale &amp; Hierapolis Tour<\/strong><\/p>\t\t\t\t\t\t<\/div>\n\t\t\t\t<\/div>\n\t\t\t\t<div class=\"elementor-element elementor-element-4841dcb elementor-widget elementor-widget-text-editor\" data-id=\"4841dcb\" data-element_type=\"widget\" data-widget_type=\"text-editor.default\">\n\t\t\t\t<div class=\"elementor-widget-container\">\n\t\t\t\t\t\t\t<p><em>Breakfast and Lunch Included<\/em><br \/>Pick-up from your hotel at 08:00 and drive to Pamukkale. Visit Pamukkale and the ancient city of Hierapolis, including the Temple of Apollo, the Theater, the Necropolis, and the site where Saint Philip was martyred. Finally, explore the calcium terraces and pools of Pamukkale. Overnight in Pamukkale.<\/p>\t\t\t\t\t\t<\/div>\n\t\t\t\t<\/div>\n\t\t\t\t<div class=\"elementor-element elementor-element-7e5fc3e elementor-widget elementor-widget-text-editor\" data-id=\"7e5fc3e\" data-element_type=\"widget\" data-widget_type=\"text-editor.default\">\n\t\t\t\t<div class=\"elementor-widget-container\">\n\t\t\t\t\t\t\t<p><strong>Day 8 &#8211; Pamukkale to Antalya<\/strong><\/p>\t\t\t\t\t\t<\/div>\n\t\t\t\t<\/div>\n\t\t\t\t<div class=\"elementor-element elementor-element-b3ca6b0 elementor-widget elementor-widget-text-editor\" data-id=\"b3ca6b0\" data-element_type=\"widget\" data-widget_type=\"text-editor.default\">\n\t\t\t\t<div class=\"elementor-widget-container\">\n\t\t\t\t\t\t\t<p><em>Breakfast Included<\/em><br \/>Free day and transfer to Antalya by non-smoking, fully air-conditioned bus (Duration: 4 hours). Overnight in Antalya.<\/p>\t\t\t\t\t\t<\/div>\n\t\t\t\t<\/div>\n\t\t\t\t<div class=\"elementor-element elementor-element-33371bf elementor-widget elementor-widget-text-editor\" data-id=\"33371bf\" data-element_type=\"widget\" data-widget_type=\"text-editor.default\">\n\t\t\t\t<div class=\"elementor-widget-container\">\n\t\t\t\t\t\t\t<p><strong>Day 9 &#8211; Antalya Tour<\/strong><\/p>\t\t\t\t\t\t<\/div>\n\t\t\t\t<\/div>\n\t\t\t\t<div class=\"elementor-element elementor-element-b325c86 elementor-widget elementor-widget-text-editor\" data-id=\"b325c86\" data-element_type=\"widget\" data-widget_type=\"text-editor.default\">\n\t\t\t\t<div class=\"elementor-widget-container\">\n\t\t\t\t\t\t\t<p><em>Breakfast and Lunch Included<\/em><br \/>Pick-up from your hotel at 08:15 to visit the ancient city of Perge, including the Stadium, Roman Gate, Agora, and Colonnaded Street. Lunch is by the K\u00f6pr\u00fc\u00e7ay River. In the afternoon, visit Aspendos Theater and the Historical Aqueducts. Afterward, visit Side and enjoy some free time. Overnight in Antalya.<\/p>\t\t\t\t\t\t<\/div>\n\t\t\t\t<\/div>\n\t\t\t\t<div class=\"elementor-element elementor-element-bda7287 elementor-widget elementor-widget-text-editor\" data-id=\"bda7287\" data-element_type=\"widget\" data-widget_type=\"text-editor.default\">\n\t\t\t\t<div class=\"elementor-widget-container\">\n\t\t\t\t\t\t\t<p><strong>Day 10 &#8211; Antalya<\/strong><\/p>\t\t\t\t\t\t<\/div>\n\t\t\t\t<\/div>\n\t\t\t\t<div class=\"elementor-element elementor-element-fbc1dde elementor-widget elementor-widget-text-editor\" data-id=\"fbc1dde\" data-element_type=\"widget\" data-widget_type=\"text-editor.default\">\n\t\t\t\t<div class=\"elementor-widget-container\">\n\t\t\t\t\t\t\t<p><em>Breakfast Included<\/em><br \/>Free day in Antalya. You can enjoy swimming for the whole day if you wish.<\/p><p><em>Optional:<\/em> You can join the Kekova &#8211; Demre &#8211; Myra Tour with swimming. Please ask for details.<\/p><p>At 19:00, transfer to the bus station and take a non-smoking, fully air-conditioned bus to Cappadocia at 20:00 (Duration: 10 hours).<\/p>\t\t\t\t\t\t<\/div>\n\t\t\t\t<\/div>\n\t\t\t\t<div class=\"elementor-element elementor-element-45aa999 elementor-widget elementor-widget-text-editor\" data-id=\"45aa999\" data-element_type=\"widget\" data-widget_type=\"text-editor.default\">\n\t\t\t\t<div class=\"elementor-widget-container\">\n\t\t\t\t\t\t\t<p><strong>Day 11 &#8211; Cappadocia Tour 1<\/strong><\/p>\t\t\t\t\t\t<\/div>\n\t\t\t\t<\/div>\n\t\t\t\t<div class=\"elementor-element elementor-element-d5fe071 elementor-widget elementor-widget-text-editor\" data-id=\"d5fe071\" data-element_type=\"widget\" data-widget_type=\"text-editor.default\">\n\t\t\t\t<div class=\"elementor-widget-container\">\n\t\t\t\t\t\t\t<p><em>Lunch Included<\/em><br \/>Arrival in Cappadocia and short time to freshen up at the hotel before starting the tour. Visit Devrent Valley to see unique fairy chimneys, then head to Pa\u015faba\u011f (Monk\u2019s Valley) to see interesting mushroom-shaped rock formations. Drive to Avanos for lunch. In the afternoon, visit the open-air museum in G\u00f6reme and the ancient rock-cut churches and Christian settlements. End the day with a visit to Uchisar Castle. Overnight in Cappadocia.<\/p>\t\t\t\t\t\t<\/div>\n\t\t\t\t<\/div>\n\t\t\t\t<div class=\"elementor-element elementor-element-34c6645 elementor-widget elementor-widget-text-editor\" data-id=\"34c6645\" data-element_type=\"widget\" data-widget_type=\"text-editor.default\">\n\t\t\t\t<div class=\"elementor-widget-container\">\n\t\t\t\t\t\t\t<p><strong>Day 12 &#8211; Cappadocia Tour 2<\/strong><\/p>\t\t\t\t\t\t<\/div>\n\t\t\t\t<\/div>\n\t\t\t\t<div class=\"elementor-element elementor-element-c7ae92e elementor-widget elementor-widget-text-editor\" data-id=\"c7ae92e\" data-element_type=\"widget\" data-widget_type=\"text-editor.default\">\n\t\t\t\t<div class=\"elementor-widget-container\">\n\t\t\t\t\t\t\t<p><em>Breakfast and Lunch Included<\/em><br \/>Visit Red Valley and hike through the Rose Valley (G\u00fcll\u00fcdere), exploring the rock-cut churches along the way. Visit \u00c7avu\u015fin Village, famous for the churches of Christian clergy. Afterward, head to Pigeon Valley for lunch. In the afternoon, visit the Kaymakl\u0131 Underground City, where early Christians lived in fear and faith. The tour ends with a visit to Ortahisar Castle.<\/p><p>At 21:00, take an overnight bus to Istanbul (Duration: 11 hours).<\/p>\t\t\t\t\t\t<\/div>\n\t\t\t\t<\/div>\n\t\t\t\t<div class=\"elementor-element elementor-element-222dc3f elementor-widget elementor-widget-text-editor\" data-id=\"222dc3f\" data-element_type=\"widget\" data-widget_type=\"text-editor.default\">\n\t\t\t\t<div class=\"elementor-widget-container\">\n\t\t\t\t\t\t\t<p><strong>Day 13 &#8211; Istanbul<\/strong><\/p>\t\t\t\t\t\t<\/div>\n\t\t\t\t<\/div>\n\t\t\t\t<div class=\"elementor-element elementor-element-ca110db elementor-widget elementor-widget-text-editor\" data-id=\"ca110db\" data-element_type=\"widget\" data-widget_type=\"text-editor.default\">\n\t\t\t\t<div class=\"elementor-widget-container\">\n\t\t\t\t\t\t\t<p>Arrival in Istanbul and transfer to Sultanahmet for a free day. Check-in at the hotel and enjoy free time. Overnight in Istanbul.<\/p>\t\t\t\t\t\t<\/div>\n\t\t\t\t<\/div>\n\t\t\t\t<div class=\"elementor-element elementor-element-725e68c elementor-widget elementor-widget-text-editor\" data-id=\"725e68c\" data-element_type=\"widget\" data-widget_type=\"text-editor.default\">\n\t\t\t\t<div class=\"elementor-widget-container\">\n\t\t\t\t\t\t\t<p><strong>Day 14 &#8211; End of Tour<\/strong><\/p>\t\t\t\t\t\t<\/div>\n\t\t\t\t<\/div>\n\t\t\t\t<div class=\"elementor-element elementor-element-6012a80 elementor-widget elementor-widget-text-editor\" data-id=\"6012a80\" data-element_type=\"widget\" data-widget_type=\"text-editor.default\">\n\t\t\t\t<div class=\"elementor-widget-container\">\n\t\t\t\t\t\t\t<p><em>Breakfast Included<\/em><br \/>After breakfast, check out from your hotel (before 12:00). Transfer to Istanbul Airport according to your flight details. End of the tour and services.<\/p>\t\t\t\t\t\t<\/div>\n\t\t\t\t<\/div>\n\t\t\t\t\t<\/div>\n\t\t\t\t<\/div>\n\t\t<div class=\"elementor-element elementor-element-22b2285 e-flex e-con-boxed e-con e-parent\" data-id=\"22b2285\" data-element_type=\"container\">\n\t\t\t\t\t<div class=\"e-con-inner\">\n\t\t\t\t<div class=\"elementor-element elementor-element-0c7cf1b elementor-widget elementor-widget-image\" data-id=\"0c7cf1b\" data-element_type=\"widget\" data-widget_type=\"image.default\">\n\t\t\t\t<div class=\"elementor-widget-container\">\n\t\t\t\t\t\t\t\t\t\t\t\t\t<img fetchpriority=\"high\" decoding=\"async\" width=\"480\" height=\"250\" src=\"https:\/\/zazatour.com\/wp-content\/uploads\/2024\/12\/14-gunluk-turkiye-turu-haritasi.jpg\" class=\"attachment-large size-large wp-image-2706\" alt=\"\" \/>\t\t\t\t\t\t\t\t\t\t\t\t\t<\/div>\n\t\t\t\t<\/div>\n\t\t\t\t\t<\/div>\n\t\t\t\t<\/div>\n\t\t<div class=\"elementor-element elementor-element-cb9bfc2 e-flex e-con-boxed e-con e-parent\" data-id=\"cb9bfc2\" data-element_type=\"container\">\n\t\t\t\t\t<div class=\"e-con-inner\">\n\t\t\t\t<div class=\"elementor-element elementor-element-1f90650 elementor-widget elementor-widget-image\" data-id=\"1f90650\" data-element_type=\"widget\" data-widget_type=\"image.default\">\n\t\t\t\t<div class=\"elementor-widget-container\">\n\t\t\t\t\t\t\t\t\t\t\t\t\t<img decoding=\"async\" width=\"926\" height=\"352\" src=\"https:\/\/zazatour.com\/wp-content\/uploads\/2024\/11\/contact-us-for-booking.png\" class=\"attachment-large size-large wp-image-2032\" alt=\"\" \/>\t\t\t\t\t\t\t\t\t\t\t\t\t<\/div>\n\t\t\t\t<\/div>\n\t\t\t\t\t<\/div>\n\t\t\t\t<\/div>\n\t\t\t\t<\/div>\n\t\t","protected":false},"excerpt":{"rendered":"<p>14-Day Tours of Turkey from Istanbul (Istanbul, Gallipoli, Troy, Pergamum, Ephesus, Pamukkale, Antalya, Cappadocia) Day 1 Arrival in Istanbul and transfer to your hotel. Overnight in Istanbul. Note: If your flight is from\/to Sabiha G\u00f6k\u00e7en Airport, there is an extra charge of 30 Euros per car, one way. Day 2 &#8211; Byzantine and Ottoman Relics [&hellip;]<\/p>\n","protected":false},"author":1,"featured_media":0,"parent":0,"menu_order":0,"comment_status":"closed","ping_status":"closed","template":"","meta":{"_uag_custom_page_level_css":"","site-sidebar-layout":"no-sidebar","site-content-layout":"page-builder","ast-site-content-layout":"full-width-container","site-content-style":"default","site-sidebar-style":"default","ast-global-header-display":"","ast-banner-title-visibility":"","ast-main-header-display":"","ast-hfb-above-header-display":"","ast-hfb-below-header-display":"","ast-hfb-mobile-header-display":"","site-post-title":"disabled","ast-breadcrumbs-content":"","ast-featured-img":"disabled","footer-sml-layout":"","theme-transparent-header-meta":"","adv-header-id-meta":"","stick-header-meta":"","header-above-stick-meta":"","header-main-stick-meta":"","header-below-stick-meta":"","astra-migrate-meta-layouts":"set","ast-page-background-enabled":"default","ast-page-background-meta":{"desktop":{"background-color":"var(--ast-global-color-4)","background-image":"","background-repeat":"repeat","background-position":"center center","background-size":"auto","background-attachment":"scroll","background-type":"","background-media":"","overlay-type":"","overlay-color":"","overlay-opacity":"","overlay-gradient":""},"tablet":{"background-color":"","background-image":"","background-repeat":"repeat","background-position":"center center","background-size":"auto","background-attachment":"scroll","background-type":"","background-media":"","overlay-type":"","overlay-color":"","overlay-opacity":"","overlay-gradient":""},"mobile":{"background-color":"","background-image":"","background-repeat":"repeat","background-position":"center center","background-size":"auto","background-attachment":"scroll","background-type":"","background-media":"","overlay-type":"","overlay-color":"","overlay-opacity":"","overlay-gradient":""}},"ast-content-background-meta":{"desktop":{"background-color":"var(--ast-global-color-5)","background-image":"","background-repeat":"repeat","background-position":"center center","background-size":"auto","background-attachment":"scroll","background-type":"","background-media":"","overlay-type":"","overlay-color":"","overlay-opacity":"","overlay-gradient":""},"tablet":{"background-color":"var(--ast-global-color-5)","background-image":"","background-repeat":"repeat","background-position":"center center","background-size":"auto","background-attachment":"scroll","background-type":"","background-media":"","overlay-type":"","overlay-color":"","overlay-opacity":"","overlay-gradient":""},"mobile":{"background-color":"var(--ast-global-color-5)","background-image":"","background-repeat":"repeat","background-position":"center center","background-size":"auto","background-attachment":"scroll","background-type":"","background-media":"","overlay-type":"","overlay-color":"","overlay-opacity":"","overlay-gradient":""}},"footnotes":""},"class_list":["post-2734","page","type-page","status-publish","hentry"],"aioseo_notices":[],"uagb_featured_image_src":{"full":false,"thumbnail":false,"medium":false,"medium_large":false,"large":false,"1536x1536":false,"2048x2048":false},"uagb_author_info":{"display_name":"alicemozkaya@gmail.com","author_link":"https:\/\/zazatour.com\/?author=1"},"uagb_comment_info":0,"uagb_excerpt":"14-Day Tours of Turkey from Istanbul (Istanbul, Gallipoli, Troy, Pergamum, Ephesus, Pamukkale, Antalya, Cappadocia) Day 1 Arrival in Istanbul and transfer to your hotel. Overnight in Istanbul. Note: If your flight is from\/to Sabiha G\u00f6k\u00e7en Airport, there is an extra charge of 30 Euros per car, one way. Day 2 &#8211; Byzantine and Ottoman Relics&hellip;","rttpg_featured_image_url":null,"rttpg_author":{"display_name":"alicemozkaya@gmail.com","author_link":"https:\/\/zazatour.com\/?author=1"},"rttpg_comment":0,"rttpg_category":" <a href=\"https:\/\/zazatour.com\/?lang=en\" rel=\"tag\">English<\/a>","rttpg_excerpt":"14-Day Tours of Turkey from Istanbul (Istanbul, Gallipoli, Troy, Pergamum, Ephesus, Pamukkale, Antalya, Cappadocia) Day 1 Arrival in Istanbul and transfer to your hotel. Overnight in Istanbul. Note: If your flight is from\/to Sabiha G\u00f6k\u00e7en Airport, there is an extra charge of 30 Euros per car, one way. Day 2 &#8211; Byzantine and Ottoman Relics&hellip;","_links":{"self":[{"href":"https:\/\/zazatour.com\/index.php?rest_route=\/wp\/v2\/pages\/2734"}],"collection":[{"href":"https:\/\/zazatour.com\/index.php?rest_route=\/wp\/v2\/pages"}],"about":[{"href":"https:\/\/zazatour.com\/index.php?rest_route=\/wp\/v2\/types\/page"}],"author":[{"embeddable":true,"href":"https:\/\/zazatour.com\/index.php?rest_route=\/wp\/v2\/users\/1"}],"replies":[{"embeddable":true,"href":"https:\/\/zazatour.com\/index.php?rest_route=%2Fwp%2Fv2%2Fcomments&post=2734"}],"version-history":[{"count":4,"href":"https:\/\/zazatour.com\/index.php?rest_route=\/wp\/v2\/pages\/2734\/revisions"}],"predecessor-version":[{"id":2747,"href":"https:\/\/zazatour.com\/index.php?rest_route=\/wp\/v2\/pages\/2734\/revisions\/2747"}],"wp:attachment":[{"href":"https:\/\/zazatour.com\/index.php?rest_route=%2Fwp%2Fv2%2Fmedia&parent=2734"}],"curies":[{"name":"wp","href":"https:\/\/api.w.org\/{rel}","templated":true}]}}