{"id":2801,"date":"2024-12-23T07:45:59","date_gmt":"2024-12-23T07:45:59","guid":{"rendered":"https:\/\/zazatour.com\/?page_id=2801"},"modified":"2024-12-23T07:49:56","modified_gmt":"2024-12-23T07:49:56","slug":"aristo-2-butik-otel","status":"publish","type":"page","link":"https:\/\/zazatour.com\/?page_id=2801","title":{"rendered":"aristo 2 butik otel"},"content":{"rendered":"\t\t<div data-elementor-type=\"wp-page\" data-elementor-id=\"2801\" class=\"elementor elementor-2801\">\n\t\t\t\t<div class=\"elementor-element elementor-element-8de66ef e-flex e-con-boxed e-con e-parent\" data-id=\"8de66ef\" data-element_type=\"container\">\n\t\t\t\t\t<div class=\"e-con-inner\">\n\t\t<div class=\"elementor-element elementor-element-5369c28 e-con-full e-flex e-con e-child\" data-id=\"5369c28\" data-element_type=\"container\">\n\t\t\t\t<div class=\"elementor-element elementor-element-d996200 elementor-widget elementor-widget-image\" data-id=\"d996200\" data-element_type=\"widget\" data-widget_type=\"image.default\">\n\t\t\t\t<div class=\"elementor-widget-container\">\n\t\t\t\t\t\t\t\t\t\t\t\t\t<img fetchpriority=\"high\" decoding=\"async\" width=\"1024\" height=\"771\" src=\"https:\/\/zazatour.com\/wp-content\/uploads\/2024\/12\/WhatsApp-Image-2024-12-21-at-18.57.13-1024x771.jpeg\" class=\"attachment-large size-large wp-image-2793\" alt=\"\" \/>\t\t\t\t\t\t\t\t\t\t\t\t\t<\/div>\n\t\t\t\t<\/div>\n\t\t\t\t<\/div>\n\t\t<div class=\"elementor-element elementor-element-7aa4fde e-con-full e-flex e-con e-child\" data-id=\"7aa4fde\" data-element_type=\"container\">\n\t\t\t\t<div class=\"elementor-element elementor-element-e2c6b08 elementor-widget elementor-widget-image\" data-id=\"e2c6b08\" data-element_type=\"widget\" data-widget_type=\"image.default\">\n\t\t\t\t<div class=\"elementor-widget-container\">\n\t\t\t\t\t\t\t\t\t\t\t\t\t<img decoding=\"async\" width=\"768\" height=\"1024\" src=\"https:\/\/zazatour.com\/wp-content\/uploads\/2024\/12\/WhatsApp-Image-2024-12-21-at-18.57.12-3-768x1024.jpeg\" class=\"attachment-large size-large wp-image-2790\" alt=\"\" \/>\t\t\t\t\t\t\t\t\t\t\t\t\t<\/div>\n\t\t\t\t<\/div>\n\t\t\t\t<\/div>\n\t\t<div class=\"elementor-element elementor-element-19ebeb0 e-con-full e-flex e-con e-child\" data-id=\"19ebeb0\" data-element_type=\"container\">\n\t\t\t\t<div class=\"elementor-element elementor-element-00e1c9f elementor-widget elementor-widget-image\" data-id=\"00e1c9f\" data-element_type=\"widget\" data-widget_type=\"image.default\">\n\t\t\t\t<div class=\"elementor-widget-container\">\n\t\t\t\t\t\t\t\t\t\t\t\t\t<img decoding=\"async\" width=\"1024\" height=\"768\" src=\"https:\/\/zazatour.com\/wp-content\/uploads\/2024\/12\/WhatsApp-Image-2024-12-21-at-18.57.09-2-1024x768.jpeg\" class=\"attachment-large size-large wp-image-2782\" alt=\"\" \/>\t\t\t\t\t\t\t\t\t\t\t\t\t<\/div>\n\t\t\t\t<\/div>\n\t\t\t\t<\/div>\n\t\t<div class=\"elementor-element elementor-element-4d32cea e-con-full e-flex e-con e-child\" data-id=\"4d32cea\" data-element_type=\"container\">\n\t\t\t\t<div class=\"elementor-element elementor-element-4c6e5e0 elementor-widget elementor-widget-image\" data-id=\"4c6e5e0\" data-element_type=\"widget\" data-widget_type=\"image.default\">\n\t\t\t\t<div class=\"elementor-widget-container\">\n\t\t\t\t\t\t\t\t\t\t\t\t\t<img loading=\"lazy\" decoding=\"async\" width=\"1024\" height=\"768\" src=\"https:\/\/zazatour.com\/wp-content\/uploads\/2024\/12\/WhatsApp-Image-2024-12-21-at-18.57.10-2-1024x768.jpeg\" class=\"attachment-large size-large wp-image-2785\" alt=\"\" \/>\t\t\t\t\t\t\t\t\t\t\t\t\t<\/div>\n\t\t\t\t<\/div>\n\t\t\t\t<\/div>\n\t\t\t\t\t<\/div>\n\t\t\t\t<\/div>\n\t\t<div class=\"elementor-element elementor-element-df0dc01 e-flex e-con-boxed e-con e-parent\" data-id=\"df0dc01\" data-element_type=\"container\">\n\t\t\t\t\t<div class=\"e-con-inner\">\n\t\t\t\t<div class=\"elementor-element elementor-element-4c12081 elementor-widget elementor-widget-text-editor\" data-id=\"4c12081\" data-element_type=\"widget\" data-widget_type=\"text-editor.default\">\n\t\t\t\t<div class=\"elementor-widget-container\">\n\t\t\t\t\t\t\t<p>Modern tasar\u0131m\u0131 ve \u00f6zenle dekore edilmi\u015f odalar\u0131yla dikkat \u00e7eken otel, misafirlerine keyifli bir konaklama sunmay\u0131 ama\u00e7l\u0131yor. Otelin \u00f6ne \u00e7\u0131kan \u00f6zelliklerinden biri, konuklar\u0131n\u0131n ihtiya\u00e7lar\u0131na \u00f6zel olarak tasarlanm\u0131\u015f odalar\u0131d\u0131r. Her detay\u0131n d\u00fc\u015f\u00fcn\u00fcld\u00fc\u011f\u00fc bu odalarda konuklar, hem rahat hem de \u015f\u0131k bir ortamda dinlenme imkan\u0131 buluyor. Ayr\u0131ca, otelde g\u00fcne ba\u015flaman\u0131z i\u00e7in lezzetli kahvalt\u0131 se\u00e7enekleri sunulmaktad\u0131r.<\/p><p>\u00a0<\/p><p>Kaliteli hizmet anlay\u0131\u015f\u0131yla i\u015fletilen Aristo Butik Otel, profesyonel ve g\u00fcler y\u00fczl\u00fc ekibiyle konuklar\u0131n\u0131n memnuniyetini her zaman \u00f6n planda tutmaktad\u0131r. \u00c7evre dostu yakla\u015f\u0131m\u0131yla da dikkat \u00e7eken tesis, do\u011fal kaynaklar\u0131 koruma ve s\u00fcrd\u00fcr\u00fclebilirlik ilkeleri do\u011frultusunda faaliyet g\u00f6stermektedir.<\/p><p>\u00a0<\/p><p>Didim\u2019in cazibe noktalar\u0131na kolay ula\u015f\u0131m sa\u011flayan merkezi konumu, Aristo Butik Otel\u2019i hem i\u015f hem de tatil ama\u00e7l\u0131 seyahat edenler i\u00e7in ideal bir konaklama noktas\u0131 haline getiriyor. Hem konfor hem de kalite arayanlar i\u00e7in unutulmaz bir konaklama deneyimi sunan otel, misafirlerinin beklentilerini kar\u015f\u0131laman\u0131n \u00f6tesine ge\u00e7iyor.<\/p>\t\t\t\t\t\t<\/div>\n\t\t\t\t<\/div>\n\t\t\t\t\t<\/div>\n\t\t\t\t<\/div>\n\t\t<div class=\"elementor-element elementor-element-8ef4e48 e-flex e-con-boxed e-con e-parent\" data-id=\"8ef4e48\" data-element_type=\"container\">\n\t\t\t\t\t<div class=\"e-con-inner\">\n\t\t\t\t<div class=\"elementor-element elementor-element-26310a5 elementor-widget elementor-widget-image\" data-id=\"26310a5\" data-element_type=\"widget\" data-widget_type=\"image.default\">\n\t\t\t\t<div class=\"elementor-widget-container\">\n\t\t\t\t\t\t\t\t\t\t\t\t\t<img loading=\"lazy\" decoding=\"async\" width=\"849\" height=\"386\" src=\"https:\/\/zazatour.com\/wp-content\/uploads\/2024\/11\/CONTACT-US-1.png\" class=\"attachment-large size-large wp-image-2028\" alt=\"\" \/>\t\t\t\t\t\t\t\t\t\t\t\t\t<\/div>\n\t\t\t\t<\/div>\n\t\t\t\t\t<\/div>\n\t\t\t\t<\/div>\n\t\t\t\t<\/div>\n\t\t","protected":false},"excerpt":{"rendered":"<p>Modern tasar\u0131m\u0131 ve \u00f6zenle dekore edilmi\u015f odalar\u0131yla dikkat \u00e7eken otel, misafirlerine keyifli bir konaklama sunmay\u0131 ama\u00e7l\u0131yor. Otelin \u00f6ne \u00e7\u0131kan \u00f6zelliklerinden biri, konuklar\u0131n\u0131n ihtiya\u00e7lar\u0131na \u00f6zel olarak tasarlanm\u0131\u015f odalar\u0131d\u0131r. Her detay\u0131n d\u00fc\u015f\u00fcn\u00fcld\u00fc\u011f\u00fc bu odalarda konuklar, hem rahat hem de \u015f\u0131k bir ortamda dinlenme imkan\u0131 buluyor. Ayr\u0131ca, otelde g\u00fcne ba\u015flaman\u0131z i\u00e7in lezzetli kahvalt\u0131 se\u00e7enekleri sunulmaktad\u0131r. \u00a0 Kaliteli hizmet [&hellip;]<\/p>\n","protected":false},"author":1,"featured_media":0,"parent":0,"menu_order":0,"comment_status":"closed","ping_status":"closed","template":"","meta":{"_uag_custom_page_level_css":"","site-sidebar-layout":"no-sidebar","site-content-layout":"page-builder","ast-site-content-layout":"full-width-container","site-content-style":"default","site-sidebar-style":"default","ast-global-header-display":"","ast-banner-title-visibility":"","ast-main-header-display":"","ast-hfb-above-header-display":"","ast-hfb-below-header-display":"","ast-hfb-mobile-header-display":"","site-post-title":"disabled","ast-breadcrumbs-content":"","ast-featured-img":"disabled","footer-sml-layout":"","theme-transparent-header-meta":"","adv-header-id-meta":"","stick-header-meta":"","header-above-stick-meta":"","header-main-stick-meta":"","header-below-stick-meta":"","astra-migrate-meta-layouts":"set","ast-page-background-enabled":"default","ast-page-background-meta":{"desktop":{"background-color":"var(--ast-global-color-4)","background-image":"","background-repeat":"repeat","background-position":"center center","background-size":"auto","background-attachment":"scroll","background-type":"","background-media":"","overlay-type":"","overlay-color":"","overlay-opacity":"","overlay-gradient":""},"tablet":{"background-color":"","background-image":"","background-repeat":"repeat","background-position":"center center","background-size":"auto","background-attachment":"scroll","background-type":"","background-media":"","overlay-type":"","overlay-color":"","overlay-opacity":"","overlay-gradient":""},"mobile":{"background-color":"","background-image":"","background-repeat":"repeat","background-position":"center center","background-size":"auto","background-attachment":"scroll","background-type":"","background-media":"","overlay-type":"","overlay-color":"","overlay-opacity":"","overlay-gradient":""}},"ast-content-background-meta":{"desktop":{"background-color":"var(--ast-global-color-5)","background-image":"","background-repeat":"repeat","background-position":"center center","background-size":"auto","background-attachment":"scroll","background-type":"","background-media":"","overlay-type":"","overlay-color":"","overlay-opacity":"","overlay-gradient":""},"tablet":{"background-color":"var(--ast-global-color-5)","background-image":"","background-repeat":"repeat","background-position":"center center","background-size":"auto","background-attachment":"scroll","background-type":"","background-media":"","overlay-type":"","overlay-color":"","overlay-opacity":"","overlay-gradient":""},"mobile":{"background-color":"var(--ast-global-color-5)","background-image":"","background-repeat":"repeat","background-position":"center center","background-size":"auto","background-attachment":"scroll","background-type":"","background-media":"","overlay-type":"","overlay-color":"","overlay-opacity":"","overlay-gradient":""}},"footnotes":""},"class_list":["post-2801","page","type-page","status-publish","hentry"],"aioseo_notices":[],"uagb_featured_image_src":{"full":false,"thumbnail":false,"medium":false,"medium_large":false,"large":false,"1536x1536":false,"2048x2048":false},"uagb_author_info":{"display_name":"alicemozkaya@gmail.com","author_link":"https:\/\/zazatour.com\/?author=1"},"uagb_comment_info":0,"uagb_excerpt":"Modern tasar\u0131m\u0131 ve \u00f6zenle dekore edilmi\u015f odalar\u0131yla dikkat \u00e7eken otel, misafirlerine keyifli bir konaklama sunmay\u0131 ama\u00e7l\u0131yor. Otelin \u00f6ne \u00e7\u0131kan \u00f6zelliklerinden biri, konuklar\u0131n\u0131n ihtiya\u00e7lar\u0131na \u00f6zel olarak tasarlanm\u0131\u015f odalar\u0131d\u0131r. Her detay\u0131n d\u00fc\u015f\u00fcn\u00fcld\u00fc\u011f\u00fc bu odalarda konuklar, hem rahat hem de \u015f\u0131k bir ortamda dinlenme imkan\u0131 buluyor. Ayr\u0131ca, otelde g\u00fcne ba\u015flaman\u0131z i\u00e7in lezzetli kahvalt\u0131 se\u00e7enekleri sunulmaktad\u0131r. \u00a0 Kaliteli hizmet&hellip;","rttpg_featured_image_url":null,"rttpg_author":{"display_name":"alicemozkaya@gmail.com","author_link":"https:\/\/zazatour.com\/?author=1"},"rttpg_comment":0,"rttpg_category":" <a href=\"https:\/\/zazatour.com\/\" rel=\"tag\">T\u00fcrk\u00e7e<\/a>","rttpg_excerpt":"Modern tasar\u0131m\u0131 ve \u00f6zenle dekore edilmi\u015f odalar\u0131yla dikkat \u00e7eken otel, misafirlerine keyifli bir konaklama sunmay\u0131 ama\u00e7l\u0131yor. Otelin \u00f6ne \u00e7\u0131kan \u00f6zelliklerinden biri, konuklar\u0131n\u0131n ihtiya\u00e7lar\u0131na \u00f6zel olarak tasarlanm\u0131\u015f odalar\u0131d\u0131r. Her detay\u0131n d\u00fc\u015f\u00fcn\u00fcld\u00fc\u011f\u00fc bu odalarda konuklar, hem rahat hem de \u015f\u0131k bir ortamda dinlenme imkan\u0131 buluyor. Ayr\u0131ca, otelde g\u00fcne ba\u015flaman\u0131z i\u00e7in lezzetli kahvalt\u0131 se\u00e7enekleri sunulmaktad\u0131r. \u00a0 Kaliteli hizmet&hellip;","_links":{"self":[{"href":"https:\/\/zazatour.com\/index.php?rest_route=\/wp\/v2\/pages\/2801"}],"collection":[{"href":"https:\/\/zazatour.com\/index.php?rest_route=\/wp\/v2\/pages"}],"about":[{"href":"https:\/\/zazatour.com\/index.php?rest_route=\/wp\/v2\/types\/page"}],"author":[{"embeddable":true,"href":"https:\/\/zazatour.com\/index.php?rest_route=\/wp\/v2\/users\/1"}],"replies":[{"embeddable":true,"href":"https:\/\/zazatour.com\/index.php?rest_route=%2Fwp%2Fv2%2Fcomments&post=2801"}],"version-history":[{"count":4,"href":"https:\/\/zazatour.com\/index.php?rest_route=\/wp\/v2\/pages\/2801\/revisions"}],"predecessor-version":[{"id":2808,"href":"https:\/\/zazatour.com\/index.php?rest_route=\/wp\/v2\/pages\/2801\/revisions\/2808"}],"wp:attachment":[{"href":"https:\/\/zazatour.com\/index.php?rest_route=%2Fwp%2Fv2%2Fmedia&parent=2801"}],"curies":[{"name":"wp","href":"https:\/\/api.w.org\/{rel}","templated":true}]}}