{"id":871,"date":"2024-11-02T15:57:06","date_gmt":"2024-11-02T15:57:06","guid":{"rendered":"https:\/\/zazatour.com\/?page_id=871"},"modified":"2024-11-17T21:15:29","modified_gmt":"2024-11-17T21:15:29","slug":"about-us","status":"publish","type":"page","link":"https:\/\/zazatour.com\/?page_id=871","title":{"rendered":"about us"},"content":{"rendered":"\t\t<div data-elementor-type=\"wp-page\" data-elementor-id=\"871\" class=\"elementor elementor-871\">\n\t\t\t\t<div class=\"elementor-element elementor-element-b6968d5 e-con-full e-flex e-con e-parent\" data-id=\"b6968d5\" data-element_type=\"container\" data-settings=\"{&quot;background_background&quot;:&quot;classic&quot;}\">\n\t\t<div class=\"elementor-element elementor-element-c3279f8 e-con-full e-flex e-con e-child\" data-id=\"c3279f8\" data-element_type=\"container\" data-settings=\"{&quot;background_background&quot;:&quot;classic&quot;}\">\n\t\t<div class=\"elementor-element elementor-element-4b5ef2f e-con-full e-flex e-con e-child\" data-id=\"4b5ef2f\" data-element_type=\"container\" data-settings=\"{&quot;background_background&quot;:&quot;classic&quot;}\">\n\t\t\t\t<div class=\"elementor-element elementor-element-5707291 elementor-widget elementor-widget-heading\" data-id=\"5707291\" data-element_type=\"widget\" data-widget_type=\"heading.default\">\n\t\t\t\t<div class=\"elementor-widget-container\">\n\t\t\t<h2 class=\"elementor-heading-title elementor-size-default\">Ki\u015fiye \u00d6zel Tatil Deneyimi ve Uzman Hizmet<\/h2>\t\t<\/div>\n\t\t\t\t<\/div>\n\t\t\t\t<div class=\"elementor-element elementor-element-29fdcfc elementor-widget elementor-widget-text-editor\" data-id=\"29fdcfc\" data-element_type=\"widget\" data-widget_type=\"text-editor.default\">\n\t\t\t\t<div class=\"elementor-widget-container\">\n\t\t\t\t\t\t\t<p>2004 y\u0131l\u0131ndan bu yana turizm sekt\u00f6r\u00fcnde faaliyet g\u00f6steren Zaza Turizm, Didim\u2019deki ofisinde profesyonel bir hizmet anlay\u0131\u015f\u0131yla tatil planlaman\u0131z\u0131n her a\u015famas\u0131nda yan\u0131n\u0131zda.Y\u0131llar\u0131n bilgi birikimini yenilik\u00e7i ve ki\u015fiye \u00f6zel hizmet yakla\u015f\u0131m\u0131yla bulu\u015fturarak, unutulmaz tatil deneyimleri sunuyoruz.<\/p>\t\t\t\t\t\t<\/div>\n\t\t\t\t<\/div>\n\t\t\t\t<\/div>\n\t\t\t\t<\/div>\n\t\t\t\t<\/div>\n\t\t<div class=\"elementor-element elementor-element-9b04185 e-flex e-con-boxed e-con e-parent\" data-id=\"9b04185\" data-element_type=\"container\">\n\t\t\t\t\t<div class=\"e-con-inner\">\n\t\t<div class=\"elementor-element elementor-element-6351277 e-con-full e-flex e-con e-child\" data-id=\"6351277\" data-element_type=\"container\">\n\t\t<div class=\"elementor-element elementor-element-4312667 e-con-full e-flex e-con e-child\" data-id=\"4312667\" data-element_type=\"container\">\n\t\t\t\t<div class=\"elementor-element elementor-element-19f1563 elementor-widget elementor-widget-image\" data-id=\"19f1563\" data-element_type=\"widget\" data-widget_type=\"image.default\">\n\t\t\t\t<div class=\"elementor-widget-container\">\n\t\t\t\t\t\t\t\t\t\t\t\t\t<img fetchpriority=\"high\" decoding=\"async\" width=\"1024\" height=\"683\" src=\"https:\/\/zazatour.com\/wp-content\/uploads\/2024\/11\/pexels-photo-8828584-8828584-1024x683.jpg\" class=\"attachment-large size-large wp-image-976\" alt=\"Close-up og Pins in a World Map\" \/>\t\t\t\t\t\t\t\t\t\t\t\t\t<\/div>\n\t\t\t\t<\/div>\n\t\t\t\t<\/div>\n\t\t<div class=\"elementor-element elementor-element-f879dad e-con-full e-flex e-con e-child\" data-id=\"f879dad\" data-element_type=\"container\">\n\t\t\t\t<div class=\"elementor-element elementor-element-2483728 elementor-widget elementor-widget-text-editor\" data-id=\"2483728\" data-element_type=\"widget\" data-widget_type=\"text-editor.default\">\n\t\t\t\t<div class=\"elementor-widget-container\">\n\t\t\t\t\t\t\t<p class=\"MsoNormal\" style=\"text-align: justify;\"><span style=\"font-size: 12.0pt; line-height: 115%;\">Ge\u00e7mi\u015ften gelen tecr\u00fcbemiz ve sekt\u00f6re olan hakimiyetimizle, tatil ihtiya\u00e7lar\u0131n\u0131za en uygun \u00e7\u00f6z\u00fcmleri sa\u011fl\u0131yoruz. Web sitemiz, sosyal medya hesaplar\u0131m\u0131z ve t\u00fcm ileti\u015fim kanallar\u0131m\u0131z, sorular\u0131n\u0131za yan\u0131t bulman\u0131z ve tatilinizi kolayca planlaman\u0131z i\u00e7in her zaman hizmetinizde.<\/span><\/p><p>\u00a0<\/p><p class=\"MsoNormal\" style=\"text-align: justify;\"><span style=\"font-size: 12.0pt; line-height: 115%;\">Her b\u00fct\u00e7eye ve tarza hitap eden &#8220;Ki\u015fiye \u00d6zel&#8221; tatil paketlerimiz; butik otellerden l\u00fcks konaklamalara kadar geni\u015f bir se\u00e7enek sunuyor. T\u00fcrkiye\u2019nin d\u00f6rt bir yan\u0131na d\u00fczenledi\u011fimiz esnek ve \u00f6zelle\u015ftirilebilir turlar sayesinde, seyahatinizi kendi h\u0131z\u0131n\u0131za ve isteklerinize g\u00f6re \u015fekillendirebilirsiniz.<\/span><\/p>\t\t\t\t\t\t<\/div>\n\t\t\t\t<\/div>\n\t\t\t\t<\/div>\n\t\t\t\t<\/div>\n\t\t<div class=\"elementor-element elementor-element-3eda571 e-con-full e-flex e-con e-child\" data-id=\"3eda571\" data-element_type=\"container\">\n\t\t<div class=\"elementor-element elementor-element-b47709c e-con-full e-flex e-con e-child\" data-id=\"b47709c\" data-element_type=\"container\">\n\t\t\t\t<div class=\"elementor-element elementor-element-387cea2 elementor-widget elementor-widget-image\" data-id=\"387cea2\" data-element_type=\"widget\" data-widget_type=\"image.default\">\n\t\t\t\t<div class=\"elementor-widget-container\">\n\t\t\t\t\t\t\t\t\t\t\t\t\t<img decoding=\"async\" width=\"1024\" height=\"683\" src=\"https:\/\/zazatour.com\/wp-content\/uploads\/2024\/11\/pexels-photo-17455626-17455626-1024x683.jpg\" class=\"attachment-large size-large wp-image-977\" alt=\"White Upholstery of a Luxury Van\" \/>\t\t\t\t\t\t\t\t\t\t\t\t\t<\/div>\n\t\t\t\t<\/div>\n\t\t\t\t<\/div>\n\t\t<div class=\"elementor-element elementor-element-f551a3b e-con-full e-flex e-con e-child\" data-id=\"f551a3b\" data-element_type=\"container\">\n\t\t\t\t<div class=\"elementor-element elementor-element-0edcc68 elementor-widget elementor-widget-text-editor\" data-id=\"0edcc68\" data-element_type=\"widget\" data-widget_type=\"text-editor.default\">\n\t\t\t\t<div class=\"elementor-widget-container\">\n\t\t\t\t\t\t\t<p class=\"MsoNormal\" style=\"text-align: justify;\"><span style=\"font-size: 12.0pt; line-height: 115%;\">Zaza Turizm, y\u0131llar\u0131n kazand\u0131rd\u0131\u011f\u0131 sekt\u00f6rel deneyimi ve m\u00fc\u015fteri memnuniyetini \u00f6n planda tutan yakla\u015f\u0131m\u0131yla sekt\u00f6rde fark yarat\u0131yor. Ekibimizin profesyonelli\u011fi ve g\u00fcvenilir hizmet anlay\u0131\u015f\u0131, her a\u015famada kendini hissettiriyor.<\/span><\/p><p>\u00a0<\/p><p class=\"MsoNormal\" style=\"text-align: justify;\"><span style=\"font-size: 12.0pt; line-height: 115%;\">Hayalinizdeki tatili ger\u00e7e\u011fe d\u00f6n\u00fc\u015ft\u00fcrmek i\u00e7in do\u011fru yerdesiniz. T\u00fcrkiye\u2019ye ayak bast\u0131\u011f\u0131n\u0131z andan itibaren Zaza Turizm fark\u0131n\u0131 hissedeceksiniz. Didim\u2019deki ofisimizi ziyaret edin ve birlikte e\u015fsiz bir tatilin kap\u0131lar\u0131n\u0131 aralayal\u0131m.<\/span><\/p>\t\t\t\t\t\t<\/div>\n\t\t\t\t<\/div>\n\t\t\t\t<\/div>\n\t\t\t\t<\/div>\n\t\t\t\t\t<\/div>\n\t\t\t\t<\/div>\n\t\t\t\t<\/div>\n\t\t","protected":false},"excerpt":{"rendered":"<p>Ki\u015fiye \u00d6zel Tatil Deneyimi ve Uzman Hizmet 2004 y\u0131l\u0131ndan bu yana turizm sekt\u00f6r\u00fcnde faaliyet g\u00f6steren Zaza Turizm, Didim\u2019deki ofisinde profesyonel bir hizmet anlay\u0131\u015f\u0131yla tatil planlaman\u0131z\u0131n her a\u015famas\u0131nda yan\u0131n\u0131zda.Y\u0131llar\u0131n bilgi birikimini yenilik\u00e7i ve ki\u015fiye \u00f6zel hizmet yakla\u015f\u0131m\u0131yla bulu\u015fturarak, unutulmaz tatil deneyimleri sunuyoruz. Ge\u00e7mi\u015ften gelen tecr\u00fcbemiz ve sekt\u00f6re olan hakimiyetimizle, tatil ihtiya\u00e7lar\u0131n\u0131za en uygun \u00e7\u00f6z\u00fcmleri sa\u011fl\u0131yoruz. Web [&hellip;]<\/p>\n","protected":false},"author":1,"featured_media":0,"parent":0,"menu_order":0,"comment_status":"closed","ping_status":"closed","template":"","meta":{"_uag_custom_page_level_css":"","site-sidebar-layout":"no-sidebar","site-content-layout":"page-builder","ast-site-content-layout":"full-width-container","site-content-style":"default","site-sidebar-style":"default","ast-global-header-display":"","ast-banner-title-visibility":"","ast-main-header-display":"","ast-hfb-above-header-display":"","ast-hfb-below-header-display":"","ast-hfb-mobile-header-display":"","site-post-title":"disabled","ast-breadcrumbs-content":"","ast-featured-img":"disabled","footer-sml-layout":"","theme-transparent-header-meta":"","adv-header-id-meta":"","stick-header-meta":"","header-above-stick-meta":"","header-main-stick-meta":"","header-below-stick-meta":"","astra-migrate-meta-layouts":"set","ast-page-background-enabled":"default","ast-page-background-meta":{"desktop":{"background-color":"var(--ast-global-color-4)","background-image":"","background-repeat":"repeat","background-position":"center center","background-size":"auto","background-attachment":"scroll","background-type":"","background-media":"","overlay-type":"","overlay-color":"","overlay-opacity":"","overlay-gradient":""},"tablet":{"background-color":"","background-image":"","background-repeat":"repeat","background-position":"center center","background-size":"auto","background-attachment":"scroll","background-type":"","background-media":"","overlay-type":"","overlay-color":"","overlay-opacity":"","overlay-gradient":""},"mobile":{"background-color":"","background-image":"","background-repeat":"repeat","background-position":"center center","background-size":"auto","background-attachment":"scroll","background-type":"","background-media":"","overlay-type":"","overlay-color":"","overlay-opacity":"","overlay-gradient":""}},"ast-content-background-meta":{"desktop":{"background-color":"var(--ast-global-color-5)","background-image":"","background-repeat":"repeat","background-position":"center center","background-size":"auto","background-attachment":"scroll","background-type":"","background-media":"","overlay-type":"","overlay-color":"","overlay-opacity":"","overlay-gradient":""},"tablet":{"background-color":"var(--ast-global-color-5)","background-image":"","background-repeat":"repeat","background-position":"center center","background-size":"auto","background-attachment":"scroll","background-type":"","background-media":"","overlay-type":"","overlay-color":"","overlay-opacity":"","overlay-gradient":""},"mobile":{"background-color":"var(--ast-global-color-5)","background-image":"","background-repeat":"repeat","background-position":"center center","background-size":"auto","background-attachment":"scroll","background-type":"","background-media":"","overlay-type":"","overlay-color":"","overlay-opacity":"","overlay-gradient":""}},"footnotes":""},"class_list":["post-871","page","type-page","status-publish","hentry"],"aioseo_notices":[],"uagb_featured_image_src":{"full":false,"thumbnail":false,"medium":false,"medium_large":false,"large":false,"1536x1536":false,"2048x2048":false},"uagb_author_info":{"display_name":"alicemozkaya@gmail.com","author_link":"https:\/\/zazatour.com\/?author=1"},"uagb_comment_info":0,"uagb_excerpt":"Ki\u015fiye \u00d6zel Tatil Deneyimi ve Uzman Hizmet 2004 y\u0131l\u0131ndan bu yana turizm sekt\u00f6r\u00fcnde faaliyet g\u00f6steren Zaza Turizm, Didim\u2019deki ofisinde profesyonel bir hizmet anlay\u0131\u015f\u0131yla tatil planlaman\u0131z\u0131n her a\u015famas\u0131nda yan\u0131n\u0131zda.Y\u0131llar\u0131n bilgi birikimini yenilik\u00e7i ve ki\u015fiye \u00f6zel hizmet yakla\u015f\u0131m\u0131yla bulu\u015fturarak, unutulmaz tatil deneyimleri sunuyoruz. Ge\u00e7mi\u015ften gelen tecr\u00fcbemiz ve sekt\u00f6re olan hakimiyetimizle, tatil ihtiya\u00e7lar\u0131n\u0131za en uygun \u00e7\u00f6z\u00fcmleri sa\u011fl\u0131yoruz. Web&hellip;","rttpg_featured_image_url":null,"rttpg_author":{"display_name":"alicemozkaya@gmail.com","author_link":"https:\/\/zazatour.com\/?author=1"},"rttpg_comment":0,"rttpg_category":" <a href=\"https:\/\/zazatour.com\/\" rel=\"tag\">T\u00fcrk\u00e7e<\/a>","rttpg_excerpt":"Ki\u015fiye \u00d6zel Tatil Deneyimi ve Uzman Hizmet 2004 y\u0131l\u0131ndan bu yana turizm sekt\u00f6r\u00fcnde faaliyet g\u00f6steren Zaza Turizm, Didim\u2019deki ofisinde profesyonel bir hizmet anlay\u0131\u015f\u0131yla tatil planlaman\u0131z\u0131n her a\u015famas\u0131nda yan\u0131n\u0131zda.Y\u0131llar\u0131n bilgi birikimini yenilik\u00e7i ve ki\u015fiye \u00f6zel hizmet yakla\u015f\u0131m\u0131yla bulu\u015fturarak, unutulmaz tatil deneyimleri sunuyoruz. Ge\u00e7mi\u015ften gelen tecr\u00fcbemiz ve sekt\u00f6re olan hakimiyetimizle, tatil ihtiya\u00e7lar\u0131n\u0131za en uygun \u00e7\u00f6z\u00fcmleri sa\u011fl\u0131yoruz. Web&hellip;","_links":{"self":[{"href":"https:\/\/zazatour.com\/index.php?rest_route=\/wp\/v2\/pages\/871"}],"collection":[{"href":"https:\/\/zazatour.com\/index.php?rest_route=\/wp\/v2\/pages"}],"about":[{"href":"https:\/\/zazatour.com\/index.php?rest_route=\/wp\/v2\/types\/page"}],"author":[{"embeddable":true,"href":"https:\/\/zazatour.com\/index.php?rest_route=\/wp\/v2\/users\/1"}],"replies":[{"embeddable":true,"href":"https:\/\/zazatour.com\/index.php?rest_route=%2Fwp%2Fv2%2Fcomments&post=871"}],"version-history":[{"count":28,"href":"https:\/\/zazatour.com\/index.php?rest_route=\/wp\/v2\/pages\/871\/revisions"}],"predecessor-version":[{"id":1637,"href":"https:\/\/zazatour.com\/index.php?rest_route=\/wp\/v2\/pages\/871\/revisions\/1637"}],"wp:attachment":[{"href":"https:\/\/zazatour.com\/index.php?rest_route=%2Fwp%2Fv2%2Fmedia&parent=871"}],"curies":[{"name":"wp","href":"https:\/\/api.w.org\/{rel}","templated":true}]}}