{"id":884,"date":"2024-11-02T15:59:33","date_gmt":"2024-11-02T15:59:33","guid":{"rendered":"https:\/\/zazatour.com\/?page_id=884"},"modified":"2024-12-03T11:36:44","modified_gmt":"2024-12-03T11:36:44","slug":"services","status":"publish","type":"page","link":"https:\/\/zazatour.com\/?page_id=884","title":{"rendered":"services"},"content":{"rendered":"\t\t<div data-elementor-type=\"wp-page\" data-elementor-id=\"884\" class=\"elementor elementor-884\">\n\t\t\t\t<div class=\"elementor-element elementor-element-50b690e e-con-full e-flex e-con e-parent\" data-id=\"50b690e\" data-element_type=\"container\" data-settings=\"{&quot;background_background&quot;:&quot;classic&quot;}\">\n\t\t<div class=\"elementor-element elementor-element-1ebfb8c e-flex e-con-boxed e-con e-child\" data-id=\"1ebfb8c\" data-element_type=\"container\">\n\t\t\t\t\t<div class=\"e-con-inner\">\n\t\t\t\t<div class=\"elementor-element elementor-element-de0112a elementor-widget elementor-widget-heading\" data-id=\"de0112a\" data-element_type=\"widget\" data-widget_type=\"heading.default\">\n\t\t\t\t<div class=\"elementor-widget-container\">\n\t\t\t<h2 class=\"elementor-heading-title elementor-size-default\"><a href=\"https:\/\/zazatour.com\/?page_id=1072\">G\u00fcnl\u00fck Turlar<span style=\"background-color: var(--ast-global-color-5);font-family: var( --e-global-typography-primary-font-family ), Sans-serif;font-size: 2.41176rem;font-style: inherit;font-weight: var( --e-global-typography-primary-font-weight );text-align: var(--text-align)\"><\/span><\/a><\/h2>\t\t<\/div>\n\t\t\t\t<\/div>\n\t\t\t\t<div class=\"elementor-element elementor-element-a4a06ec elementor-widget elementor-widget-text-editor\" data-id=\"a4a06ec\" data-element_type=\"widget\" data-widget_type=\"text-editor.default\">\n\t\t\t\t<div class=\"elementor-widget-container\">\n\t\t\t\t\t\t\t<p>B\u00f6lgenin en g\u00fczel yerlerini ke\u015ffetmek i\u00e7in rehberli g\u00fcnl\u00fck tur se\u00e7eneklerimizle yan\u0131n\u0131zday\u0131z.<\/p>\t\t\t\t\t\t<\/div>\n\t\t\t\t<\/div>\n\t\t\t\t\t<\/div>\n\t\t\t\t<\/div>\n\t\t<div class=\"elementor-element elementor-element-7217680 e-flex e-con-boxed e-con e-child\" data-id=\"7217680\" data-element_type=\"container\">\n\t\t\t\t\t<div class=\"e-con-inner\">\n\t\t\t\t<div class=\"elementor-element elementor-element-02e3f96 elementor-widget elementor-widget-heading\" data-id=\"02e3f96\" data-element_type=\"widget\" data-widget_type=\"heading.default\">\n\t\t\t\t<div class=\"elementor-widget-container\">\n\t\t\t<h2 class=\"elementor-heading-title elementor-size-default\"><a href=\"https:\/\/zazatour.com\/?page_id=1077\">Paket Turlar<\/a><\/h2>\t\t<\/div>\n\t\t\t\t<\/div>\n\t\t\t\t<div class=\"elementor-element elementor-element-c6dc4fd elementor-widget elementor-widget-text-editor\" data-id=\"c6dc4fd\" data-element_type=\"widget\" data-widget_type=\"text-editor.default\">\n\t\t\t\t<div class=\"elementor-widget-container\">\n\t\t\t\t\t\t\t<p>Ula\u015f\u0131m, konaklama ve gezileri i\u00e7eren avantajl\u0131 paket turlar\u0131m\u0131zla keyifli bir tatil deneyimi ya\u015fay\u0131n.<\/p>\t\t\t\t\t\t<\/div>\n\t\t\t\t<\/div>\n\t\t\t\t\t<\/div>\n\t\t\t\t<\/div>\n\t\t\t\t<\/div>\n\t\t<div class=\"elementor-element elementor-element-28c8fc5 e-flex e-con-boxed e-con e-parent\" data-id=\"28c8fc5\" data-element_type=\"container\">\n\t\t\t\t\t<div class=\"e-con-inner\">\n\t\t\t\t<div class=\"elementor-element elementor-element-760e69d elementor-widget elementor-widget-heading\" data-id=\"760e69d\" data-element_type=\"widget\" data-widget_type=\"heading.default\">\n\t\t\t\t<div class=\"elementor-widget-container\">\n\t\t\t<h2 class=\"elementor-heading-title elementor-size-default\"><a href=\"https:\/\/zazatour.com\/?page_id=2146\">U\u00e7ak Bileti<\/a><\/h2>\t\t<\/div>\n\t\t\t\t<\/div>\n\t\t\t\t<div class=\"elementor-element elementor-element-384b1a7 elementor-widget elementor-widget-text-editor\" data-id=\"384b1a7\" data-element_type=\"widget\" data-widget_type=\"text-editor.default\">\n\t\t\t\t<div class=\"elementor-widget-container\">\n\t\t\t\t\t\t\t<p>En uygun u\u00e7ak bileti se\u00e7enekleriyle seyahatinizi h\u0131zl\u0131 ve kolayca planlay\u0131n.<\/p>\t\t\t\t\t\t<\/div>\n\t\t\t\t<\/div>\n\t\t\t\t\t<\/div>\n\t\t\t\t<\/div>\n\t\t<div class=\"elementor-element elementor-element-efdde5b e-flex e-con-boxed e-con e-parent\" data-id=\"efdde5b\" data-element_type=\"container\" data-settings=\"{&quot;background_background&quot;:&quot;classic&quot;}\">\n\t\t\t\t\t<div class=\"e-con-inner\">\n\t\t<div class=\"elementor-element elementor-element-4d345f3 e-con-full e-flex e-con e-child\" data-id=\"4d345f3\" data-element_type=\"container\">\n\t\t\t\t<div class=\"elementor-element elementor-element-bb46d17 elementor-widget elementor-widget-heading\" data-id=\"bb46d17\" data-element_type=\"widget\" data-widget_type=\"heading.default\">\n\t\t\t\t<div class=\"elementor-widget-container\">\n\t\t\t<h2 class=\"elementor-heading-title elementor-size-default\"><a href=\"https:\/\/zazatour.com\/?page_id=1831\">Otel Rezervasyon<\/a><\/h2>\t\t<\/div>\n\t\t\t\t<\/div>\n\t\t\t\t<div class=\"elementor-element elementor-element-456f86d elementor-widget elementor-widget-text-editor\" data-id=\"456f86d\" data-element_type=\"widget\" data-widget_type=\"text-editor.default\">\n\t\t\t\t<div class=\"elementor-widget-container\">\n\t\t\t\t\t\t\t<p>Size en uygun otellerde konforlu ve ekonomik konaklama se\u00e7enekleri sunuyoruz.<\/p>\t\t\t\t\t\t<\/div>\n\t\t\t\t<\/div>\n\t\t\t\t<\/div>\n\t\t<div class=\"elementor-element elementor-element-cff64fb e-con-full e-flex e-con e-child\" data-id=\"cff64fb\" data-element_type=\"container\">\n\t\t\t\t<div class=\"elementor-element elementor-element-a9552f6 elementor-widget elementor-widget-heading\" data-id=\"a9552f6\" data-element_type=\"widget\" data-widget_type=\"heading.default\">\n\t\t\t\t<div class=\"elementor-widget-container\">\n\t\t\t<h2 class=\"elementor-heading-title elementor-size-default\"><a href=\"https:\/\/zazatour.com\/?page_id=1827\">Havaalan\u0131 Transfer<\/a><\/h2>\t\t<\/div>\n\t\t\t\t<\/div>\n\t\t\t\t<div class=\"elementor-element elementor-element-1d6d4c2 elementor-widget elementor-widget-text-editor\" data-id=\"1d6d4c2\" data-element_type=\"widget\" data-widget_type=\"text-editor.default\">\n\t\t\t\t<div class=\"elementor-widget-container\">\n\t\t\t\t\t\t\t<p>Havaalan\u0131ndan otelinize g\u00fcvenli ve konforlu transfer hizmetlerimizden yararlan\u0131n.<\/p>\t\t\t\t\t\t<\/div>\n\t\t\t\t<\/div>\n\t\t\t\t<\/div>\n\t\t\t\t\t<\/div>\n\t\t\t\t<\/div>\n\t\t<div class=\"elementor-element elementor-element-340bb4f e-flex e-con-boxed e-con e-parent\" data-id=\"340bb4f\" data-element_type=\"container\">\n\t\t\t\t\t<div class=\"e-con-inner\">\n\t\t\t\t<div class=\"elementor-element elementor-element-2dc8779 elementor-widget elementor-widget-heading\" data-id=\"2dc8779\" data-element_type=\"widget\" data-widget_type=\"heading.default\">\n\t\t\t\t<div class=\"elementor-widget-container\">\n\t\t\t<h2 class=\"elementor-heading-title elementor-size-default\"><a href=\"https:\/\/zazatour.com\/?page_id=2175\">Rent A Car<\/a><\/h2>\t\t<\/div>\n\t\t\t\t<\/div>\n\t\t\t\t<div class=\"elementor-element elementor-element-ecd581a elementor-widget elementor-widget-text-editor\" data-id=\"ecd581a\" data-element_type=\"widget\" data-widget_type=\"text-editor.default\">\n\t\t\t\t<div class=\"elementor-widget-container\">\n\t\t\t\t\t\t\t<p>G\u00fcvenilir ara\u00e7 kiralama se\u00e7enekleriyle \u00f6zg\u00fcrce seyahat edin.<\/p>\t\t\t\t\t\t<\/div>\n\t\t\t\t<\/div>\n\t\t\t\t\t<\/div>\n\t\t\t\t<\/div>\n\t\t<div class=\"elementor-element elementor-element-3ddcb68 e-con-full e-flex e-con e-parent\" data-id=\"3ddcb68\" data-element_type=\"container\" data-settings=\"{&quot;background_background&quot;:&quot;classic&quot;}\">\n\t\t<div class=\"elementor-element elementor-element-e62628d e-flex e-con-boxed e-con e-child\" data-id=\"e62628d\" data-element_type=\"container\">\n\t\t\t\t\t<div class=\"e-con-inner\">\n\t\t\t\t<div class=\"elementor-element elementor-element-71bbbce elementor-widget elementor-widget-heading\" data-id=\"71bbbce\" data-element_type=\"widget\" data-widget_type=\"heading.default\">\n\t\t\t\t<div class=\"elementor-widget-container\">\n\t\t\t<h2 class=\"elementor-heading-title elementor-size-default\"><a href=\"https:\/\/zazatour.com\/?page_id=2185\">Tekne Kiralama<\/a><\/h2>\t\t<\/div>\n\t\t\t\t<\/div>\n\t\t\t\t<div class=\"elementor-element elementor-element-1936c62 elementor-widget elementor-widget-text-editor\" data-id=\"1936c62\" data-element_type=\"widget\" data-widget_type=\"text-editor.default\">\n\t\t\t\t<div class=\"elementor-widget-container\">\n\t\t\t\t\t\t\t<p>Kendinize \u00f6zel bir tekne kiralayarak denizin ve do\u011fan\u0131n tad\u0131n\u0131 \u00e7\u0131kar\u0131n.<\/p>\t\t\t\t\t\t<\/div>\n\t\t\t\t<\/div>\n\t\t\t\t\t<\/div>\n\t\t\t\t<\/div>\n\t\t<div class=\"elementor-element elementor-element-6716c1a e-flex e-con-boxed e-con e-child\" data-id=\"6716c1a\" data-element_type=\"container\">\n\t\t\t\t\t<div class=\"e-con-inner\">\n\t\t\t\t<div class=\"elementor-element elementor-element-16c0d41 elementor-widget elementor-widget-heading\" data-id=\"16c0d41\" data-element_type=\"widget\" data-widget_type=\"heading.default\">\n\t\t\t\t<div class=\"elementor-widget-container\">\n\t\t\t<h2 class=\"elementor-heading-title elementor-size-default\"><a href=\"https:\/\/zazatour.com\/?page_id=2195\">Kiral\u0131k Ev<\/a><\/h2>\t\t<\/div>\n\t\t\t\t<\/div>\n\t\t\t\t<div class=\"elementor-element elementor-element-3b30759 elementor-widget elementor-widget-text-editor\" data-id=\"3b30759\" data-element_type=\"widget\" data-widget_type=\"text-editor.default\">\n\t\t\t\t<div class=\"elementor-widget-container\">\n\t\t\t\t\t\t\t<p>K\u0131sa veya uzun s\u00fcreli konaklamalar i\u00e7in \u00e7e\u015fitli kiral\u0131k ev se\u00e7eneklerimiz mevcuttur.<\/p>\t\t\t\t\t\t<\/div>\n\t\t\t\t<\/div>\n\t\t\t\t\t<\/div>\n\t\t\t\t<\/div>\n\t\t\t\t<\/div>\n\t\t<div class=\"elementor-element elementor-element-450b5a6 e-flex e-con-boxed e-con e-parent\" data-id=\"450b5a6\" data-element_type=\"container\">\n\t\t\t\t\t<div class=\"e-con-inner\">\n\t\t\t\t<div class=\"elementor-element elementor-element-347e5b7 elementor-widget elementor-widget-heading\" data-id=\"347e5b7\" data-element_type=\"widget\" data-widget_type=\"heading.default\">\n\t\t\t\t<div class=\"elementor-widget-container\">\n\t\t\t<h2 class=\"elementor-heading-title elementor-size-default\"><a href=\"https:\/\/zazatour.com\/?page_id=2205\">Cruise Rezervasyon<\/a><\/h2>\t\t<\/div>\n\t\t\t\t<\/div>\n\t\t\t\t<div class=\"elementor-element elementor-element-8af86df elementor-widget elementor-widget-text-editor\" data-id=\"8af86df\" data-element_type=\"widget\" data-widget_type=\"text-editor.default\">\n\t\t\t\t<div class=\"elementor-widget-container\">\n\t\t\t\t\t\t\t<p>Maviliklerin ortas\u0131nda bir otel keyfi ya\u015famak i\u00e7in do\u011fru yerdesiniz!<\/p>\t\t\t\t\t\t<\/div>\n\t\t\t\t<\/div>\n\t\t\t\t\t<\/div>\n\t\t\t\t<\/div>\n\t\t\t\t<\/div>\n\t\t","protected":false},"excerpt":{"rendered":"<p>G\u00fcnl\u00fck Turlar B\u00f6lgenin en g\u00fczel yerlerini ke\u015ffetmek i\u00e7in rehberli g\u00fcnl\u00fck tur se\u00e7eneklerimizle yan\u0131n\u0131zday\u0131z. Paket Turlar Ula\u015f\u0131m, konaklama ve gezileri i\u00e7eren avantajl\u0131 paket turlar\u0131m\u0131zla keyifli bir tatil deneyimi ya\u015fay\u0131n. U\u00e7ak Bileti En uygun u\u00e7ak bileti se\u00e7enekleriyle seyahatinizi h\u0131zl\u0131 ve kolayca planlay\u0131n. Otel Rezervasyon Size en uygun otellerde konforlu ve ekonomik konaklama se\u00e7enekleri sunuyoruz. Havaalan\u0131 Transfer Havaalan\u0131ndan [&hellip;]<\/p>\n","protected":false},"author":1,"featured_media":0,"parent":0,"menu_order":0,"comment_status":"closed","ping_status":"closed","template":"","meta":{"_uag_custom_page_level_css":"","site-sidebar-layout":"no-sidebar","site-content-layout":"page-builder","ast-site-content-layout":"full-width-container","site-content-style":"default","site-sidebar-style":"default","ast-global-header-display":"","ast-banner-title-visibility":"","ast-main-header-display":"","ast-hfb-above-header-display":"","ast-hfb-below-header-display":"","ast-hfb-mobile-header-display":"","site-post-title":"disabled","ast-breadcrumbs-content":"","ast-featured-img":"disabled","footer-sml-layout":"","theme-transparent-header-meta":"","adv-header-id-meta":"","stick-header-meta":"","header-above-stick-meta":"","header-main-stick-meta":"","header-below-stick-meta":"","astra-migrate-meta-layouts":"set","ast-page-background-enabled":"default","ast-page-background-meta":{"desktop":{"background-color":"var(--ast-global-color-4)","background-image":"","background-repeat":"repeat","background-position":"center center","background-size":"auto","background-attachment":"scroll","background-type":"","background-media":"","overlay-type":"","overlay-color":"","overlay-opacity":"","overlay-gradient":""},"tablet":{"background-color":"","background-image":"","background-repeat":"repeat","background-position":"center center","background-size":"auto","background-attachment":"scroll","background-type":"","background-media":"","overlay-type":"","overlay-color":"","overlay-opacity":"","overlay-gradient":""},"mobile":{"background-color":"","background-image":"","background-repeat":"repeat","background-position":"center center","background-size":"auto","background-attachment":"scroll","background-type":"","background-media":"","overlay-type":"","overlay-color":"","overlay-opacity":"","overlay-gradient":""}},"ast-content-background-meta":{"desktop":{"background-color":"var(--ast-global-color-5)","background-image":"","background-repeat":"repeat","background-position":"center center","background-size":"auto","background-attachment":"scroll","background-type":"","background-media":"","overlay-type":"","overlay-color":"","overlay-opacity":"","overlay-gradient":""},"tablet":{"background-color":"var(--ast-global-color-5)","background-image":"","background-repeat":"repeat","background-position":"center center","background-size":"auto","background-attachment":"scroll","background-type":"","background-media":"","overlay-type":"","overlay-color":"","overlay-opacity":"","overlay-gradient":""},"mobile":{"background-color":"var(--ast-global-color-5)","background-image":"","background-repeat":"repeat","background-position":"center center","background-size":"auto","background-attachment":"scroll","background-type":"","background-media":"","overlay-type":"","overlay-color":"","overlay-opacity":"","overlay-gradient":""}},"footnotes":""},"class_list":["post-884","page","type-page","status-publish","hentry"],"aioseo_notices":[],"uagb_featured_image_src":{"full":false,"thumbnail":false,"medium":false,"medium_large":false,"large":false,"1536x1536":false,"2048x2048":false},"uagb_author_info":{"display_name":"alicemozkaya@gmail.com","author_link":"https:\/\/zazatour.com\/?author=1"},"uagb_comment_info":0,"uagb_excerpt":"G\u00fcnl\u00fck Turlar B\u00f6lgenin en g\u00fczel yerlerini ke\u015ffetmek i\u00e7in rehberli g\u00fcnl\u00fck tur se\u00e7eneklerimizle yan\u0131n\u0131zday\u0131z. Paket Turlar Ula\u015f\u0131m, konaklama ve gezileri i\u00e7eren avantajl\u0131 paket turlar\u0131m\u0131zla keyifli bir tatil deneyimi ya\u015fay\u0131n. U\u00e7ak Bileti En uygun u\u00e7ak bileti se\u00e7enekleriyle seyahatinizi h\u0131zl\u0131 ve kolayca planlay\u0131n. Otel Rezervasyon Size en uygun otellerde konforlu ve ekonomik konaklama se\u00e7enekleri sunuyoruz. Havaalan\u0131 Transfer Havaalan\u0131ndan&hellip;","rttpg_featured_image_url":null,"rttpg_author":{"display_name":"alicemozkaya@gmail.com","author_link":"https:\/\/zazatour.com\/?author=1"},"rttpg_comment":0,"rttpg_category":" <a href=\"https:\/\/zazatour.com\/\" rel=\"tag\">T\u00fcrk\u00e7e<\/a>","rttpg_excerpt":"G\u00fcnl\u00fck Turlar B\u00f6lgenin en g\u00fczel yerlerini ke\u015ffetmek i\u00e7in rehberli g\u00fcnl\u00fck tur se\u00e7eneklerimizle yan\u0131n\u0131zday\u0131z. Paket Turlar Ula\u015f\u0131m, konaklama ve gezileri i\u00e7eren avantajl\u0131 paket turlar\u0131m\u0131zla keyifli bir tatil deneyimi ya\u015fay\u0131n. U\u00e7ak Bileti En uygun u\u00e7ak bileti se\u00e7enekleriyle seyahatinizi h\u0131zl\u0131 ve kolayca planlay\u0131n. Otel Rezervasyon Size en uygun otellerde konforlu ve ekonomik konaklama se\u00e7enekleri sunuyoruz. Havaalan\u0131 Transfer Havaalan\u0131ndan&hellip;","_links":{"self":[{"href":"https:\/\/zazatour.com\/index.php?rest_route=\/wp\/v2\/pages\/884"}],"collection":[{"href":"https:\/\/zazatour.com\/index.php?rest_route=\/wp\/v2\/pages"}],"about":[{"href":"https:\/\/zazatour.com\/index.php?rest_route=\/wp\/v2\/types\/page"}],"author":[{"embeddable":true,"href":"https:\/\/zazatour.com\/index.php?rest_route=\/wp\/v2\/users\/1"}],"replies":[{"embeddable":true,"href":"https:\/\/zazatour.com\/index.php?rest_route=%2Fwp%2Fv2%2Fcomments&post=884"}],"version-history":[{"count":49,"href":"https:\/\/zazatour.com\/index.php?rest_route=\/wp\/v2\/pages\/884\/revisions"}],"predecessor-version":[{"id":2217,"href":"https:\/\/zazatour.com\/index.php?rest_route=\/wp\/v2\/pages\/884\/revisions\/2217"}],"wp:attachment":[{"href":"https:\/\/zazatour.com\/index.php?rest_route=%2Fwp%2Fv2%2Fmedia&parent=884"}],"curies":[{"name":"wp","href":"https:\/\/api.w.org\/{rel}","templated":true}]}}